{"id":8817,"date":"2022-09-09T10:37:59","date_gmt":"2022-09-09T10:37:59","guid":{"rendered":"https:\/\/www.marienhage.com\/?page_id=8817"},"modified":"2022-09-09T10:38:00","modified_gmt":"2022-09-09T10:38:00","slug":"garantie-meilleur-prix","status":"publish","type":"page","link":"https:\/\/www.marienhage.com\/fr\/garantie-meilleur-prix\/","title":{"rendered":"Garantie du meilleur prix"},"content":{"rendered":"<div class=\"fusion-fullwidth fullwidth-box fusion-builder-row-1 hundred-percent-fullwidth non-hundred-percent-height-scrolling fusion-equal-height-columns maincontentmh\" style=\"--awb-border-radius-top-left:0px;--awb-border-radius-top-right:0px;--awb-border-radius-bottom-right:0px;--awb-border-radius-bottom-left:0px;--awb-background-color:#fbf5ee;--awb-flex-wrap:wrap;\" ><div class=\"fusion-builder-row fusion-row\"><div class=\"fusion-layout-column fusion_builder_column fusion-builder-column-0 fusion_builder_column_1_1 1_1 fusion-one-full fusion-column-first fusion-column-last\" style=\"--awb-bg-color:#ecdbd5;--awb-bg-color-hover:#ecdbd5;--awb-bg-position:right center;--awb-bg-size:cover;--awb-box-shadow:0px 0px 5px 4px #a8a8a8;;\"><div class=\"fusion-column-wrapper fusion-column-has-shadow fusion-flex-column-wrapper-legacy\"><div class=\"fusion-column-content-centered\"><div class=\"fusion-column-content\"><div class=\"fusion-builder-row fusion-builder-row-inner fusion-row\"><div class=\"fusion-layout-column fusion_builder_column_inner fusion-builder-nested-column-0 fusion_builder_column_inner_1_6 1_6 fusion-one-sixth fusion-column-first\" style=\"--awb-bg-size:cover;width:16.6666666667%;width:calc(16.6666666667% - ( ( 4% + 4% ) * 0.166666666667 ) );margin-right: 4%;\"><div class=\"fusion-column-wrapper fusion-column-has-shadow fusion-flex-column-wrapper-legacy\"><div class=\"fusion-clearfix\"><\/div><\/div><\/div><div class=\"fusion-layout-column fusion_builder_column_inner fusion-builder-nested-column-1 fusion_builder_column_inner_2_3 2_3 fusion-two-third\" style=\"--awb-bg-size:cover;width:66.6666666667%;width:calc(66.6666666667% - ( ( 4% + 4% ) * 0.666666666667 ) );margin-right: 4%;\"><div class=\"fusion-column-wrapper fusion-column-has-shadow fusion-flex-column-wrapper-legacy\"><div class=\"fusion-sep-clear\"><\/div><div class=\"fusion-separator fusion-full-width-sep\" style=\"margin-left: auto;margin-right: auto;margin-top:30px;width:100%;\"><\/div><div class=\"fusion-sep-clear\"><\/div><div class=\"fusion-text fusion-text-1\"><p>La garantie du meilleur tarif est notre promesse aux clients qui r\u00e9servent directement sur nos sites web de marque, <a href=\"https:\/\/www.marienhage.com\">www.marienhage.com<\/a> ou <a href=\"https:\/\/www.lbghotels.com\">www.lbghotels.com<\/a>.<\/p>\n<p>L&rsquo;h\u00f4tel Mari\u00ebnhage garantit que notre site Internet de marque proposera le meilleur tarif disponible sur le march\u00e9, correspondant au type de chambre, aux dates, aux conditions et aux prix (Condition de la chambre), au moment de la r\u00e9servation et dans les 24 heures (Garantie du meilleur tarif).<\/p>\n<p>Si vous trouvez et informez l&rsquo;H\u00f4tel Mari\u00ebnhage d&rsquo;un tarif publi\u00e9 inf\u00e9rieur actuellement disponible, correspondant aux m\u00eames conditions de chambre (tarif concurrent), et ce dans les 24 heures apr\u00e8s avoir effectu\u00e9 une r\u00e9servation sur notre site Internet, l&rsquo;H\u00f4tel Mari\u00ebnhage H\u00f4tels honorera le tarif concurrent.<\/p>\n<p>Pour qu&rsquo;une demande soit valable dans le cadre de cette garantie du meilleur tarif, elle doit satisfaire \u00e0 toutes les conditions.<\/p>\n<h2>Modalit\u00e9s et conditions<\/h2>\n<ol>\n<li><strong>Conditions des chambres:<\/strong>\n<ol>\n<li>1. Type de chambre correspondant : La garantie du meilleur tarif s&rsquo;applique \u00e0 un type de chambre concurrent qui est substantiellement similaire \u00e0 un type de chambre qui peut \u00eatre r\u00e9serv\u00e9 sur le site Internet de l&rsquo;H\u00f4tel Mari\u00ebnhage. Les types de chambres concurrentes ont des caract\u00e9ristiques qui incluent, sans s&rsquo;y limiter, des vues, des \u00e9quipements, une literie et une taille de chambre similaires, comme d\u00e9termin\u00e9 par l&rsquo;H\u00f4tel Mari\u00ebnhage \u00e0 sa seule discr\u00e9tion (chambre concurrente).<\/li>\n<li>2. Dates correspondantes : Le tarif le plus bas doit \u00eatre trouv\u00e9 en ligne pour une chambre \u00e9quivalente aux m\u00eames dates d&rsquo;arriv\u00e9e et de d\u00e9part.\n<\/li>\n<li>3. Conditions correspondantes : Toutes les conditions de prix ou de tarifs, y compris, mais sans s&rsquo;y limiter, les conditions de pr\u00e9paiement, de d\u00e9p\u00f4t ou autres, doivent \u00eatre \u00e9gales ou plus restrictives que les conditions trouv\u00e9es sur le site de l&rsquo;H\u00f4tel Mari\u00ebnhage \u00e0 utiliser pour la comparaison. Par exemple, lorsque vous r\u00e9servez une chambre qui peut \u00eatre annul\u00e9e sans p\u00e9nalit\u00e9 sur le site de l&rsquo;H\u00f4tel Mari\u00ebnhage, vous ne pouvez pas la comparer \u00e0 une chambre dont le prix est pr\u00e9pay\u00e9 ou non remboursable sur un site autre que celui de l&rsquo;H\u00f4tel Mari\u00ebnhage (site concurrent). Si, toutefois, vous r\u00e9servez un tarif pr\u00e9pay\u00e9 ou non remboursable sur notre site Internet de marque, vous pouvez le comparer \u00e0 un tarif annulable ou remboursable sur un site Internet concurrent. La garantie du meilleur prix n&rsquo;est pas disponible pour les r\u00e9servations effectu\u00e9es sur des sites web dont les d\u00e9tails de la r\u00e9servation ne sont pas connus avant l&rsquo;achat.<\/li>\n<li>4. Correspondance des prix : Le prix de la chambre doit \u00eatre indiqu\u00e9, r\u00e9serv\u00e9 et pay\u00e9 dans la devise de l&rsquo;h\u00f4tel. La garantie n&rsquo;inclut pas les frais suppl\u00e9mentaires tels que le co\u00fbt d&rsquo;une personne suppl\u00e9mentaire. Pour les s\u00e9jours de plusieurs nuits, le prix moyen de la chambre par nuit trouv\u00e9 sur un site Internet concurrent sera compar\u00e9 au prix moyen de la chambre par nuit pour votre r\u00e9servation de plusieurs nuits sur le site Internet de l&rsquo;h\u00f4tel Mari\u00ebnhage.\n<\/li>\n<\/ol>\n<\/li>\n<li><strong>Tarifs non publi\u00e9s:<\/strong>  La garantie du meilleur tarif ne s&rsquo;applique pas aux tarifs non publi\u00e9s. Les tarifs non publi\u00e9s sont des tarifs non disponibles pour le grand public. Les tarifs non disponibles pour le grand public incluent, mais ne sont pas limit\u00e9s \u00e0:\n<ol>\n<li>Taux d&rsquo;actualisation des entreprises<\/li>\n<li>Tarifs de groupe<\/li>\n<li>Tarifs des r\u00e9unions<\/li>\n<li>Tout tarif exigeant l&rsquo;adh\u00e9sion \u00e0 un club, \u00e0 un programme d&rsquo;affinit\u00e9 ou \u00e0 une autre organisation, lorsque les tarifs visent sp\u00e9cifiquement un groupe d&rsquo;individus et ne sont pas destin\u00e9s au grand public.<\/li>\n<li>Sollicitations par courrier direct<\/li>\n<li>Sollicitations par courrier \u00e9lectronique<\/li>\n<li>Tout tarif n\u00e9cessitant un code de r\u00e9duction ou un coupon<\/li>\n<li>Les tarifs inf\u00e9rieurs disponibles sur des sites opaques o\u00f9 l&rsquo;h\u00f4tel exact n&rsquo;est connu qu&rsquo;apr\u00e8s la r\u00e9servation sont \u00e9galement exclus de la garantie.<\/li>\n<\/ol>\n<\/li>\n<li><strong>Conditions de la r\u00e9clamation:<\/strong> La r\u00e9clamation doit \u00eatre envoy\u00e9e par e-mail \u00e0 reservations@marienhage.com. L&rsquo;e-mail doit contenir les informations suivantes : nom, num\u00e9ro de r\u00e9servation de l&rsquo;h\u00f4tel et site web o\u00f9 le tarif inf\u00e9rieur est disponible. Les e-mails incomplets ou inexacts ne seront pas pris en compte. \u00c9tant donn\u00e9 que la demande doit \u00eatre trait\u00e9e avant l&rsquo;enregistrement, vous devez soumettre votre demande au moins 24 heures avant l&rsquo;enregistrement.<\/li>\n<\/ol>\n<\/div><div class=\"fusion-clearfix\"><\/div><\/div><\/div><div class=\"fusion-layout-column fusion_builder_column_inner fusion-builder-nested-column-2 fusion_builder_column_inner_1_6 1_6 fusion-one-sixth fusion-column-last\" style=\"--awb-bg-size:cover;width:16.6666666667%;width:calc(16.6666666667% - ( ( 4% + 4% ) * 0.166666666667 ) );\"><div class=\"fusion-column-wrapper fusion-column-has-shadow fusion-flex-column-wrapper-legacy\"><div class=\"fusion-clearfix\"><\/div><\/div><\/div><\/div><\/div><\/div><div class=\"fusion-clearfix\"><\/div><\/div><\/div><\/div><\/div>\n","protected":false},"excerpt":{"rendered":"","protected":false},"author":14,"featured_media":0,"parent":0,"menu_order":0,"comment_status":"closed","ping_status":"closed","template":"","meta":{"footnotes":""},"class_list":["post-8817","page","type-page","status-publish","hentry"],"yoast_head":"<!-- This site is optimized with the Yoast SEO plugin v27.2 - https:\/\/yoast.com\/product\/yoast-seo-wordpress\/ -->\n<title>Garantie du meilleur prix \u2013 Boutique h\u00f4tel de luxe Mari\u00ebnhage, Eindhoven<\/title>\n<meta name=\"description\" content=\"Demandez \u00e0 Boutique Hotel Mari\u00ebnhage, Eindhoven, de vous offrir le meilleur prix. La garantie du meilleur prix est notre devise pour les clients qui ach\u00e8tent leurs billets via notre site officiel. Nous garantissons les meilleurs prix pour les chambres, en fonction du type de chambre, des donn\u00e9es, des conditions et des prix. Visitez Eindhoven dans le Brabant-Septentrional!\" \/>\n<meta name=\"robots\" content=\"index, follow, max-snippet:-1, max-image-preview:large, max-video-preview:-1\" \/>\n<link rel=\"canonical\" href=\"https:\/\/www.marienhage.com\/fr\/garantie-meilleur-prix\/\" \/>\n<meta property=\"og:locale\" content=\"fr_FR\" \/>\n<meta property=\"og:type\" content=\"article\" \/>\n<meta property=\"og:title\" content=\"Garantie du meilleur prix \u2013 Boutique h\u00f4tel de luxe Mari\u00ebnhage, Eindhoven\" \/>\n<meta property=\"og:description\" content=\"Demandez \u00e0 Boutique Hotel Mari\u00ebnhage, Eindhoven, de vous offrir le meilleur prix. La garantie du meilleur prix est notre devise pour les clients qui ach\u00e8tent leurs billets via notre site officiel. Nous garantissons les meilleurs prix pour les chambres, en fonction du type de chambre, des donn\u00e9es, des conditions et des prix. Visitez Eindhoven dans le Brabant-Septentrional!\" \/>\n<meta property=\"og:url\" content=\"https:\/\/www.marienhage.com\/fr\/garantie-meilleur-prix\/\" \/>\n<meta property=\"og:site_name\" content=\"Mari\u00ebnhage Hotel\" \/>\n<meta name=\"twitter:card\" content=\"summary_large_image\" \/>\n<meta name=\"twitter:label1\" content=\"Dur\u00e9e de lecture estim\u00e9e\" \/>\n\t<meta name=\"twitter:data1\" content=\"5 minutes\" \/>\n<script type=\"application\/ld+json\" class=\"yoast-schema-graph\">{\"@context\":\"https:\/\/schema.org\",\"@graph\":[{\"@type\":\"WebPage\",\"@id\":\"https:\/\/www.marienhage.com\/fr\/garantie-meilleur-prix\/\",\"url\":\"https:\/\/www.marienhage.com\/fr\/garantie-meilleur-prix\/\",\"name\":\"Garantie du meilleur prix \u2013 Boutique h\u00f4tel de luxe Mari\u00ebnhage, Eindhoven\",\"isPartOf\":{\"@id\":\"https:\/\/www.marienhage.com\/fr\/#website\"},\"description\":\"Demandez \u00e0 Boutique Hotel Mari\u00ebnhage, Eindhoven, de vous offrir le meilleur prix. La garantie du meilleur prix est notre devise pour les clients qui ach\u00e8tent leurs billets via notre site officiel. Nous garantissons les meilleurs prix pour les chambres, en fonction du type de chambre, des donn\u00e9es, des conditions et des prix. Visitez Eindhoven dans le Brabant-Septentrional!\",\"breadcrumb\":{\"@id\":\"https:\/\/www.marienhage.com\/fr\/garantie-meilleur-prix\/#breadcrumb\"},\"inLanguage\":\"fr-FR\",\"potentialAction\":[{\"@type\":\"ReadAction\",\"target\":[\"https:\/\/www.marienhage.com\/fr\/garantie-meilleur-prix\/\"]}]},{\"@type\":\"BreadcrumbList\",\"@id\":\"https:\/\/www.marienhage.com\/fr\/garantie-meilleur-prix\/#breadcrumb\",\"itemListElement\":[{\"@type\":\"ListItem\",\"position\":1,\"name\":\"Home\",\"item\":\"https:\/\/www.marienhage.com\/fr\/\"},{\"@type\":\"ListItem\",\"position\":2,\"name\":\"Garantie du meilleur prix\"}]},{\"@type\":\"WebSite\",\"@id\":\"https:\/\/www.marienhage.com\/fr\/#website\",\"url\":\"https:\/\/www.marienhage.com\/fr\/\",\"name\":\"Mari\u00ebnhage Hotel\",\"description\":\"Hotel in Eindhoven\",\"publisher\":{\"@id\":\"https:\/\/www.marienhage.com\/fr\/#organization\"},\"potentialAction\":[{\"@type\":\"SearchAction\",\"target\":{\"@type\":\"EntryPoint\",\"urlTemplate\":\"https:\/\/www.marienhage.com\/fr\/?s={search_term_string}\"},\"query-input\":{\"@type\":\"PropertyValueSpecification\",\"valueRequired\":true,\"valueName\":\"search_term_string\"}}],\"inLanguage\":\"fr-FR\"},{\"@type\":\"Organization\",\"@id\":\"https:\/\/www.marienhage.com\/fr\/#organization\",\"name\":\"Hotel Mari\u00ebnhage\",\"url\":\"https:\/\/www.marienhage.com\/fr\/\",\"logo\":{\"@type\":\"ImageObject\",\"inLanguage\":\"fr-FR\",\"@id\":\"https:\/\/www.marienhage.com\/fr\/#\/schema\/logo\/image\/\",\"url\":\"https:\/\/www.marienhage.com\/wp-content\/uploads\/2019\/07\/hmh-mark.png\",\"contentUrl\":\"https:\/\/www.marienhage.com\/wp-content\/uploads\/2019\/07\/hmh-mark.png\",\"width\":80,\"height\":80,\"caption\":\"Hotel Mari\u00ebnhage\"},\"image\":{\"@id\":\"https:\/\/www.marienhage.com\/fr\/#\/schema\/logo\/image\/\"}}]}<\/script>\n<!-- \/ Yoast SEO plugin. -->","yoast_head_json":{"title":"Garantie du meilleur prix \u2013 Boutique h\u00f4tel de luxe Mari\u00ebnhage, Eindhoven","description":"Demandez \u00e0 Boutique Hotel Mari\u00ebnhage, Eindhoven, de vous offrir le meilleur prix. La garantie du meilleur prix est notre devise pour les clients qui ach\u00e8tent leurs billets via notre site officiel. Nous garantissons les meilleurs prix pour les chambres, en fonction du type de chambre, des donn\u00e9es, des conditions et des prix. Visitez Eindhoven dans le Brabant-Septentrional!","robots":{"index":"index","follow":"follow","max-snippet":"max-snippet:-1","max-image-preview":"max-image-preview:large","max-video-preview":"max-video-preview:-1"},"canonical":"https:\/\/www.marienhage.com\/fr\/garantie-meilleur-prix\/","og_locale":"fr_FR","og_type":"article","og_title":"Garantie du meilleur prix \u2013 Boutique h\u00f4tel de luxe Mari\u00ebnhage, Eindhoven","og_description":"Demandez \u00e0 Boutique Hotel Mari\u00ebnhage, Eindhoven, de vous offrir le meilleur prix. La garantie du meilleur prix est notre devise pour les clients qui ach\u00e8tent leurs billets via notre site officiel. Nous garantissons les meilleurs prix pour les chambres, en fonction du type de chambre, des donn\u00e9es, des conditions et des prix. Visitez Eindhoven dans le Brabant-Septentrional!","og_url":"https:\/\/www.marienhage.com\/fr\/garantie-meilleur-prix\/","og_site_name":"Mari\u00ebnhage Hotel","twitter_card":"summary_large_image","twitter_misc":{"Dur\u00e9e de lecture estim\u00e9e":"5 minutes"},"schema":{"@context":"https:\/\/schema.org","@graph":[{"@type":"WebPage","@id":"https:\/\/www.marienhage.com\/fr\/garantie-meilleur-prix\/","url":"https:\/\/www.marienhage.com\/fr\/garantie-meilleur-prix\/","name":"Garantie du meilleur prix \u2013 Boutique h\u00f4tel de luxe Mari\u00ebnhage, Eindhoven","isPartOf":{"@id":"https:\/\/www.marienhage.com\/fr\/#website"},"description":"Demandez \u00e0 Boutique Hotel Mari\u00ebnhage, Eindhoven, de vous offrir le meilleur prix. La garantie du meilleur prix est notre devise pour les clients qui ach\u00e8tent leurs billets via notre site officiel. Nous garantissons les meilleurs prix pour les chambres, en fonction du type de chambre, des donn\u00e9es, des conditions et des prix. Visitez Eindhoven dans le Brabant-Septentrional!","breadcrumb":{"@id":"https:\/\/www.marienhage.com\/fr\/garantie-meilleur-prix\/#breadcrumb"},"inLanguage":"fr-FR","potentialAction":[{"@type":"ReadAction","target":["https:\/\/www.marienhage.com\/fr\/garantie-meilleur-prix\/"]}]},{"@type":"BreadcrumbList","@id":"https:\/\/www.marienhage.com\/fr\/garantie-meilleur-prix\/#breadcrumb","itemListElement":[{"@type":"ListItem","position":1,"name":"Home","item":"https:\/\/www.marienhage.com\/fr\/"},{"@type":"ListItem","position":2,"name":"Garantie du meilleur prix"}]},{"@type":"WebSite","@id":"https:\/\/www.marienhage.com\/fr\/#website","url":"https:\/\/www.marienhage.com\/fr\/","name":"Mari\u00ebnhage Hotel","description":"Hotel in Eindhoven","publisher":{"@id":"https:\/\/www.marienhage.com\/fr\/#organization"},"potentialAction":[{"@type":"SearchAction","target":{"@type":"EntryPoint","urlTemplate":"https:\/\/www.marienhage.com\/fr\/?s={search_term_string}"},"query-input":{"@type":"PropertyValueSpecification","valueRequired":true,"valueName":"search_term_string"}}],"inLanguage":"fr-FR"},{"@type":"Organization","@id":"https:\/\/www.marienhage.com\/fr\/#organization","name":"Hotel Mari\u00ebnhage","url":"https:\/\/www.marienhage.com\/fr\/","logo":{"@type":"ImageObject","inLanguage":"fr-FR","@id":"https:\/\/www.marienhage.com\/fr\/#\/schema\/logo\/image\/","url":"https:\/\/www.marienhage.com\/wp-content\/uploads\/2019\/07\/hmh-mark.png","contentUrl":"https:\/\/www.marienhage.com\/wp-content\/uploads\/2019\/07\/hmh-mark.png","width":80,"height":80,"caption":"Hotel Mari\u00ebnhage"},"image":{"@id":"https:\/\/www.marienhage.com\/fr\/#\/schema\/logo\/image\/"}}]}},"_links":{"self":[{"href":"https:\/\/www.marienhage.com\/fr\/wp-json\/wp\/v2\/pages\/8817","targetHints":{"allow":["GET"]}}],"collection":[{"href":"https:\/\/www.marienhage.com\/fr\/wp-json\/wp\/v2\/pages"}],"about":[{"href":"https:\/\/www.marienhage.com\/fr\/wp-json\/wp\/v2\/types\/page"}],"author":[{"embeddable":true,"href":"https:\/\/www.marienhage.com\/fr\/wp-json\/wp\/v2\/users\/14"}],"replies":[{"embeddable":true,"href":"https:\/\/www.marienhage.com\/fr\/wp-json\/wp\/v2\/comments?post=8817"}],"version-history":[{"count":0,"href":"https:\/\/www.marienhage.com\/fr\/wp-json\/wp\/v2\/pages\/8817\/revisions"}],"wp:attachment":[{"href":"https:\/\/www.marienhage.com\/fr\/wp-json\/wp\/v2\/media?parent=8817"}],"curies":[{"name":"wp","href":"https:\/\/api.w.org\/{rel}","templated":true}]}}