{"id":8815,"date":"2022-08-19T15:11:07","date_gmt":"2022-08-19T15:11:07","guid":{"rendered":"https:\/\/www.marienhage.com\/?page_id=8815"},"modified":"2022-08-19T15:11:07","modified_gmt":"2022-08-19T15:11:07","slug":"restaurant-de-refter-eindhoven","status":"publish","type":"page","link":"https:\/\/www.marienhage.com\/fr\/restaurant-de-refter-eindhoven\/","title":{"rendered":"De Refter, Restaurant in Eindhoven"},"content":{"rendered":"<div class=\"fusion-fullwidth fullwidth-box fusion-builder-row-1 nonhundred-percent-fullwidth non-hundred-percent-height-scrolling\" style=\"--awb-border-radius-top-left:0px;--awb-border-radius-top-right:0px;--awb-border-radius-bottom-right:0px;--awb-border-radius-bottom-left:0px;--awb-flex-wrap:wrap;\" ><div class=\"fusion-builder-row fusion-row\"><div class=\"fusion-layout-column fusion_builder_column fusion-builder-column-0 fusion_builder_column_1_1 1_1 fusion-one-full fusion-column-first fusion-column-last\" style=\"--awb-bg-size:cover;\"><div class=\"fusion-column-wrapper fusion-column-has-shadow fusion-flex-column-wrapper-legacy\"><div class=\"fusion-builder-row fusion-builder-row-inner fusion-row\"><div class=\"fusion-layout-column fusion_builder_column_inner fusion-builder-nested-column-0 fusion_builder_column_inner_1_2 1_2 fusion-one-half fusion-column-first\" style=\"--awb-padding-top:70px;--awb-padding-right:30px;--awb-padding-bottom:75px;--awb-padding-left:30px;--awb-bg-size:cover;width:50%;width:calc(50% - ( ( 4% ) * 0.5 ) );margin-right: 4%;\" id=\"thirdlefttcol\"><div class=\"fusion-column-wrapper fusion-column-has-shadow fusion-flex-column-wrapper-legacy\"><div class=\"fusion-title title fusion-title-1 fusion-sep-none fusion-title-center fusion-title-text fusion-title-size-one\" style=\"--awb-margin-top:0px;--awb-margin-top-small:0px;--awb-margin-right-small:0px;--awb-margin-bottom-small:15px;--awb-margin-left-small:0px;\"><h1 class=\"fusion-title-heading title-heading-center fusion-responsive-typography-calculated\" style=\"margin:0;--fontSize:34;line-height:1.4;\"><span style=\"font-weight: 400;\">De Refter, Restaurant \u00e0 Eindhoven<\/span><\/h1><\/div><div class=\"fusion-text fusion-text-1\"><p><span style=\"font-weight: 400;\">L&rsquo;espace magnifiquement r\u00e9nov\u00e9 sous la chapelle monumentale est ouvert en tant que De Refter depuis 2021. Le nom De Refter est une r\u00e9f\u00e9rence \u00e0 l&rsquo;histoire de l&rsquo;architecture et repr\u00e9sente l&rsquo;identit\u00e9 d&rsquo;une personne \u00e2g\u00e9e, d&rsquo;une famille ou d&rsquo;une communaut\u00e9. Un lieu historique o\u00f9 les hommes et les femmes sont en parfaite ad\u00e9quation avec une ambiance chaleureuse. Profitez de la terrasse de l&rsquo;h\u00f4tel De Refter et d\u00e9couvrez la vie dans le grand jardin d&rsquo;un hectare. De Refter est con\u00e7u pour les d\u00eeners, les f\u00eates, les concerts et les \u00e9v\u00e9nements jusqu&rsquo;\u00e0 125 personnes. Il s&rsquo;agit d&rsquo;un endroit tr\u00e8s agr\u00e9able o\u00f9 de nombreuses possibilit\u00e9s s&rsquo;offrent \u00e0 vous.<\/span><\/p>\n<p><span style=\"font-weight: 400;\">Profitez d&rsquo;une nuit d&rsquo;h\u00f4tel \u00e0 l&rsquo;h\u00f4tel Mari\u00ebnhage et faites-vous plaisir en choisissant cet emplacement privil\u00e9gi\u00e9. Allez \u00e0 la terrasse, d\u00eenez \u00e0 la Brasserie Rita ou au Restaurant de Refter.<\/span><\/p>\n<\/div><div class=\"fusion-aligncenter\"><a class=\"fusion-button button-flat fusion-button-default-size button-default fusion-button-default button-1 fusion-button-default-span fusion-button-default-type distributor\" target=\"_self\" href=\"#\"><span class=\"fusion-button-text awb-button__text awb-button__text--default\">R\u00c9SERVER MAINTENANT<\/span><\/a><\/div><div class=\"fusion-text fusion-text-2\"><h4>Pourquoi passer la nuit \u00e0 l&rsquo;h\u00f4tel Mari\u00ebnhage?<\/h4>\n<ul>\n<li>Diff\u00e9rents types de chambres avec une histoire<\/li>\n<li>Boutique h\u00f4tel Eindhoven<\/li>\n<li>Situ\u00e9 dans un endroit rustique au centre d&rsquo;Eindhoven.<\/li>\n<li>Acc\u00e8s gratuit au centre de wellness (maillot de bain obligatoire)<\/li>\n<li>Salle de fitness, appareils de cardio et de krach<\/li>\n<li>La voiture peut \u00eatre utilis\u00e9e \u00e0 l&rsquo;ext\u00e9rieur de l&rsquo;enceinte de l&rsquo;\u00e9tablissement, et le conducteur peut se servir de son propre terrain<\/li>\n<li>Prendre le petit-d\u00e9jeuner, le d\u00e9jeuner ou le d\u00eener \u00e0 la Brasserie Rita ou au Restaurant de Refter<\/li>\n<\/ul>\n<\/div><div class=\"fusion-clearfix\"><\/div><\/div><\/div><div class=\"fusion-layout-column fusion_builder_column_inner fusion-builder-nested-column-1 fusion_builder_column_inner_1_2 1_2 fusion-one-half fusion-column-last\" style=\"--awb-bg-size:cover;width:50%;width:calc(50% - ( ( 4% ) * 0.5 ) );\"><div class=\"fusion-column-wrapper fusion-column-has-shadow fusion-flex-column-wrapper-legacy\"><div class=\"fusion-column-content-centered\"><div class=\"fusion-column-content\"><div class=\"fusion-image-element in-legacy-container\" style=\"--awb-caption-title-font-family:var(--h2_typography-font-family);--awb-caption-title-font-weight:var(--h2_typography-font-weight);--awb-caption-title-font-style:var(--h2_typography-font-style);--awb-caption-title-size:var(--h2_typography-font-size);--awb-caption-title-transform:var(--h2_typography-text-transform);--awb-caption-title-line-height:var(--h2_typography-line-height);--awb-caption-title-letter-spacing:var(--h2_typography-letter-spacing);\"><span class=\" fusion-imageframe imageframe-none imageframe-1 hover-type-none\"><img decoding=\"async\" width=\"2048\" height=\"1363\" alt=\"Brasserie Rita Restaurant - Hotel Mari\u00ebnhage Eindhoven Domusdela\" title=\"De Refter, Restaurant in Eindhoven &#8211; Hotel Mari\u00ebnhage Eindhoven Domusdela\" src=\"https:\/\/www.marienhage.com\/wp-content\/uploads\/2022\/03\/De-Refter-Restaurant-in-Eindhoven-Hotel-Marienhage-Eindhoven-Domusdela.jpg\" class=\"img-responsive wp-image-8400\" srcset=\"https:\/\/www.marienhage.com\/wp-content\/uploads\/2022\/03\/De-Refter-Restaurant-in-Eindhoven-Hotel-Marienhage-Eindhoven-Domusdela-200x133.jpg 200w, https:\/\/www.marienhage.com\/wp-content\/uploads\/2022\/03\/De-Refter-Restaurant-in-Eindhoven-Hotel-Marienhage-Eindhoven-Domusdela-400x266.jpg 400w, https:\/\/www.marienhage.com\/wp-content\/uploads\/2022\/03\/De-Refter-Restaurant-in-Eindhoven-Hotel-Marienhage-Eindhoven-Domusdela-600x399.jpg 600w, https:\/\/www.marienhage.com\/wp-content\/uploads\/2022\/03\/De-Refter-Restaurant-in-Eindhoven-Hotel-Marienhage-Eindhoven-Domusdela-800x532.jpg 800w, https:\/\/www.marienhage.com\/wp-content\/uploads\/2022\/03\/De-Refter-Restaurant-in-Eindhoven-Hotel-Marienhage-Eindhoven-Domusdela-1200x799.jpg 1200w, https:\/\/www.marienhage.com\/wp-content\/uploads\/2022\/03\/De-Refter-Restaurant-in-Eindhoven-Hotel-Marienhage-Eindhoven-Domusdela.jpg 2048w\" sizes=\"(max-width: 930px) 100vw, 600px\" \/><\/span><\/div><\/div><\/div><div class=\"fusion-clearfix\"><\/div><\/div><\/div><\/div><div class=\"fusion-clearfix\"><\/div><\/div><\/div><\/div><\/div>\n","protected":false},"excerpt":{"rendered":"","protected":false},"author":14,"featured_media":0,"parent":0,"menu_order":0,"comment_status":"closed","ping_status":"closed","template":"","meta":{"footnotes":""},"class_list":["post-8815","page","type-page","status-publish","hentry"],"yoast_head":"<!-- This site is optimized with the Yoast SEO plugin v27.2 - https:\/\/yoast.com\/product\/yoast-seo-wordpress\/ -->\n<title>De Refter, Restaurant \u00e0 Eindhoven dans l&#039;h\u00f4tel Mari\u00ebnhage<\/title>\n<meta name=\"description\" content=\"D\u00eener sur la chapelle monumental de l&#039;h\u00f4tel Mari\u00ebnhage, d\u00eener au restaurant de Refter.\" \/>\n<meta name=\"robots\" content=\"index, follow, max-snippet:-1, max-image-preview:large, max-video-preview:-1\" \/>\n<link rel=\"canonical\" href=\"https:\/\/www.marienhage.com\/fr\/restaurant-de-refter-eindhoven\/\" \/>\n<meta property=\"og:locale\" content=\"fr_FR\" \/>\n<meta property=\"og:type\" content=\"article\" \/>\n<meta property=\"og:title\" content=\"De Refter, Restaurant \u00e0 Eindhoven dans l&#039;h\u00f4tel Mari\u00ebnhage\" \/>\n<meta property=\"og:description\" content=\"D\u00eener sur la chapelle monumental de l&#039;h\u00f4tel Mari\u00ebnhage, d\u00eener au restaurant de Refter.\" \/>\n<meta property=\"og:url\" content=\"https:\/\/www.marienhage.com\/fr\/restaurant-de-refter-eindhoven\/\" \/>\n<meta property=\"og:site_name\" content=\"Mari\u00ebnhage Hotel\" \/>\n<meta name=\"twitter:card\" content=\"summary_large_image\" \/>\n<meta name=\"twitter:label1\" content=\"Dur\u00e9e de lecture estim\u00e9e\" \/>\n\t<meta name=\"twitter:data1\" content=\"4 minutes\" \/>\n<script type=\"application\/ld+json\" class=\"yoast-schema-graph\">{\"@context\":\"https:\/\/schema.org\",\"@graph\":[{\"@type\":\"WebPage\",\"@id\":\"https:\/\/www.marienhage.com\/fr\/restaurant-de-refter-eindhoven\/\",\"url\":\"https:\/\/www.marienhage.com\/fr\/restaurant-de-refter-eindhoven\/\",\"name\":\"De Refter, Restaurant \u00e0 Eindhoven dans l'h\u00f4tel Mari\u00ebnhage\",\"isPartOf\":{\"@id\":\"https:\/\/www.marienhage.com\/fr\/#website\"},\"description\":\"D\u00eener sur la chapelle monumental de l'h\u00f4tel Mari\u00ebnhage, d\u00eener au restaurant de Refter.\",\"breadcrumb\":{\"@id\":\"https:\/\/www.marienhage.com\/fr\/restaurant-de-refter-eindhoven\/#breadcrumb\"},\"inLanguage\":\"fr-FR\",\"potentialAction\":[{\"@type\":\"ReadAction\",\"target\":[\"https:\/\/www.marienhage.com\/fr\/restaurant-de-refter-eindhoven\/\"]}]},{\"@type\":\"BreadcrumbList\",\"@id\":\"https:\/\/www.marienhage.com\/fr\/restaurant-de-refter-eindhoven\/#breadcrumb\",\"itemListElement\":[{\"@type\":\"ListItem\",\"position\":1,\"name\":\"Home\",\"item\":\"https:\/\/www.marienhage.com\/fr\/\"},{\"@type\":\"ListItem\",\"position\":2,\"name\":\"De Refter, Restaurant in Eindhoven\"}]},{\"@type\":\"WebSite\",\"@id\":\"https:\/\/www.marienhage.com\/fr\/#website\",\"url\":\"https:\/\/www.marienhage.com\/fr\/\",\"name\":\"Mari\u00ebnhage Hotel\",\"description\":\"Hotel in Eindhoven\",\"publisher\":{\"@id\":\"https:\/\/www.marienhage.com\/fr\/#organization\"},\"potentialAction\":[{\"@type\":\"SearchAction\",\"target\":{\"@type\":\"EntryPoint\",\"urlTemplate\":\"https:\/\/www.marienhage.com\/fr\/?s={search_term_string}\"},\"query-input\":{\"@type\":\"PropertyValueSpecification\",\"valueRequired\":true,\"valueName\":\"search_term_string\"}}],\"inLanguage\":\"fr-FR\"},{\"@type\":\"Organization\",\"@id\":\"https:\/\/www.marienhage.com\/fr\/#organization\",\"name\":\"Hotel Mari\u00ebnhage\",\"url\":\"https:\/\/www.marienhage.com\/fr\/\",\"logo\":{\"@type\":\"ImageObject\",\"inLanguage\":\"fr-FR\",\"@id\":\"https:\/\/www.marienhage.com\/fr\/#\/schema\/logo\/image\/\",\"url\":\"https:\/\/www.marienhage.com\/wp-content\/uploads\/2019\/07\/hmh-mark.png\",\"contentUrl\":\"https:\/\/www.marienhage.com\/wp-content\/uploads\/2019\/07\/hmh-mark.png\",\"width\":80,\"height\":80,\"caption\":\"Hotel Mari\u00ebnhage\"},\"image\":{\"@id\":\"https:\/\/www.marienhage.com\/fr\/#\/schema\/logo\/image\/\"}}]}<\/script>\n<!-- \/ Yoast SEO plugin. -->","yoast_head_json":{"title":"De Refter, Restaurant \u00e0 Eindhoven dans l'h\u00f4tel Mari\u00ebnhage","description":"D\u00eener sur la chapelle monumental de l'h\u00f4tel Mari\u00ebnhage, d\u00eener au restaurant de Refter.","robots":{"index":"index","follow":"follow","max-snippet":"max-snippet:-1","max-image-preview":"max-image-preview:large","max-video-preview":"max-video-preview:-1"},"canonical":"https:\/\/www.marienhage.com\/fr\/restaurant-de-refter-eindhoven\/","og_locale":"fr_FR","og_type":"article","og_title":"De Refter, Restaurant \u00e0 Eindhoven dans l'h\u00f4tel Mari\u00ebnhage","og_description":"D\u00eener sur la chapelle monumental de l'h\u00f4tel Mari\u00ebnhage, d\u00eener au restaurant de Refter.","og_url":"https:\/\/www.marienhage.com\/fr\/restaurant-de-refter-eindhoven\/","og_site_name":"Mari\u00ebnhage Hotel","twitter_card":"summary_large_image","twitter_misc":{"Dur\u00e9e de lecture estim\u00e9e":"4 minutes"},"schema":{"@context":"https:\/\/schema.org","@graph":[{"@type":"WebPage","@id":"https:\/\/www.marienhage.com\/fr\/restaurant-de-refter-eindhoven\/","url":"https:\/\/www.marienhage.com\/fr\/restaurant-de-refter-eindhoven\/","name":"De Refter, Restaurant \u00e0 Eindhoven dans l'h\u00f4tel Mari\u00ebnhage","isPartOf":{"@id":"https:\/\/www.marienhage.com\/fr\/#website"},"description":"D\u00eener sur la chapelle monumental de l'h\u00f4tel Mari\u00ebnhage, d\u00eener au restaurant de Refter.","breadcrumb":{"@id":"https:\/\/www.marienhage.com\/fr\/restaurant-de-refter-eindhoven\/#breadcrumb"},"inLanguage":"fr-FR","potentialAction":[{"@type":"ReadAction","target":["https:\/\/www.marienhage.com\/fr\/restaurant-de-refter-eindhoven\/"]}]},{"@type":"BreadcrumbList","@id":"https:\/\/www.marienhage.com\/fr\/restaurant-de-refter-eindhoven\/#breadcrumb","itemListElement":[{"@type":"ListItem","position":1,"name":"Home","item":"https:\/\/www.marienhage.com\/fr\/"},{"@type":"ListItem","position":2,"name":"De Refter, Restaurant in Eindhoven"}]},{"@type":"WebSite","@id":"https:\/\/www.marienhage.com\/fr\/#website","url":"https:\/\/www.marienhage.com\/fr\/","name":"Mari\u00ebnhage Hotel","description":"Hotel in Eindhoven","publisher":{"@id":"https:\/\/www.marienhage.com\/fr\/#organization"},"potentialAction":[{"@type":"SearchAction","target":{"@type":"EntryPoint","urlTemplate":"https:\/\/www.marienhage.com\/fr\/?s={search_term_string}"},"query-input":{"@type":"PropertyValueSpecification","valueRequired":true,"valueName":"search_term_string"}}],"inLanguage":"fr-FR"},{"@type":"Organization","@id":"https:\/\/www.marienhage.com\/fr\/#organization","name":"Hotel Mari\u00ebnhage","url":"https:\/\/www.marienhage.com\/fr\/","logo":{"@type":"ImageObject","inLanguage":"fr-FR","@id":"https:\/\/www.marienhage.com\/fr\/#\/schema\/logo\/image\/","url":"https:\/\/www.marienhage.com\/wp-content\/uploads\/2019\/07\/hmh-mark.png","contentUrl":"https:\/\/www.marienhage.com\/wp-content\/uploads\/2019\/07\/hmh-mark.png","width":80,"height":80,"caption":"Hotel Mari\u00ebnhage"},"image":{"@id":"https:\/\/www.marienhage.com\/fr\/#\/schema\/logo\/image\/"}}]}},"_links":{"self":[{"href":"https:\/\/www.marienhage.com\/fr\/wp-json\/wp\/v2\/pages\/8815","targetHints":{"allow":["GET"]}}],"collection":[{"href":"https:\/\/www.marienhage.com\/fr\/wp-json\/wp\/v2\/pages"}],"about":[{"href":"https:\/\/www.marienhage.com\/fr\/wp-json\/wp\/v2\/types\/page"}],"author":[{"embeddable":true,"href":"https:\/\/www.marienhage.com\/fr\/wp-json\/wp\/v2\/users\/14"}],"replies":[{"embeddable":true,"href":"https:\/\/www.marienhage.com\/fr\/wp-json\/wp\/v2\/comments?post=8815"}],"version-history":[{"count":0,"href":"https:\/\/www.marienhage.com\/fr\/wp-json\/wp\/v2\/pages\/8815\/revisions"}],"wp:attachment":[{"href":"https:\/\/www.marienhage.com\/fr\/wp-json\/wp\/v2\/media?parent=8815"}],"curies":[{"name":"wp","href":"https:\/\/api.w.org\/{rel}","templated":true}]}}