{"id":8799,"date":"2022-09-09T10:32:31","date_gmt":"2022-09-09T10:32:31","guid":{"rendered":"https:\/\/www.marienhage.com\/?page_id=8799"},"modified":"2022-09-09T10:32:31","modified_gmt":"2022-09-09T10:32:31","slug":"informations-entreprises","status":"publish","type":"page","link":"https:\/\/www.marienhage.com\/fr\/informations-entreprises\/","title":{"rendered":"Informations sur les entreprises"},"content":{"rendered":"<div class=\"fusion-fullwidth fullwidth-box fusion-builder-row-1 hundred-percent-fullwidth non-hundred-percent-height-scrolling fusion-equal-height-columns maincontentmh\" style=\"--awb-border-radius-top-left:0px;--awb-border-radius-top-right:0px;--awb-border-radius-bottom-right:0px;--awb-border-radius-bottom-left:0px;--awb-background-color:#fbf5ee;--awb-flex-wrap:wrap;\" ><div class=\"fusion-builder-row fusion-row\"><div class=\"fusion-layout-column fusion_builder_column fusion-builder-column-0 fusion_builder_column_1_1 1_1 fusion-one-full fusion-column-first fusion-column-last\" style=\"--awb-bg-color:#fbf5ee;--awb-bg-color-hover:#fbf5ee;--awb-bg-position:right center;--awb-bg-size:cover;--awb-box-shadow:0px 0px 5px 4px #a8a8a8;;\"><div class=\"fusion-column-wrapper fusion-column-has-shadow fusion-flex-column-wrapper-legacy\"><div class=\"fusion-column-content-centered\"><div class=\"fusion-column-content\"><div class=\"fusion-builder-row fusion-builder-row-inner fusion-row\"><div class=\"fusion-layout-column fusion_builder_column_inner fusion-builder-nested-column-0 fusion_builder_column_inner_1_2 1_2 fusion-one-half fusion-column-first\" style=\"--awb-padding-right:30px;--awb-padding-left:30px;--awb-bg-size:cover;width:50%;width:calc(50% - ( ( 0px ) * 0.5 ) );margin-right: 0px;\" id=\"firstlefttcol\"><div class=\"fusion-column-wrapper fusion-column-has-shadow fusion-flex-column-wrapper-legacy\"><div class=\"fusion-column-content-centered\"><div class=\"fusion-column-content\"><div class=\"fusion-title title fusion-title-1 fusion-sep-none fusion-title-center fusion-title-text fusion-title-size-one\" style=\"--awb-margin-top:0px;--awb-margin-top-small:0px;--awb-margin-right-small:0px;--awb-margin-bottom-small:15px;--awb-margin-left-small:0px;\"><h1 class=\"fusion-title-heading title-heading-center fusion-responsive-typography-calculated\" style=\"margin:0;--fontSize:34;line-height:1.4;\"><span style=\"font-weight: 400;\">Informations sur l&rsquo;entreprise H\u00f4tel Mari\u00ebnhage B.V.<\/span><\/h1><\/div><div class=\"fusion-text fusion-text-1\"><p><strong>Adresse:<\/strong><br \/>\nHotel Mari\u00ebnhage B.V.<br \/>\nKanaalstraat 4<br \/>\n5611 CT Eindhoven<br \/>\n<span style=\"font-weight: 400;\">Les Pays-Bas<\/span><br \/>\nT: +31 40 311 14 44<br \/>\n<span style=\"font-weight: 400;\">Courriel<\/span>: <a href=\"mailto:info@marienhage.com\">info@marienhage.com<\/a><\/p>\n<p><strong>Informations:<\/strong><br \/>\nKamer van Koophandel: 74486756<br \/>\nNum\u00e9ro BTW: NL859920379B01<\/p>\n<p><strong>Informations bancaires:<\/strong><br \/>\nBIC \u2013 INGBNL2A<br \/>\nIBAN \u2013 NL 90 INGB 0672 7618 82<\/p>\n<\/div><div class=\"fusion-aligncenter\"><a class=\"fusion-button button-flat fusion-button-default-size button-default fusion-button-default button-1 fusion-button-default-span fusion-button-default-type home-buttons\" target=\"_self\" href=\"https:\/\/www.marienhage.com\/fr\/emplacement\"><span class=\"fusion-button-text awb-button__text awb-button__text--default\">EMPLACEMENT<\/span><\/a><\/div><\/div><\/div><div class=\"fusion-clearfix\"><\/div><\/div><\/div><div class=\"fusion-layout-column fusion_builder_column_inner fusion-builder-nested-column-1 fusion_builder_column_inner_1_2 1_2 fusion-one-half fusion-column-last\" style=\"--awb-bg-position:left center;--awb-bg-size:cover;width:50%;width:calc(50% - ( ( 0px ) * 0.5 ) );\"><div class=\"fusion-column-wrapper fusion-column-has-shadow fusion-flex-column-wrapper-legacy\"><div class=\"fusion-column-content-centered\"><div class=\"fusion-column-content\"><div class=\"fusion-image-element fusion-image-align-center in-legacy-container\" style=\"text-align:center;--awb-caption-title-font-family:var(--h2_typography-font-family);--awb-caption-title-font-weight:var(--h2_typography-font-weight);--awb-caption-title-font-style:var(--h2_typography-font-style);--awb-caption-title-size:var(--h2_typography-font-size);--awb-caption-title-transform:var(--h2_typography-text-transform);--awb-caption-title-line-height:var(--h2_typography-line-height);--awb-caption-title-letter-spacing:var(--h2_typography-letter-spacing);\"><div class=\"imageframe-align-center\"><span class=\" fusion-imageframe imageframe-none imageframe-1 hover-type-zoomin\"><img decoding=\"async\" width=\"900\" height=\"900\" alt=\"Domusdela Exterior - Hotel Marienhage Eindhoven\" title=\"Domusdela-exterior-2\" src=\"https:\/\/www.marienhage.com\/wp-content\/uploads\/2020\/01\/Domusdela-exterior-2.jpg\" class=\"img-responsive wp-image-5506\" srcset=\"https:\/\/www.marienhage.com\/wp-content\/uploads\/2020\/01\/Domusdela-exterior-2-200x200.jpg 200w, https:\/\/www.marienhage.com\/wp-content\/uploads\/2020\/01\/Domusdela-exterior-2-400x400.jpg 400w, https:\/\/www.marienhage.com\/wp-content\/uploads\/2020\/01\/Domusdela-exterior-2-600x600.jpg 600w, https:\/\/www.marienhage.com\/wp-content\/uploads\/2020\/01\/Domusdela-exterior-2-800x800.jpg 800w, https:\/\/www.marienhage.com\/wp-content\/uploads\/2020\/01\/Domusdela-exterior-2.jpg 900w\" sizes=\"(max-width: 930px) 100vw, 800px\" \/><\/span><\/div><\/div><\/div><\/div><div class=\"fusion-clearfix\"><\/div><\/div><\/div><\/div><\/div><\/div><div class=\"fusion-clearfix\"><\/div><\/div><\/div><\/div><\/div>\n","protected":false},"excerpt":{"rendered":"","protected":false},"author":14,"featured_media":0,"parent":0,"menu_order":0,"comment_status":"closed","ping_status":"closed","template":"","meta":{"footnotes":""},"class_list":["post-8799","page","type-page","status-publish","hentry"],"yoast_head":"<!-- This site is optimized with the Yoast SEO plugin v27.2 - https:\/\/yoast.com\/product\/yoast-seo-wordpress\/ -->\n<title>Informations sur les chambres - H\u00f4tel Mari\u00ebnhage \u00e0 Eindhoven City Centre<\/title>\n<meta name=\"description\" content=\"L&#039;h\u00f4tel Mari\u00ebnhage Boutique se trouve dans le centre de la ville d&#039;Eindhoven, dans le quartier de centre-ville. L&#039;h\u00f4tel se trouve \u00e0 proximit\u00e9 de la gare routi\u00e8re et routi\u00e8re d&#039;Eindhoven. Notre concept d&#039;h\u00f4tel de luxe se trouve au c\u0153ur du Noord-Brabant, aux Pays-Bas.\" \/>\n<meta name=\"robots\" content=\"index, follow, max-snippet:-1, max-image-preview:large, max-video-preview:-1\" \/>\n<link rel=\"canonical\" href=\"https:\/\/www.marienhage.com\/fr\/informations-entreprises\/\" \/>\n<meta property=\"og:locale\" content=\"fr_FR\" \/>\n<meta property=\"og:type\" content=\"article\" \/>\n<meta property=\"og:title\" content=\"Informations sur les chambres - H\u00f4tel Mari\u00ebnhage \u00e0 Eindhoven City Centre\" \/>\n<meta property=\"og:description\" content=\"L&#039;h\u00f4tel Mari\u00ebnhage Boutique se trouve dans le centre de la ville d&#039;Eindhoven, dans le quartier de centre-ville. L&#039;h\u00f4tel se trouve \u00e0 proximit\u00e9 de la gare routi\u00e8re et routi\u00e8re d&#039;Eindhoven. Notre concept d&#039;h\u00f4tel de luxe se trouve au c\u0153ur du Noord-Brabant, aux Pays-Bas.\" \/>\n<meta property=\"og:url\" content=\"https:\/\/www.marienhage.com\/fr\/informations-entreprises\/\" \/>\n<meta property=\"og:site_name\" content=\"Mari\u00ebnhage Hotel\" \/>\n<meta name=\"twitter:card\" content=\"summary_large_image\" \/>\n<meta name=\"twitter:label1\" content=\"Dur\u00e9e de lecture estim\u00e9e\" \/>\n\t<meta name=\"twitter:data1\" content=\"3 minutes\" \/>\n<script type=\"application\/ld+json\" class=\"yoast-schema-graph\">{\"@context\":\"https:\/\/schema.org\",\"@graph\":[{\"@type\":\"WebPage\",\"@id\":\"https:\/\/www.marienhage.com\/fr\/informations-entreprises\/\",\"url\":\"https:\/\/www.marienhage.com\/fr\/informations-entreprises\/\",\"name\":\"Informations sur les chambres - H\u00f4tel Mari\u00ebnhage \u00e0 Eindhoven City Centre\",\"isPartOf\":{\"@id\":\"https:\/\/www.marienhage.com\/fr\/#website\"},\"description\":\"L'h\u00f4tel Mari\u00ebnhage Boutique se trouve dans le centre de la ville d'Eindhoven, dans le quartier de centre-ville. L'h\u00f4tel se trouve \u00e0 proximit\u00e9 de la gare routi\u00e8re et routi\u00e8re d'Eindhoven. Notre concept d'h\u00f4tel de luxe se trouve au c\u0153ur du Noord-Brabant, aux Pays-Bas.\",\"breadcrumb\":{\"@id\":\"https:\/\/www.marienhage.com\/fr\/informations-entreprises\/#breadcrumb\"},\"inLanguage\":\"fr-FR\",\"potentialAction\":[{\"@type\":\"ReadAction\",\"target\":[\"https:\/\/www.marienhage.com\/fr\/informations-entreprises\/\"]}]},{\"@type\":\"BreadcrumbList\",\"@id\":\"https:\/\/www.marienhage.com\/fr\/informations-entreprises\/#breadcrumb\",\"itemListElement\":[{\"@type\":\"ListItem\",\"position\":1,\"name\":\"Home\",\"item\":\"https:\/\/www.marienhage.com\/fr\/\"},{\"@type\":\"ListItem\",\"position\":2,\"name\":\"Informations sur les entreprises\"}]},{\"@type\":\"WebSite\",\"@id\":\"https:\/\/www.marienhage.com\/fr\/#website\",\"url\":\"https:\/\/www.marienhage.com\/fr\/\",\"name\":\"Mari\u00ebnhage Hotel\",\"description\":\"Hotel in Eindhoven\",\"publisher\":{\"@id\":\"https:\/\/www.marienhage.com\/fr\/#organization\"},\"potentialAction\":[{\"@type\":\"SearchAction\",\"target\":{\"@type\":\"EntryPoint\",\"urlTemplate\":\"https:\/\/www.marienhage.com\/fr\/?s={search_term_string}\"},\"query-input\":{\"@type\":\"PropertyValueSpecification\",\"valueRequired\":true,\"valueName\":\"search_term_string\"}}],\"inLanguage\":\"fr-FR\"},{\"@type\":\"Organization\",\"@id\":\"https:\/\/www.marienhage.com\/fr\/#organization\",\"name\":\"Hotel Mari\u00ebnhage\",\"url\":\"https:\/\/www.marienhage.com\/fr\/\",\"logo\":{\"@type\":\"ImageObject\",\"inLanguage\":\"fr-FR\",\"@id\":\"https:\/\/www.marienhage.com\/fr\/#\/schema\/logo\/image\/\",\"url\":\"https:\/\/www.marienhage.com\/wp-content\/uploads\/2019\/07\/hmh-mark.png\",\"contentUrl\":\"https:\/\/www.marienhage.com\/wp-content\/uploads\/2019\/07\/hmh-mark.png\",\"width\":80,\"height\":80,\"caption\":\"Hotel Mari\u00ebnhage\"},\"image\":{\"@id\":\"https:\/\/www.marienhage.com\/fr\/#\/schema\/logo\/image\/\"}}]}<\/script>\n<!-- \/ Yoast SEO plugin. -->","yoast_head_json":{"title":"Informations sur les chambres - H\u00f4tel Mari\u00ebnhage \u00e0 Eindhoven City Centre","description":"L'h\u00f4tel Mari\u00ebnhage Boutique se trouve dans le centre de la ville d'Eindhoven, dans le quartier de centre-ville. L'h\u00f4tel se trouve \u00e0 proximit\u00e9 de la gare routi\u00e8re et routi\u00e8re d'Eindhoven. Notre concept d'h\u00f4tel de luxe se trouve au c\u0153ur du Noord-Brabant, aux Pays-Bas.","robots":{"index":"index","follow":"follow","max-snippet":"max-snippet:-1","max-image-preview":"max-image-preview:large","max-video-preview":"max-video-preview:-1"},"canonical":"https:\/\/www.marienhage.com\/fr\/informations-entreprises\/","og_locale":"fr_FR","og_type":"article","og_title":"Informations sur les chambres - H\u00f4tel Mari\u00ebnhage \u00e0 Eindhoven City Centre","og_description":"L'h\u00f4tel Mari\u00ebnhage Boutique se trouve dans le centre de la ville d'Eindhoven, dans le quartier de centre-ville. L'h\u00f4tel se trouve \u00e0 proximit\u00e9 de la gare routi\u00e8re et routi\u00e8re d'Eindhoven. Notre concept d'h\u00f4tel de luxe se trouve au c\u0153ur du Noord-Brabant, aux Pays-Bas.","og_url":"https:\/\/www.marienhage.com\/fr\/informations-entreprises\/","og_site_name":"Mari\u00ebnhage Hotel","twitter_card":"summary_large_image","twitter_misc":{"Dur\u00e9e de lecture estim\u00e9e":"3 minutes"},"schema":{"@context":"https:\/\/schema.org","@graph":[{"@type":"WebPage","@id":"https:\/\/www.marienhage.com\/fr\/informations-entreprises\/","url":"https:\/\/www.marienhage.com\/fr\/informations-entreprises\/","name":"Informations sur les chambres - H\u00f4tel Mari\u00ebnhage \u00e0 Eindhoven City Centre","isPartOf":{"@id":"https:\/\/www.marienhage.com\/fr\/#website"},"description":"L'h\u00f4tel Mari\u00ebnhage Boutique se trouve dans le centre de la ville d'Eindhoven, dans le quartier de centre-ville. L'h\u00f4tel se trouve \u00e0 proximit\u00e9 de la gare routi\u00e8re et routi\u00e8re d'Eindhoven. Notre concept d'h\u00f4tel de luxe se trouve au c\u0153ur du Noord-Brabant, aux Pays-Bas.","breadcrumb":{"@id":"https:\/\/www.marienhage.com\/fr\/informations-entreprises\/#breadcrumb"},"inLanguage":"fr-FR","potentialAction":[{"@type":"ReadAction","target":["https:\/\/www.marienhage.com\/fr\/informations-entreprises\/"]}]},{"@type":"BreadcrumbList","@id":"https:\/\/www.marienhage.com\/fr\/informations-entreprises\/#breadcrumb","itemListElement":[{"@type":"ListItem","position":1,"name":"Home","item":"https:\/\/www.marienhage.com\/fr\/"},{"@type":"ListItem","position":2,"name":"Informations sur les entreprises"}]},{"@type":"WebSite","@id":"https:\/\/www.marienhage.com\/fr\/#website","url":"https:\/\/www.marienhage.com\/fr\/","name":"Mari\u00ebnhage Hotel","description":"Hotel in Eindhoven","publisher":{"@id":"https:\/\/www.marienhage.com\/fr\/#organization"},"potentialAction":[{"@type":"SearchAction","target":{"@type":"EntryPoint","urlTemplate":"https:\/\/www.marienhage.com\/fr\/?s={search_term_string}"},"query-input":{"@type":"PropertyValueSpecification","valueRequired":true,"valueName":"search_term_string"}}],"inLanguage":"fr-FR"},{"@type":"Organization","@id":"https:\/\/www.marienhage.com\/fr\/#organization","name":"Hotel Mari\u00ebnhage","url":"https:\/\/www.marienhage.com\/fr\/","logo":{"@type":"ImageObject","inLanguage":"fr-FR","@id":"https:\/\/www.marienhage.com\/fr\/#\/schema\/logo\/image\/","url":"https:\/\/www.marienhage.com\/wp-content\/uploads\/2019\/07\/hmh-mark.png","contentUrl":"https:\/\/www.marienhage.com\/wp-content\/uploads\/2019\/07\/hmh-mark.png","width":80,"height":80,"caption":"Hotel Mari\u00ebnhage"},"image":{"@id":"https:\/\/www.marienhage.com\/fr\/#\/schema\/logo\/image\/"}}]}},"_links":{"self":[{"href":"https:\/\/www.marienhage.com\/fr\/wp-json\/wp\/v2\/pages\/8799","targetHints":{"allow":["GET"]}}],"collection":[{"href":"https:\/\/www.marienhage.com\/fr\/wp-json\/wp\/v2\/pages"}],"about":[{"href":"https:\/\/www.marienhage.com\/fr\/wp-json\/wp\/v2\/types\/page"}],"author":[{"embeddable":true,"href":"https:\/\/www.marienhage.com\/fr\/wp-json\/wp\/v2\/users\/14"}],"replies":[{"embeddable":true,"href":"https:\/\/www.marienhage.com\/fr\/wp-json\/wp\/v2\/comments?post=8799"}],"version-history":[{"count":0,"href":"https:\/\/www.marienhage.com\/fr\/wp-json\/wp\/v2\/pages\/8799\/revisions"}],"wp:attachment":[{"href":"https:\/\/www.marienhage.com\/fr\/wp-json\/wp\/v2\/media?parent=8799"}],"curies":[{"name":"wp","href":"https:\/\/api.w.org\/{rel}","templated":true}]}}