{"id":8792,"date":"2022-09-09T10:32:27","date_gmt":"2022-09-09T10:32:27","guid":{"rendered":"https:\/\/www.marienhage.com\/?page_id=8792"},"modified":"2024-06-05T10:03:06","modified_gmt":"2024-06-05T10:03:06","slug":"emplacement","status":"publish","type":"page","link":"https:\/\/www.marienhage.com\/fr\/emplacement\/","title":{"rendered":"H\u00f4tel pr\u00e8s de la Gare Centrale d&rsquo;Eindhoven"},"content":{"rendered":"<div class=\"fusion-fullwidth fullwidth-box fusion-builder-row-1 nonhundred-percent-fullwidth non-hundred-percent-height-scrolling fusion-equal-height-columns maincontentmh\" style=\"--awb-border-radius-top-left:0px;--awb-border-radius-top-right:0px;--awb-border-radius-bottom-right:0px;--awb-border-radius-bottom-left:0px;--awb-background-color:#fbf5ee;--awb-flex-wrap:wrap;\" ><div class=\"fusion-builder-row fusion-row\"><div class=\"fusion-layout-column fusion_builder_column fusion-builder-column-0 fusion_builder_column_1_1 1_1 fusion-one-full fusion-column-first fusion-column-last\" style=\"--awb-bg-color:#fbf5ee;--awb-bg-color-hover:#fbf5ee;--awb-bg-position:right center;--awb-bg-size:cover;--awb-box-shadow:0px 0px 5px 4px #a8a8a8;;\"><div class=\"fusion-column-wrapper fusion-column-has-shadow fusion-flex-column-wrapper-legacy\"><div class=\"fusion-column-content-centered\"><div class=\"fusion-column-content\"><div class=\"fusion-builder-row fusion-builder-row-inner fusion-row\"><div class=\"fusion-layout-column fusion_builder_column_inner fusion-builder-nested-column-0 fusion_builder_column_inner_1_2 1_2 fusion-one-half fusion-column-first\" style=\"--awb-padding-right:30px;--awb-padding-left:30px;--awb-bg-size:cover;width:50%;width:calc(50% - ( ( 0px ) * 0.5 ) );margin-right: 0px;\" id=\"secondlefttcol\"><div class=\"fusion-column-wrapper fusion-column-has-shadow fusion-flex-column-wrapper-legacy\"><div class=\"fusion-column-content-centered\"><div class=\"fusion-column-content\"><div class=\"fusion-title title fusion-title-1 fusion-sep-none fusion-title-center fusion-title-text fusion-title-size-two\" style=\"--awb-margin-top:0px;--awb-margin-top-small:0px;--awb-margin-right-small:0px;--awb-margin-bottom-small:15px;--awb-margin-left-small:0px;\"><h2 class=\"fusion-title-heading title-heading-center fusion-responsive-typography-calculated\" style=\"margin:0;--fontSize:30;line-height:1.4;\">H\u00f4tel pr\u00e8s de la Gare Centrale d&rsquo;Eindhoven<\/h2><\/div><div class=\"fusion-text fusion-text-1\"><p style=\"text-align: center;\">Hotel Mari\u00ebnhage<br \/>\nKanaalstraat 4<br \/>\n5611 CT Eindhoven<br \/>\n+31 40 311 14 44<br \/>\n<a href=\"mailto:info@marienhage.com\">info@marienhage.com<\/a><\/p>\n<h2 style=\"text-align: center;\">Emplacement et Transport<\/h2>\n<ul>\n<li>L&rsquo;H\u00f4tel Mari\u00ebnhage est id\u00e9alement situ\u00e9 \u00e0 seulement 300 m\u00e8tres du centre-ville.<\/li>\n<li>L&rsquo;h\u00f4tel se trouve \u00e0 une courte distance de marche de 650 m\u00e8tres \u00e0 la fois de la gare routi\u00e8re et de la gare ferroviaire, ce qui le rend facilement accessible en transport en commun.<\/li>\n<li>Pour les clients arrivant en voiture, plusieurs options de stationnement payant sont disponibles, \u00e0 la fois au Q-Park de Heuvel et sur le terrain de l&rsquo;h\u00f4tel lui-m\u00eame.<\/li>\n<\/ul>\n<\/div><\/div><\/div><div class=\"fusion-clearfix\"><\/div><\/div><\/div><div class=\"fusion-layout-column fusion_builder_column_inner fusion-builder-nested-column-1 fusion_builder_column_inner_1_2 1_2 fusion-one-half fusion-column-last\" style=\"--awb-bg-size:cover;width:50%;width:calc(50% - ( ( 0px ) * 0.5 ) );\"><div class=\"fusion-column-wrapper fusion-column-has-shadow fusion-flex-column-wrapper-legacy\"><style type=\"text\/css\" id=\"gmpMapStyles_1_25228\">\r\n\t#google_map_easy_1_25228 {\r\n        width: 100%;\r\n        height: 600px;\r\n\t\t\t\t\t\t    }\r\n\t#gmapControlsNum_1_25228 {\r\n\t\twidth:100%\t}\r\n\t.gmpMapDetailsContainer#gmpMapDetailsContainer_1_25228 {\r\n\t\theight:600px;\r\n\t}\r\n\t.gmp_MapPreview#google_map_easy_1_25228 {\r\n\t\t\/*position:absolute;*\/\r\n\t\twidth: 100%;\r\n\t}\r\n\t#mapConElem_1_25228{\r\n\t\twidth: 100%\t}\r\n    .gm-style .gm-style-iw-c{\r\n        padding: 12px!important;\r\n    }\r\n\t    <\/style>\r\n <div class=\"gmp_map_opts\" id=\"mapConElem_1_25228\" data-id=\"1\" data-view-id=\"1_25228\" > <div class=\"gmpMapDetailsContainer\" id=\"gmpMapDetailsContainer_1_25228\"> <i class=\"gmpKMLLayersPreloader fa fa-spinner fa-spin\" aria-hidden=\"true\" style=\"display: none;\"><\/i> <div class=\"gmp_MapPreview \" id=\"google_map_easy_1_25228\"><\/div> <\/div> <div class=\"gmpMapMarkerFilters\" id=\"gmpMapMarkerFilters_1_25228\"> <\/div> <div class=\"gmpMapProControlsCon\" id=\"gmpMapProControlsCon_1_25228\"> <a title=\"WordPress Google Maps Plugin\" style=\"display:none;\" href=\"https:\/\/supsystic.com\/plugins\/google-maps-plugin\/?utm_medium=love_link_hide\" target=\"_blank\">WordPress Google Maps Plugin<\/a><div style=\"clear: both;\"><\/div> <\/div> <div class=\"gmpMapProDirectionsCon\" id=\"gmpMapProDirectionsCon_1_25228\" > <\/div> <div class=\"gmpMapProKmlFilterCon\" id=\"gmpMapProKmlFilterCon_1_25228\" > <\/div> <div class=\"gmpSocialSharingShell gmpSocialSharingShell_1_25228\"> <\/div> <div style=\"clear: both;\"><\/div> <\/div> <div class=\"fusion-clearfix\"><\/div><\/div><\/div><\/div><div class=\"fusion-tabs fusion-tabs-1 classic arrivaloptions vertical-tabs icon-position-left mobile-mode-accordion\" style=\"--awb-title-border-radius-top-left:0px;--awb-title-border-radius-top-right:0px;--awb-title-border-radius-bottom-right:0px;--awb-title-border-radius-bottom-left:0px;--awb-alignment:start;--awb-inactive-color:#ebeaea;--awb-background-color:rgba(255,255,255,0);--awb-border-color:rgba(255,255,255,0);--awb-active-border-color:#46404e;\"><div class=\"nav\"><ul class=\"nav-tabs\" role=\"tablist\"><li class=\"active\" role=\"presentation\"><a class=\"tab-link\" data-toggle=\"tab\" role=\"tab\" aria-controls=\"tab-722dfaf5b9023a42859\" aria-selected=\"true\" id=\"fusion-tab-voiture\" href=\"#tab-722dfaf5b9023a42859\"><h4 class=\"fusion-tab-heading\"><i class=\"fontawesome-icon fa-car fas\" aria-hidden=\"true\" style=\"font-size:13px;\"><\/i>Voiture<\/h4><\/a><\/li><li role=\"presentation\"><a class=\"tab-link\" data-toggle=\"tab\" role=\"tab\" aria-controls=\"tab-7aa12cf7c2fa6c16eb9\" aria-selected=\"false\" tabindex=\"-1\" id=\"fusion-tab-train\" href=\"#tab-7aa12cf7c2fa6c16eb9\"><h4 class=\"fusion-tab-heading\"><i class=\"fontawesome-icon fa-subway fas\" aria-hidden=\"true\" style=\"font-size:13px;\"><\/i>Train<\/h4><\/a><\/li><li role=\"presentation\"><a class=\"tab-link\" data-toggle=\"tab\" role=\"tab\" aria-controls=\"tab-c71794fda66d4029a70\" aria-selected=\"false\" tabindex=\"-1\" id=\"fusion-tab-avion\" href=\"#tab-c71794fda66d4029a70\"><h4 class=\"fusion-tab-heading\"><i class=\"fontawesome-icon fa-plane fas\" aria-hidden=\"true\" style=\"font-size:13px;\"><\/i>Avion<\/h4><\/a><\/li><li role=\"presentation\"><a class=\"tab-link\" data-toggle=\"tab\" role=\"tab\" aria-controls=\"tab-eed7fc94d72b63c6120\" aria-selected=\"false\" tabindex=\"-1\" id=\"fusion-tab-bus\" href=\"#tab-eed7fc94d72b63c6120\"><h4 class=\"fusion-tab-heading\"><i class=\"fontawesome-icon fa-bus-alt fas\" aria-hidden=\"true\" style=\"font-size:13px;\"><\/i>Bus<\/h4><\/a><\/li><li role=\"presentation\"><a class=\"tab-link\" data-toggle=\"tab\" role=\"tab\" aria-controls=\"tab-a65dc56b8b6605aa9c8\" aria-selected=\"false\" tabindex=\"-1\" id=\"fusion-tab-bicyclette\" href=\"#tab-a65dc56b8b6605aa9c8\"><h4 class=\"fusion-tab-heading\"><i class=\"fontawesome-icon fa-biking fas\" aria-hidden=\"true\" style=\"font-size:13px;\"><\/i>Bicyclette<\/h4><\/a><\/li><\/ul><\/div><div class=\"tab-content\"><div class=\"nav fusion-mobile-tab-nav\"><ul class=\"nav-tabs\" role=\"tablist\"><li class=\"active\" role=\"presentation\"><a class=\"tab-link\" data-toggle=\"tab\" role=\"tab\" aria-controls=\"tab-722dfaf5b9023a42859\" aria-selected=\"true\" id=\"mobile-fusion-tab-voiture\" href=\"#tab-722dfaf5b9023a42859\"><h4 class=\"fusion-tab-heading\"><i class=\"fontawesome-icon fa-car fas\" aria-hidden=\"true\" style=\"font-size:13px;\"><\/i>Voiture<\/h4><\/a><\/li><\/ul><\/div><div class=\"tab-pane fade fusion-clearfix in active\" role=\"tabpanel\" tabindex=\"0\" aria-labelledby=\"fusion-tab-voiture\" id=\"tab-722dfaf5b9023a42859\"><strong>Adresse:<\/strong> Kanaalstraat 4, 5611 CT Eindhoven, Nederland<br \/>\n<strong>GPS:<\/strong> Lat: 51.4381323\u00b0 N, Lon: 5.4846993\u00b0 E<br \/>\n<strong>GPS:<\/strong> Lat: 51\u00b0 26\u2032 17.276\u2033 N, Lon: 05\u00b0 29\u2032 4.917\u2033 E<\/div><div class=\"nav fusion-mobile-tab-nav\"><ul class=\"nav-tabs\" role=\"tablist\"><li role=\"presentation\"><a class=\"tab-link\" data-toggle=\"tab\" role=\"tab\" aria-controls=\"tab-7aa12cf7c2fa6c16eb9\" aria-selected=\"false\" tabindex=\"-1\" id=\"mobile-fusion-tab-train\" href=\"#tab-7aa12cf7c2fa6c16eb9\"><h4 class=\"fusion-tab-heading\"><i class=\"fontawesome-icon fa-subway fas\" aria-hidden=\"true\" style=\"font-size:13px;\"><\/i>Train<\/h4><\/a><\/li><\/ul><\/div><div class=\"tab-pane fade fusion-clearfix\" role=\"tabpanel\" tabindex=\"0\" aria-labelledby=\"fusion-tab-train\" id=\"tab-7aa12cf7c2fa6c16eb9\"><strong>Arr\u00eat de train:<\/strong> Eindhoven (650m)<\/p>\n<p>L&rsquo;h\u00f4tel Mari\u00ebnhage est situ\u00e9 \u00e0 13 minutes de marche de la gare d&rsquo;Eindhoven. Pour vous rendre \u00e0 l&rsquo;h\u00f4tel, suivez les indications suivantes:<\/p>\n<ol>\n<li>En sortant de la gare, c\u00f4t\u00e9 centre-ville, traverser la rue pour rejoindre la Stationsplein.<\/li>\n<li>Prenez \u00e0 droite dans la Dommelstraat et ensuite \u00e0 gauche dans Vestdijk.<\/li>\n<li>Tournez \u00e0 gauche dans la Kanaalstraat.<\/li>\n<li>Vous verrez l&rsquo;h\u00f4tel Mari\u00ebnhage sur votre gauche. L&rsquo;entr\u00e9e de l&rsquo;h\u00f4tel se trouve \u00e0 mi-chemin de la rue si vous marchez sur le long c\u00f4t\u00e9 de l&rsquo;\u00e9glise.<\/li>\n<\/ol>\n<\/div><div class=\"nav fusion-mobile-tab-nav\"><ul class=\"nav-tabs\" role=\"tablist\"><li role=\"presentation\"><a class=\"tab-link\" data-toggle=\"tab\" role=\"tab\" aria-controls=\"tab-c71794fda66d4029a70\" aria-selected=\"false\" tabindex=\"-1\" id=\"mobile-fusion-tab-avion\" href=\"#tab-c71794fda66d4029a70\"><h4 class=\"fusion-tab-heading\"><i class=\"fontawesome-icon fa-plane fas\" aria-hidden=\"true\" style=\"font-size:13px;\"><\/i>Avion<\/h4><\/a><\/li><\/ul><\/div><div class=\"tab-pane fade fusion-clearfix\" role=\"tabpanel\" tabindex=\"0\" aria-labelledby=\"fusion-tab-avion\" id=\"tab-c71794fda66d4029a70\">\n<p><strong>A\u00e9roport d&rsquo;Eindhoven<\/strong> &#8211; Distance: 11 km<br \/>\nVoiture: 25 Minuten<br \/>\nTransports publics: 30 min<\/p>\n<p><strong>A\u00e9roport de Maastricht Aachen<\/strong> &#8211; Distance: 78 km<br \/>\nVoiture: 57 min<br \/>\nTransports publics: 2h<\/p>\n<p><strong>A\u00e9roport d&rsquo;Amsterdam Schiphol<\/strong> &#8211; Distance: 133 km<br \/>\nVoiture: 2h<br \/>\nTransports publics: 1,5h<\/p>\n<\/div><div class=\"nav fusion-mobile-tab-nav\"><ul class=\"nav-tabs\" role=\"tablist\"><li role=\"presentation\"><a class=\"tab-link\" data-toggle=\"tab\" role=\"tab\" aria-controls=\"tab-eed7fc94d72b63c6120\" aria-selected=\"false\" tabindex=\"-1\" id=\"mobile-fusion-tab-bus\" href=\"#tab-eed7fc94d72b63c6120\"><h4 class=\"fusion-tab-heading\"><i class=\"fontawesome-icon fa-bus-alt fas\" aria-hidden=\"true\" style=\"font-size:13px;\"><\/i>Bus<\/h4><\/a><\/li><\/ul><\/div><div class=\"tab-pane fade fusion-clearfix\" role=\"tabpanel\" tabindex=\"0\" aria-labelledby=\"fusion-tab-bus\" id=\"tab-eed7fc94d72b63c6120\">Station de bus: <strong>Smalle Haven (1,0 km)<\/strong><\/p>\n<p>L&rsquo;h\u00f4tel Mari\u00ebnhage est situ\u00e9 \u00e0 4 minutes de la gare centrale d&rsquo;Eindhoven. Pour arriver \u00e0 l&rsquo;h\u00f4tel, suivez ces directions:<\/p>\n<ul>\n<li>Sortez de la gare en direction de la gare routi\u00e8re.<\/li>\n<li>Prenez l&rsquo;un des bus mentionn\u00e9s ci-dessous.<\/li>\n<li>Descendre \u00e0 l&rsquo;arr\u00eat &lsquo;Smalle Haven&rsquo; et tourner \u00e0 gauche, avec la rivi\u00e8re Dommel \u00e0 votre droite.<\/li>\n<li>Vous verrez l&rsquo;h\u00f4tel Mari\u00ebnhage sur votre gauche apr\u00e8s 150m.<\/li>\n<\/ul>\n<p>V\u00e9rifiez ces lignes de bus : 7, 11, 12, 17, 24, 317, 318, 320, 324<\/div><div class=\"nav fusion-mobile-tab-nav\"><ul class=\"nav-tabs\" role=\"tablist\"><li role=\"presentation\"><a class=\"tab-link\" data-toggle=\"tab\" role=\"tab\" aria-controls=\"tab-a65dc56b8b6605aa9c8\" aria-selected=\"false\" tabindex=\"-1\" id=\"mobile-fusion-tab-bicyclette\" href=\"#tab-a65dc56b8b6605aa9c8\"><h4 class=\"fusion-tab-heading\"><i class=\"fontawesome-icon fa-biking fas\" aria-hidden=\"true\" style=\"font-size:13px;\"><\/i>Bicyclette<\/h4><\/a><\/li><\/ul><\/div><div class=\"tab-pane fade fusion-clearfix\" role=\"tabpanel\" tabindex=\"0\" aria-labelledby=\"fusion-tab-bicyclette\" id=\"tab-a65dc56b8b6605aa9c8\">\n<p>\u00c0 l&rsquo;h\u00f4tel Mari\u00ebnhage, la cour dispose d&rsquo;un abri \u00e0 v\u00e9los o\u00f9 vous pouvez garer votre bicyclette si vous voyagez \u00e0 v\u00e9lo.<\/p>\n<\/div><\/div><\/div><div class=\"fusion-text fusion-text-2 fusion-no-small-visibility\"><div class=\"table-1 locationtable\">\n<table width=\"100%\">\n<tbody>\n<tr>\n<th>Type<\/th>\n<th>Points d&rsquo;int\u00e9r\u00eat<\/th>\n<th>Distance<\/th>\n<th>Marche \u00e0 pied<\/th>\n<th>Taxi<\/th>\n<th>Transports publics<\/th>\n<th>Bicyclette<\/th>\n<\/tr>\n<tr>\n<td><i class=\"fontawesome-icon fa-subway fas\" style=\"color: #775700;\"><\/i><span style=\"font-weight: 400;\">Gare ferroviaire<\/span><\/td>\n<td>Treinstation Eindhoven<\/td>\n<td style=\"text-align: center;\">1,2 Km<\/td>\n<td style=\"text-align: center;\">15 min<\/td>\n<td style=\"text-align: center;\">7 min<\/td>\n<td style=\"text-align: center;\">12 min<\/td>\n<td style=\"text-align: center;\">6 min<\/td>\n<\/tr>\n<tr>\n<td><i class=\"fontawesome-icon fa-plane fas\" style=\"color: #775700;\"><\/i><span style=\"font-weight: 400;\">A\u00e9roport<\/span><\/td>\n<td>Eindhoven Airport<\/td>\n<td style=\"text-align: center;\">10 Km<\/td>\n<td style=\"text-align: center;\">&#8211;<\/td>\n<td style=\"text-align: center;\">21 min<\/td>\n<td style=\"text-align: center;\">36 min<\/td>\n<td style=\"text-align: center;\">32 min<\/td>\n<\/tr>\n<tr>\n<td><i class=\"fontawesome-icon fa-plane fas\" style=\"color: #775700;\"><\/i><span style=\"font-weight: 400;\">A\u00e9roport<\/span><\/td>\n<td>Maastricht Aachen Airport<\/td>\n<td style=\"text-align: center;\">77 Km<\/td>\n<td style=\"text-align: center;\">&#8211;<\/td>\n<td style=\"text-align: center;\">1 h<\/td>\n<td style=\"text-align: center;\">2 h<\/td>\n<td style=\"text-align: center;\">&#8211;<\/td>\n<\/tr>\n<tr>\n<td><i class=\"fontawesome-icon fa-plane fas\" style=\"color: #775700;\"><\/i><span style=\"font-weight: 400;\">A\u00e9roport<\/span><\/td>\n<td>Amsterdam Schiphol Airport<\/td>\n<td style=\"text-align: center;\">132 Km<\/td>\n<td style=\"text-align: center;\">&#8211;<\/td>\n<td style=\"text-align: center;\">1,5 h<\/td>\n<td style=\"text-align: center;\">2 h<\/td>\n<td style=\"text-align: center;\">&#8211;<\/td>\n<\/tr>\n<tr>\n<td><i class=\"fontawesome-icon fa-map-marker-alt fas\" style=\"color: #775700;\"><\/i><span style=\"font-weight: 400;\">Centre de la ville<\/span><\/td>\n<td>Centrum Eindhoven<\/td>\n<td style=\"text-align: center;\">850 m<\/td>\n<td style=\"text-align: center;\">10 min<\/td>\n<td style=\"text-align: center;\">6 min<\/td>\n<td style=\"text-align: center;\">10 min<\/td>\n<td style=\"text-align: center;\">4 min<\/td>\n<\/tr>\n<tr>\n<td><i class=\"fontawesome-icon fa-landmark fas\" style=\"color: #775700;\"><\/i><span style=\"font-weight: 400;\">Point de rep\u00e8re -carr\u00e9<\/span><\/td>\n<td>Markt<\/td>\n<td style=\"text-align: center;\">700 m<\/td>\n<td style=\"text-align: center;\">11 min<\/td>\n<td style=\"text-align: center;\">5 min<\/td>\n<td style=\"text-align: center;\">8 min<\/td>\n<td style=\"text-align: center;\">6 min<\/td>\n<\/tr>\n<tr>\n<td><i class=\"fontawesome-icon fa-landmark fas\" style=\"color: #775700;\"><\/i><span style=\"font-weight: 400;\">Mus\u00e9e<\/span><\/td>\n<td>Van Abbemuseum<\/td>\n<td style=\"text-align: center;\">3,1 Km<\/td>\n<td style=\"text-align: center;\">7 min<\/td>\n<td style=\"text-align: center;\">12 min<\/td>\n<td style=\"text-align: center;\">7 min<\/td>\n<td style=\"text-align: center;\">3 min<\/td>\n<\/tr>\n<tr>\n<td><i class=\"fontawesome-icon fa-landmark fas\" style=\"color: #775700;\"><\/i><span style=\"font-weight: 400;\">Mus\u00e9e<\/span><\/td>\n<td>Philips Museum<\/td>\n<td style=\"text-align: center;\">950 m<\/td>\n<td style=\"text-align: center;\">12 min<\/td>\n<td style=\"text-align: center;\">10 min<\/td>\n<td style=\"text-align: center;\">10 min<\/td>\n<td style=\"text-align: center;\">4 min<\/td>\n<\/tr>\n<\/tbody>\n<\/table>\n<\/div>\n<\/div><div class=\"fusion-text fusion-text-3 fusion-no-medium-visibility fusion-no-large-visibility locationtablemobile\"><div class=\"table-1 locationtable\">\n<table width=\"100%\">\n<tbody>\n<tr>\n<th>Points d&rsquo;int\u00e9r\u00eat<\/th>\n<th>Distanz<\/th>\n<\/tr>\n<tr>\n<td>Eindhoven train station<\/td>\n<td style=\"text-align: center;\">1,2 Km<\/td>\n<\/tr>\n<tr>\n<td>Eindhoven Airport<\/td>\n<td style=\"text-align: center;\">10 Km<\/td>\n<\/tr>\n<tr>\n<td>Maastricht Aachen Airport<\/td>\n<td style=\"text-align: center;\">77 Km<\/td>\n<\/tr>\n<tr>\n<td>Amsterdam Schiphol Airport<\/td>\n<td style=\"text-align: center;\">132 Km<\/td>\n<\/tr>\n<tr>\n<td>Eindhoven City Centre<\/td>\n<td style=\"text-align: center;\">850 m<\/td>\n<\/tr>\n<tr>\n<td>Markt<\/td>\n<td style=\"text-align: center;\">700 m<\/td>\n<\/tr>\n<tr>\n<td>Van Abbemuseum<\/td>\n<td style=\"text-align: center;\">3,1 Km<\/td>\n<\/tr>\n<tr>\n<td>Philips Museum<\/td>\n<td style=\"text-align: center;\">950 m<\/td>\n<\/tr>\n<\/tbody>\n<\/table>\n<\/div>\n<\/div><\/div><\/div><div class=\"fusion-clearfix\"><\/div><\/div><\/div><\/div><\/div>\n","protected":false},"excerpt":{"rendered":"","protected":false},"author":14,"featured_media":0,"parent":0,"menu_order":0,"comment_status":"closed","ping_status":"closed","template":"","meta":{"footnotes":""},"class_list":["post-8792","page","type-page","status-publish","hentry"],"yoast_head":"<!-- This site is optimized with the Yoast SEO plugin v27.2 - https:\/\/yoast.com\/product\/yoast-seo-wordpress\/ -->\n<title>Hotel Mari\u00ebnhage - H\u00f4tel Centralement Situ\u00e9 pr\u00e8s de la Gare d&#039;Eindhoven<\/title>\n<meta name=\"description\" content=\"D\u00e9couvrez l&#039;H\u00f4tel Mari\u00ebnhage, id\u00e9alement situ\u00e9 \u00e0 seulement 650 m\u00e8tres de la gare centrale d&#039;Eindhoven. Profitez d&#039;un s\u00e9jour confortable dans notre h\u00f4tel au charme historique et aux installations modernes, parfait pour les voyageurs d&#039;affaires et les vacanciers.\" \/>\n<meta name=\"robots\" content=\"index, follow, max-snippet:-1, max-image-preview:large, max-video-preview:-1\" \/>\n<link rel=\"canonical\" href=\"https:\/\/www.marienhage.com\/fr\/emplacement\/\" \/>\n<meta property=\"og:locale\" content=\"fr_FR\" \/>\n<meta property=\"og:type\" content=\"article\" \/>\n<meta property=\"og:title\" content=\"Hotel Mari\u00ebnhage - H\u00f4tel Centralement Situ\u00e9 pr\u00e8s de la Gare d&#039;Eindhoven\" \/>\n<meta property=\"og:description\" content=\"D\u00e9couvrez l&#039;H\u00f4tel Mari\u00ebnhage, id\u00e9alement situ\u00e9 \u00e0 seulement 650 m\u00e8tres de la gare centrale d&#039;Eindhoven. Profitez d&#039;un s\u00e9jour confortable dans notre h\u00f4tel au charme historique et aux installations modernes, parfait pour les voyageurs d&#039;affaires et les vacanciers.\" \/>\n<meta property=\"og:url\" content=\"https:\/\/www.marienhage.com\/fr\/emplacement\/\" \/>\n<meta property=\"og:site_name\" content=\"Mari\u00ebnhage Hotel\" \/>\n<meta name=\"twitter:card\" content=\"summary_large_image\" \/>\n<meta name=\"twitter:label1\" content=\"Dur\u00e9e de lecture estim\u00e9e\" \/>\n\t<meta name=\"twitter:data1\" content=\"3 minutes\" \/>\n<script type=\"application\/ld+json\" class=\"yoast-schema-graph\">{\"@context\":\"https:\/\/schema.org\",\"@graph\":[{\"@type\":\"WebPage\",\"@id\":\"https:\/\/www.marienhage.com\/fr\/emplacement\/\",\"url\":\"https:\/\/www.marienhage.com\/fr\/emplacement\/\",\"name\":\"Hotel Mari\u00ebnhage - H\u00f4tel Centralement Situ\u00e9 pr\u00e8s de la Gare d'Eindhoven\",\"isPartOf\":{\"@id\":\"https:\/\/www.marienhage.com\/fr\/#website\"},\"description\":\"D\u00e9couvrez l'H\u00f4tel Mari\u00ebnhage, id\u00e9alement situ\u00e9 \u00e0 seulement 650 m\u00e8tres de la gare centrale d'Eindhoven. Profitez d'un s\u00e9jour confortable dans notre h\u00f4tel au charme historique et aux installations modernes, parfait pour les voyageurs d'affaires et les vacanciers.\",\"breadcrumb\":{\"@id\":\"https:\/\/www.marienhage.com\/fr\/emplacement\/#breadcrumb\"},\"inLanguage\":\"fr-FR\",\"potentialAction\":[{\"@type\":\"ReadAction\",\"target\":[\"https:\/\/www.marienhage.com\/fr\/emplacement\/\"]}]},{\"@type\":\"BreadcrumbList\",\"@id\":\"https:\/\/www.marienhage.com\/fr\/emplacement\/#breadcrumb\",\"itemListElement\":[{\"@type\":\"ListItem\",\"position\":1,\"name\":\"Home\",\"item\":\"https:\/\/www.marienhage.com\/fr\/\"},{\"@type\":\"ListItem\",\"position\":2,\"name\":\"H\u00f4tel pr\u00e8s de la Gare Centrale d&#8217;Eindhoven\"}]},{\"@type\":\"WebSite\",\"@id\":\"https:\/\/www.marienhage.com\/fr\/#website\",\"url\":\"https:\/\/www.marienhage.com\/fr\/\",\"name\":\"Mari\u00ebnhage Hotel\",\"description\":\"Hotel in Eindhoven\",\"publisher\":{\"@id\":\"https:\/\/www.marienhage.com\/fr\/#organization\"},\"potentialAction\":[{\"@type\":\"SearchAction\",\"target\":{\"@type\":\"EntryPoint\",\"urlTemplate\":\"https:\/\/www.marienhage.com\/fr\/?s={search_term_string}\"},\"query-input\":{\"@type\":\"PropertyValueSpecification\",\"valueRequired\":true,\"valueName\":\"search_term_string\"}}],\"inLanguage\":\"fr-FR\"},{\"@type\":\"Organization\",\"@id\":\"https:\/\/www.marienhage.com\/fr\/#organization\",\"name\":\"Hotel Mari\u00ebnhage\",\"url\":\"https:\/\/www.marienhage.com\/fr\/\",\"logo\":{\"@type\":\"ImageObject\",\"inLanguage\":\"fr-FR\",\"@id\":\"https:\/\/www.marienhage.com\/fr\/#\/schema\/logo\/image\/\",\"url\":\"https:\/\/www.marienhage.com\/wp-content\/uploads\/2019\/07\/hmh-mark.png\",\"contentUrl\":\"https:\/\/www.marienhage.com\/wp-content\/uploads\/2019\/07\/hmh-mark.png\",\"width\":80,\"height\":80,\"caption\":\"Hotel Mari\u00ebnhage\"},\"image\":{\"@id\":\"https:\/\/www.marienhage.com\/fr\/#\/schema\/logo\/image\/\"}}]}<\/script>\n<!-- \/ Yoast SEO plugin. -->","yoast_head_json":{"title":"Hotel Mari\u00ebnhage - H\u00f4tel Centralement Situ\u00e9 pr\u00e8s de la Gare d'Eindhoven","description":"D\u00e9couvrez l'H\u00f4tel Mari\u00ebnhage, id\u00e9alement situ\u00e9 \u00e0 seulement 650 m\u00e8tres de la gare centrale d'Eindhoven. Profitez d'un s\u00e9jour confortable dans notre h\u00f4tel au charme historique et aux installations modernes, parfait pour les voyageurs d'affaires et les vacanciers.","robots":{"index":"index","follow":"follow","max-snippet":"max-snippet:-1","max-image-preview":"max-image-preview:large","max-video-preview":"max-video-preview:-1"},"canonical":"https:\/\/www.marienhage.com\/fr\/emplacement\/","og_locale":"fr_FR","og_type":"article","og_title":"Hotel Mari\u00ebnhage - H\u00f4tel Centralement Situ\u00e9 pr\u00e8s de la Gare d'Eindhoven","og_description":"D\u00e9couvrez l'H\u00f4tel Mari\u00ebnhage, id\u00e9alement situ\u00e9 \u00e0 seulement 650 m\u00e8tres de la gare centrale d'Eindhoven. Profitez d'un s\u00e9jour confortable dans notre h\u00f4tel au charme historique et aux installations modernes, parfait pour les voyageurs d'affaires et les vacanciers.","og_url":"https:\/\/www.marienhage.com\/fr\/emplacement\/","og_site_name":"Mari\u00ebnhage Hotel","twitter_card":"summary_large_image","twitter_misc":{"Dur\u00e9e de lecture estim\u00e9e":"3 minutes"},"schema":{"@context":"https:\/\/schema.org","@graph":[{"@type":"WebPage","@id":"https:\/\/www.marienhage.com\/fr\/emplacement\/","url":"https:\/\/www.marienhage.com\/fr\/emplacement\/","name":"Hotel Mari\u00ebnhage - H\u00f4tel Centralement Situ\u00e9 pr\u00e8s de la Gare d'Eindhoven","isPartOf":{"@id":"https:\/\/www.marienhage.com\/fr\/#website"},"description":"D\u00e9couvrez l'H\u00f4tel Mari\u00ebnhage, id\u00e9alement situ\u00e9 \u00e0 seulement 650 m\u00e8tres de la gare centrale d'Eindhoven. Profitez d'un s\u00e9jour confortable dans notre h\u00f4tel au charme historique et aux installations modernes, parfait pour les voyageurs d'affaires et les vacanciers.","breadcrumb":{"@id":"https:\/\/www.marienhage.com\/fr\/emplacement\/#breadcrumb"},"inLanguage":"fr-FR","potentialAction":[{"@type":"ReadAction","target":["https:\/\/www.marienhage.com\/fr\/emplacement\/"]}]},{"@type":"BreadcrumbList","@id":"https:\/\/www.marienhage.com\/fr\/emplacement\/#breadcrumb","itemListElement":[{"@type":"ListItem","position":1,"name":"Home","item":"https:\/\/www.marienhage.com\/fr\/"},{"@type":"ListItem","position":2,"name":"H\u00f4tel pr\u00e8s de la Gare Centrale d&#8217;Eindhoven"}]},{"@type":"WebSite","@id":"https:\/\/www.marienhage.com\/fr\/#website","url":"https:\/\/www.marienhage.com\/fr\/","name":"Mari\u00ebnhage Hotel","description":"Hotel in Eindhoven","publisher":{"@id":"https:\/\/www.marienhage.com\/fr\/#organization"},"potentialAction":[{"@type":"SearchAction","target":{"@type":"EntryPoint","urlTemplate":"https:\/\/www.marienhage.com\/fr\/?s={search_term_string}"},"query-input":{"@type":"PropertyValueSpecification","valueRequired":true,"valueName":"search_term_string"}}],"inLanguage":"fr-FR"},{"@type":"Organization","@id":"https:\/\/www.marienhage.com\/fr\/#organization","name":"Hotel Mari\u00ebnhage","url":"https:\/\/www.marienhage.com\/fr\/","logo":{"@type":"ImageObject","inLanguage":"fr-FR","@id":"https:\/\/www.marienhage.com\/fr\/#\/schema\/logo\/image\/","url":"https:\/\/www.marienhage.com\/wp-content\/uploads\/2019\/07\/hmh-mark.png","contentUrl":"https:\/\/www.marienhage.com\/wp-content\/uploads\/2019\/07\/hmh-mark.png","width":80,"height":80,"caption":"Hotel Mari\u00ebnhage"},"image":{"@id":"https:\/\/www.marienhage.com\/fr\/#\/schema\/logo\/image\/"}}]}},"_links":{"self":[{"href":"https:\/\/www.marienhage.com\/fr\/wp-json\/wp\/v2\/pages\/8792","targetHints":{"allow":["GET"]}}],"collection":[{"href":"https:\/\/www.marienhage.com\/fr\/wp-json\/wp\/v2\/pages"}],"about":[{"href":"https:\/\/www.marienhage.com\/fr\/wp-json\/wp\/v2\/types\/page"}],"author":[{"embeddable":true,"href":"https:\/\/www.marienhage.com\/fr\/wp-json\/wp\/v2\/users\/14"}],"replies":[{"embeddable":true,"href":"https:\/\/www.marienhage.com\/fr\/wp-json\/wp\/v2\/comments?post=8792"}],"version-history":[{"count":0,"href":"https:\/\/www.marienhage.com\/fr\/wp-json\/wp\/v2\/pages\/8792\/revisions"}],"wp:attachment":[{"href":"https:\/\/www.marienhage.com\/fr\/wp-json\/wp\/v2\/media?parent=8792"}],"curies":[{"name":"wp","href":"https:\/\/api.w.org\/{rel}","templated":true}]}}