{"id":8766,"date":"2022-07-14T11:02:46","date_gmt":"2022-07-14T11:02:46","guid":{"rendered":"https:\/\/www.marienhage.com\/?page_id=8766"},"modified":"2023-08-25T07:42:22","modified_gmt":"2023-08-25T07:42:22","slug":"forfait-hotel-wellness-eindhoven","status":"publish","type":"page","link":"https:\/\/www.marienhage.com\/fr\/offres\/forfait-hotel-wellness-eindhoven\/","title":{"rendered":"Forfait h\u00f4tel Wellness Eindhoven"},"content":{"rendered":"<div class=\"fusion-fullwidth fullwidth-box fusion-builder-row-1 fusion-flex-container nonhundred-percent-fullwidth non-hundred-percent-height-scrolling\" style=\"--awb-border-radius-top-left:0px;--awb-border-radius-top-right:0px;--awb-border-radius-bottom-right:0px;--awb-border-radius-bottom-left:0px;--awb-flex-wrap:wrap;\" ><div class=\"fusion-builder-row fusion-row fusion-flex-align-items-flex-start fusion-flex-content-wrap\" style=\"max-width:1248px;margin-left: calc(-4% \/ 2 );margin-right: calc(-4% \/ 2 );\"><div class=\"fusion-layout-column fusion_builder_column fusion-builder-column-0 fusion_builder_column_1_1 1_1 fusion-flex-column\" style=\"--awb-bg-size:cover;--awb-width-large:100%;--awb-margin-top-large:0px;--awb-spacing-right-large:1.92%;--awb-margin-bottom-large:0px;--awb-spacing-left-large:1.92%;--awb-width-medium:100%;--awb-order-medium:0;--awb-spacing-right-medium:1.92%;--awb-spacing-left-medium:1.92%;--awb-width-small:100%;--awb-order-small:0;--awb-spacing-right-small:1.92%;--awb-spacing-left-small:1.92%;\"><div class=\"fusion-column-wrapper fusion-column-has-shadow fusion-flex-justify-content-flex-start fusion-content-layout-column\"><div class=\"fusion-builder-row fusion-builder-row-inner fusion-row fusion-flex-align-items-flex-start fusion-flex-content-wrap\" style=\"--awb-flex-grow:0;--awb-flex-grow-medium:0;--awb-flex-grow-small:0;--awb-flex-shrink:0;--awb-flex-shrink-medium:0;--awb-flex-shrink-small:0;width:104% !important;max-width:104% !important;margin-left: calc(-4% \/ 2 );margin-right: calc(-4% \/ 2 );\"><div class=\"fusion-layout-column fusion_builder_column_inner fusion-builder-nested-column-0 fusion_builder_column_inner_1_2 1_2 fusion-flex-column\" style=\"--awb-padding-top:15px;--awb-padding-right:15px;--awb-padding-bottom:15px;--awb-padding-left:15px;--awb-bg-color:#ecdbd5;--awb-bg-color-hover:#ecdbd5;--awb-bg-size:cover;--awb-width-large:50%;--awb-margin-top-large:0px;--awb-spacing-right-large:3.84%;--awb-margin-bottom-large:0px;--awb-spacing-left-large:3.84%;--awb-width-medium:100%;--awb-order-medium:0;--awb-spacing-right-medium:1.92%;--awb-spacing-left-medium:1.92%;--awb-width-small:100%;--awb-order-small:0;--awb-spacing-right-small:1.92%;--awb-spacing-left-small:1.92%;\"><div class=\"fusion-column-wrapper fusion-column-has-shadow fusion-flex-justify-content-flex-start fusion-content-layout-column\"><div class=\"fusion-title title fusion-title-1 fusion-sep-none fusion-title-center fusion-title-text fusion-title-size-two\" style=\"--awb-margin-top:0px;--awb-margin-top-small:0px;--awb-margin-right-small:0px;--awb-margin-bottom-small:15px;--awb-margin-left-small:0px;\"><h2 class=\"fusion-title-heading title-heading-center fusion-responsive-typography-calculated\" style=\"margin:0;--fontSize:30;line-height:1.4;\"><span style=\"font-weight: 400;\">H\u00f4tel Mari\u00ebnhage Eindhoven<\/span><\/h2><\/div><div class=\"fusion-text fusion-text-1\"><p style=\"text-align: center;\">Combinez votre nuit\u00e9e avec une merveilleuse relaxation dans l&rsquo;espace bien-\u00eatre de l&rsquo;h\u00f4tel Mari\u00ebnhage. Vous vous installez dans un ancien complexe monastique qui a \u00e9t\u00e9 transform\u00e9 dans le respect de son histoire en un luxueux h\u00f4tel Mari\u00ebnhage. Dans le complexe, vous pouvez \u00e9galement d\u00eener et prendre un verre \u00e0 la Brasserie Rita. Avec un d\u00eener \u00e0 2 ou 3 plats, vous passez du bien-\u00eatre au plaisir culinaire. Par beau temps, vous pouvez vous installer sur la terrasse adjacente \u00e0 une oasis de verdure et de calme au centre, notre \u00ab\u00a0jardin d&rsquo;Eden\u00a0\u00bb. Le spa comprend un hammam, deux saunas, un spa pour les pieds, un vestiaire et une douche, de la glace pil\u00e9e et un seau de douche pour se rafra\u00eechir, et un mur infrarouge comme bienfait pour les muscles et la r\u00e9sistance. Si vous voulez utiliser le bien-\u00eatre, nous vous demandons de porter un maillot de bain, un peignoir et des pantoufles et d&rsquo;apporter une serviette, celle-ci est incluse dans le forfait!<\/p>\n<p>Le forfait bien-\u00eatre d&rsquo;Eindhoven comprend :<\/p>\n<ul>\n<li>Nuit\u00e9e en chambre \u00e0 2 personnes<\/li>\n<li>Acc\u00e8s gratuit au centre de bien-\u00eatre (maillot de bain obligatoire, consultez toutes les installations de bien-\u00eatre ici)<\/li>\n<li>Acc\u00e8s gratuit au fitness (\u00e0 r\u00e9server \u00e0 l&rsquo;avance)<\/li>\n<li>Peignoir, pantoufles et paquet de serviettes<\/li>\n<li>Petit-d\u00e9jeuner complet de la Brasserie Rita\/li&gt;<\/li>\n<li>Caf\u00e9 et th\u00e9 dans votre chambre d&rsquo;h\u00f4tel<\/li>\n<\/ul>\n<p>En option, vous pouvez ajouter un d\u00eener \u00e0 2 ou 3 plats \u00e0 votre forfait. Avec 3 plats, vous recevrez une bouteille de bulles gratuite dans votre chambre.<\/p>\n<h3 style=\"text-align: center;\">Prix du forfait<\/h3>\n<ul>\n<li style=\"text-align: center;\">\u00c0 partir de 50 \u20ac par personne et par nuit<\/li>\n<\/ul>\n<p style=\"text-align: center;\"><em>Le forfait bien-\u00eatre Eindhoven est bas\u00e9 sur la disponibilit\u00e9. Les tarifs sont bas\u00e9s sur 2 personnes, hors taxe de s\u00e9jour et green fee de 6,50 \u20ac par personne et par nuit.<\/em><\/p>\n<\/div><div style=\"text-align:center;\"><a class=\"fusion-button button-flat fusion-button-default-size button-default fusion-button-default button-1 fusion-button-default-span fusion-button-default-type distributor\" target=\"_self\" href=\"#\"><span class=\"fusion-button-text awb-button__text awb-button__text--default\">R\u00c9SERVER MAINTENANT<\/span><\/a><\/div><\/div><\/div><div class=\"fusion-layout-column fusion_builder_column_inner fusion-builder-nested-column-1 fusion_builder_column_inner_1_2 1_2 fusion-flex-column\" style=\"--awb-bg-size:cover;--awb-width-large:50%;--awb-margin-top-large:0px;--awb-spacing-right-large:3.84%;--awb-margin-bottom-large:0px;--awb-spacing-left-large:3.84%;--awb-width-medium:100%;--awb-order-medium:0;--awb-spacing-right-medium:1.92%;--awb-spacing-left-medium:1.92%;--awb-width-small:100%;--awb-order-small:0;--awb-spacing-right-small:1.92%;--awb-spacing-left-small:1.92%;\"><div class=\"fusion-column-wrapper fusion-column-has-shadow fusion-flex-justify-content-center fusion-content-layout-column\"><div class=\"fusion-image-element \" style=\"--awb-caption-title-font-family:var(--h2_typography-font-family);--awb-caption-title-font-weight:var(--h2_typography-font-weight);--awb-caption-title-font-style:var(--h2_typography-font-style);--awb-caption-title-size:var(--h2_typography-font-size);--awb-caption-title-transform:var(--h2_typography-text-transform);--awb-caption-title-line-height:var(--h2_typography-line-height);--awb-caption-title-letter-spacing:var(--h2_typography-letter-spacing);\"><span class=\" fusion-imageframe imageframe-none imageframe-1 hover-type-none\"><img decoding=\"async\" width=\"1024\" height=\"1024\" alt=\"Vakantie arrangement in Brabant | Kloosterhotel Mari\u00ebnhage\" title=\"Hugo Thomassen Photographer \u00a9\" src=\"https:\/\/www.marienhage.com\/wp-content\/uploads\/2021\/07\/Wellness-Hotel-Marienhage-5-1024x1024.jpeg\" class=\"img-responsive wp-image-7382\" srcset=\"https:\/\/www.marienhage.com\/wp-content\/uploads\/2021\/07\/Wellness-Hotel-Marienhage-5-200x200.jpeg 200w, https:\/\/www.marienhage.com\/wp-content\/uploads\/2021\/07\/Wellness-Hotel-Marienhage-5-400x400.jpeg 400w, https:\/\/www.marienhage.com\/wp-content\/uploads\/2021\/07\/Wellness-Hotel-Marienhage-5-600x600.jpeg 600w, https:\/\/www.marienhage.com\/wp-content\/uploads\/2021\/07\/Wellness-Hotel-Marienhage-5-800x800.jpeg 800w, https:\/\/www.marienhage.com\/wp-content\/uploads\/2021\/07\/Wellness-Hotel-Marienhage-5-1200x1200.jpeg 1200w, https:\/\/www.marienhage.com\/wp-content\/uploads\/2021\/07\/Wellness-Hotel-Marienhage-5.jpeg 1280w\" sizes=\"(max-width: 1024px) 100vw, (max-width: 640px) 100vw, 600px\" \/><\/span><\/div><\/div><\/div><\/div><\/div><\/div><\/div><\/div>\n","protected":false},"excerpt":{"rendered":"","protected":false},"author":14,"featured_media":0,"parent":8761,"menu_order":0,"comment_status":"closed","ping_status":"closed","template":"","meta":{"footnotes":""},"class_list":["post-8766","page","type-page","status-publish","hentry"],"yoast_head":"<!-- This site is optimized with the Yoast SEO plugin v27.2 - https:\/\/yoast.com\/product\/yoast-seo-wordpress\/ -->\n<title>Forfait de l&#039;h\u00f4tel Wellness Eindhoven | H\u00f4tel Mari\u00ebnhage<\/title>\n<meta name=\"description\" content=\"Combinez votre nuit\u00e9e avec un s\u00e9jour inoubliable dans le centre de bien-\u00eatre de l&#039;h\u00f4tel Mari\u00ebnhage. Vous \u00eates log\u00e9 dans un complexe de logements spacieux qui, dans le respect de l&#039;histoire, a \u00e9t\u00e9 transform\u00e9 en h\u00f4tel de luxe Mari\u00ebnhage.\" \/>\n<meta name=\"robots\" content=\"index, follow, max-snippet:-1, max-image-preview:large, max-video-preview:-1\" \/>\n<link rel=\"canonical\" href=\"https:\/\/www.marienhage.com\/fr\/offres\/forfait-hotel-wellness-eindhoven\/\" \/>\n<meta property=\"og:locale\" content=\"fr_FR\" \/>\n<meta property=\"og:type\" content=\"article\" \/>\n<meta property=\"og:title\" content=\"Forfait de l&#039;h\u00f4tel Wellness Eindhoven | H\u00f4tel Mari\u00ebnhage\" \/>\n<meta property=\"og:description\" content=\"Combinez votre nuit\u00e9e avec un s\u00e9jour inoubliable dans le centre de bien-\u00eatre de l&#039;h\u00f4tel Mari\u00ebnhage. Vous \u00eates log\u00e9 dans un complexe de logements spacieux qui, dans le respect de l&#039;histoire, a \u00e9t\u00e9 transform\u00e9 en h\u00f4tel de luxe Mari\u00ebnhage.\" \/>\n<meta property=\"og:url\" content=\"https:\/\/www.marienhage.com\/fr\/offres\/forfait-hotel-wellness-eindhoven\/\" \/>\n<meta property=\"og:site_name\" content=\"Mari\u00ebnhage Hotel\" \/>\n<meta name=\"twitter:card\" content=\"summary_large_image\" \/>\n<meta name=\"twitter:label1\" content=\"Dur\u00e9e de lecture estim\u00e9e\" \/>\n\t<meta name=\"twitter:data1\" content=\"5 minutes\" \/>\n<script type=\"application\/ld+json\" class=\"yoast-schema-graph\">{\"@context\":\"https:\/\/schema.org\",\"@graph\":[{\"@type\":\"WebPage\",\"@id\":\"https:\/\/www.marienhage.com\/fr\/offres\/forfait-hotel-wellness-eindhoven\/\",\"url\":\"https:\/\/www.marienhage.com\/fr\/offres\/forfait-hotel-wellness-eindhoven\/\",\"name\":\"Forfait de l'h\u00f4tel Wellness Eindhoven | H\u00f4tel Mari\u00ebnhage\",\"isPartOf\":{\"@id\":\"https:\/\/www.marienhage.com\/fr\/#website\"},\"description\":\"Combinez votre nuit\u00e9e avec un s\u00e9jour inoubliable dans le centre de bien-\u00eatre de l'h\u00f4tel Mari\u00ebnhage. Vous \u00eates log\u00e9 dans un complexe de logements spacieux qui, dans le respect de l'histoire, a \u00e9t\u00e9 transform\u00e9 en h\u00f4tel de luxe Mari\u00ebnhage.\",\"breadcrumb\":{\"@id\":\"https:\/\/www.marienhage.com\/fr\/offres\/forfait-hotel-wellness-eindhoven\/#breadcrumb\"},\"inLanguage\":\"fr-FR\",\"potentialAction\":[{\"@type\":\"ReadAction\",\"target\":[\"https:\/\/www.marienhage.com\/fr\/offres\/forfait-hotel-wellness-eindhoven\/\"]}]},{\"@type\":\"BreadcrumbList\",\"@id\":\"https:\/\/www.marienhage.com\/fr\/offres\/forfait-hotel-wellness-eindhoven\/#breadcrumb\",\"itemListElement\":[{\"@type\":\"ListItem\",\"position\":1,\"name\":\"Home\",\"item\":\"https:\/\/www.marienhage.com\/fr\/\"},{\"@type\":\"ListItem\",\"position\":2,\"name\":\"Offres d&#8217;h\u00f4tel de Mari\u00ebnhage Eindhoven\",\"item\":\"https:\/\/www.marienhage.com\/fr\/offres\/\"},{\"@type\":\"ListItem\",\"position\":3,\"name\":\"Forfait h\u00f4tel Wellness Eindhoven\"}]},{\"@type\":\"WebSite\",\"@id\":\"https:\/\/www.marienhage.com\/fr\/#website\",\"url\":\"https:\/\/www.marienhage.com\/fr\/\",\"name\":\"Mari\u00ebnhage Hotel\",\"description\":\"Hotel in Eindhoven\",\"publisher\":{\"@id\":\"https:\/\/www.marienhage.com\/fr\/#organization\"},\"potentialAction\":[{\"@type\":\"SearchAction\",\"target\":{\"@type\":\"EntryPoint\",\"urlTemplate\":\"https:\/\/www.marienhage.com\/fr\/?s={search_term_string}\"},\"query-input\":{\"@type\":\"PropertyValueSpecification\",\"valueRequired\":true,\"valueName\":\"search_term_string\"}}],\"inLanguage\":\"fr-FR\"},{\"@type\":\"Organization\",\"@id\":\"https:\/\/www.marienhage.com\/fr\/#organization\",\"name\":\"Hotel Mari\u00ebnhage\",\"url\":\"https:\/\/www.marienhage.com\/fr\/\",\"logo\":{\"@type\":\"ImageObject\",\"inLanguage\":\"fr-FR\",\"@id\":\"https:\/\/www.marienhage.com\/fr\/#\/schema\/logo\/image\/\",\"url\":\"https:\/\/www.marienhage.com\/wp-content\/uploads\/2019\/07\/hmh-mark.png\",\"contentUrl\":\"https:\/\/www.marienhage.com\/wp-content\/uploads\/2019\/07\/hmh-mark.png\",\"width\":80,\"height\":80,\"caption\":\"Hotel Mari\u00ebnhage\"},\"image\":{\"@id\":\"https:\/\/www.marienhage.com\/fr\/#\/schema\/logo\/image\/\"}}]}<\/script>\n<!-- \/ Yoast SEO plugin. -->","yoast_head_json":{"title":"Forfait de l'h\u00f4tel Wellness Eindhoven | H\u00f4tel Mari\u00ebnhage","description":"Combinez votre nuit\u00e9e avec un s\u00e9jour inoubliable dans le centre de bien-\u00eatre de l'h\u00f4tel Mari\u00ebnhage. Vous \u00eates log\u00e9 dans un complexe de logements spacieux qui, dans le respect de l'histoire, a \u00e9t\u00e9 transform\u00e9 en h\u00f4tel de luxe Mari\u00ebnhage.","robots":{"index":"index","follow":"follow","max-snippet":"max-snippet:-1","max-image-preview":"max-image-preview:large","max-video-preview":"max-video-preview:-1"},"canonical":"https:\/\/www.marienhage.com\/fr\/offres\/forfait-hotel-wellness-eindhoven\/","og_locale":"fr_FR","og_type":"article","og_title":"Forfait de l'h\u00f4tel Wellness Eindhoven | H\u00f4tel Mari\u00ebnhage","og_description":"Combinez votre nuit\u00e9e avec un s\u00e9jour inoubliable dans le centre de bien-\u00eatre de l'h\u00f4tel Mari\u00ebnhage. Vous \u00eates log\u00e9 dans un complexe de logements spacieux qui, dans le respect de l'histoire, a \u00e9t\u00e9 transform\u00e9 en h\u00f4tel de luxe Mari\u00ebnhage.","og_url":"https:\/\/www.marienhage.com\/fr\/offres\/forfait-hotel-wellness-eindhoven\/","og_site_name":"Mari\u00ebnhage Hotel","twitter_card":"summary_large_image","twitter_misc":{"Dur\u00e9e de lecture estim\u00e9e":"5 minutes"},"schema":{"@context":"https:\/\/schema.org","@graph":[{"@type":"WebPage","@id":"https:\/\/www.marienhage.com\/fr\/offres\/forfait-hotel-wellness-eindhoven\/","url":"https:\/\/www.marienhage.com\/fr\/offres\/forfait-hotel-wellness-eindhoven\/","name":"Forfait de l'h\u00f4tel Wellness Eindhoven | H\u00f4tel Mari\u00ebnhage","isPartOf":{"@id":"https:\/\/www.marienhage.com\/fr\/#website"},"description":"Combinez votre nuit\u00e9e avec un s\u00e9jour inoubliable dans le centre de bien-\u00eatre de l'h\u00f4tel Mari\u00ebnhage. Vous \u00eates log\u00e9 dans un complexe de logements spacieux qui, dans le respect de l'histoire, a \u00e9t\u00e9 transform\u00e9 en h\u00f4tel de luxe Mari\u00ebnhage.","breadcrumb":{"@id":"https:\/\/www.marienhage.com\/fr\/offres\/forfait-hotel-wellness-eindhoven\/#breadcrumb"},"inLanguage":"fr-FR","potentialAction":[{"@type":"ReadAction","target":["https:\/\/www.marienhage.com\/fr\/offres\/forfait-hotel-wellness-eindhoven\/"]}]},{"@type":"BreadcrumbList","@id":"https:\/\/www.marienhage.com\/fr\/offres\/forfait-hotel-wellness-eindhoven\/#breadcrumb","itemListElement":[{"@type":"ListItem","position":1,"name":"Home","item":"https:\/\/www.marienhage.com\/fr\/"},{"@type":"ListItem","position":2,"name":"Offres d&#8217;h\u00f4tel de Mari\u00ebnhage Eindhoven","item":"https:\/\/www.marienhage.com\/fr\/offres\/"},{"@type":"ListItem","position":3,"name":"Forfait h\u00f4tel Wellness Eindhoven"}]},{"@type":"WebSite","@id":"https:\/\/www.marienhage.com\/fr\/#website","url":"https:\/\/www.marienhage.com\/fr\/","name":"Mari\u00ebnhage Hotel","description":"Hotel in Eindhoven","publisher":{"@id":"https:\/\/www.marienhage.com\/fr\/#organization"},"potentialAction":[{"@type":"SearchAction","target":{"@type":"EntryPoint","urlTemplate":"https:\/\/www.marienhage.com\/fr\/?s={search_term_string}"},"query-input":{"@type":"PropertyValueSpecification","valueRequired":true,"valueName":"search_term_string"}}],"inLanguage":"fr-FR"},{"@type":"Organization","@id":"https:\/\/www.marienhage.com\/fr\/#organization","name":"Hotel Mari\u00ebnhage","url":"https:\/\/www.marienhage.com\/fr\/","logo":{"@type":"ImageObject","inLanguage":"fr-FR","@id":"https:\/\/www.marienhage.com\/fr\/#\/schema\/logo\/image\/","url":"https:\/\/www.marienhage.com\/wp-content\/uploads\/2019\/07\/hmh-mark.png","contentUrl":"https:\/\/www.marienhage.com\/wp-content\/uploads\/2019\/07\/hmh-mark.png","width":80,"height":80,"caption":"Hotel Mari\u00ebnhage"},"image":{"@id":"https:\/\/www.marienhage.com\/fr\/#\/schema\/logo\/image\/"}}]}},"_links":{"self":[{"href":"https:\/\/www.marienhage.com\/fr\/wp-json\/wp\/v2\/pages\/8766","targetHints":{"allow":["GET"]}}],"collection":[{"href":"https:\/\/www.marienhage.com\/fr\/wp-json\/wp\/v2\/pages"}],"about":[{"href":"https:\/\/www.marienhage.com\/fr\/wp-json\/wp\/v2\/types\/page"}],"author":[{"embeddable":true,"href":"https:\/\/www.marienhage.com\/fr\/wp-json\/wp\/v2\/users\/14"}],"replies":[{"embeddable":true,"href":"https:\/\/www.marienhage.com\/fr\/wp-json\/wp\/v2\/comments?post=8766"}],"version-history":[{"count":0,"href":"https:\/\/www.marienhage.com\/fr\/wp-json\/wp\/v2\/pages\/8766\/revisions"}],"up":[{"embeddable":true,"href":"https:\/\/www.marienhage.com\/fr\/wp-json\/wp\/v2\/pages\/8761"}],"wp:attachment":[{"href":"https:\/\/www.marienhage.com\/fr\/wp-json\/wp\/v2\/media?parent=8766"}],"curies":[{"name":"wp","href":"https:\/\/api.w.org\/{rel}","templated":true}]}}