{"id":8765,"date":"2022-09-09T10:26:24","date_gmt":"2022-09-09T10:26:24","guid":{"rendered":"https:\/\/www.marienhage.com\/?page_id=8765"},"modified":"2023-08-25T07:38:24","modified_gmt":"2023-08-25T07:38:24","slug":"forfait-weekend-eindhoven","status":"publish","type":"page","link":"https:\/\/www.marienhage.com\/fr\/offres\/forfait-weekend-eindhoven\/","title":{"rendered":"Week-end \u00e0 Eindhoven"},"content":{"rendered":"<div class=\"fusion-fullwidth fullwidth-box fusion-builder-row-1 nonhundred-percent-fullwidth non-hundred-percent-height-scrolling\" style=\"--awb-border-radius-top-left:0px;--awb-border-radius-top-right:0px;--awb-border-radius-bottom-right:0px;--awb-border-radius-bottom-left:0px;--awb-flex-wrap:wrap;\" ><div class=\"fusion-builder-row fusion-row\"><div class=\"fusion-layout-column fusion_builder_column fusion-builder-column-0 fusion_builder_column_1_1 1_1 fusion-one-full fusion-column-first fusion-column-last\" style=\"--awb-bg-size:cover;\"><div class=\"fusion-column-wrapper fusion-column-has-shadow fusion-flex-column-wrapper-legacy\"><div class=\"fusion-builder-row fusion-builder-row-inner fusion-row\"><div class=\"fusion-layout-column fusion_builder_column_inner fusion-builder-nested-column-0 fusion_builder_column_inner_1_2 1_2 fusion-one-half fusion-column-first\" style=\"--awb-padding-top:70px;--awb-padding-right:30px;--awb-padding-bottom:30px;--awb-padding-left:30px;--awb-bg-size:cover;width:50%;width:calc(50% - ( ( 4% ) * 0.5 ) );margin-right: 4%;\" id=\"thirdlefttcol\"><div class=\"fusion-column-wrapper fusion-column-has-shadow fusion-flex-column-wrapper-legacy\"><div class=\"fusion-title title fusion-title-1 fusion-sep-none fusion-title-center fusion-title-text fusion-title-size-one\" style=\"--awb-margin-top:0px;--awb-margin-top-small:0px;--awb-margin-right-small:0px;--awb-margin-bottom-small:15px;--awb-margin-left-small:0px;\"><h1 class=\"fusion-title-heading title-heading-center fusion-responsive-typography-calculated\" style=\"margin:0;--fontSize:34;line-height:1.4;\"><span style=\"font-weight: 400;\">Week-end \u00e0 Eindhoven<\/span><\/h1><\/div><div class=\"fusion-text fusion-text-1\"><p style=\"text-align: center;\">Un week-end \u00e0 Eindhoven, la ville branch\u00e9e et industrielle de Strijp-S, berceau du design n\u00e9erlandais, avec son centre commercial et ses restaurants et bars les plus anim\u00e9s. La plus belle ville du Brabant, il y a beaucoup \u00e0 faire ! Un forfait week-end \u00e0 Eindhoven commence \u00e0 l&rsquo;h\u00f4tel Marienhage, dans un ancien complexe monastique. Si vous \u00eates fan d&rsquo;architecture ou de design, vous ne pouvez pas r\u00eaver d&rsquo;un meilleur point de d\u00e9part. Depuis l&rsquo;h\u00f4tel, vous \u00eates au centre de la ville en 5 minutes. Eindhoven regorge de caf\u00e9s et de restaurants confortables, si nous pouvons vous donner un conseil, c&rsquo;est Kleine Berg, une rue tr\u00e8s agr\u00e9able. De plus, Eindhoven dispose d&rsquo;un large \u00e9ventail de mus\u00e9es tels que le Van Abbemuseum, de boutiques et de hauts lieux du design ou de la mode tels que Studio. Ruig, Piet Hein Eik et Kazerne. Si vous le souhaitez, vous pouvez louer un v\u00e9lo chez nous (20,00 \u20ac) pour explorer Eindhoven.<\/p>\n<p style=\"text-align: center;\"><span style=\"text-decoration: underline;\">Le forfait Week-end Eindhoven comprend :<\/span><\/p>\n<ul>\n<li style=\"text-align: center;\">Nuit\u00e9e en chambre double<\/li>\n<li style=\"text-align: center;\">Petit-d\u00e9jeuner complet de la Brasserie Rita<\/li>\n<li style=\"text-align: center;\">Caf\u00e9 et th\u00e9 dans votre chambre d&rsquo;h\u00f4tel<\/li>\n<li style=\"text-align: center;\">WIFI gratuit<\/li>\n<\/ul>\n<h3 style=\"text-align: center;\">Prix du paquet<\/h3>\n<ul>\n<li style=\"text-align: center;\">\u00c0 partir de 44,10 \u20ac par personne et par nuit<\/li>\n<\/ul>\n<p style=\"text-align: center;\"><em>Le forfait week-end Eindhoven peut \u00eatre r\u00e9serv\u00e9 en fonction des disponibilit\u00e9s. Les tarifs sont bas\u00e9s sur 2 personnes, hors taxe de s\u00e9jour et green fee de 6,50 \u20ac par personne et par nuit.<\/em><\/p>\n<\/div><div class=\"fusion-aligncenter\"><a class=\"fusion-button button-flat fusion-button-default-size button-default fusion-button-default button-1 fusion-button-default-span fusion-button-default-type distributor\" target=\"_self\" href=\"#\"><span class=\"fusion-button-text awb-button__text awb-button__text--default\">R\u00c9SERVER CE FORFAIT<\/span><\/a><\/div><div class=\"fusion-clearfix\"><\/div><\/div><\/div><div class=\"fusion-layout-column fusion_builder_column_inner fusion-builder-nested-column-1 fusion_builder_column_inner_1_2 1_2 fusion-one-half fusion-column-last\" style=\"--awb-bg-size:cover;width:50%;width:calc(50% - ( ( 4% ) * 0.5 ) );\"><div class=\"fusion-column-wrapper fusion-column-has-shadow fusion-flex-column-wrapper-legacy\"><div class=\"fusion-column-content-centered\"><div class=\"fusion-column-content\"><div class=\"fusion-image-element in-legacy-container\" style=\"--awb-caption-title-font-family:var(--h2_typography-font-family);--awb-caption-title-font-weight:var(--h2_typography-font-weight);--awb-caption-title-font-style:var(--h2_typography-font-style);--awb-caption-title-size:var(--h2_typography-font-size);--awb-caption-title-transform:var(--h2_typography-text-transform);--awb-caption-title-line-height:var(--h2_typography-line-height);--awb-caption-title-letter-spacing:var(--h2_typography-letter-spacing);\"><span class=\" fusion-imageframe imageframe-none imageframe-1 hover-type-none\"><img decoding=\"async\" width=\"800\" height=\"799\" alt=\"Weekend Package Eindhoven - Hotel Marienhage\" title=\"Weekend-Arrangement-Eindhoven-\" src=\"https:\/\/www.marienhage.com\/wp-content\/uploads\/2021\/06\/Weekend-Arrangement-Eindhoven-.jpg\" class=\"img-responsive wp-image-7246\" srcset=\"https:\/\/www.marienhage.com\/wp-content\/uploads\/2021\/06\/Weekend-Arrangement-Eindhoven--200x200.jpg 200w, https:\/\/www.marienhage.com\/wp-content\/uploads\/2021\/06\/Weekend-Arrangement-Eindhoven--400x400.jpg 400w, https:\/\/www.marienhage.com\/wp-content\/uploads\/2021\/06\/Weekend-Arrangement-Eindhoven--600x599.jpg 600w, https:\/\/www.marienhage.com\/wp-content\/uploads\/2021\/06\/Weekend-Arrangement-Eindhoven-.jpg 800w\" sizes=\"(max-width: 930px) 100vw, 600px\" \/><\/span><\/div><\/div><\/div><div class=\"fusion-clearfix\"><\/div><\/div><\/div><\/div><div class=\"fusion-clearfix\"><\/div><\/div><\/div><\/div><\/div>\n","protected":false},"excerpt":{"rendered":"","protected":false},"author":14,"featured_media":0,"parent":8761,"menu_order":0,"comment_status":"closed","ping_status":"closed","template":"","meta":{"footnotes":""},"class_list":["post-8765","page","type-page","status-publish","hentry"],"yoast_head":"<!-- This site is optimized with the Yoast SEO plugin v27.2 - https:\/\/yoast.com\/product\/yoast-seo-wordpress\/ -->\n<title>Pause de week-end Eindhoven | S\u00e9jour sp\u00e9cial \u00e0 l&#039;h\u00f4tel Mari\u00ebnhage<\/title>\n<meta name=\"description\" content=\"Un week-end pass\u00e9 \u00e0 Eindhoven se termine par une bonne nuit de sommeil \u00e0 l&#039;h\u00f4tel Mari\u00ebnhage. Consultez notre paquet.\" \/>\n<meta name=\"robots\" content=\"index, follow, max-snippet:-1, max-image-preview:large, max-video-preview:-1\" \/>\n<link rel=\"canonical\" href=\"https:\/\/www.marienhage.com\/fr\/offres\/forfait-weekend-eindhoven\/\" \/>\n<meta property=\"og:locale\" content=\"fr_FR\" \/>\n<meta property=\"og:type\" content=\"article\" \/>\n<meta property=\"og:title\" content=\"Pause de week-end Eindhoven | S\u00e9jour sp\u00e9cial \u00e0 l&#039;h\u00f4tel Mari\u00ebnhage\" \/>\n<meta property=\"og:description\" content=\"Un week-end pass\u00e9 \u00e0 Eindhoven se termine par une bonne nuit de sommeil \u00e0 l&#039;h\u00f4tel Mari\u00ebnhage. Consultez notre paquet.\" \/>\n<meta property=\"og:url\" content=\"https:\/\/www.marienhage.com\/fr\/offres\/forfait-weekend-eindhoven\/\" \/>\n<meta property=\"og:site_name\" content=\"Mari\u00ebnhage Hotel\" \/>\n<meta name=\"twitter:card\" content=\"summary_large_image\" \/>\n<meta name=\"twitter:label1\" content=\"Dur\u00e9e de lecture estim\u00e9e\" \/>\n\t<meta name=\"twitter:data1\" content=\"4 minutes\" \/>\n<script type=\"application\/ld+json\" class=\"yoast-schema-graph\">{\"@context\":\"https:\/\/schema.org\",\"@graph\":[{\"@type\":\"WebPage\",\"@id\":\"https:\/\/www.marienhage.com\/fr\/offres\/forfait-weekend-eindhoven\/\",\"url\":\"https:\/\/www.marienhage.com\/fr\/offres\/forfait-weekend-eindhoven\/\",\"name\":\"Pause de week-end Eindhoven | S\u00e9jour sp\u00e9cial \u00e0 l'h\u00f4tel Mari\u00ebnhage\",\"isPartOf\":{\"@id\":\"https:\/\/www.marienhage.com\/fr\/#website\"},\"description\":\"Un week-end pass\u00e9 \u00e0 Eindhoven se termine par une bonne nuit de sommeil \u00e0 l'h\u00f4tel Mari\u00ebnhage. Consultez notre paquet.\",\"breadcrumb\":{\"@id\":\"https:\/\/www.marienhage.com\/fr\/offres\/forfait-weekend-eindhoven\/#breadcrumb\"},\"inLanguage\":\"fr-FR\",\"potentialAction\":[{\"@type\":\"ReadAction\",\"target\":[\"https:\/\/www.marienhage.com\/fr\/offres\/forfait-weekend-eindhoven\/\"]}]},{\"@type\":\"BreadcrumbList\",\"@id\":\"https:\/\/www.marienhage.com\/fr\/offres\/forfait-weekend-eindhoven\/#breadcrumb\",\"itemListElement\":[{\"@type\":\"ListItem\",\"position\":1,\"name\":\"Home\",\"item\":\"https:\/\/www.marienhage.com\/fr\/\"},{\"@type\":\"ListItem\",\"position\":2,\"name\":\"Offres d&#8217;h\u00f4tel de Mari\u00ebnhage Eindhoven\",\"item\":\"https:\/\/www.marienhage.com\/fr\/offres\/\"},{\"@type\":\"ListItem\",\"position\":3,\"name\":\"Week-end \u00e0 Eindhoven\"}]},{\"@type\":\"WebSite\",\"@id\":\"https:\/\/www.marienhage.com\/fr\/#website\",\"url\":\"https:\/\/www.marienhage.com\/fr\/\",\"name\":\"Mari\u00ebnhage Hotel\",\"description\":\"Hotel in Eindhoven\",\"publisher\":{\"@id\":\"https:\/\/www.marienhage.com\/fr\/#organization\"},\"potentialAction\":[{\"@type\":\"SearchAction\",\"target\":{\"@type\":\"EntryPoint\",\"urlTemplate\":\"https:\/\/www.marienhage.com\/fr\/?s={search_term_string}\"},\"query-input\":{\"@type\":\"PropertyValueSpecification\",\"valueRequired\":true,\"valueName\":\"search_term_string\"}}],\"inLanguage\":\"fr-FR\"},{\"@type\":\"Organization\",\"@id\":\"https:\/\/www.marienhage.com\/fr\/#organization\",\"name\":\"Hotel Mari\u00ebnhage\",\"url\":\"https:\/\/www.marienhage.com\/fr\/\",\"logo\":{\"@type\":\"ImageObject\",\"inLanguage\":\"fr-FR\",\"@id\":\"https:\/\/www.marienhage.com\/fr\/#\/schema\/logo\/image\/\",\"url\":\"https:\/\/www.marienhage.com\/wp-content\/uploads\/2019\/07\/hmh-mark.png\",\"contentUrl\":\"https:\/\/www.marienhage.com\/wp-content\/uploads\/2019\/07\/hmh-mark.png\",\"width\":80,\"height\":80,\"caption\":\"Hotel Mari\u00ebnhage\"},\"image\":{\"@id\":\"https:\/\/www.marienhage.com\/fr\/#\/schema\/logo\/image\/\"}}]}<\/script>\n<!-- \/ Yoast SEO plugin. -->","yoast_head_json":{"title":"Pause de week-end Eindhoven | S\u00e9jour sp\u00e9cial \u00e0 l'h\u00f4tel Mari\u00ebnhage","description":"Un week-end pass\u00e9 \u00e0 Eindhoven se termine par une bonne nuit de sommeil \u00e0 l'h\u00f4tel Mari\u00ebnhage. Consultez notre paquet.","robots":{"index":"index","follow":"follow","max-snippet":"max-snippet:-1","max-image-preview":"max-image-preview:large","max-video-preview":"max-video-preview:-1"},"canonical":"https:\/\/www.marienhage.com\/fr\/offres\/forfait-weekend-eindhoven\/","og_locale":"fr_FR","og_type":"article","og_title":"Pause de week-end Eindhoven | S\u00e9jour sp\u00e9cial \u00e0 l'h\u00f4tel Mari\u00ebnhage","og_description":"Un week-end pass\u00e9 \u00e0 Eindhoven se termine par une bonne nuit de sommeil \u00e0 l'h\u00f4tel Mari\u00ebnhage. Consultez notre paquet.","og_url":"https:\/\/www.marienhage.com\/fr\/offres\/forfait-weekend-eindhoven\/","og_site_name":"Mari\u00ebnhage Hotel","twitter_card":"summary_large_image","twitter_misc":{"Dur\u00e9e de lecture estim\u00e9e":"4 minutes"},"schema":{"@context":"https:\/\/schema.org","@graph":[{"@type":"WebPage","@id":"https:\/\/www.marienhage.com\/fr\/offres\/forfait-weekend-eindhoven\/","url":"https:\/\/www.marienhage.com\/fr\/offres\/forfait-weekend-eindhoven\/","name":"Pause de week-end Eindhoven | S\u00e9jour sp\u00e9cial \u00e0 l'h\u00f4tel Mari\u00ebnhage","isPartOf":{"@id":"https:\/\/www.marienhage.com\/fr\/#website"},"description":"Un week-end pass\u00e9 \u00e0 Eindhoven se termine par une bonne nuit de sommeil \u00e0 l'h\u00f4tel Mari\u00ebnhage. Consultez notre paquet.","breadcrumb":{"@id":"https:\/\/www.marienhage.com\/fr\/offres\/forfait-weekend-eindhoven\/#breadcrumb"},"inLanguage":"fr-FR","potentialAction":[{"@type":"ReadAction","target":["https:\/\/www.marienhage.com\/fr\/offres\/forfait-weekend-eindhoven\/"]}]},{"@type":"BreadcrumbList","@id":"https:\/\/www.marienhage.com\/fr\/offres\/forfait-weekend-eindhoven\/#breadcrumb","itemListElement":[{"@type":"ListItem","position":1,"name":"Home","item":"https:\/\/www.marienhage.com\/fr\/"},{"@type":"ListItem","position":2,"name":"Offres d&#8217;h\u00f4tel de Mari\u00ebnhage Eindhoven","item":"https:\/\/www.marienhage.com\/fr\/offres\/"},{"@type":"ListItem","position":3,"name":"Week-end \u00e0 Eindhoven"}]},{"@type":"WebSite","@id":"https:\/\/www.marienhage.com\/fr\/#website","url":"https:\/\/www.marienhage.com\/fr\/","name":"Mari\u00ebnhage Hotel","description":"Hotel in Eindhoven","publisher":{"@id":"https:\/\/www.marienhage.com\/fr\/#organization"},"potentialAction":[{"@type":"SearchAction","target":{"@type":"EntryPoint","urlTemplate":"https:\/\/www.marienhage.com\/fr\/?s={search_term_string}"},"query-input":{"@type":"PropertyValueSpecification","valueRequired":true,"valueName":"search_term_string"}}],"inLanguage":"fr-FR"},{"@type":"Organization","@id":"https:\/\/www.marienhage.com\/fr\/#organization","name":"Hotel Mari\u00ebnhage","url":"https:\/\/www.marienhage.com\/fr\/","logo":{"@type":"ImageObject","inLanguage":"fr-FR","@id":"https:\/\/www.marienhage.com\/fr\/#\/schema\/logo\/image\/","url":"https:\/\/www.marienhage.com\/wp-content\/uploads\/2019\/07\/hmh-mark.png","contentUrl":"https:\/\/www.marienhage.com\/wp-content\/uploads\/2019\/07\/hmh-mark.png","width":80,"height":80,"caption":"Hotel Mari\u00ebnhage"},"image":{"@id":"https:\/\/www.marienhage.com\/fr\/#\/schema\/logo\/image\/"}}]}},"_links":{"self":[{"href":"https:\/\/www.marienhage.com\/fr\/wp-json\/wp\/v2\/pages\/8765","targetHints":{"allow":["GET"]}}],"collection":[{"href":"https:\/\/www.marienhage.com\/fr\/wp-json\/wp\/v2\/pages"}],"about":[{"href":"https:\/\/www.marienhage.com\/fr\/wp-json\/wp\/v2\/types\/page"}],"author":[{"embeddable":true,"href":"https:\/\/www.marienhage.com\/fr\/wp-json\/wp\/v2\/users\/14"}],"replies":[{"embeddable":true,"href":"https:\/\/www.marienhage.com\/fr\/wp-json\/wp\/v2\/comments?post=8765"}],"version-history":[{"count":0,"href":"https:\/\/www.marienhage.com\/fr\/wp-json\/wp\/v2\/pages\/8765\/revisions"}],"up":[{"embeddable":true,"href":"https:\/\/www.marienhage.com\/fr\/wp-json\/wp\/v2\/pages\/8761"}],"wp:attachment":[{"href":"https:\/\/www.marienhage.com\/fr\/wp-json\/wp\/v2\/media?parent=8765"}],"curies":[{"name":"wp","href":"https:\/\/api.w.org\/{rel}","templated":true}]}}