{"id":8763,"date":"2022-09-09T10:26:22","date_gmt":"2022-09-09T10:26:22","guid":{"rendered":"https:\/\/www.marienhage.com\/?page_id=8763"},"modified":"2023-08-25T07:40:04","modified_gmt":"2023-08-25T07:40:04","slug":"forfait-d-excursion-les-pays-bas","status":"publish","type":"page","link":"https:\/\/www.marienhage.com\/fr\/offres\/forfait-d-excursion-les-pays-bas\/","title":{"rendered":"St\u00e4dtereise Eindhoven, Niederlande"},"content":{"rendered":"<div class=\"fusion-fullwidth fullwidth-box fusion-builder-row-1 nonhundred-percent-fullwidth non-hundred-percent-height-scrolling\" style=\"--awb-border-radius-top-left:0px;--awb-border-radius-top-right:0px;--awb-border-radius-bottom-right:0px;--awb-border-radius-bottom-left:0px;--awb-flex-wrap:wrap;\" ><div class=\"fusion-builder-row fusion-row\"><div class=\"fusion-layout-column fusion_builder_column fusion-builder-column-0 fusion_builder_column_1_1 1_1 fusion-one-full fusion-column-first fusion-column-last\" style=\"--awb-bg-size:cover;\"><div class=\"fusion-column-wrapper fusion-column-has-shadow fusion-flex-column-wrapper-legacy\"><div class=\"fusion-builder-row fusion-builder-row-inner fusion-row\"><div class=\"fusion-layout-column fusion_builder_column_inner fusion-builder-nested-column-0 fusion_builder_column_inner_1_2 1_2 fusion-one-half fusion-column-first\" style=\"--awb-padding-top:70px;--awb-padding-right:30px;--awb-padding-left:30px;--awb-bg-size:cover;width:50%;width:calc(50% - ( ( 4% ) * 0.5 ) );margin-right: 4%;\" id=\"thirdlefttcol\"><div class=\"fusion-column-wrapper fusion-column-has-shadow fusion-flex-column-wrapper-legacy\"><div class=\"fusion-title title fusion-title-1 fusion-sep-none fusion-title-center fusion-title-text fusion-title-size-two\" style=\"--awb-margin-top:0px;--awb-margin-top-small:0px;--awb-margin-right-small:0px;--awb-margin-bottom-small:15px;--awb-margin-left-small:0px;\"><h2 class=\"fusion-title-heading title-heading-center fusion-responsive-typography-calculated\" style=\"margin:0;--fontSize:30;line-height:1.4;\"><span style=\"font-weight: 400;\">H\u00f4tel Mari\u00ebnhage Eindhoven<\/span><\/h2><\/div><div class=\"fusion-title title fusion-title-2 fusion-sep-none fusion-title-center fusion-title-text fusion-title-size-three\" style=\"--awb-margin-top:0px;--awb-margin-top-small:0px;--awb-margin-right-small:0px;--awb-margin-bottom-small:15px;--awb-margin-left-small:0px;\"><h3 class=\"fusion-title-heading title-heading-center fusion-responsive-typography-calculated\" style=\"margin:0;--fontSize:22;line-height:1.4;\"><span style=\"font-weight: 400;\">D\u00e9couvrez les Pays-Bas en 4 ou 7 jours!<\/span><\/h3><\/div><div class=\"fusion-text fusion-text-1\"><p style=\"text-align: center;\"><em>\u00c0 partir de 149 \u20ac par personne, y compris les nuit\u00e9es et le petit-d\u00e9jeuner.<\/em><\/p>\n<p style=\"text-align: center;\">Vous \u00eates \u00e9galement heureux de pouvoir sortir \u00e0 nouveau ? Vous avez envie de sortir \u00e0 nouveau, de partir en voyage si possible, mais traverser les fronti\u00e8res nationales est peut-\u00eatre un pas de trop. Le plan B est de rester aux Pays-Bas et de partir en vacances dans votre propre pays, il y a tant de beaut\u00e9 \u00e0 d\u00e9couvrir ! Nous vous facilitons la t\u00e2che en vous proposant un forfait de 4 ou 7 jours de visites de villes n\u00e9erlandaises qui vous permet de visiter Amsterdam, Eindhoven et Maastricht. Vous d\u00e9cidez dans quelle ville vous commencez et o\u00f9 vous terminez. Vous s\u00e9journez dans chaque ville dans un h\u00f4tel diff\u00e9rent de LBG H\u00f4tels. Pas besoin de faire des r\u00e9servations individuelles : nous vous proposons de dormir dans un h\u00f4tel au concept unique. Tous les h\u00f4tels sont situ\u00e9s \u00e0 proximit\u00e9 d&rsquo;une gare et facilement accessibles en voiture, ce qui vous permet de parcourir les Pays-Bas sans souci. Vous restez flexible, vous pouvez annuler jusqu&rsquo;\u00e0 24 heures avant l&rsquo;arriv\u00e9e si vous changez encore d&rsquo;avis ou si vous voulez reporter votre voyage.<\/p>\n<p style=\"text-align: center;\">La capitale Amsterdam, on ne peut pas y aller assez souvent. Il y a tant de choses \u00e0 d\u00e9couvrir, y compris dans les banlieues autour du centre, comme le multiculturel Indische Buurt, ou Amsterdam Noord. \u00c0 Amsterdam, vous passez la nuit dans l&rsquo;h\u00f4tel urbain Qbic WTC Amsterdam, au c\u0153ur du Zuidas et \u00e0 10 minutes du centre par les transports en commun. Dans la ville lumi\u00e8re d&rsquo;Eindhoven, vous sortez des sentiers battus, visitez le quartier branch\u00e9 de Strijp et partez \u00e0 la chasse au design ! Vous passez la nuit dans le tout nouvel h\u00f4tel Mari\u00ebnhage, \u00ab\u00a0Near Heaven\u00a0\u00bb, dans un ancien complexe monastique. Maastricht est la plus belle ville des Pays-Bas, vous pourrez y d\u00e9guster de d\u00e9licieux bourguignons. Choisissez vous-m\u00eame votre h\u00f4tel, ils sont tous dans le centre : Townhouse confortable, h\u00f4tel artisanal St. Martenslane, h\u00f4tel Kaboom branch\u00e9 et urbain, h\u00f4tel Mabi City Center avec mini cin\u00e9ma ou The Green Elephant H\u00f4tels avec bien-\u00eatre et saunas (maillot de bain exig\u00e9). Bon voyage !<\/p>\n<p style=\"text-align: center;\"><span style=\"text-decoration: underline;\">Forfait 4 jours d&rsquo;excursion dans les Pays-Bas : 149 \u20ac par personne<\/span><\/p>\n<ul>\n<li style=\"text-align: center;\">3 nuits en chambre double, 1 nuit par ville (Amsterdam, Maastricht &amp; Eindhoven)<\/li>\n<li style=\"text-align: center;\">Petit d\u00e9jeuner inclus<\/li>\n<li style=\"text-align: center;\">Annulation ou d\u00e9m\u00e9nagement jusqu&rsquo;\u00e0 24 heures avant l&rsquo;arriv\u00e9e<\/li>\n<\/ul>\n<p style=\"text-align: center;\"><span style=\"text-decoration: underline;\">Forfait voyage de 7 jours \u00e0 travers les Pays-Bas : 299 \u20ac par personne<br \/>\n<\/span><\/p>\n<ul>\n<li style=\"text-align: center;\">6 nuits en chambre double, 2 nuits par ville (Amsterdam, Maastricht et Eindhoven)<\/li>\n<li style=\"text-align: center;\">Petit d\u00e9jeuner inclus<\/li>\n<li style=\"text-align: center;\">Annulation ou d\u00e9m\u00e9nagement jusqu&rsquo;\u00e0 24 heures avant l&rsquo;arriv\u00e9e<\/li>\n<\/ul>\n<h3 style=\"text-align: center;\">R\u00e9servations<\/h3>\n<p style=\"text-align: center;\">Appelez-nous au +31 40 311 14 44 ou envoyez-nous un courriel \u00e0 <a href=\"mailto:info@marienhage.com\">info@marienhage.com<\/a>, pour planifier votre voyage. Dans quelle ville commence votre voyage aux Pays-Bas?<\/p>\n<p style=\"text-align: center;\"><em>Le prix est bas\u00e9 sur 2 personnes, hors taxe de s\u00e9jour et Green Fee. Vous restez 100% flexible, vous pouvez annuler ou d\u00e9placer jusqu&rsquo;\u00e0 24 heures avant l&rsquo;arriv\u00e9e. Cette offre est valable pour les nuit\u00e9es de mai \u00e0 ao\u00fbt 2020. Nos conditions de r\u00e9servation s&rsquo;appliquent \u00e0 toutes les r\u00e9servations.<\/em><\/p>\n<\/div><div class=\"fusion-clearfix\"><\/div><\/div><\/div><div class=\"fusion-layout-column fusion_builder_column_inner fusion-builder-nested-column-1 fusion_builder_column_inner_1_2 1_2 fusion-one-half fusion-column-last\" style=\"--awb-bg-size:cover;width:50%;width:calc(50% - ( ( 4% ) * 0.5 ) );\"><div class=\"fusion-column-wrapper fusion-column-has-shadow fusion-flex-column-wrapper-legacy\"><div class=\"fusion-column-content-centered\"><div class=\"fusion-column-content\"><div class=\"fusion-image-element in-legacy-container\" style=\"--awb-caption-title-font-family:var(--h2_typography-font-family);--awb-caption-title-font-weight:var(--h2_typography-font-weight);--awb-caption-title-font-style:var(--h2_typography-font-style);--awb-caption-title-size:var(--h2_typography-font-size);--awb-caption-title-transform:var(--h2_typography-text-transform);--awb-caption-title-line-height:var(--h2_typography-line-height);--awb-caption-title-letter-spacing:var(--h2_typography-letter-spacing);\"><span class=\" fusion-imageframe imageframe-none imageframe-1 hover-type-none\"><img decoding=\"async\" width=\"900\" height=\"900\" alt=\"Domusdela Exterior - Hotel Marienhage Eindhoven\" title=\"DOMUSDELA-exterior-1\" src=\"https:\/\/www.marienhage.com\/wp-content\/uploads\/2020\/02\/DOMUSDELA-exterior-1.jpeg\" class=\"img-responsive wp-image-6283\" srcset=\"https:\/\/www.marienhage.com\/wp-content\/uploads\/2020\/02\/DOMUSDELA-exterior-1-200x200.jpeg 200w, https:\/\/www.marienhage.com\/wp-content\/uploads\/2020\/02\/DOMUSDELA-exterior-1-400x400.jpeg 400w, https:\/\/www.marienhage.com\/wp-content\/uploads\/2020\/02\/DOMUSDELA-exterior-1-600x600.jpeg 600w, https:\/\/www.marienhage.com\/wp-content\/uploads\/2020\/02\/DOMUSDELA-exterior-1-800x800.jpeg 800w, https:\/\/www.marienhage.com\/wp-content\/uploads\/2020\/02\/DOMUSDELA-exterior-1.jpeg 900w\" sizes=\"(max-width: 930px) 100vw, 600px\" \/><\/span><\/div><\/div><\/div><div class=\"fusion-clearfix\"><\/div><\/div><\/div><\/div><div class=\"fusion-clearfix\"><\/div><\/div><\/div><\/div><\/div>\n","protected":false},"excerpt":{"rendered":"","protected":false},"author":14,"featured_media":0,"parent":8761,"menu_order":0,"comment_status":"closed","ping_status":"closed","template":"","meta":{"footnotes":""},"class_list":["post-8763","page","type-page","status-publish","hentry"],"yoast_head":"<!-- This site is optimized with the Yoast SEO plugin v27.2 - https:\/\/yoast.com\/product\/yoast-seo-wordpress\/ -->\n<title>Citytrip Eindhoven, Pays-Bas | H\u00f4tel Mari\u00ebnhage<\/title>\n<meta name=\"description\" content=\"Faites un voyage d&#039;agr\u00e9ment aux Pays-Bas avec LBG H\u00f4tels. Passez la nuit \u00e0 l&#039;h\u00f4tel Mari\u00ebnhage et d\u00e9couvrez la ville d&#039;Eindhoven dans notre h\u00f4tel de charme. R\u00e9servez en ligne votre chambre unique!\" \/>\n<meta name=\"robots\" content=\"index, follow, max-snippet:-1, max-image-preview:large, max-video-preview:-1\" \/>\n<link rel=\"canonical\" href=\"https:\/\/www.marienhage.com\/fr\/offres\/forfait-d-excursion-les-pays-bas\/\" \/>\n<meta property=\"og:locale\" content=\"fr_FR\" \/>\n<meta property=\"og:type\" content=\"article\" \/>\n<meta property=\"og:title\" content=\"Citytrip Eindhoven, Pays-Bas | H\u00f4tel Mari\u00ebnhage\" \/>\n<meta property=\"og:description\" content=\"Faites un voyage d&#039;agr\u00e9ment aux Pays-Bas avec LBG H\u00f4tels. Passez la nuit \u00e0 l&#039;h\u00f4tel Mari\u00ebnhage et d\u00e9couvrez la ville d&#039;Eindhoven dans notre h\u00f4tel de charme. R\u00e9servez en ligne votre chambre unique!\" \/>\n<meta property=\"og:url\" content=\"https:\/\/www.marienhage.com\/fr\/offres\/forfait-d-excursion-les-pays-bas\/\" \/>\n<meta property=\"og:site_name\" content=\"Mari\u00ebnhage Hotel\" \/>\n<meta name=\"twitter:card\" content=\"summary_large_image\" \/>\n<meta name=\"twitter:label1\" content=\"Dur\u00e9e de lecture estim\u00e9e\" \/>\n\t<meta name=\"twitter:data1\" content=\"5 minutes\" \/>\n<script type=\"application\/ld+json\" class=\"yoast-schema-graph\">{\"@context\":\"https:\/\/schema.org\",\"@graph\":[{\"@type\":\"WebPage\",\"@id\":\"https:\/\/www.marienhage.com\/fr\/offres\/forfait-d-excursion-les-pays-bas\/\",\"url\":\"https:\/\/www.marienhage.com\/fr\/offres\/forfait-d-excursion-les-pays-bas\/\",\"name\":\"Citytrip Eindhoven, Pays-Bas | H\u00f4tel Mari\u00ebnhage\",\"isPartOf\":{\"@id\":\"https:\/\/www.marienhage.com\/fr\/#website\"},\"description\":\"Faites un voyage d'agr\u00e9ment aux Pays-Bas avec LBG H\u00f4tels. Passez la nuit \u00e0 l'h\u00f4tel Mari\u00ebnhage et d\u00e9couvrez la ville d'Eindhoven dans notre h\u00f4tel de charme. R\u00e9servez en ligne votre chambre unique!\",\"breadcrumb\":{\"@id\":\"https:\/\/www.marienhage.com\/fr\/offres\/forfait-d-excursion-les-pays-bas\/#breadcrumb\"},\"inLanguage\":\"fr-FR\",\"potentialAction\":[{\"@type\":\"ReadAction\",\"target\":[\"https:\/\/www.marienhage.com\/fr\/offres\/forfait-d-excursion-les-pays-bas\/\"]}]},{\"@type\":\"BreadcrumbList\",\"@id\":\"https:\/\/www.marienhage.com\/fr\/offres\/forfait-d-excursion-les-pays-bas\/#breadcrumb\",\"itemListElement\":[{\"@type\":\"ListItem\",\"position\":1,\"name\":\"Home\",\"item\":\"https:\/\/www.marienhage.com\/fr\/\"},{\"@type\":\"ListItem\",\"position\":2,\"name\":\"Offres d&#8217;h\u00f4tel de Mari\u00ebnhage Eindhoven\",\"item\":\"https:\/\/www.marienhage.com\/fr\/offres\/\"},{\"@type\":\"ListItem\",\"position\":3,\"name\":\"St\u00e4dtereise Eindhoven, Niederlande\"}]},{\"@type\":\"WebSite\",\"@id\":\"https:\/\/www.marienhage.com\/fr\/#website\",\"url\":\"https:\/\/www.marienhage.com\/fr\/\",\"name\":\"Mari\u00ebnhage Hotel\",\"description\":\"Hotel in Eindhoven\",\"publisher\":{\"@id\":\"https:\/\/www.marienhage.com\/fr\/#organization\"},\"potentialAction\":[{\"@type\":\"SearchAction\",\"target\":{\"@type\":\"EntryPoint\",\"urlTemplate\":\"https:\/\/www.marienhage.com\/fr\/?s={search_term_string}\"},\"query-input\":{\"@type\":\"PropertyValueSpecification\",\"valueRequired\":true,\"valueName\":\"search_term_string\"}}],\"inLanguage\":\"fr-FR\"},{\"@type\":\"Organization\",\"@id\":\"https:\/\/www.marienhage.com\/fr\/#organization\",\"name\":\"Hotel Mari\u00ebnhage\",\"url\":\"https:\/\/www.marienhage.com\/fr\/\",\"logo\":{\"@type\":\"ImageObject\",\"inLanguage\":\"fr-FR\",\"@id\":\"https:\/\/www.marienhage.com\/fr\/#\/schema\/logo\/image\/\",\"url\":\"https:\/\/www.marienhage.com\/wp-content\/uploads\/2019\/07\/hmh-mark.png\",\"contentUrl\":\"https:\/\/www.marienhage.com\/wp-content\/uploads\/2019\/07\/hmh-mark.png\",\"width\":80,\"height\":80,\"caption\":\"Hotel Mari\u00ebnhage\"},\"image\":{\"@id\":\"https:\/\/www.marienhage.com\/fr\/#\/schema\/logo\/image\/\"}}]}<\/script>\n<!-- \/ Yoast SEO plugin. -->","yoast_head_json":{"title":"Citytrip Eindhoven, Pays-Bas | H\u00f4tel Mari\u00ebnhage","description":"Faites un voyage d'agr\u00e9ment aux Pays-Bas avec LBG H\u00f4tels. Passez la nuit \u00e0 l'h\u00f4tel Mari\u00ebnhage et d\u00e9couvrez la ville d'Eindhoven dans notre h\u00f4tel de charme. R\u00e9servez en ligne votre chambre unique!","robots":{"index":"index","follow":"follow","max-snippet":"max-snippet:-1","max-image-preview":"max-image-preview:large","max-video-preview":"max-video-preview:-1"},"canonical":"https:\/\/www.marienhage.com\/fr\/offres\/forfait-d-excursion-les-pays-bas\/","og_locale":"fr_FR","og_type":"article","og_title":"Citytrip Eindhoven, Pays-Bas | H\u00f4tel Mari\u00ebnhage","og_description":"Faites un voyage d'agr\u00e9ment aux Pays-Bas avec LBG H\u00f4tels. Passez la nuit \u00e0 l'h\u00f4tel Mari\u00ebnhage et d\u00e9couvrez la ville d'Eindhoven dans notre h\u00f4tel de charme. R\u00e9servez en ligne votre chambre unique!","og_url":"https:\/\/www.marienhage.com\/fr\/offres\/forfait-d-excursion-les-pays-bas\/","og_site_name":"Mari\u00ebnhage Hotel","twitter_card":"summary_large_image","twitter_misc":{"Dur\u00e9e de lecture estim\u00e9e":"5 minutes"},"schema":{"@context":"https:\/\/schema.org","@graph":[{"@type":"WebPage","@id":"https:\/\/www.marienhage.com\/fr\/offres\/forfait-d-excursion-les-pays-bas\/","url":"https:\/\/www.marienhage.com\/fr\/offres\/forfait-d-excursion-les-pays-bas\/","name":"Citytrip Eindhoven, Pays-Bas | H\u00f4tel Mari\u00ebnhage","isPartOf":{"@id":"https:\/\/www.marienhage.com\/fr\/#website"},"description":"Faites un voyage d'agr\u00e9ment aux Pays-Bas avec LBG H\u00f4tels. Passez la nuit \u00e0 l'h\u00f4tel Mari\u00ebnhage et d\u00e9couvrez la ville d'Eindhoven dans notre h\u00f4tel de charme. R\u00e9servez en ligne votre chambre unique!","breadcrumb":{"@id":"https:\/\/www.marienhage.com\/fr\/offres\/forfait-d-excursion-les-pays-bas\/#breadcrumb"},"inLanguage":"fr-FR","potentialAction":[{"@type":"ReadAction","target":["https:\/\/www.marienhage.com\/fr\/offres\/forfait-d-excursion-les-pays-bas\/"]}]},{"@type":"BreadcrumbList","@id":"https:\/\/www.marienhage.com\/fr\/offres\/forfait-d-excursion-les-pays-bas\/#breadcrumb","itemListElement":[{"@type":"ListItem","position":1,"name":"Home","item":"https:\/\/www.marienhage.com\/fr\/"},{"@type":"ListItem","position":2,"name":"Offres d&#8217;h\u00f4tel de Mari\u00ebnhage Eindhoven","item":"https:\/\/www.marienhage.com\/fr\/offres\/"},{"@type":"ListItem","position":3,"name":"St\u00e4dtereise Eindhoven, Niederlande"}]},{"@type":"WebSite","@id":"https:\/\/www.marienhage.com\/fr\/#website","url":"https:\/\/www.marienhage.com\/fr\/","name":"Mari\u00ebnhage Hotel","description":"Hotel in Eindhoven","publisher":{"@id":"https:\/\/www.marienhage.com\/fr\/#organization"},"potentialAction":[{"@type":"SearchAction","target":{"@type":"EntryPoint","urlTemplate":"https:\/\/www.marienhage.com\/fr\/?s={search_term_string}"},"query-input":{"@type":"PropertyValueSpecification","valueRequired":true,"valueName":"search_term_string"}}],"inLanguage":"fr-FR"},{"@type":"Organization","@id":"https:\/\/www.marienhage.com\/fr\/#organization","name":"Hotel Mari\u00ebnhage","url":"https:\/\/www.marienhage.com\/fr\/","logo":{"@type":"ImageObject","inLanguage":"fr-FR","@id":"https:\/\/www.marienhage.com\/fr\/#\/schema\/logo\/image\/","url":"https:\/\/www.marienhage.com\/wp-content\/uploads\/2019\/07\/hmh-mark.png","contentUrl":"https:\/\/www.marienhage.com\/wp-content\/uploads\/2019\/07\/hmh-mark.png","width":80,"height":80,"caption":"Hotel Mari\u00ebnhage"},"image":{"@id":"https:\/\/www.marienhage.com\/fr\/#\/schema\/logo\/image\/"}}]}},"_links":{"self":[{"href":"https:\/\/www.marienhage.com\/fr\/wp-json\/wp\/v2\/pages\/8763","targetHints":{"allow":["GET"]}}],"collection":[{"href":"https:\/\/www.marienhage.com\/fr\/wp-json\/wp\/v2\/pages"}],"about":[{"href":"https:\/\/www.marienhage.com\/fr\/wp-json\/wp\/v2\/types\/page"}],"author":[{"embeddable":true,"href":"https:\/\/www.marienhage.com\/fr\/wp-json\/wp\/v2\/users\/14"}],"replies":[{"embeddable":true,"href":"https:\/\/www.marienhage.com\/fr\/wp-json\/wp\/v2\/comments?post=8763"}],"version-history":[{"count":0,"href":"https:\/\/www.marienhage.com\/fr\/wp-json\/wp\/v2\/pages\/8763\/revisions"}],"up":[{"embeddable":true,"href":"https:\/\/www.marienhage.com\/fr\/wp-json\/wp\/v2\/pages\/8761"}],"wp:attachment":[{"href":"https:\/\/www.marienhage.com\/fr\/wp-json\/wp\/v2\/media?parent=8763"}],"curies":[{"name":"wp","href":"https:\/\/api.w.org\/{rel}","templated":true}]}}