{"id":8761,"date":"2022-07-14T07:43:56","date_gmt":"2022-07-14T07:43:56","guid":{"rendered":"https:\/\/www.marienhage.com\/?page_id=8761"},"modified":"2023-08-25T07:30:10","modified_gmt":"2023-08-25T07:30:10","slug":"offres","status":"publish","type":"page","link":"https:\/\/www.marienhage.com\/fr\/offres\/","title":{"rendered":"Offres d&rsquo;h\u00f4tel de Mari\u00ebnhage Eindhoven"},"content":{"rendered":"<div class=\"fusion-fullwidth fullwidth-box fusion-builder-row-1 hundred-percent-fullwidth non-hundred-percent-height-scrolling fusion-equal-height-columns maincontentmh\" style=\"--awb-border-radius-top-left:0px;--awb-border-radius-top-right:0px;--awb-border-radius-bottom-right:0px;--awb-border-radius-bottom-left:0px;--awb-background-color:#fbf5ee;--awb-flex-wrap:wrap;\" ><div class=\"fusion-builder-row fusion-row\"><div class=\"fusion-layout-column fusion_builder_column fusion-builder-column-0 fusion_builder_column_1_1 1_1 fusion-one-full fusion-column-first fusion-column-last\" style=\"--awb-bg-color:#fbf5ee;--awb-bg-color-hover:#fbf5ee;--awb-bg-position:right center;--awb-bg-size:cover;--awb-box-shadow:0px 0px 5px 4px #a8a8a8;;\"><div class=\"fusion-column-wrapper fusion-column-has-shadow fusion-flex-column-wrapper-legacy\"><div class=\"fusion-column-content-centered\"><div class=\"fusion-column-content\"><div class=\"fusion-builder-row fusion-builder-row-inner fusion-row\"><div class=\"fusion-layout-column fusion_builder_column_inner fusion-builder-nested-column-0 fusion_builder_column_inner_1_2 1_2 fusion-one-half fusion-column-first fusion-column-5\" style=\"--awb-padding-right:30px;--awb-padding-left:30px;--awb-bg-color:#ecdbd5;--awb-bg-color-hover:#ecdbd5;--awb-bg-size:cover;width:50%;width:calc(50% - ( ( 0px ) * 0.5 ) );margin-right: 0px;\"><div class=\"fusion-column-wrapper fusion-column-has-shadow fusion-flex-column-wrapper-legacy\"><div class=\"fusion-column-content-centered\"><div class=\"fusion-column-content\"><div class=\"fusion-title title fusion-title-1 fusion-sep-none fusion-title-center fusion-title-text fusion-title-size-two\" style=\"--awb-margin-top:0px;--awb-margin-top-small:0px;--awb-margin-right-small:0px;--awb-margin-bottom-small:15px;--awb-margin-left-small:0px;\"><h2 class=\"fusion-title-heading title-heading-center fusion-responsive-typography-calculated\" style=\"margin:0;--fontSize:30;line-height:1.4;\"><span style=\"font-weight: 400;\">Forfait vacances dans le Brabant<\/span><\/h2><\/div><div class=\"fusion-text fusion-text-1\"><p style=\"text-align: center;\">Eindhoven et ses environs sont id\u00e9aux pour des vacances hors des sentiers battus. Avec Eindhoven comme ville de design, d&rsquo;innovation et d&rsquo;architecture, vous disposez d&rsquo;un excellent point de d\u00e9part pour des vacances dans le Brabant Eindhoven et ses environs.<\/p>\n<\/div><div class=\"fusion-aligncenter\"><a class=\"fusion-button button-flat fusion-button-default-size button-default fusion-button-default button-1 fusion-button-default-span fusion-button-default-type fusion-no-small-visibility\" target=\"_self\" href=\"https:\/\/www.marienhage.com\/fr\/\"><span class=\"fusion-button-text awb-button__text awb-button__text--default\">VACANCES DANS LE BRABANT<\/span><\/a><\/div><\/div><\/div><div class=\"fusion-clearfix\"><\/div><\/div><\/div><div class=\"fusion-layout-column fusion_builder_column_inner fusion-builder-nested-column-1 fusion_builder_column_inner_1_2 1_2 fusion-one-half fusion-column-last fusion-column-6\" style=\"--awb-bg-size:cover;width:50%;width:calc(50% - ( ( 0px ) * 0.5 ) );\"><div class=\"fusion-column-wrapper fusion-column-has-shadow fusion-flex-column-wrapper-legacy\"><div class=\"fusion-image-element fusion-image-align-center in-legacy-container\" style=\"text-align:center;--awb-caption-title-font-family:var(--h2_typography-font-family);--awb-caption-title-font-weight:var(--h2_typography-font-weight);--awb-caption-title-font-style:var(--h2_typography-font-style);--awb-caption-title-size:var(--h2_typography-font-size);--awb-caption-title-transform:var(--h2_typography-text-transform);--awb-caption-title-line-height:var(--h2_typography-line-height);--awb-caption-title-letter-spacing:var(--h2_typography-letter-spacing);\"><div class=\"imageframe-align-center\"><span class=\" fusion-imageframe imageframe-none imageframe-1 hover-type-zoomin\"><img decoding=\"async\" width=\"800\" height=\"799\" alt=\"Last Minute Deal Eindhoven - Hotel Marienhage\" title=\"Weekend-Arrangement-Eindhoven-\" src=\"https:\/\/www.marienhage.com\/wp-content\/uploads\/2021\/06\/Weekend-Arrangement-Eindhoven-.jpg\" class=\"img-responsive wp-image-7246\" srcset=\"https:\/\/www.marienhage.com\/wp-content\/uploads\/2021\/06\/Weekend-Arrangement-Eindhoven--200x200.jpg 200w, https:\/\/www.marienhage.com\/wp-content\/uploads\/2021\/06\/Weekend-Arrangement-Eindhoven--400x400.jpg 400w, https:\/\/www.marienhage.com\/wp-content\/uploads\/2021\/06\/Weekend-Arrangement-Eindhoven--600x599.jpg 600w, https:\/\/www.marienhage.com\/wp-content\/uploads\/2021\/06\/Weekend-Arrangement-Eindhoven-.jpg 800w\" sizes=\"(max-width: 930px) 100vw, 800px\" \/><\/span><\/div><\/div><div class=\"fusion-clearfix\"><\/div><\/div><\/div><div class=\"fusion-layout-column fusion_builder_column_inner fusion-builder-nested-column-2 fusion_builder_column_inner_1_2 1_2 fusion-one-half fusion-column-first fusion-column-8\" style=\"--awb-bg-size:cover;width:50%;width:calc(50% - ( ( 0px ) * 0.5 ) );margin-right: 0px;\"><div class=\"fusion-column-wrapper fusion-column-has-shadow fusion-flex-column-wrapper-legacy\"><div class=\"fusion-image-element fusion-image-align-center in-legacy-container\" style=\"text-align:center;--awb-caption-title-font-family:var(--h2_typography-font-family);--awb-caption-title-font-weight:var(--h2_typography-font-weight);--awb-caption-title-font-style:var(--h2_typography-font-style);--awb-caption-title-size:var(--h2_typography-font-size);--awb-caption-title-transform:var(--h2_typography-text-transform);--awb-caption-title-line-height:var(--h2_typography-line-height);--awb-caption-title-letter-spacing:var(--h2_typography-letter-spacing);\"><div class=\"imageframe-align-center\"><span class=\" fusion-imageframe imageframe-none imageframe-2 hover-type-zoomin\"><img decoding=\"async\" width=\"900\" height=\"900\" alt=\"Domusdela Exterior - Hotel Marienhage Eindhoven\" title=\"DOMUSDELA-exterior-1\" src=\"https:\/\/www.marienhage.com\/wp-content\/uploads\/2020\/02\/DOMUSDELA-exterior-1.jpeg\" class=\"img-responsive wp-image-6283\" srcset=\"https:\/\/www.marienhage.com\/wp-content\/uploads\/2020\/02\/DOMUSDELA-exterior-1-200x200.jpeg 200w, https:\/\/www.marienhage.com\/wp-content\/uploads\/2020\/02\/DOMUSDELA-exterior-1-400x400.jpeg 400w, https:\/\/www.marienhage.com\/wp-content\/uploads\/2020\/02\/DOMUSDELA-exterior-1-600x600.jpeg 600w, https:\/\/www.marienhage.com\/wp-content\/uploads\/2020\/02\/DOMUSDELA-exterior-1-800x800.jpeg 800w, https:\/\/www.marienhage.com\/wp-content\/uploads\/2020\/02\/DOMUSDELA-exterior-1.jpeg 900w\" sizes=\"(max-width: 930px) 100vw, 800px\" \/><\/span><\/div><\/div><div class=\"fusion-clearfix\"><\/div><\/div><\/div><div class=\"fusion-layout-column fusion_builder_column_inner fusion-builder-nested-column-3 fusion_builder_column_inner_1_2 1_2 fusion-one-half fusion-column-last fusion-column-7\" style=\"--awb-padding-right:30px;--awb-padding-left:30px;--awb-bg-color:#ecdbd5;--awb-bg-color-hover:#ecdbd5;--awb-bg-size:cover;width:50%;width:calc(50% - ( ( 0px ) * 0.5 ) );\"><div class=\"fusion-column-wrapper fusion-column-has-shadow fusion-flex-column-wrapper-legacy\"><div class=\"fusion-column-content-centered\"><div class=\"fusion-column-content\"><div class=\"fusion-title title fusion-title-2 fusion-sep-none fusion-title-center fusion-title-text fusion-title-size-two\" style=\"--awb-margin-top:0px;--awb-margin-top-small:0px;--awb-margin-right-small:0px;--awb-margin-bottom-small:15px;--awb-margin-left-small:0px;\"><h2 class=\"fusion-title-heading title-heading-center fusion-responsive-typography-calculated\" style=\"margin:0;--fontSize:30;line-height:1.4;\"><span style=\"font-weight: 400;\">Voyage en ville aux Pays-Bas<\/span><\/h2><\/div><div class=\"fusion-text fusion-text-2\"><p style=\"text-align: center;\"><span style=\"font-weight: 400;\">Vous avez envie de sortir \u00e0 nouveau, de partir en voyage si possible, mais franchir les fronti\u00e8res nationales est peut-\u00eatre un pas de trop. Le plan B est de rester aux Pays-Bas et de partir en vacances dans votre propre pays, il y a tant de beaut\u00e9 \u00e0 d\u00e9couvrir ! Nous vous facilitons la t\u00e2che avec un forfait de 4 ou 7 jours de visites de villes n\u00e9erlandaises qui vous permet de visiter Amsterdam, Eindhoven et Maastricht.<\/span><\/p>\n<\/div><div class=\"fusion-aligncenter\"><a class=\"fusion-button button-flat fusion-button-default-size button-default fusion-button-default button-2 fusion-button-default-span fusion-button-default-type fusion-no-small-visibility\" target=\"_self\" href=\"https:\/\/www.marienhage.com\/fr\/\"><span class=\"fusion-button-text awb-button__text awb-button__text--default\">CITY TRIP EINDHOVEN<\/span><\/a><\/div><\/div><\/div><div class=\"fusion-clearfix\"><\/div><\/div><\/div><\/div><\/div><\/div><div class=\"fusion-clearfix\"><\/div><\/div><\/div><\/div><\/div>\n","protected":false},"excerpt":{"rendered":"","protected":false},"author":14,"featured_media":0,"parent":0,"menu_order":0,"comment_status":"closed","ping_status":"closed","template":"","meta":{"footnotes":""},"class_list":["post-8761","page","type-page","status-publish","hentry"],"yoast_head":"<!-- This site is optimized with the Yoast SEO plugin v27.2 - https:\/\/yoast.com\/product\/yoast-seo-wordpress\/ -->\n<title>Offres d&#039;h\u00f4tel Eindhoven | Bon march\u00e9 s\u00e9jour \u00e0 Mari\u00ebnhage<\/title>\n<meta name=\"description\" content=\"Vous \u00eates \u00e0 la recherche d&#039;une bonne nuit de sommeil ? L&#039;h\u00f4tel Monast\u00e8re Mari\u00ebnhage, situ\u00e9 dans le centre d&#039;Eindhoven, vous propose des avantages, des offres et des paquets.\" \/>\n<meta name=\"robots\" content=\"index, follow, max-snippet:-1, max-image-preview:large, max-video-preview:-1\" \/>\n<link rel=\"canonical\" href=\"https:\/\/www.marienhage.com\/fr\/offres\/\" \/>\n<meta property=\"og:locale\" content=\"fr_FR\" \/>\n<meta property=\"og:type\" content=\"article\" \/>\n<meta property=\"og:title\" content=\"Offres d&#039;h\u00f4tel Eindhoven | Bon march\u00e9 s\u00e9jour \u00e0 Mari\u00ebnhage\" \/>\n<meta property=\"og:description\" content=\"Vous \u00eates \u00e0 la recherche d&#039;une bonne nuit de sommeil ? L&#039;h\u00f4tel Monast\u00e8re Mari\u00ebnhage, situ\u00e9 dans le centre d&#039;Eindhoven, vous propose des avantages, des offres et des paquets.\" \/>\n<meta property=\"og:url\" content=\"https:\/\/www.marienhage.com\/fr\/offres\/\" \/>\n<meta property=\"og:site_name\" content=\"Mari\u00ebnhage Hotel\" \/>\n<meta name=\"twitter:card\" content=\"summary_large_image\" \/>\n<meta name=\"twitter:label1\" content=\"Dur\u00e9e de lecture estim\u00e9e\" \/>\n\t<meta name=\"twitter:data1\" content=\"6 minutes\" \/>\n<script type=\"application\/ld+json\" class=\"yoast-schema-graph\">{\"@context\":\"https:\/\/schema.org\",\"@graph\":[{\"@type\":\"WebPage\",\"@id\":\"https:\/\/www.marienhage.com\/fr\/offres\/\",\"url\":\"https:\/\/www.marienhage.com\/fr\/offres\/\",\"name\":\"Offres d'h\u00f4tel Eindhoven | Bon march\u00e9 s\u00e9jour \u00e0 Mari\u00ebnhage\",\"isPartOf\":{\"@id\":\"https:\/\/www.marienhage.com\/fr\/#website\"},\"description\":\"Vous \u00eates \u00e0 la recherche d'une bonne nuit de sommeil ? L'h\u00f4tel Monast\u00e8re Mari\u00ebnhage, situ\u00e9 dans le centre d'Eindhoven, vous propose des avantages, des offres et des paquets.\",\"breadcrumb\":{\"@id\":\"https:\/\/www.marienhage.com\/fr\/offres\/#breadcrumb\"},\"inLanguage\":\"fr-FR\",\"potentialAction\":[{\"@type\":\"ReadAction\",\"target\":[\"https:\/\/www.marienhage.com\/fr\/offres\/\"]}]},{\"@type\":\"BreadcrumbList\",\"@id\":\"https:\/\/www.marienhage.com\/fr\/offres\/#breadcrumb\",\"itemListElement\":[{\"@type\":\"ListItem\",\"position\":1,\"name\":\"Home\",\"item\":\"https:\/\/www.marienhage.com\/fr\/\"},{\"@type\":\"ListItem\",\"position\":2,\"name\":\"Offres d&#8217;h\u00f4tel de Mari\u00ebnhage Eindhoven\"}]},{\"@type\":\"WebSite\",\"@id\":\"https:\/\/www.marienhage.com\/fr\/#website\",\"url\":\"https:\/\/www.marienhage.com\/fr\/\",\"name\":\"Mari\u00ebnhage Hotel\",\"description\":\"Hotel in Eindhoven\",\"publisher\":{\"@id\":\"https:\/\/www.marienhage.com\/fr\/#organization\"},\"potentialAction\":[{\"@type\":\"SearchAction\",\"target\":{\"@type\":\"EntryPoint\",\"urlTemplate\":\"https:\/\/www.marienhage.com\/fr\/?s={search_term_string}\"},\"query-input\":{\"@type\":\"PropertyValueSpecification\",\"valueRequired\":true,\"valueName\":\"search_term_string\"}}],\"inLanguage\":\"fr-FR\"},{\"@type\":\"Organization\",\"@id\":\"https:\/\/www.marienhage.com\/fr\/#organization\",\"name\":\"Hotel Mari\u00ebnhage\",\"url\":\"https:\/\/www.marienhage.com\/fr\/\",\"logo\":{\"@type\":\"ImageObject\",\"inLanguage\":\"fr-FR\",\"@id\":\"https:\/\/www.marienhage.com\/fr\/#\/schema\/logo\/image\/\",\"url\":\"https:\/\/www.marienhage.com\/wp-content\/uploads\/2019\/07\/hmh-mark.png\",\"contentUrl\":\"https:\/\/www.marienhage.com\/wp-content\/uploads\/2019\/07\/hmh-mark.png\",\"width\":80,\"height\":80,\"caption\":\"Hotel Mari\u00ebnhage\"},\"image\":{\"@id\":\"https:\/\/www.marienhage.com\/fr\/#\/schema\/logo\/image\/\"}}]}<\/script>\n<!-- \/ Yoast SEO plugin. -->","yoast_head_json":{"title":"Offres d'h\u00f4tel Eindhoven | Bon march\u00e9 s\u00e9jour \u00e0 Mari\u00ebnhage","description":"Vous \u00eates \u00e0 la recherche d'une bonne nuit de sommeil ? L'h\u00f4tel Monast\u00e8re Mari\u00ebnhage, situ\u00e9 dans le centre d'Eindhoven, vous propose des avantages, des offres et des paquets.","robots":{"index":"index","follow":"follow","max-snippet":"max-snippet:-1","max-image-preview":"max-image-preview:large","max-video-preview":"max-video-preview:-1"},"canonical":"https:\/\/www.marienhage.com\/fr\/offres\/","og_locale":"fr_FR","og_type":"article","og_title":"Offres d'h\u00f4tel Eindhoven | Bon march\u00e9 s\u00e9jour \u00e0 Mari\u00ebnhage","og_description":"Vous \u00eates \u00e0 la recherche d'une bonne nuit de sommeil ? L'h\u00f4tel Monast\u00e8re Mari\u00ebnhage, situ\u00e9 dans le centre d'Eindhoven, vous propose des avantages, des offres et des paquets.","og_url":"https:\/\/www.marienhage.com\/fr\/offres\/","og_site_name":"Mari\u00ebnhage Hotel","twitter_card":"summary_large_image","twitter_misc":{"Dur\u00e9e de lecture estim\u00e9e":"6 minutes"},"schema":{"@context":"https:\/\/schema.org","@graph":[{"@type":"WebPage","@id":"https:\/\/www.marienhage.com\/fr\/offres\/","url":"https:\/\/www.marienhage.com\/fr\/offres\/","name":"Offres d'h\u00f4tel Eindhoven | Bon march\u00e9 s\u00e9jour \u00e0 Mari\u00ebnhage","isPartOf":{"@id":"https:\/\/www.marienhage.com\/fr\/#website"},"description":"Vous \u00eates \u00e0 la recherche d'une bonne nuit de sommeil ? L'h\u00f4tel Monast\u00e8re Mari\u00ebnhage, situ\u00e9 dans le centre d'Eindhoven, vous propose des avantages, des offres et des paquets.","breadcrumb":{"@id":"https:\/\/www.marienhage.com\/fr\/offres\/#breadcrumb"},"inLanguage":"fr-FR","potentialAction":[{"@type":"ReadAction","target":["https:\/\/www.marienhage.com\/fr\/offres\/"]}]},{"@type":"BreadcrumbList","@id":"https:\/\/www.marienhage.com\/fr\/offres\/#breadcrumb","itemListElement":[{"@type":"ListItem","position":1,"name":"Home","item":"https:\/\/www.marienhage.com\/fr\/"},{"@type":"ListItem","position":2,"name":"Offres d&#8217;h\u00f4tel de Mari\u00ebnhage Eindhoven"}]},{"@type":"WebSite","@id":"https:\/\/www.marienhage.com\/fr\/#website","url":"https:\/\/www.marienhage.com\/fr\/","name":"Mari\u00ebnhage Hotel","description":"Hotel in Eindhoven","publisher":{"@id":"https:\/\/www.marienhage.com\/fr\/#organization"},"potentialAction":[{"@type":"SearchAction","target":{"@type":"EntryPoint","urlTemplate":"https:\/\/www.marienhage.com\/fr\/?s={search_term_string}"},"query-input":{"@type":"PropertyValueSpecification","valueRequired":true,"valueName":"search_term_string"}}],"inLanguage":"fr-FR"},{"@type":"Organization","@id":"https:\/\/www.marienhage.com\/fr\/#organization","name":"Hotel Mari\u00ebnhage","url":"https:\/\/www.marienhage.com\/fr\/","logo":{"@type":"ImageObject","inLanguage":"fr-FR","@id":"https:\/\/www.marienhage.com\/fr\/#\/schema\/logo\/image\/","url":"https:\/\/www.marienhage.com\/wp-content\/uploads\/2019\/07\/hmh-mark.png","contentUrl":"https:\/\/www.marienhage.com\/wp-content\/uploads\/2019\/07\/hmh-mark.png","width":80,"height":80,"caption":"Hotel Mari\u00ebnhage"},"image":{"@id":"https:\/\/www.marienhage.com\/fr\/#\/schema\/logo\/image\/"}}]}},"_links":{"self":[{"href":"https:\/\/www.marienhage.com\/fr\/wp-json\/wp\/v2\/pages\/8761","targetHints":{"allow":["GET"]}}],"collection":[{"href":"https:\/\/www.marienhage.com\/fr\/wp-json\/wp\/v2\/pages"}],"about":[{"href":"https:\/\/www.marienhage.com\/fr\/wp-json\/wp\/v2\/types\/page"}],"author":[{"embeddable":true,"href":"https:\/\/www.marienhage.com\/fr\/wp-json\/wp\/v2\/users\/14"}],"replies":[{"embeddable":true,"href":"https:\/\/www.marienhage.com\/fr\/wp-json\/wp\/v2\/comments?post=8761"}],"version-history":[{"count":0,"href":"https:\/\/www.marienhage.com\/fr\/wp-json\/wp\/v2\/pages\/8761\/revisions"}],"wp:attachment":[{"href":"https:\/\/www.marienhage.com\/fr\/wp-json\/wp\/v2\/media?parent=8761"}],"curies":[{"name":"wp","href":"https:\/\/api.w.org\/{rel}","templated":true}]}}