{"id":10302,"date":"2024-06-11T15:21:15","date_gmt":"2024-06-11T15:21:15","guid":{"rendered":"https:\/\/www.marienhage.com\/staycation-eindhoven\/"},"modified":"2024-06-11T15:21:16","modified_gmt":"2024-06-11T15:21:16","slug":"staycation-eindhoven","status":"publish","type":"page","link":"https:\/\/www.marienhage.com\/fr\/staycation-eindhoven\/","title":{"rendered":"Staycation Eindhoven"},"content":{"rendered":"<div class=\"fusion-fullwidth fullwidth-box fusion-builder-row-1 nonhundred-percent-fullwidth non-hundred-percent-height-scrolling\" style=\"--awb-border-radius-top-left:0px;--awb-border-radius-top-right:0px;--awb-border-radius-bottom-right:0px;--awb-border-radius-bottom-left:0px;--awb-flex-wrap:wrap;\" ><div class=\"fusion-builder-row fusion-row\"><div class=\"fusion-layout-column fusion_builder_column fusion-builder-column-0 fusion_builder_column_1_1 1_1 fusion-one-full fusion-column-first fusion-column-last fusion-column-no-min-height\" style=\"--awb-bg-image:url(&#039;https:\/\/www.marienhage.com\/wp-content\/uploads\/2021\/12\/Marienhage-Domusdela-Boutique-Hotel.jpg&#039;);--awb-bg-size:cover;\" id=\"xotels-header\"><div class=\"fusion-column-wrapper fusion-column-has-shadow fusion-flex-column-wrapper-legacy fusion-column-has-bg-image\" data-bg-url=\"https:\/\/www.marienhage.com\/wp-content\/uploads\/2021\/12\/Marienhage-Domusdela-Boutique-Hotel.jpg\"><form class=\"wide-booking-form\" action=\"https:\/\/book.marienhage.com\/fr\/search\/results\" target=\"_blank\">\n\t<div style=\"margin: auto;\">\n\t\t<input id=\"from\" class=\"datepicker\" name=\"stay_detail[arrival_date]\" type=\"text\" value=\"check-in\">\n\t\t<input id=\"to\" class=\"datepicker\" name=\"stay_detail[depart_date]\" type=\"text\" value=\"check-out\">\n\t\t<input type=\"hidden\" name=\"stay_detail[adults]\" value=\"2\">\n\t\t<input type=\"hidden\" name=\"stay_detail[number_of_rooms]\" value=\"1\">\n\t\t<button class=\"external_bookingbutton\" type=\"submit\">R\u00c9SERVER ICI<\/button>\n\t<\/div>\n<\/form><div class=\"fusion-clearfix\"><\/div><\/div><\/div><div class=\"fusion-layout-column fusion_builder_column fusion-builder-column-1 fusion_builder_column_1_2 1_2 fusion-one-half fusion-column-first\" style=\"--awb-bg-size:cover;width:50%;width:calc(50% - ( ( 4% ) * 0.5 ) );margin-right: 4%;\"><div class=\"fusion-column-wrapper fusion-flex-column-wrapper-legacy\"><div class=\"fusion-image-element fusion-image-align-center in-legacy-container\" style=\"text-align:center;--awb-caption-title-font-family:var(--h2_typography-font-family);--awb-caption-title-font-weight:var(--h2_typography-font-weight);--awb-caption-title-font-style:var(--h2_typography-font-style);--awb-caption-title-size:var(--h2_typography-font-size);--awb-caption-title-transform:var(--h2_typography-text-transform);--awb-caption-title-line-height:var(--h2_typography-line-height);--awb-caption-title-letter-spacing:var(--h2_typography-letter-spacing);\"><div class=\"imageframe-align-center\"><span class=\" fusion-imageframe imageframe-dropshadow imageframe-1 hover-type-zoomin\" style=\"-webkit-box-shadow: 3px 3px 7px rgba(114,114,114,0.3);box-shadow: 3px 3px 7px rgba(114,114,114,0.3);\"><img decoding=\"async\" width=\"600\" height=\"600\" alt=\"Hotel Mari\u00ebnhage Eindhoven Domusdela\" title=\"Domusdela-Hotel-Marienhage-vacancies\" src=\"https:\/\/www.marienhage.com\/wp-content\/uploads\/2020\/01\/Domusdela-Hotel-Marienhage-vacancies-600x600.jpg\" class=\"img-responsive wp-image-5452\" srcset=\"https:\/\/www.marienhage.com\/wp-content\/uploads\/2020\/01\/Domusdela-Hotel-Marienhage-vacancies-200x200.jpg 200w, https:\/\/www.marienhage.com\/wp-content\/uploads\/2020\/01\/Domusdela-Hotel-Marienhage-vacancies-400x400.jpg 400w, https:\/\/www.marienhage.com\/wp-content\/uploads\/2020\/01\/Domusdela-Hotel-Marienhage-vacancies-600x600.jpg 600w, https:\/\/www.marienhage.com\/wp-content\/uploads\/2020\/01\/Domusdela-Hotel-Marienhage-vacancies-800x800.jpg 800w, https:\/\/www.marienhage.com\/wp-content\/uploads\/2020\/01\/Domusdela-Hotel-Marienhage-vacancies.jpg 900w\" sizes=\"(max-width: 930px) 100vw, 600px\" \/><\/span><\/div><\/div><div class=\"fusion-clearfix\"><\/div><\/div><\/div><div class=\"fusion-layout-column fusion_builder_column fusion-builder-column-2 fusion_builder_column_1_2 1_2 fusion-one-half fusion-column-last thtextboxright\" style=\"--awb-bg-size:cover;width:50%;width:calc(50% - ( ( 4% ) * 0.5 ) );\"><div class=\"fusion-column-wrapper fusion-flex-column-wrapper-legacy\"><div class=\"fusion-title title fusion-title-1 fusion-sep-none fusion-title-text fusion-title-size-one\" style=\"--awb-margin-top:0px;--awb-margin-top-small:0px;--awb-margin-right-small:0px;--awb-margin-bottom-small:15px;--awb-margin-left-small:0px;\"><h1 class=\"fusion-title-heading title-heading-left fusion-responsive-typography-calculated\" style=\"margin:0;--fontSize:34;line-height:1.4;\">Staycation Eindhoven<\/h1><\/div><div class=\"fusion-text fusion-text-1\"><p>\u00c9chappez-vous \u00e0 la routine quotidienne et offrez-vous une \u2018Staycation\u2019 \u00e0 Eindhoven ! En tant que r\u00e9sident local, vous m\u00e9ritez de red\u00e9couvrir votre ville d&rsquo;une nouvelle mani\u00e8re.  <\/p>\n<p><strong>Comment \u00e7a marche?<\/strong><\/p>\n<ul>\n<li>C&rsquo;est simple : lors de la r\u00e9servation, utilisez le code <strong>STAY <\/strong> et voil\u00e0 ! Vous b\u00e9n\u00e9ficierez de <strong>15 % de r\u00e9duction <\/strong> sur le prix de la chambre. *  *  <\/li>\n<li>Assurez-vous d&rsquo;avoir une preuve de votre adresse lors de l&rsquo;enregistrement, afin que nous sachions que vous \u00eates un habitant local et que vous avez droit \u00e0 cette offre sp\u00e9ciale.<\/li>\n<\/ul>\n<p>Venez profiter de vacances bien m\u00e9rit\u00e9es dans votre propre ville \u00e0 l&rsquo;H\u00f4tel Mari\u00ebnhage \u00e0 Eindhoven.<\/p>\n<p><em>* Sous r\u00e9serve de disponibilit\u00e9 des chambres. Valable uniquement pour les r\u00e9servations anticip\u00e9es sur notre site web avec le code de r\u00e9duction.  <\/em><\/p>\n<\/div><div class=\"fusion-button-wrapper\"><a class=\"fusion-button button-flat fusion-button-default-size button-default fusion-button-default button-1 fusion-button-default-span fusion-button-default-type distributor\" target=\"_blank\" rel=\"noopener noreferrer\" href=\"#\"><span class=\"fusion-button-text awb-button__text awb-button__text--default\">R\u00e9servez cette chambre<\/span><\/a><\/div><div class=\"fusion-clearfix\"><\/div><\/div><\/div><div class=\"fusion-layout-column fusion_builder_column fusion-builder-column-3 fusion_builder_column_1_1 1_1 fusion-one-full fusion-column-first fusion-column-last\" style=\"--awb-bg-size:cover;\"><div class=\"fusion-column-wrapper fusion-flex-column-wrapper-legacy\"><div class=\"fusion-sep-clear\"><\/div><div class=\"fusion-separator\" style=\"margin-left: auto;margin-right: auto;margin-top:40px;margin-bottom:40px;width:100%;max-width:50%;\"><div class=\"fusion-separator-border sep-single sep-solid\" style=\"--awb-height:20px;--awb-amount:20px;border-color:#46404e;border-top-width:1px;\"><\/div><\/div><div class=\"fusion-sep-clear\"><\/div><div class=\"fusion-clearfix\"><\/div><\/div><\/div><\/div><\/div>\n","protected":false},"excerpt":{"rendered":"","protected":false},"author":4,"featured_media":0,"parent":0,"menu_order":0,"comment_status":"closed","ping_status":"closed","template":"","meta":{"footnotes":""},"class_list":["post-10302","page","type-page","status-publish","hentry"],"yoast_head":"<!-- This site is optimized with the Yoast SEO plugin v27.2 - https:\/\/yoast.com\/product\/yoast-seo-wordpress\/ -->\n<title>Staycation Eindhoven | Vacances dans votre propre pays | Hotel Mari\u00ebnhage<\/title>\n<meta name=\"description\" content=\"Si vous souhaitez passer des vacances dans votre propre pays, venez \u00e0 l&#039;h\u00f4tel Mari\u00ebnhage \u00e0 Eindhoven pour un s\u00e9jour \u00e0 Eindhoven.\" \/>\n<meta name=\"robots\" content=\"index, follow, max-snippet:-1, max-image-preview:large, max-video-preview:-1\" \/>\n<link rel=\"canonical\" href=\"https:\/\/www.marienhage.com\/fr\/staycation-eindhoven\/\" \/>\n<meta property=\"og:locale\" content=\"fr_FR\" \/>\n<meta property=\"og:type\" content=\"article\" \/>\n<meta property=\"og:title\" content=\"Staycation Eindhoven | Vacances dans votre propre pays | Hotel Mari\u00ebnhage\" \/>\n<meta property=\"og:description\" content=\"Si vous souhaitez passer des vacances dans votre propre pays, venez \u00e0 l&#039;h\u00f4tel Mari\u00ebnhage \u00e0 Eindhoven pour un s\u00e9jour \u00e0 Eindhoven.\" \/>\n<meta property=\"og:url\" content=\"https:\/\/www.marienhage.com\/fr\/staycation-eindhoven\/\" \/>\n<meta property=\"og:site_name\" content=\"Mari\u00ebnhage Hotel\" \/>\n<meta name=\"twitter:card\" content=\"summary_large_image\" \/>\n<meta name=\"twitter:label1\" content=\"Dur\u00e9e de lecture estim\u00e9e\" \/>\n\t<meta name=\"twitter:data1\" content=\"7 minutes\" \/>\n<script type=\"application\/ld+json\" class=\"yoast-schema-graph\">{\"@context\":\"https:\/\/schema.org\",\"@graph\":[{\"@type\":\"WebPage\",\"@id\":\"https:\/\/www.marienhage.com\/fr\/staycation-eindhoven\/\",\"url\":\"https:\/\/www.marienhage.com\/fr\/staycation-eindhoven\/\",\"name\":\"Staycation Eindhoven | Vacances dans votre propre pays | Hotel Mari\u00ebnhage\",\"isPartOf\":{\"@id\":\"https:\/\/www.marienhage.com\/fr\/#website\"},\"description\":\"Si vous souhaitez passer des vacances dans votre propre pays, venez \u00e0 l'h\u00f4tel Mari\u00ebnhage \u00e0 Eindhoven pour un s\u00e9jour \u00e0 Eindhoven.\",\"breadcrumb\":{\"@id\":\"https:\/\/www.marienhage.com\/fr\/staycation-eindhoven\/#breadcrumb\"},\"inLanguage\":\"fr-FR\",\"potentialAction\":[{\"@type\":\"ReadAction\",\"target\":[\"https:\/\/www.marienhage.com\/fr\/staycation-eindhoven\/\"]}]},{\"@type\":\"BreadcrumbList\",\"@id\":\"https:\/\/www.marienhage.com\/fr\/staycation-eindhoven\/#breadcrumb\",\"itemListElement\":[{\"@type\":\"ListItem\",\"position\":1,\"name\":\"Home\",\"item\":\"https:\/\/www.marienhage.com\/fr\/\"},{\"@type\":\"ListItem\",\"position\":2,\"name\":\"Staycation Eindhoven\"}]},{\"@type\":\"WebSite\",\"@id\":\"https:\/\/www.marienhage.com\/fr\/#website\",\"url\":\"https:\/\/www.marienhage.com\/fr\/\",\"name\":\"Mari\u00ebnhage Hotel\",\"description\":\"Hotel in Eindhoven\",\"publisher\":{\"@id\":\"https:\/\/www.marienhage.com\/fr\/#organization\"},\"potentialAction\":[{\"@type\":\"SearchAction\",\"target\":{\"@type\":\"EntryPoint\",\"urlTemplate\":\"https:\/\/www.marienhage.com\/fr\/?s={search_term_string}\"},\"query-input\":{\"@type\":\"PropertyValueSpecification\",\"valueRequired\":true,\"valueName\":\"search_term_string\"}}],\"inLanguage\":\"fr-FR\"},{\"@type\":\"Organization\",\"@id\":\"https:\/\/www.marienhage.com\/fr\/#organization\",\"name\":\"Hotel Mari\u00ebnhage\",\"url\":\"https:\/\/www.marienhage.com\/fr\/\",\"logo\":{\"@type\":\"ImageObject\",\"inLanguage\":\"fr-FR\",\"@id\":\"https:\/\/www.marienhage.com\/fr\/#\/schema\/logo\/image\/\",\"url\":\"https:\/\/www.marienhage.com\/wp-content\/uploads\/2019\/07\/hmh-mark.png\",\"contentUrl\":\"https:\/\/www.marienhage.com\/wp-content\/uploads\/2019\/07\/hmh-mark.png\",\"width\":80,\"height\":80,\"caption\":\"Hotel Mari\u00ebnhage\"},\"image\":{\"@id\":\"https:\/\/www.marienhage.com\/fr\/#\/schema\/logo\/image\/\"}}]}<\/script>\n<!-- \/ Yoast SEO plugin. -->","yoast_head_json":{"title":"Staycation Eindhoven | Vacances dans votre propre pays | Hotel Mari\u00ebnhage","description":"Si vous souhaitez passer des vacances dans votre propre pays, venez \u00e0 l'h\u00f4tel Mari\u00ebnhage \u00e0 Eindhoven pour un s\u00e9jour \u00e0 Eindhoven.","robots":{"index":"index","follow":"follow","max-snippet":"max-snippet:-1","max-image-preview":"max-image-preview:large","max-video-preview":"max-video-preview:-1"},"canonical":"https:\/\/www.marienhage.com\/fr\/staycation-eindhoven\/","og_locale":"fr_FR","og_type":"article","og_title":"Staycation Eindhoven | Vacances dans votre propre pays | Hotel Mari\u00ebnhage","og_description":"Si vous souhaitez passer des vacances dans votre propre pays, venez \u00e0 l'h\u00f4tel Mari\u00ebnhage \u00e0 Eindhoven pour un s\u00e9jour \u00e0 Eindhoven.","og_url":"https:\/\/www.marienhage.com\/fr\/staycation-eindhoven\/","og_site_name":"Mari\u00ebnhage Hotel","twitter_card":"summary_large_image","twitter_misc":{"Dur\u00e9e de lecture estim\u00e9e":"7 minutes"},"schema":{"@context":"https:\/\/schema.org","@graph":[{"@type":"WebPage","@id":"https:\/\/www.marienhage.com\/fr\/staycation-eindhoven\/","url":"https:\/\/www.marienhage.com\/fr\/staycation-eindhoven\/","name":"Staycation Eindhoven | Vacances dans votre propre pays | Hotel Mari\u00ebnhage","isPartOf":{"@id":"https:\/\/www.marienhage.com\/fr\/#website"},"description":"Si vous souhaitez passer des vacances dans votre propre pays, venez \u00e0 l'h\u00f4tel Mari\u00ebnhage \u00e0 Eindhoven pour un s\u00e9jour \u00e0 Eindhoven.","breadcrumb":{"@id":"https:\/\/www.marienhage.com\/fr\/staycation-eindhoven\/#breadcrumb"},"inLanguage":"fr-FR","potentialAction":[{"@type":"ReadAction","target":["https:\/\/www.marienhage.com\/fr\/staycation-eindhoven\/"]}]},{"@type":"BreadcrumbList","@id":"https:\/\/www.marienhage.com\/fr\/staycation-eindhoven\/#breadcrumb","itemListElement":[{"@type":"ListItem","position":1,"name":"Home","item":"https:\/\/www.marienhage.com\/fr\/"},{"@type":"ListItem","position":2,"name":"Staycation Eindhoven"}]},{"@type":"WebSite","@id":"https:\/\/www.marienhage.com\/fr\/#website","url":"https:\/\/www.marienhage.com\/fr\/","name":"Mari\u00ebnhage Hotel","description":"Hotel in Eindhoven","publisher":{"@id":"https:\/\/www.marienhage.com\/fr\/#organization"},"potentialAction":[{"@type":"SearchAction","target":{"@type":"EntryPoint","urlTemplate":"https:\/\/www.marienhage.com\/fr\/?s={search_term_string}"},"query-input":{"@type":"PropertyValueSpecification","valueRequired":true,"valueName":"search_term_string"}}],"inLanguage":"fr-FR"},{"@type":"Organization","@id":"https:\/\/www.marienhage.com\/fr\/#organization","name":"Hotel Mari\u00ebnhage","url":"https:\/\/www.marienhage.com\/fr\/","logo":{"@type":"ImageObject","inLanguage":"fr-FR","@id":"https:\/\/www.marienhage.com\/fr\/#\/schema\/logo\/image\/","url":"https:\/\/www.marienhage.com\/wp-content\/uploads\/2019\/07\/hmh-mark.png","contentUrl":"https:\/\/www.marienhage.com\/wp-content\/uploads\/2019\/07\/hmh-mark.png","width":80,"height":80,"caption":"Hotel Mari\u00ebnhage"},"image":{"@id":"https:\/\/www.marienhage.com\/fr\/#\/schema\/logo\/image\/"}}]}},"_links":{"self":[{"href":"https:\/\/www.marienhage.com\/fr\/wp-json\/wp\/v2\/pages\/10302","targetHints":{"allow":["GET"]}}],"collection":[{"href":"https:\/\/www.marienhage.com\/fr\/wp-json\/wp\/v2\/pages"}],"about":[{"href":"https:\/\/www.marienhage.com\/fr\/wp-json\/wp\/v2\/types\/page"}],"author":[{"embeddable":true,"href":"https:\/\/www.marienhage.com\/fr\/wp-json\/wp\/v2\/users\/4"}],"replies":[{"embeddable":true,"href":"https:\/\/www.marienhage.com\/fr\/wp-json\/wp\/v2\/comments?post=10302"}],"version-history":[{"count":0,"href":"https:\/\/www.marienhage.com\/fr\/wp-json\/wp\/v2\/pages\/10302\/revisions"}],"wp:attachment":[{"href":"https:\/\/www.marienhage.com\/fr\/wp-json\/wp\/v2\/media?parent=10302"}],"curies":[{"name":"wp","href":"https:\/\/api.w.org\/{rel}","templated":true}]}}