{"id":10301,"date":"2024-06-11T15:18:38","date_gmt":"2024-06-11T15:18:38","guid":{"rendered":"https:\/\/www.marienhage.com\/dormir-a-eindhoven\/"},"modified":"2025-08-12T13:54:17","modified_gmt":"2025-08-12T13:54:17","slug":"dormir-a-eindhoven","status":"publish","type":"page","link":"https:\/\/www.marienhage.com\/fr\/dormir-a-eindhoven\/","title":{"rendered":"Dormir \u00e0 Eindhoven"},"content":{"rendered":"<div class=\"fusion-fullwidth fullwidth-box fusion-builder-row-1 has-pattern-background has-mask-background nonhundred-percent-fullwidth non-hundred-percent-height-scrolling fusion-equal-height-columns\" style=\"--awb-border-radius-top-left:0px;--awb-border-radius-top-right:0px;--awb-border-radius-bottom-right:0px;--awb-border-radius-bottom-left:0px;--awb-flex-wrap:wrap;\" ><div class=\"fusion-builder-row fusion-row\"><div class=\"fusion-layout-column fusion_builder_column fusion-builder-column-0 fusion_builder_column_1_1 1_1 fusion-one-full fusion-column-first fusion-column-last fusion-column-no-min-height\" style=\"--awb-bg-image:url(&#039;https:\/\/www.marienhage.com\/wp-content\/uploads\/2021\/12\/Marienhage-Domusdela-Boutique-Hotel.jpg&#039;);--awb-bg-size:cover;\" id=\"xotels-header\"><div class=\"fusion-column-wrapper fusion-column-has-shadow fusion-flex-column-wrapper-legacy fusion-column-has-bg-image\" data-bg-url=\"https:\/\/www.marienhage.com\/wp-content\/uploads\/2021\/12\/Marienhage-Domusdela-Boutique-Hotel.jpg\">\n<form class=\"wide-booking-form\" action=\"https:\/\/book.marienhage.com\/en\/search\/results\" target=\"_blank\">\n<div style=\"margin: auto;\">\n\t\t<input id=\"from\" class=\"datepicker\" name=\"stay_detail[arrival_date]\" type=\"text\" value=\"check-in\"><br \/>\n\t\t<input id=\"to\" class=\"datepicker\" name=\"stay_detail[depart_date]\" type=\"text\" value=\"check-out\"><br \/>\n\t\t<input type=\"hidden\" name=\"stay_detail[adults]\" value=\"2\"><br \/>\n\t\t<input type=\"hidden\" name=\"stay_detail[number_of_rooms]\" value=\"1\"><br \/>\n\t\t<button class=\"external_bookingbutton\" type=\"submit\">BOOK NOW<\/button>\n\t<\/div>\n<\/form>\n<div class=\"fusion-clearfix\"><\/div><\/div><\/div><div class=\"fusion-layout-column fusion_builder_column fusion-builder-column-1 fusion_builder_column_1_1 1_1 fusion-one-full fusion-column-first fusion-column-last\" style=\"--awb-bg-size:cover;\"><div class=\"fusion-column-wrapper fusion-column-has-shadow fusion-flex-column-wrapper-legacy\"><div class=\"fusion-builder-row fusion-builder-row-inner fusion-row\"><div class=\"fusion-layout-column fusion_builder_column_inner fusion-builder-nested-column-0 fusion_builder_column_inner_1_2 1_2 fusion-one-half fusion-column-first\" style=\"--awb-padding-top:15px;--awb-padding-right:15px;--awb-padding-bottom:15px;--awb-padding-left:15px;--awb-bg-color:#ecdbd5;--awb-bg-color-hover:#ecdbd5;--awb-bg-size:cover;width:50%;width:calc(50% - ( ( 4% ) * 0.5 ) );margin-right: 4%;\"><div class=\"fusion-column-wrapper fusion-column-has-shadow fusion-flex-column-wrapper-legacy\"><div class=\"fusion-text fusion-text-1\"><h1 style=\"text-align: center;\">Dormir \u00e0 Eindhoven<\/h1>\n<p style=\"text-align: center;\">Vous recherchez une exp\u00e9rience de nuit\u00e9e unique \u00e0 Eindhoven ? L&rsquo;H\u00f4tel Mari\u00ebnhage, un magnifique h\u00f4tel-boutique 4 \u00e9toiles, vous accueille pour un s\u00e9jour inoubliable. Install\u00e9 sur les fondations s\u00e9culaires du monast\u00e8re de Mari\u00ebnhage, notre h\u00f4tel allie luxe et histoire.  <\/p>\n<p style=\"text-align: center;\"><strong>Choisissez votre chambre parfaite<\/strong><\/p>\n<p style=\"text-align: center;\">Chaque chambre de l&rsquo;H\u00f4tel Mari\u00ebnhage est une \u0153uvre d&rsquo;art en soi, avec des designs soigneusement choisis qui refl\u00e8tent la riche histoire du monast\u00e8re. Que vous optiez pour une chambre au design moderne ou une chambre qui respire la mystique de la vie monastique, nous vous garantissons une exp\u00e9rience m\u00e9morable. <\/p>\n<p style=\"text-align: center;\"><strong>R\u00e9servez d\u00e8s maintenant pour une nuit divine<\/strong><\/p>\n<p style=\"text-align: center;\">N&rsquo;attendez plus et r\u00e9servez votre chambre \u00e0 l&rsquo;H\u00f4tel Mari\u00ebnhage. D\u00e9couvrez nos diff\u00e9rents designs et types de chambres et trouvez le match parfait pour votre s\u00e9jour \u00e0 Eindhoven. Visitez notre site web et commencez d\u00e8s aujourd&rsquo;hui \u00e0 planifier votre escapade nocturne !  <\/p>\n<\/div><div class=\"fusion-aligncenter\"><a class=\"fusion-button button-flat fusion-button-default-size button-default fusion-button-default button-1 fusion-button-default-span fusion-button-default-type\" target=\"_self\" href=\"https:\/\/www.marienhage.com\/fr\/types-de-chambres\/\"><span class=\"fusion-button-text awb-button__text awb-button__text--default\">D\u00e9couvrez les diff\u00e9rents types de chambres<\/span><\/a><\/div><div class=\"fusion-clearfix\"><\/div><\/div><\/div><div class=\"fusion-layout-column fusion_builder_column_inner fusion-builder-nested-column-1 fusion_builder_column_inner_1_2 1_2 fusion-one-half fusion-column-last\" style=\"--awb-bg-size:cover;width:50%;width:calc(50% - ( ( 4% ) * 0.5 ) );\"><div class=\"fusion-column-wrapper fusion-column-has-shadow fusion-flex-column-wrapper-legacy\"><div class=\"fusion-image-element in-legacy-container\" style=\"--awb-caption-title-font-family:var(--h2_typography-font-family);--awb-caption-title-font-weight:var(--h2_typography-font-weight);--awb-caption-title-font-style:var(--h2_typography-font-style);--awb-caption-title-size:var(--h2_typography-font-size);--awb-caption-title-transform:var(--h2_typography-text-transform);--awb-caption-title-line-height:var(--h2_typography-line-height);--awb-caption-title-letter-spacing:var(--h2_typography-letter-spacing);\"><span class=\" fusion-imageframe imageframe-none imageframe-1 hover-type-none\"><img decoding=\"async\" width=\"1000\" height=\"666\" alt=\"Vakantie arrangement in Brabant | Kloosterhotel Mari\u00ebnhage\" title=\"Epic Eden XL Room 2 &#8211; Hotel Mari\u00ebnhage Eindhoven Domusdela\" src=\"https:\/\/www.marienhage.com\/wp-content\/uploads\/2022\/02\/Epic-Eden-XL-Room-2-Hotel-Marienhage-Eindhoven-Domusdela.jpg\" class=\"img-responsive wp-image-8157\" srcset=\"https:\/\/www.marienhage.com\/wp-content\/uploads\/2022\/02\/Epic-Eden-XL-Room-2-Hotel-Marienhage-Eindhoven-Domusdela-200x133.jpg 200w, https:\/\/www.marienhage.com\/wp-content\/uploads\/2022\/02\/Epic-Eden-XL-Room-2-Hotel-Marienhage-Eindhoven-Domusdela-400x266.jpg 400w, https:\/\/www.marienhage.com\/wp-content\/uploads\/2022\/02\/Epic-Eden-XL-Room-2-Hotel-Marienhage-Eindhoven-Domusdela-600x400.jpg 600w, https:\/\/www.marienhage.com\/wp-content\/uploads\/2022\/02\/Epic-Eden-XL-Room-2-Hotel-Marienhage-Eindhoven-Domusdela-800x533.jpg 800w, https:\/\/www.marienhage.com\/wp-content\/uploads\/2022\/02\/Epic-Eden-XL-Room-2-Hotel-Marienhage-Eindhoven-Domusdela.jpg 1000w\" sizes=\"(max-width: 930px) 100vw, 600px\" \/><\/span><\/div><div class=\"fusion-clearfix\"><\/div><\/div><\/div><\/div><div class=\"fusion-clearfix\"><\/div><\/div><\/div><\/div><\/div>\n","protected":false},"excerpt":{"rendered":"","protected":false},"author":14,"featured_media":0,"parent":0,"menu_order":0,"comment_status":"closed","ping_status":"closed","template":"","meta":{"footnotes":""},"class_list":["post-10301","page","type-page","status-publish","hentry"],"yoast_head":"<!-- This site is optimized with the Yoast SEO plugin v27.2 - https:\/\/yoast.com\/product\/yoast-seo-wordpress\/ -->\n<title>H\u00e9bergement \u00e0 Eindhoven | H\u00f4tel Mari\u00ebnhage<\/title>\n<meta name=\"description\" content=\"Dormez \u00e0 l&#039;h\u00f4tel monastique Mari\u00ebnhage au centre d&#039;Eindhoven. R\u00e9servez une chambre et profitez d&#039;une exp\u00e9rience unique. R\u00e9servez d\u00e8s maintenant !\" \/>\n<meta name=\"robots\" content=\"index, follow, max-snippet:-1, max-image-preview:large, max-video-preview:-1\" \/>\n<link rel=\"canonical\" href=\"https:\/\/www.marienhage.com\/fr\/dormir-a-eindhoven\/\" \/>\n<meta property=\"og:locale\" content=\"fr_FR\" \/>\n<meta property=\"og:type\" content=\"article\" \/>\n<meta property=\"og:title\" content=\"H\u00e9bergement \u00e0 Eindhoven | H\u00f4tel Mari\u00ebnhage\" \/>\n<meta property=\"og:description\" content=\"Dormez \u00e0 l&#039;h\u00f4tel monastique Mari\u00ebnhage au centre d&#039;Eindhoven. R\u00e9servez une chambre et profitez d&#039;une exp\u00e9rience unique. R\u00e9servez d\u00e8s maintenant !\" \/>\n<meta property=\"og:url\" content=\"https:\/\/www.marienhage.com\/fr\/dormir-a-eindhoven\/\" \/>\n<meta property=\"og:site_name\" content=\"Mari\u00ebnhage Hotel\" \/>\n<meta name=\"twitter:card\" content=\"summary_large_image\" \/>\n<meta name=\"twitter:label1\" content=\"Dur\u00e9e de lecture estim\u00e9e\" \/>\n\t<meta name=\"twitter:data1\" content=\"10 minutes\" \/>\n<script type=\"application\/ld+json\" class=\"yoast-schema-graph\">{\"@context\":\"https:\/\/schema.org\",\"@graph\":[{\"@type\":\"WebPage\",\"@id\":\"https:\/\/www.marienhage.com\/fr\/dormir-a-eindhoven\/\",\"url\":\"https:\/\/www.marienhage.com\/fr\/dormir-a-eindhoven\/\",\"name\":\"H\u00e9bergement \u00e0 Eindhoven | H\u00f4tel Mari\u00ebnhage\",\"isPartOf\":{\"@id\":\"https:\/\/www.marienhage.com\/fr\/#website\"},\"description\":\"Dormez \u00e0 l'h\u00f4tel monastique Mari\u00ebnhage au centre d'Eindhoven. R\u00e9servez une chambre et profitez d'une exp\u00e9rience unique. R\u00e9servez d\u00e8s maintenant !\",\"breadcrumb\":{\"@id\":\"https:\/\/www.marienhage.com\/fr\/dormir-a-eindhoven\/#breadcrumb\"},\"inLanguage\":\"fr-FR\",\"potentialAction\":[{\"@type\":\"ReadAction\",\"target\":[\"https:\/\/www.marienhage.com\/fr\/dormir-a-eindhoven\/\"]}]},{\"@type\":\"BreadcrumbList\",\"@id\":\"https:\/\/www.marienhage.com\/fr\/dormir-a-eindhoven\/#breadcrumb\",\"itemListElement\":[{\"@type\":\"ListItem\",\"position\":1,\"name\":\"Home\",\"item\":\"https:\/\/www.marienhage.com\/fr\/\"},{\"@type\":\"ListItem\",\"position\":2,\"name\":\"Dormir \u00e0 Eindhoven\"}]},{\"@type\":\"WebSite\",\"@id\":\"https:\/\/www.marienhage.com\/fr\/#website\",\"url\":\"https:\/\/www.marienhage.com\/fr\/\",\"name\":\"Mari\u00ebnhage Hotel\",\"description\":\"Hotel in Eindhoven\",\"publisher\":{\"@id\":\"https:\/\/www.marienhage.com\/fr\/#organization\"},\"potentialAction\":[{\"@type\":\"SearchAction\",\"target\":{\"@type\":\"EntryPoint\",\"urlTemplate\":\"https:\/\/www.marienhage.com\/fr\/?s={search_term_string}\"},\"query-input\":{\"@type\":\"PropertyValueSpecification\",\"valueRequired\":true,\"valueName\":\"search_term_string\"}}],\"inLanguage\":\"fr-FR\"},{\"@type\":\"Organization\",\"@id\":\"https:\/\/www.marienhage.com\/fr\/#organization\",\"name\":\"Hotel Mari\u00ebnhage\",\"url\":\"https:\/\/www.marienhage.com\/fr\/\",\"logo\":{\"@type\":\"ImageObject\",\"inLanguage\":\"fr-FR\",\"@id\":\"https:\/\/www.marienhage.com\/fr\/#\/schema\/logo\/image\/\",\"url\":\"https:\/\/www.marienhage.com\/wp-content\/uploads\/2019\/07\/hmh-mark.png\",\"contentUrl\":\"https:\/\/www.marienhage.com\/wp-content\/uploads\/2019\/07\/hmh-mark.png\",\"width\":80,\"height\":80,\"caption\":\"Hotel Mari\u00ebnhage\"},\"image\":{\"@id\":\"https:\/\/www.marienhage.com\/fr\/#\/schema\/logo\/image\/\"}}]}<\/script>\n<!-- \/ Yoast SEO plugin. -->","yoast_head_json":{"title":"H\u00e9bergement \u00e0 Eindhoven | H\u00f4tel Mari\u00ebnhage","description":"Dormez \u00e0 l'h\u00f4tel monastique Mari\u00ebnhage au centre d'Eindhoven. R\u00e9servez une chambre et profitez d'une exp\u00e9rience unique. R\u00e9servez d\u00e8s maintenant !","robots":{"index":"index","follow":"follow","max-snippet":"max-snippet:-1","max-image-preview":"max-image-preview:large","max-video-preview":"max-video-preview:-1"},"canonical":"https:\/\/www.marienhage.com\/fr\/dormir-a-eindhoven\/","og_locale":"fr_FR","og_type":"article","og_title":"H\u00e9bergement \u00e0 Eindhoven | H\u00f4tel Mari\u00ebnhage","og_description":"Dormez \u00e0 l'h\u00f4tel monastique Mari\u00ebnhage au centre d'Eindhoven. R\u00e9servez une chambre et profitez d'une exp\u00e9rience unique. R\u00e9servez d\u00e8s maintenant !","og_url":"https:\/\/www.marienhage.com\/fr\/dormir-a-eindhoven\/","og_site_name":"Mari\u00ebnhage Hotel","twitter_card":"summary_large_image","twitter_misc":{"Dur\u00e9e de lecture estim\u00e9e":"10 minutes"},"schema":{"@context":"https:\/\/schema.org","@graph":[{"@type":"WebPage","@id":"https:\/\/www.marienhage.com\/fr\/dormir-a-eindhoven\/","url":"https:\/\/www.marienhage.com\/fr\/dormir-a-eindhoven\/","name":"H\u00e9bergement \u00e0 Eindhoven | H\u00f4tel Mari\u00ebnhage","isPartOf":{"@id":"https:\/\/www.marienhage.com\/fr\/#website"},"description":"Dormez \u00e0 l'h\u00f4tel monastique Mari\u00ebnhage au centre d'Eindhoven. R\u00e9servez une chambre et profitez d'une exp\u00e9rience unique. R\u00e9servez d\u00e8s maintenant !","breadcrumb":{"@id":"https:\/\/www.marienhage.com\/fr\/dormir-a-eindhoven\/#breadcrumb"},"inLanguage":"fr-FR","potentialAction":[{"@type":"ReadAction","target":["https:\/\/www.marienhage.com\/fr\/dormir-a-eindhoven\/"]}]},{"@type":"BreadcrumbList","@id":"https:\/\/www.marienhage.com\/fr\/dormir-a-eindhoven\/#breadcrumb","itemListElement":[{"@type":"ListItem","position":1,"name":"Home","item":"https:\/\/www.marienhage.com\/fr\/"},{"@type":"ListItem","position":2,"name":"Dormir \u00e0 Eindhoven"}]},{"@type":"WebSite","@id":"https:\/\/www.marienhage.com\/fr\/#website","url":"https:\/\/www.marienhage.com\/fr\/","name":"Mari\u00ebnhage Hotel","description":"Hotel in Eindhoven","publisher":{"@id":"https:\/\/www.marienhage.com\/fr\/#organization"},"potentialAction":[{"@type":"SearchAction","target":{"@type":"EntryPoint","urlTemplate":"https:\/\/www.marienhage.com\/fr\/?s={search_term_string}"},"query-input":{"@type":"PropertyValueSpecification","valueRequired":true,"valueName":"search_term_string"}}],"inLanguage":"fr-FR"},{"@type":"Organization","@id":"https:\/\/www.marienhage.com\/fr\/#organization","name":"Hotel Mari\u00ebnhage","url":"https:\/\/www.marienhage.com\/fr\/","logo":{"@type":"ImageObject","inLanguage":"fr-FR","@id":"https:\/\/www.marienhage.com\/fr\/#\/schema\/logo\/image\/","url":"https:\/\/www.marienhage.com\/wp-content\/uploads\/2019\/07\/hmh-mark.png","contentUrl":"https:\/\/www.marienhage.com\/wp-content\/uploads\/2019\/07\/hmh-mark.png","width":80,"height":80,"caption":"Hotel Mari\u00ebnhage"},"image":{"@id":"https:\/\/www.marienhage.com\/fr\/#\/schema\/logo\/image\/"}}]}},"_links":{"self":[{"href":"https:\/\/www.marienhage.com\/fr\/wp-json\/wp\/v2\/pages\/10301","targetHints":{"allow":["GET"]}}],"collection":[{"href":"https:\/\/www.marienhage.com\/fr\/wp-json\/wp\/v2\/pages"}],"about":[{"href":"https:\/\/www.marienhage.com\/fr\/wp-json\/wp\/v2\/types\/page"}],"author":[{"embeddable":true,"href":"https:\/\/www.marienhage.com\/fr\/wp-json\/wp\/v2\/users\/14"}],"replies":[{"embeddable":true,"href":"https:\/\/www.marienhage.com\/fr\/wp-json\/wp\/v2\/comments?post=10301"}],"version-history":[{"count":0,"href":"https:\/\/www.marienhage.com\/fr\/wp-json\/wp\/v2\/pages\/10301\/revisions"}],"wp:attachment":[{"href":"https:\/\/www.marienhage.com\/fr\/wp-json\/wp\/v2\/media?parent=10301"}],"curies":[{"name":"wp","href":"https:\/\/api.w.org\/{rel}","templated":true}]}}