{"id":10289,"date":"2024-06-11T14:22:45","date_gmt":"2024-06-11T14:22:45","guid":{"rendered":"https:\/\/www.marienhage.com\/hotel-eindhoven-avec-petit-dejeuner\/"},"modified":"2024-06-11T14:22:46","modified_gmt":"2024-06-11T14:22:46","slug":"hotel-eindhoven-avec-petit-dejeuner","status":"publish","type":"page","link":"https:\/\/www.marienhage.com\/fr\/hotel-eindhoven-avec-petit-dejeuner\/","title":{"rendered":"H\u00f4tel \u00e0 Eindhoven centre avec petit-d\u00e9jeuner"},"content":{"rendered":"<div class=\"fusion-fullwidth fullwidth-box fusion-builder-row-1 has-pattern-background has-mask-background nonhundred-percent-fullwidth non-hundred-percent-height-scrolling fusion-equal-height-columns maincontentmh\" style=\"--awb-border-radius-top-left:0px;--awb-border-radius-top-right:0px;--awb-border-radius-bottom-right:0px;--awb-border-radius-bottom-left:0px;--awb-flex-wrap:wrap;\" ><div class=\"fusion-builder-row fusion-row\"><div class=\"fusion-layout-column fusion_builder_column fusion-builder-column-0 fusion_builder_column_1_1 1_1 fusion-one-full fusion-column-first fusion-column-last fusion-column-no-min-height\" style=\"--awb-bg-image:url(&#039;https:\/\/www.marienhage.com\/wp-content\/uploads\/2021\/12\/Marienhage-Domusdela-Boutique-Hotel.jpg&#039;);--awb-bg-size:cover;\" id=\"xotels-header\" data-scroll-devices=\"small-visibility,medium-visibility,large-visibility\"><div class=\"fusion-column-wrapper fusion-column-has-shadow fusion-flex-column-wrapper-legacy fusion-column-has-bg-image\" data-bg-url=\"https:\/\/www.marienhage.com\/wp-content\/uploads\/2021\/12\/Marienhage-Domusdela-Boutique-Hotel.jpg\"><form class=\"wide-booking-form\" action=\"https:\/\/book.marienhage.com\/en\/search\/results\" target=\"_blank\">\n\t<div style=\"margin: auto;\">\n\t\t<input id=\"from\" class=\"datepicker\" name=\"stay_detail[arrival_date]\" type=\"text\" value=\"check-in\">\n\t\t<input id=\"to\" class=\"datepicker\" name=\"stay_detail[depart_date]\" type=\"text\" value=\"check-out\">\n\t\t<input type=\"hidden\" name=\"stay_detail[adults]\" value=\"2\">\n\t\t<input type=\"hidden\" name=\"stay_detail[number_of_rooms]\" value=\"1\">\n\t\t<button class=\"external_bookingbutton\" type=\"submit\">BOOK NOW<\/button>\n\t<\/div>\n<\/form><div class=\"fusion-clearfix\"><\/div><\/div><\/div><div class=\"fusion-layout-column fusion_builder_column fusion-builder-column-1 fusion_builder_column_1_1 1_1 fusion-one-full fusion-column-first fusion-column-last\" style=\"--awb-bg-color:#fbf5ee;--awb-bg-color-hover:#fbf5ee;--awb-bg-size:cover;--awb-box-shadow: 0px 0px #a8a8a8;;\" data-scroll-devices=\"small-visibility,medium-visibility,large-visibility\"><div class=\"fusion-column-wrapper fusion-column-has-shadow fusion-flex-column-wrapper-legacy\"><div class=\"fusion-column-content-centered\"><div class=\"fusion-column-content\"><div class=\"fusion-builder-row fusion-builder-row-inner fusion-row\"><div class=\"fusion-layout-column fusion_builder_column_inner fusion-builder-nested-column-0 fusion_builder_column_inner_1_2 1_2 fusion-one-half fusion-column-first\" style=\"--awb-padding-top:15px;--awb-padding-right:15px;--awb-padding-bottom:15px;--awb-padding-left:15px;--awb-bg-color:#ecdbd5;--awb-bg-color-hover:#ecdbd5;--awb-bg-size:cover;width:50%;width:calc(50% - ( ( 4% ) * 0.5 ) );margin-right: 4%;\" data-scroll-devices=\"small-visibility,medium-visibility,large-visibility\"><div class=\"fusion-column-wrapper fusion-column-has-shadow fusion-flex-column-wrapper-legacy\"><div class=\"fusion-column-content-centered\"><div class=\"fusion-column-content\"><div class=\"fusion-text fusion-text-1\"><h1 style=\"text-align: center;\">H\u00f4tel \u00e0 Eindhoven centre avec petit-d\u00e9jeuner<\/h1>\n<p style=\"text-align: center;\">Apr\u00e8s une nuit c\u00e9leste dans l&rsquo;une des magnifiques chambres d&rsquo;h\u00f4tel de l&rsquo;H\u00f4tel Mari\u00ebnhage, vous pourrez savourer un d\u00e9licieux petit-d\u00e9jeuner avec des bulles le matin. Ce petit-d\u00e9jeuner comprend du pain frais, des toasts croustillants, une vari\u00e9t\u00e9 de petits pains, diff\u00e9rents types de garnitures, des c\u00e9r\u00e9ales, des douceurs sucr\u00e9es, des fruits frais et votre choix de d\u00e9licieux caf\u00e9 ou th\u00e9. <\/p>\n<p style=\"text-align: center;\"><strong>Le petit-d\u00e9jeuner est servi : <\/strong><\/p>\n<ul style=\"text-align: center;\">\n<li>Du lundi au vendredi : 07h00 &#8211; 10h00<\/li>\n<li>Samedi et dimanche : 08h00 &#8211; 11h00<\/li>\n<\/ul>\n<p style=\"text-align: center;\"><em>Si vous avez des allergies ou des r\u00e9gimes sp\u00e9ciaux, veuillez nous en informer \u00e0 l&rsquo;avance \u00e0 la r\u00e9ception.<\/em><\/p>\n<p style=\"text-align: center;\">Pr\u00e9voyez-vous de profiter prochainement d&rsquo;un petit-d\u00e9jeuner dans cet h\u00f4tel magnifique au centre d&rsquo;Eindhoven, combin\u00e9 \u00e0 une nuit\u00e9e ? Profitez alors de notre offre avantageuse pour s\u00e9journer \u00e0 l&rsquo;H\u00f4tel Mari\u00ebnhage, avec un petit-d\u00e9jeuner complet inclus ! <\/p>\n<\/div><div class=\"fusion-aligncenter\"><a class=\"fusion-button button-flat fusion-button-default-size button-default fusion-button-default button-1 fusion-button-default-span fusion-button-default-type distributor\" target=\"_blank\" rel=\"noopener noreferrer\" href=\"#\"><span class=\"fusion-button-text awb-button__text awb-button__text--default\">R\u00e9servez votre s\u00e9jour<\/span><\/a><\/div><\/div><\/div><div class=\"fusion-clearfix\"><\/div><\/div><\/div><div class=\"fusion-layout-column fusion_builder_column_inner fusion-builder-nested-column-1 fusion_builder_column_inner_1_2 1_2 fusion-one-half fusion-column-last\" style=\"--awb-bg-size:cover;width:50%;width:calc(50% - ( ( 4% ) * 0.5 ) );\" data-scroll-devices=\"small-visibility,medium-visibility,large-visibility\"><div class=\"fusion-column-wrapper fusion-column-has-shadow fusion-flex-column-wrapper-legacy\"><div class=\"fusion-column-content-centered\"><div class=\"fusion-column-content\"><div class=\"fusion-image-element in-legacy-container\" style=\"--awb-caption-title-font-family:var(--h2_typography-font-family);--awb-caption-title-font-weight:var(--h2_typography-font-weight);--awb-caption-title-font-style:var(--h2_typography-font-style);--awb-caption-title-size:var(--h2_typography-font-size);--awb-caption-title-transform:var(--h2_typography-text-transform);--awb-caption-title-line-height:var(--h2_typography-line-height);--awb-caption-title-letter-spacing:var(--h2_typography-letter-spacing);\"><span class=\" fusion-imageframe imageframe-none imageframe-1 hover-type-none\"><img decoding=\"async\" width=\"641\" height=\"663\" alt=\"Vakantie arrangement in Brabant | Kloosterhotel Mari\u00ebnhage\" title=\"Ontbijt Brasserie Rita\" src=\"https:\/\/www.marienhage.com\/wp-content\/uploads\/2024\/06\/Ontbijt-Brasserie-Rita.png\" class=\"img-responsive wp-image-10137\" srcset=\"https:\/\/www.marienhage.com\/wp-content\/uploads\/2024\/06\/Ontbijt-Brasserie-Rita-200x207.png 200w, https:\/\/www.marienhage.com\/wp-content\/uploads\/2024\/06\/Ontbijt-Brasserie-Rita-400x414.png 400w, https:\/\/www.marienhage.com\/wp-content\/uploads\/2024\/06\/Ontbijt-Brasserie-Rita-600x621.png 600w, https:\/\/www.marienhage.com\/wp-content\/uploads\/2024\/06\/Ontbijt-Brasserie-Rita.png 641w\" sizes=\"(max-width: 930px) 100vw, 600px\" \/><\/span><\/div><\/div><\/div><div class=\"fusion-clearfix\"><\/div><\/div><\/div><\/div><\/div><\/div><div class=\"fusion-clearfix\"><\/div><\/div><\/div><\/div><\/div>\n","protected":false},"excerpt":{"rendered":"","protected":false},"author":14,"featured_media":0,"parent":0,"menu_order":0,"comment_status":"closed","ping_status":"closed","template":"","meta":{"footnotes":""},"class_list":["post-10289","page","type-page","status-publish","hentry"],"yoast_head":"<!-- This site is optimized with the Yoast SEO plugin v27.2 - https:\/\/yoast.com\/product\/yoast-seo-wordpress\/ -->\n<title>Hotel Eindhoven inclusive breakfast | Hotel Mari\u00ebnhage<\/title>\n<meta name=\"description\" content=\"Vous cherchez un h\u00f4tel \u00e0 Eindhoven avec petit d\u00e9jeuner inclus ? \u00c0 l&#039;h\u00f4tel Mari\u00ebnhage, nous proposons le meilleur petit d\u00e9jeuner complet.\" \/>\n<meta name=\"robots\" content=\"index, follow, max-snippet:-1, max-image-preview:large, max-video-preview:-1\" \/>\n<link rel=\"canonical\" href=\"https:\/\/www.marienhage.com\/fr\/hotel-eindhoven-avec-petit-dejeuner\/\" \/>\n<meta property=\"og:locale\" content=\"fr_FR\" \/>\n<meta property=\"og:type\" content=\"article\" \/>\n<meta property=\"og:title\" content=\"Hotel Eindhoven inclusive breakfast | Hotel Mari\u00ebnhage\" \/>\n<meta property=\"og:description\" content=\"Vous cherchez un h\u00f4tel \u00e0 Eindhoven avec petit d\u00e9jeuner inclus ? \u00c0 l&#039;h\u00f4tel Mari\u00ebnhage, nous proposons le meilleur petit d\u00e9jeuner complet.\" \/>\n<meta property=\"og:url\" content=\"https:\/\/www.marienhage.com\/fr\/hotel-eindhoven-avec-petit-dejeuner\/\" \/>\n<meta property=\"og:site_name\" content=\"Mari\u00ebnhage Hotel\" \/>\n<meta name=\"twitter:card\" content=\"summary_large_image\" \/>\n<meta name=\"twitter:label1\" content=\"Dur\u00e9e de lecture estim\u00e9e\" \/>\n\t<meta name=\"twitter:data1\" content=\"17 minutes\" \/>\n<script type=\"application\/ld+json\" class=\"yoast-schema-graph\">{\"@context\":\"https:\/\/schema.org\",\"@graph\":[{\"@type\":\"WebPage\",\"@id\":\"https:\/\/www.marienhage.com\/fr\/hotel-eindhoven-avec-petit-dejeuner\/\",\"url\":\"https:\/\/www.marienhage.com\/fr\/hotel-eindhoven-avec-petit-dejeuner\/\",\"name\":\"Hotel Eindhoven inclusive breakfast | Hotel Mari\u00ebnhage\",\"isPartOf\":{\"@id\":\"https:\/\/www.marienhage.com\/fr\/#website\"},\"description\":\"Vous cherchez un h\u00f4tel \u00e0 Eindhoven avec petit d\u00e9jeuner inclus ? \u00c0 l'h\u00f4tel Mari\u00ebnhage, nous proposons le meilleur petit d\u00e9jeuner complet.\",\"breadcrumb\":{\"@id\":\"https:\/\/www.marienhage.com\/fr\/hotel-eindhoven-avec-petit-dejeuner\/#breadcrumb\"},\"inLanguage\":\"fr-FR\",\"potentialAction\":[{\"@type\":\"ReadAction\",\"target\":[\"https:\/\/www.marienhage.com\/fr\/hotel-eindhoven-avec-petit-dejeuner\/\"]}]},{\"@type\":\"BreadcrumbList\",\"@id\":\"https:\/\/www.marienhage.com\/fr\/hotel-eindhoven-avec-petit-dejeuner\/#breadcrumb\",\"itemListElement\":[{\"@type\":\"ListItem\",\"position\":1,\"name\":\"Home\",\"item\":\"https:\/\/www.marienhage.com\/fr\/\"},{\"@type\":\"ListItem\",\"position\":2,\"name\":\"H\u00f4tel \u00e0 Eindhoven centre avec petit-d\u00e9jeuner\"}]},{\"@type\":\"WebSite\",\"@id\":\"https:\/\/www.marienhage.com\/fr\/#website\",\"url\":\"https:\/\/www.marienhage.com\/fr\/\",\"name\":\"Mari\u00ebnhage Hotel\",\"description\":\"Hotel in Eindhoven\",\"publisher\":{\"@id\":\"https:\/\/www.marienhage.com\/fr\/#organization\"},\"potentialAction\":[{\"@type\":\"SearchAction\",\"target\":{\"@type\":\"EntryPoint\",\"urlTemplate\":\"https:\/\/www.marienhage.com\/fr\/?s={search_term_string}\"},\"query-input\":{\"@type\":\"PropertyValueSpecification\",\"valueRequired\":true,\"valueName\":\"search_term_string\"}}],\"inLanguage\":\"fr-FR\"},{\"@type\":\"Organization\",\"@id\":\"https:\/\/www.marienhage.com\/fr\/#organization\",\"name\":\"Hotel Mari\u00ebnhage\",\"url\":\"https:\/\/www.marienhage.com\/fr\/\",\"logo\":{\"@type\":\"ImageObject\",\"inLanguage\":\"fr-FR\",\"@id\":\"https:\/\/www.marienhage.com\/fr\/#\/schema\/logo\/image\/\",\"url\":\"https:\/\/www.marienhage.com\/wp-content\/uploads\/2019\/07\/hmh-mark.png\",\"contentUrl\":\"https:\/\/www.marienhage.com\/wp-content\/uploads\/2019\/07\/hmh-mark.png\",\"width\":80,\"height\":80,\"caption\":\"Hotel Mari\u00ebnhage\"},\"image\":{\"@id\":\"https:\/\/www.marienhage.com\/fr\/#\/schema\/logo\/image\/\"}}]}<\/script>\n<!-- \/ Yoast SEO plugin. -->","yoast_head_json":{"title":"Hotel Eindhoven inclusive breakfast | Hotel Mari\u00ebnhage","description":"Vous cherchez un h\u00f4tel \u00e0 Eindhoven avec petit d\u00e9jeuner inclus ? \u00c0 l'h\u00f4tel Mari\u00ebnhage, nous proposons le meilleur petit d\u00e9jeuner complet.","robots":{"index":"index","follow":"follow","max-snippet":"max-snippet:-1","max-image-preview":"max-image-preview:large","max-video-preview":"max-video-preview:-1"},"canonical":"https:\/\/www.marienhage.com\/fr\/hotel-eindhoven-avec-petit-dejeuner\/","og_locale":"fr_FR","og_type":"article","og_title":"Hotel Eindhoven inclusive breakfast | Hotel Mari\u00ebnhage","og_description":"Vous cherchez un h\u00f4tel \u00e0 Eindhoven avec petit d\u00e9jeuner inclus ? \u00c0 l'h\u00f4tel Mari\u00ebnhage, nous proposons le meilleur petit d\u00e9jeuner complet.","og_url":"https:\/\/www.marienhage.com\/fr\/hotel-eindhoven-avec-petit-dejeuner\/","og_site_name":"Mari\u00ebnhage Hotel","twitter_card":"summary_large_image","twitter_misc":{"Dur\u00e9e de lecture estim\u00e9e":"17 minutes"},"schema":{"@context":"https:\/\/schema.org","@graph":[{"@type":"WebPage","@id":"https:\/\/www.marienhage.com\/fr\/hotel-eindhoven-avec-petit-dejeuner\/","url":"https:\/\/www.marienhage.com\/fr\/hotel-eindhoven-avec-petit-dejeuner\/","name":"Hotel Eindhoven inclusive breakfast | Hotel Mari\u00ebnhage","isPartOf":{"@id":"https:\/\/www.marienhage.com\/fr\/#website"},"description":"Vous cherchez un h\u00f4tel \u00e0 Eindhoven avec petit d\u00e9jeuner inclus ? \u00c0 l'h\u00f4tel Mari\u00ebnhage, nous proposons le meilleur petit d\u00e9jeuner complet.","breadcrumb":{"@id":"https:\/\/www.marienhage.com\/fr\/hotel-eindhoven-avec-petit-dejeuner\/#breadcrumb"},"inLanguage":"fr-FR","potentialAction":[{"@type":"ReadAction","target":["https:\/\/www.marienhage.com\/fr\/hotel-eindhoven-avec-petit-dejeuner\/"]}]},{"@type":"BreadcrumbList","@id":"https:\/\/www.marienhage.com\/fr\/hotel-eindhoven-avec-petit-dejeuner\/#breadcrumb","itemListElement":[{"@type":"ListItem","position":1,"name":"Home","item":"https:\/\/www.marienhage.com\/fr\/"},{"@type":"ListItem","position":2,"name":"H\u00f4tel \u00e0 Eindhoven centre avec petit-d\u00e9jeuner"}]},{"@type":"WebSite","@id":"https:\/\/www.marienhage.com\/fr\/#website","url":"https:\/\/www.marienhage.com\/fr\/","name":"Mari\u00ebnhage Hotel","description":"Hotel in Eindhoven","publisher":{"@id":"https:\/\/www.marienhage.com\/fr\/#organization"},"potentialAction":[{"@type":"SearchAction","target":{"@type":"EntryPoint","urlTemplate":"https:\/\/www.marienhage.com\/fr\/?s={search_term_string}"},"query-input":{"@type":"PropertyValueSpecification","valueRequired":true,"valueName":"search_term_string"}}],"inLanguage":"fr-FR"},{"@type":"Organization","@id":"https:\/\/www.marienhage.com\/fr\/#organization","name":"Hotel Mari\u00ebnhage","url":"https:\/\/www.marienhage.com\/fr\/","logo":{"@type":"ImageObject","inLanguage":"fr-FR","@id":"https:\/\/www.marienhage.com\/fr\/#\/schema\/logo\/image\/","url":"https:\/\/www.marienhage.com\/wp-content\/uploads\/2019\/07\/hmh-mark.png","contentUrl":"https:\/\/www.marienhage.com\/wp-content\/uploads\/2019\/07\/hmh-mark.png","width":80,"height":80,"caption":"Hotel Mari\u00ebnhage"},"image":{"@id":"https:\/\/www.marienhage.com\/fr\/#\/schema\/logo\/image\/"}}]}},"_links":{"self":[{"href":"https:\/\/www.marienhage.com\/fr\/wp-json\/wp\/v2\/pages\/10289","targetHints":{"allow":["GET"]}}],"collection":[{"href":"https:\/\/www.marienhage.com\/fr\/wp-json\/wp\/v2\/pages"}],"about":[{"href":"https:\/\/www.marienhage.com\/fr\/wp-json\/wp\/v2\/types\/page"}],"author":[{"embeddable":true,"href":"https:\/\/www.marienhage.com\/fr\/wp-json\/wp\/v2\/users\/14"}],"replies":[{"embeddable":true,"href":"https:\/\/www.marienhage.com\/fr\/wp-json\/wp\/v2\/comments?post=10289"}],"version-history":[{"count":0,"href":"https:\/\/www.marienhage.com\/fr\/wp-json\/wp\/v2\/pages\/10289\/revisions"}],"wp:attachment":[{"href":"https:\/\/www.marienhage.com\/fr\/wp-json\/wp\/v2\/media?parent=10289"}],"curies":[{"name":"wp","href":"https:\/\/api.w.org\/{rel}","templated":true}]}}