{"id":10277,"date":"2024-06-11T13:30:48","date_gmt":"2024-06-11T13:30:48","guid":{"rendered":"https:\/\/www.marienhage.com\/monastere-marienhage\/"},"modified":"2025-03-06T15:52:56","modified_gmt":"2025-03-06T15:52:56","slug":"monastere-marienhage","status":"publish","type":"page","link":"https:\/\/www.marienhage.com\/fr\/monastere-marienhage\/","title":{"rendered":"H\u00f4tel Monastique Mari\u00ebnhage &#8211; Une nuit\u00e9e c\u00e9leste \u00e0 Eindhoven"},"content":{"rendered":"<p><div class=\"fusion-fullwidth fullwidth-box fusion-builder-row-1 has-pattern-background has-mask-background nonhundred-percent-fullwidth non-hundred-percent-height-scrolling fusion-no-small-visibility\" style=\"--awb-border-radius-top-left:0px;--awb-border-radius-top-right:0px;--awb-border-radius-bottom-right:0px;--awb-border-radius-bottom-left:0px;--awb-flex-wrap:wrap;\" ><div class=\"fusion-builder-row fusion-row\"><div class=\"fusion-layout-column fusion_builder_column fusion-builder-column-0 fusion_builder_column_1_1 1_1 fusion-one-full fusion-column-first fusion-column-last fusion-column-no-min-height\" style=\"--awb-bg-image:url(&#039;https:\/\/www.marienhage.com\/wp-content\/uploads\/2021\/12\/Marienhage-Domusdela-Boutique-Hotel.jpg&#039;);--awb-bg-size:cover;\" id=\"xotels-header\"><div class=\"fusion-column-wrapper fusion-column-has-shadow fusion-flex-column-wrapper-legacy fusion-column-has-bg-image\" data-bg-url=\"https:\/\/www.marienhage.com\/wp-content\/uploads\/2021\/12\/Marienhage-Domusdela-Boutique-Hotel.jpg\">\t    <div class=\"datepickercss\" style='margin: auto; width: fit-content;'>\n        <div class=\"picker\">\n            <div class=\"column column2\">\n                <div class=\"date-labels\">\n                    <span class=\"arrival-title\">Date d\u2019arriv\u00e9e<\/span>\n                <\/div>\n                <input type=\"text\" id=\"datetimerange-input1\"  readonly>\n            <\/div>\n            <div class=\"column column3\">\n                <div class=\"date-labels\">\n                    <span class=\"departure-title\">Date de d\u00e9part<\/span>\n                <\/div>\n                <input type=\"text\" id=\"datetimerange-input2\" readonly>\n            <\/div>\n        <\/div>\n        <div class=\"column column4\">\n            <div class=\"promotion\">\n                <span class=\"promotion-title\">Code promotionnel<\/span>\n            <\/div>\n            <input type=\"text\" id=\"promotion\" class=\"promotion-datepicker\" style=\"text-align:center;\" placeholder=\"\">\n        <\/div>\n        <div class=\"column column5\">\n            <button id=\"datetimerange-en-button\" class=\"booking-button  fusion-button button-flat fusion-button-default-size button-default fusion-button-default fusion-button-default-span fusion-button-default-type\" target=\"_blank\" rel=\"nofollow noopener\">R\u00c9SERVER ICI<\/button>\n        <\/div>\n    <\/div><div class=\"fusion-clearfix\"><\/div><\/div><\/div><\/div><\/div>\n<div class=\"fusion-fullwidth fullwidth-box fusion-builder-row-2 hundred-percent-fullwidth non-hundred-percent-height-scrolling fusion-equal-height-columns maincontentmh\" style=\"--awb-border-radius-top-left:0px;--awb-border-radius-top-right:0px;--awb-border-radius-bottom-right:0px;--awb-border-radius-bottom-left:0px;--awb-background-color:#fbf5ee;--awb-flex-wrap:wrap;\" ><div class=\"fusion-builder-row fusion-row\"><div class=\"fusion-layout-column fusion_builder_column fusion-builder-column-1 fusion_builder_column_1_1 1_1 fusion-one-full fusion-column-first fusion-column-last\" style=\"--awb-bg-color:#fbf5ee;--awb-bg-color-hover:#fbf5ee;--awb-bg-position:right center;--awb-bg-size:cover;--awb-box-shadow:0px 0px 5px 4px #a8a8a8;;\"><div class=\"fusion-column-wrapper fusion-column-has-shadow fusion-flex-column-wrapper-legacy\"><div class=\"fusion-column-content-centered\"><div class=\"fusion-column-content\"><div class=\"fusion-builder-row fusion-builder-row-inner fusion-row\"><div class=\"fusion-layout-column fusion_builder_column_inner fusion-builder-nested-column-0 fusion_builder_column_inner_1_1 1_1 fusion-one-full fusion-column-first fusion-column-last fusion-column-no-min-height\" style=\"--awb-bg-size:cover;\" data-scroll-devices=\"small-visibility,medium-visibility,large-visibility\"><div class=\"fusion-column-wrapper fusion-column-has-shadow fusion-flex-column-wrapper-legacy\"><div class=\"fusion-text fusion-text-1\"><h1 style=\"text-align: center;\">H\u00f4tel Monastique Mari\u00ebnhage &#8211; Une nuit\u00e9e c\u00e9leste \u00e0 Eindhoven<\/h1>\n<p style=\"text-align: center;\">Bienvenue \u00e0 l&rsquo;H\u00f4tel Mari\u00ebnhage, un h\u00f4tel monastique de charme situ\u00e9 au c\u0153ur d&rsquo;Eindhoven, o\u00f9 l&rsquo;histoire riche du monast\u00e8re ancestral de Mari\u00ebnhage se m\u00eale au luxe et au confort d&rsquo;aujourd&rsquo;hui. D\u00e9couvrez l&rsquo;ambiance envo\u00fbtante de notre h\u00f4tel, impr\u00e9gn\u00e9e de l&rsquo;h\u00e9ritage spirituel et culturel de ce monument historique.<\/p>\n<\/div><div class=\"fusion-clearfix\"><\/div><\/div><\/div><div class=\"fusion-layout-column fusion_builder_column_inner fusion-builder-nested-column-1 fusion_builder_column_inner_1_2 1_2 fusion-one-half fusion-column-first\" style=\"--awb-padding-right:30px;--awb-padding-left:30px;--awb-bg-color:#ecdbd5;--awb-bg-color-hover:#ecdbd5;--awb-bg-size:cover;width:50%;width:calc(50% - ( ( 0px ) * 0.5 ) );margin-right: 0px;\"><div class=\"fusion-column-wrapper fusion-column-has-shadow fusion-flex-column-wrapper-legacy\"><div class=\"fusion-column-content-centered\"><div class=\"fusion-column-content\"><div class=\"fusion-title title fusion-title-1 fusion-sep-none fusion-title-center fusion-title-text fusion-title-size-two\" style=\"--awb-margin-top:0px;--awb-margin-top-small:0px;--awb-margin-right-small:0px;--awb-margin-bottom-small:15px;--awb-margin-left-small:0px;\"><h2 class=\"fusion-title-heading title-heading-center fusion-responsive-typography-calculated\" style=\"margin:0;--fontSize:30;line-height:1.4;\">L&rsquo;Histoire du Monast\u00e8re Mari\u00ebnhage<\/h2><\/div><div class=\"fusion-text fusion-text-2\"><p style=\"text-align: center;\">L&rsquo;histoire du Monast\u00e8re Mari\u00ebnhage commence au XIIIe si\u00e8cle, lorsqu&rsquo;il a \u00e9t\u00e9 fond\u00e9 par l&rsquo;ordre des Augustins. Situ\u00e9 sur les terres fertiles d&rsquo;Eindhoven, le monast\u00e8re s&rsquo;est rapidement d\u00e9velopp\u00e9 en un centre de spiritualit\u00e9, d&rsquo;enseignement et d&rsquo;art. \u00c0 travers les si\u00e8cles, Mari\u00ebnhage a subi diff\u00e9rentes transformations, mais son essence en tant que lieu de contemplation et de communaut\u00e9 est rest\u00e9e inchang\u00e9e.<\/p>\n<p style=\"text-align: center;\">Au fil du temps, le monast\u00e8re a servi de refuge pour les p\u00e8lerins, de source de savoir pour les \u00e9rudits et d&rsquo;oasis de paix pour ceux en qu\u00eate d&rsquo;illumination spirituelle. L&rsquo;architecture majestueuse et les jardins sereins refl\u00e8tent la simplicit\u00e9 et l&rsquo;humilit\u00e9 qui caract\u00e9risaient l&rsquo;ordre des Augustins, tandis que l&rsquo;esprit de d\u00e9votion est toujours palpable dans chaque pierre et chaque coin du domaine.<\/p>\n<\/div><\/div><\/div><div class=\"fusion-clearfix\"><\/div><\/div><\/div><div class=\"fusion-layout-column fusion_builder_column_inner fusion-builder-nested-column-2 fusion_builder_column_inner_1_2 1_2 fusion-one-half fusion-column-last\" style=\"--awb-bg-size:cover;width:50%;width:calc(50% - ( ( 0px ) * 0.5 ) );\"><div class=\"fusion-column-wrapper fusion-column-has-shadow fusion-flex-column-wrapper-legacy\"><div class=\"fusion-image-element fusion-image-align-center in-legacy-container\" style=\"text-align:center;--awb-caption-title-font-family:var(--h2_typography-font-family);--awb-caption-title-font-weight:var(--h2_typography-font-weight);--awb-caption-title-font-style:var(--h2_typography-font-style);--awb-caption-title-size:var(--h2_typography-font-size);--awb-caption-title-transform:var(--h2_typography-text-transform);--awb-caption-title-line-height:var(--h2_typography-line-height);--awb-caption-title-letter-spacing:var(--h2_typography-letter-spacing);\"><div class=\"imageframe-align-center\"><span class=\" fusion-imageframe imageframe-none imageframe-1 hover-type-zoomin\"><img decoding=\"async\" width=\"1000\" height=\"1034\" alt=\"Vakantie arrangement in Brabant | Kloosterhotel Mari\u00ebnhage\" title=\"Kerk\" src=\"https:\/\/www.marienhage.com\/wp-content\/uploads\/2024\/06\/Kerk.webp\" class=\"img-responsive wp-image-10231\" srcset=\"https:\/\/www.marienhage.com\/wp-content\/uploads\/2024\/06\/Kerk-200x207.webp 200w, https:\/\/www.marienhage.com\/wp-content\/uploads\/2024\/06\/Kerk-400x414.webp 400w, https:\/\/www.marienhage.com\/wp-content\/uploads\/2024\/06\/Kerk-600x620.webp 600w, https:\/\/www.marienhage.com\/wp-content\/uploads\/2024\/06\/Kerk-800x827.webp 800w, https:\/\/www.marienhage.com\/wp-content\/uploads\/2024\/06\/Kerk.webp 1000w\" sizes=\"(max-width: 930px) 100vw, 800px\" \/><\/span><\/div><\/div><div class=\"fusion-clearfix\"><\/div><\/div><\/div><div class=\"fusion-layout-column fusion_builder_column_inner fusion-builder-nested-column-3 fusion_builder_column_inner_1_2 1_2 fusion-one-half fusion-column-first fusion-column-no-min-height\" style=\"--awb-bg-size:cover;width:50%;width:calc(50% - ( ( 0px ) * 0.5 ) );margin-right: 0px;\" data-scroll-devices=\"small-visibility,medium-visibility,large-visibility\"><div class=\"fusion-column-wrapper fusion-column-has-shadow fusion-flex-column-wrapper-legacy\"><div class=\"fusion-column-content-centered\"><div class=\"fusion-column-content\"><div class=\"fusion-image-element fusion-image-align-center in-legacy-container\" style=\"text-align:center;--awb-caption-title-font-family:var(--h2_typography-font-family);--awb-caption-title-font-weight:var(--h2_typography-font-weight);--awb-caption-title-font-style:var(--h2_typography-font-style);--awb-caption-title-size:var(--h2_typography-font-size);--awb-caption-title-transform:var(--h2_typography-text-transform);--awb-caption-title-line-height:var(--h2_typography-line-height);--awb-caption-title-letter-spacing:var(--h2_typography-letter-spacing);\"><div class=\"imageframe-align-center\"><span class=\" fusion-imageframe imageframe-none imageframe-2 hover-type-zoomin\"><img decoding=\"async\" width=\"1000\" height=\"1034\" alt=\"Last Minute Deal Eindhoven - Hotel Marienhage\" title=\"Kerk 2\" src=\"https:\/\/www.marienhage.com\/wp-content\/uploads\/2024\/06\/Kerk-2.webp\" class=\"img-responsive wp-image-10251\" srcset=\"https:\/\/www.marienhage.com\/wp-content\/uploads\/2024\/06\/Kerk-2-200x207.webp 200w, https:\/\/www.marienhage.com\/wp-content\/uploads\/2024\/06\/Kerk-2-400x414.webp 400w, https:\/\/www.marienhage.com\/wp-content\/uploads\/2024\/06\/Kerk-2-600x620.webp 600w, https:\/\/www.marienhage.com\/wp-content\/uploads\/2024\/06\/Kerk-2-800x827.webp 800w, https:\/\/www.marienhage.com\/wp-content\/uploads\/2024\/06\/Kerk-2.webp 1000w\" sizes=\"(max-width: 930px) 100vw, 800px\" \/><\/span><\/div><\/div><\/div><\/div><div class=\"fusion-clearfix\"><\/div><\/div><\/div><div class=\"fusion-layout-column fusion_builder_column_inner fusion-builder-nested-column-4 fusion_builder_column_inner_1_2 1_2 fusion-one-half fusion-column-last\" style=\"--awb-padding-right:30px;--awb-padding-left:30px;--awb-bg-color:#ecdbd5;--awb-bg-color-hover:#ecdbd5;--awb-bg-size:cover;width:50%;width:calc(50% - ( ( 0px ) * 0.5 ) );\"><div class=\"fusion-column-wrapper fusion-column-has-shadow fusion-flex-column-wrapper-legacy\"><div class=\"fusion-column-content-centered\"><div class=\"fusion-column-content\"><div class=\"fusion-title title fusion-title-2 fusion-sep-none fusion-title-center fusion-title-text fusion-title-size-two\" style=\"--awb-margin-top:0px;--awb-margin-top-small:0px;--awb-margin-right-small:0px;--awb-margin-bottom-small:15px;--awb-margin-left-small:0px;\"><h2 class=\"fusion-title-heading title-heading-center fusion-responsive-typography-calculated\" style=\"margin:0;--fontSize:30;line-height:1.4;\">Un Refuge Contemporain<\/h2><\/div><div class=\"fusion-text fusion-text-3\"><p style=\"text-align: center;\">Aujourd&rsquo;hui, l&rsquo;ancien monast\u00e8re Mari\u00ebnhage abrite l&rsquo;H\u00f4tel Mari\u00ebnhage, un havre de luxe et de confort au c\u0153ur anim\u00e9 d&rsquo;Eindhoven. Les clients sont accueillis dans un cadre enchanteur o\u00f9 le charme historique du monast\u00e8re se marie harmonieusement avec des \u00e9quipements modernes et une hospitalit\u00e9 de classe mondiale.<\/p>\n<p style=\"text-align: center;\">Le complexe DOMUSDELA, o\u00f9 se trouve l&rsquo;H\u00f4tel Mari\u00ebnhage, offre une exp\u00e9rience unique o\u00f9 les clients peuvent profiter d&rsquo;un h\u00e9bergement de luxe, de d\u00e9lices culinaires exquis et d&rsquo;une gamme d&rsquo;installations, le tout \u00e0 port\u00e9e de main des meilleures attractions qu&rsquo;Eindhoven a \u00e0 offrir.<\/p>\n<p style=\"text-align: center;\">Que vous recherchiez une escapade romantique, une r\u00e9union d&rsquo;affaires ou une retraite spirituelle, l&rsquo;H\u00f4tel Mari\u00ebnhage offre le cadre parfait pour se d\u00e9tendre, se ressourcer et profiter de la beaut\u00e9 intemporelle du Monast\u00e8re Mari\u00ebnhage.<\/p>\n<p style=\"text-align: center;\">Vivez la magie du pass\u00e9 et la splendeur du pr\u00e9sent avec un s\u00e9jour \u00e0 l&rsquo;H\u00f4tel Mari\u00ebnhage &#8211; l\u00e0 o\u00f9 l&rsquo;histoire prend vie et les souvenirs sont cr\u00e9\u00e9s.<\/p>\n<\/div><\/div><\/div><div class=\"fusion-clearfix\"><\/div><\/div><\/div><div class=\"fusion-layout-column fusion_builder_column_inner fusion-builder-nested-column-5 fusion_builder_column_inner_1_1 1_1 fusion-one-full fusion-column-first fusion-column-last fusion-column-no-min-height\" style=\"--awb-bg-size:cover;\" data-scroll-devices=\"small-visibility,medium-visibility,large-visibility\"><div class=\"fusion-column-wrapper fusion-column-has-shadow fusion-flex-column-wrapper-legacy\"><div class=\"fusion-column-content-centered\"><div class=\"fusion-column-content\"><div class=\"fusion-sep-clear\"><\/div><div class=\"fusion-separator fusion-full-width-sep\" style=\"margin-left: auto;margin-right: auto;margin-top:1em;margin-bottom:1em;width:100%;\"><\/div><div class=\"fusion-sep-clear\"><\/div><div class=\"fusion-aligncenter\"><a class=\"fusion-button button-flat fusion-button-default-size button-default fusion-button-default button-1 fusion-button-default-span fusion-button-default-type distributor\" target=\"_blank\" rel=\"noopener noreferrer\" href=\"#\"><span class=\"fusion-button-text awb-button__text awb-button__text--default\">R\u00e9servez votre s\u00e9jour<\/span><\/a><\/div><div class=\"fusion-sep-clear\"><\/div><div class=\"fusion-separator fusion-full-width-sep\" style=\"margin-left: auto;margin-right: auto;margin-top:1em;margin-bottom:1em;width:100%;\"><\/div><div class=\"fusion-sep-clear\"><\/div><\/div><\/div><div class=\"fusion-clearfix\"><\/div><\/div><\/div><\/div><\/div><\/div><div class=\"fusion-clearfix\"><\/div><\/div><\/div><\/div><\/div><\/p>\n","protected":false},"excerpt":{"rendered":"","protected":false},"author":14,"featured_media":0,"parent":0,"menu_order":0,"comment_status":"closed","ping_status":"closed","template":"","meta":{"footnotes":""},"class_list":["post-10277","page","type-page","status-publish","hentry"],"yoast_head":"<!-- This site is optimized with the Yoast SEO plugin v27.2 - https:\/\/yoast.com\/product\/yoast-seo-wordpress\/ -->\n<title>D\u00e9couvrez la S\u00e9r\u00e9nit\u00e9 du Monast\u00e8re Mari\u00ebnhage au C\u0153ur d&#039;Eindhoven<\/title>\n<meta name=\"description\" content=\"Visitez le monast\u00e8re historique de Mari\u00ebnhage \u00e0 Eindhoven et d\u00e9couvrez l&#039;atmosph\u00e8re sereine et la richesse spirituelle de ce lieu unique.\" \/>\n<meta name=\"robots\" content=\"index, follow, max-snippet:-1, max-image-preview:large, max-video-preview:-1\" \/>\n<link rel=\"canonical\" href=\"https:\/\/www.marienhage.com\/fr\/monastere-marienhage\/\" \/>\n<meta property=\"og:locale\" content=\"fr_FR\" \/>\n<meta property=\"og:type\" content=\"article\" \/>\n<meta property=\"og:title\" content=\"D\u00e9couvrez la S\u00e9r\u00e9nit\u00e9 du Monast\u00e8re Mari\u00ebnhage au C\u0153ur d&#039;Eindhoven\" \/>\n<meta property=\"og:description\" content=\"Visitez le monast\u00e8re historique de Mari\u00ebnhage \u00e0 Eindhoven et d\u00e9couvrez l&#039;atmosph\u00e8re sereine et la richesse spirituelle de ce lieu unique.\" \/>\n<meta property=\"og:url\" content=\"https:\/\/www.marienhage.com\/fr\/monastere-marienhage\/\" \/>\n<meta property=\"og:site_name\" content=\"Mari\u00ebnhage Hotel\" \/>\n<meta name=\"twitter:card\" content=\"summary_large_image\" \/>\n<meta name=\"twitter:label1\" content=\"Dur\u00e9e de lecture estim\u00e9e\" \/>\n\t<meta name=\"twitter:data1\" content=\"2 minutes\" \/>\n<script type=\"application\/ld+json\" class=\"yoast-schema-graph\">{\"@context\":\"https:\/\/schema.org\",\"@graph\":[{\"@type\":\"WebPage\",\"@id\":\"https:\/\/www.marienhage.com\/fr\/monastere-marienhage\/\",\"url\":\"https:\/\/www.marienhage.com\/fr\/monastere-marienhage\/\",\"name\":\"D\u00e9couvrez la S\u00e9r\u00e9nit\u00e9 du Monast\u00e8re Mari\u00ebnhage au C\u0153ur d'Eindhoven\",\"isPartOf\":{\"@id\":\"https:\/\/www.marienhage.com\/fr\/#website\"},\"description\":\"Visitez le monast\u00e8re historique de Mari\u00ebnhage \u00e0 Eindhoven et d\u00e9couvrez l'atmosph\u00e8re sereine et la richesse spirituelle de ce lieu unique.\",\"breadcrumb\":{\"@id\":\"https:\/\/www.marienhage.com\/fr\/monastere-marienhage\/#breadcrumb\"},\"inLanguage\":\"fr-FR\",\"potentialAction\":[{\"@type\":\"ReadAction\",\"target\":[\"https:\/\/www.marienhage.com\/fr\/monastere-marienhage\/\"]}]},{\"@type\":\"BreadcrumbList\",\"@id\":\"https:\/\/www.marienhage.com\/fr\/monastere-marienhage\/#breadcrumb\",\"itemListElement\":[{\"@type\":\"ListItem\",\"position\":1,\"name\":\"Home\",\"item\":\"https:\/\/www.marienhage.com\/fr\/\"},{\"@type\":\"ListItem\",\"position\":2,\"name\":\"H\u00f4tel Monastique Mari\u00ebnhage &#8211; Une nuit\u00e9e c\u00e9leste \u00e0 Eindhoven\"}]},{\"@type\":\"WebSite\",\"@id\":\"https:\/\/www.marienhage.com\/fr\/#website\",\"url\":\"https:\/\/www.marienhage.com\/fr\/\",\"name\":\"Mari\u00ebnhage Hotel\",\"description\":\"Hotel in Eindhoven\",\"publisher\":{\"@id\":\"https:\/\/www.marienhage.com\/fr\/#organization\"},\"potentialAction\":[{\"@type\":\"SearchAction\",\"target\":{\"@type\":\"EntryPoint\",\"urlTemplate\":\"https:\/\/www.marienhage.com\/fr\/?s={search_term_string}\"},\"query-input\":{\"@type\":\"PropertyValueSpecification\",\"valueRequired\":true,\"valueName\":\"search_term_string\"}}],\"inLanguage\":\"fr-FR\"},{\"@type\":\"Organization\",\"@id\":\"https:\/\/www.marienhage.com\/fr\/#organization\",\"name\":\"Hotel Mari\u00ebnhage\",\"url\":\"https:\/\/www.marienhage.com\/fr\/\",\"logo\":{\"@type\":\"ImageObject\",\"inLanguage\":\"fr-FR\",\"@id\":\"https:\/\/www.marienhage.com\/fr\/#\/schema\/logo\/image\/\",\"url\":\"https:\/\/www.marienhage.com\/wp-content\/uploads\/2019\/07\/hmh-mark.png\",\"contentUrl\":\"https:\/\/www.marienhage.com\/wp-content\/uploads\/2019\/07\/hmh-mark.png\",\"width\":80,\"height\":80,\"caption\":\"Hotel Mari\u00ebnhage\"},\"image\":{\"@id\":\"https:\/\/www.marienhage.com\/fr\/#\/schema\/logo\/image\/\"}}]}<\/script>\n<!-- \/ Yoast SEO plugin. -->","yoast_head_json":{"title":"D\u00e9couvrez la S\u00e9r\u00e9nit\u00e9 du Monast\u00e8re Mari\u00ebnhage au C\u0153ur d'Eindhoven","description":"Visitez le monast\u00e8re historique de Mari\u00ebnhage \u00e0 Eindhoven et d\u00e9couvrez l'atmosph\u00e8re sereine et la richesse spirituelle de ce lieu unique.","robots":{"index":"index","follow":"follow","max-snippet":"max-snippet:-1","max-image-preview":"max-image-preview:large","max-video-preview":"max-video-preview:-1"},"canonical":"https:\/\/www.marienhage.com\/fr\/monastere-marienhage\/","og_locale":"fr_FR","og_type":"article","og_title":"D\u00e9couvrez la S\u00e9r\u00e9nit\u00e9 du Monast\u00e8re Mari\u00ebnhage au C\u0153ur d'Eindhoven","og_description":"Visitez le monast\u00e8re historique de Mari\u00ebnhage \u00e0 Eindhoven et d\u00e9couvrez l'atmosph\u00e8re sereine et la richesse spirituelle de ce lieu unique.","og_url":"https:\/\/www.marienhage.com\/fr\/monastere-marienhage\/","og_site_name":"Mari\u00ebnhage Hotel","twitter_card":"summary_large_image","twitter_misc":{"Dur\u00e9e de lecture estim\u00e9e":"2 minutes"},"schema":{"@context":"https:\/\/schema.org","@graph":[{"@type":"WebPage","@id":"https:\/\/www.marienhage.com\/fr\/monastere-marienhage\/","url":"https:\/\/www.marienhage.com\/fr\/monastere-marienhage\/","name":"D\u00e9couvrez la S\u00e9r\u00e9nit\u00e9 du Monast\u00e8re Mari\u00ebnhage au C\u0153ur d'Eindhoven","isPartOf":{"@id":"https:\/\/www.marienhage.com\/fr\/#website"},"description":"Visitez le monast\u00e8re historique de Mari\u00ebnhage \u00e0 Eindhoven et d\u00e9couvrez l'atmosph\u00e8re sereine et la richesse spirituelle de ce lieu unique.","breadcrumb":{"@id":"https:\/\/www.marienhage.com\/fr\/monastere-marienhage\/#breadcrumb"},"inLanguage":"fr-FR","potentialAction":[{"@type":"ReadAction","target":["https:\/\/www.marienhage.com\/fr\/monastere-marienhage\/"]}]},{"@type":"BreadcrumbList","@id":"https:\/\/www.marienhage.com\/fr\/monastere-marienhage\/#breadcrumb","itemListElement":[{"@type":"ListItem","position":1,"name":"Home","item":"https:\/\/www.marienhage.com\/fr\/"},{"@type":"ListItem","position":2,"name":"H\u00f4tel Monastique Mari\u00ebnhage &#8211; Une nuit\u00e9e c\u00e9leste \u00e0 Eindhoven"}]},{"@type":"WebSite","@id":"https:\/\/www.marienhage.com\/fr\/#website","url":"https:\/\/www.marienhage.com\/fr\/","name":"Mari\u00ebnhage Hotel","description":"Hotel in Eindhoven","publisher":{"@id":"https:\/\/www.marienhage.com\/fr\/#organization"},"potentialAction":[{"@type":"SearchAction","target":{"@type":"EntryPoint","urlTemplate":"https:\/\/www.marienhage.com\/fr\/?s={search_term_string}"},"query-input":{"@type":"PropertyValueSpecification","valueRequired":true,"valueName":"search_term_string"}}],"inLanguage":"fr-FR"},{"@type":"Organization","@id":"https:\/\/www.marienhage.com\/fr\/#organization","name":"Hotel Mari\u00ebnhage","url":"https:\/\/www.marienhage.com\/fr\/","logo":{"@type":"ImageObject","inLanguage":"fr-FR","@id":"https:\/\/www.marienhage.com\/fr\/#\/schema\/logo\/image\/","url":"https:\/\/www.marienhage.com\/wp-content\/uploads\/2019\/07\/hmh-mark.png","contentUrl":"https:\/\/www.marienhage.com\/wp-content\/uploads\/2019\/07\/hmh-mark.png","width":80,"height":80,"caption":"Hotel Mari\u00ebnhage"},"image":{"@id":"https:\/\/www.marienhage.com\/fr\/#\/schema\/logo\/image\/"}}]}},"_links":{"self":[{"href":"https:\/\/www.marienhage.com\/fr\/wp-json\/wp\/v2\/pages\/10277","targetHints":{"allow":["GET"]}}],"collection":[{"href":"https:\/\/www.marienhage.com\/fr\/wp-json\/wp\/v2\/pages"}],"about":[{"href":"https:\/\/www.marienhage.com\/fr\/wp-json\/wp\/v2\/types\/page"}],"author":[{"embeddable":true,"href":"https:\/\/www.marienhage.com\/fr\/wp-json\/wp\/v2\/users\/14"}],"replies":[{"embeddable":true,"href":"https:\/\/www.marienhage.com\/fr\/wp-json\/wp\/v2\/comments?post=10277"}],"version-history":[{"count":0,"href":"https:\/\/www.marienhage.com\/fr\/wp-json\/wp\/v2\/pages\/10277\/revisions"}],"wp:attachment":[{"href":"https:\/\/www.marienhage.com\/fr\/wp-json\/wp\/v2\/media?parent=10277"}],"curies":[{"name":"wp","href":"https:\/\/api.w.org\/{rel}","templated":true}]}}