{"id":10270,"date":"2024-06-11T10:45:28","date_gmt":"2024-06-11T10:45:28","guid":{"rendered":"https:\/\/www.marienhage.com\/sortie-agreable-eindhoven\/"},"modified":"2024-08-07T13:16:50","modified_gmt":"2024-08-07T13:16:50","slug":"sortie-agreable-eindhoven","status":"publish","type":"page","link":"https:\/\/www.marienhage.com\/fr\/sortie-agreable-eindhoven\/","title":{"rendered":"Sorties Agr\u00e9ables \u00e0 Eindhoven &#8211; D\u00e9couvrez les Activit\u00e9s les Plus Amusantes"},"content":{"rendered":"<div class=\"fusion-fullwidth fullwidth-box fusion-builder-row-1 fusion-flex-container has-pattern-background has-mask-background nonhundred-percent-fullwidth non-hundred-percent-height-scrolling\" style=\"--awb-border-radius-top-left:0px;--awb-border-radius-top-right:0px;--awb-border-radius-bottom-right:0px;--awb-border-radius-bottom-left:0px;--awb-flex-wrap:wrap;\" ><div class=\"fusion-builder-row fusion-row fusion-flex-align-items-flex-start fusion-flex-content-wrap\" style=\"max-width:calc( 1200px + 0px );margin-left: calc(-0px \/ 2 );margin-right: calc(-0px \/ 2 );\"><div class=\"fusion-layout-column fusion_builder_column fusion-builder-column-0 fusion_builder_column_1_1 1_1 fusion-flex-column\" style=\"--awb-bg-size:cover;--awb-width-large:100%;--awb-margin-top-large:0px;--awb-spacing-right-large:0px;--awb-margin-bottom-large:0px;--awb-spacing-left-large:0px;--awb-width-medium:100%;--awb-order-medium:0;--awb-spacing-right-medium:0px;--awb-spacing-left-medium:0px;--awb-width-small:100%;--awb-order-small:0;--awb-spacing-right-small:0px;--awb-spacing-left-small:0px;\"><div class=\"fusion-column-wrapper fusion-column-has-shadow fusion-flex-justify-content-flex-start fusion-content-layout-column\"><div class=\"fusion-separator\" style=\"align-self: center;margin-left: auto;margin-right: auto;flex-grow:1;margin-top:1em;margin-bottom:1em;width:100%;max-width:1em;\"><\/div><\/div><\/div><div class=\"fusion-layout-column fusion_builder_column fusion-builder-column-1 fusion_builder_column_1_2 1_2 fusion-flex-column\" style=\"--awb-bg-size:cover;--awb-width-large:50%;--awb-margin-top-large:0px;--awb-spacing-right-large:0px;--awb-margin-bottom-large:0px;--awb-spacing-left-large:0px;--awb-width-medium:100%;--awb-order-medium:0;--awb-spacing-right-medium:0px;--awb-spacing-left-medium:0px;--awb-width-small:100%;--awb-order-small:0;--awb-spacing-right-small:0px;--awb-spacing-left-small:0px;\"><div class=\"fusion-column-wrapper fusion-column-has-shadow fusion-flex-justify-content-flex-start fusion-content-layout-column\"><div class=\"fusion-builder-row fusion-builder-row-inner fusion-row fusion-flex-align-items-flex-start fusion-flex-content-wrap\" style=\"--awb-flex-grow:0;--awb-flex-grow-medium:0;--awb-flex-grow-small:0;--awb-flex-shrink:0;--awb-flex-shrink-medium:0;--awb-flex-shrink-small:0;width:calc( 100% + 0px ) !important;max-width:calc( 100% + 0px ) !important;margin-left: calc(-0px \/ 2 );margin-right: calc(-0px \/ 2 );\"><div class=\"fusion-layout-column fusion_builder_column_inner fusion-builder-nested-column-0 fusion_builder_column_inner_1_1 1_1 fusion-flex-column\" style=\"--awb-padding-right:30px;--awb-padding-left:30px;--awb-bg-size:cover;--awb-width-large:100%;--awb-margin-top-large:0px;--awb-spacing-right-large:0px;--awb-margin-bottom-large:0px;--awb-spacing-left-large:0px;--awb-width-medium:100%;--awb-order-medium:0;--awb-spacing-right-medium:0px;--awb-spacing-left-medium:0px;--awb-width-small:100%;--awb-order-small:0;--awb-spacing-right-small:0px;--awb-spacing-left-small:0px;\" data-scroll-devices=\"small-visibility,medium-visibility,large-visibility\"><div class=\"fusion-column-wrapper fusion-column-has-shadow fusion-flex-justify-content-center fusion-content-layout-column\"><div class=\"fusion-separator fusion-full-width-sep\" style=\"align-self: center;margin-left: auto;margin-right: auto;margin-top:1em;margin-bottom:1em;width:100%;\"><\/div><div class=\"fusion-title title fusion-title-1 fusion-sep-none fusion-title-text fusion-title-size-one\" style=\"--awb-margin-top:0px;--awb-margin-top-small:0px;--awb-margin-right-small:0px;--awb-margin-bottom-small:15px;--awb-margin-left-small:0px;\"><h1 class=\"fusion-title-heading title-heading-left fusion-responsive-typography-calculated\" style=\"margin:0;--fontSize:34;line-height:1.4;\"><p style=\"text-align: center;\">Les Meilleures Sorties \u00e0 Eindhoven &#8211; Pour Tous les Go\u00fbts !<\/p><\/h1><\/div><div class=\"fusion-text fusion-text-1\"><p style=\"text-align: center;\">\u00c0 la recherche de la sortie parfaite \u00e0 Eindhoven ? Ne cherchez plus ! Eindhoven est connue pour son ambiance anim\u00e9e et ses innombrables activit\u00e9s qui garantissent un moment inoubliable. Que vous recherchiez de la culture, de l&rsquo;aventure ou simplement une journ\u00e9e agr\u00e9able, nous avons s\u00e9lectionn\u00e9 les sorties les plus amusantes pour vous.   <\/p>\n<\/div><div class=\"fusion-separator fusion-full-width-sep\" style=\"align-self: center;margin-left: auto;margin-right: auto;margin-top:1em;margin-bottom:1em;width:100%;\"><\/div><div class=\"fusion-text fusion-text-2\"><h2 style=\"text-align: center;\">Culture et histoire<\/h2>\n<p style=\"text-align: center;\">Explorez la riche histoire d&rsquo;Eindhoven en visitant ses nombreux mus\u00e9es et sites historiques. Laissez-vous inspirer par l&rsquo;art et les histoires que cette ville a \u00e0 offrir. <\/p>\n<\/div><div class=\"fusion-text fusion-text-3\"><p style=\"text-align: center;\"><strong>Mus\u00e9e Philips<\/strong> Pour ceux qui s&rsquo;int\u00e9ressent \u00e0 la technologie et \u00e0 l&rsquo;histoire, une visite au Mus\u00e9e Philips est incontournable. Situ\u00e9 au c\u0153ur de la ville, ce mus\u00e9e offre un regard fascinant sur l&rsquo;histoire de l&rsquo;entreprise embl\u00e9matique Philips. D\u00e9couvrez les innovations qui ont mis Eindhoven sur la carte et apprenez-en davantage sur l&rsquo;impact de cette entreprise sur la ville et sur les progr\u00e8s technologiques mondiaux.  <\/p>\n<\/div><div class=\"fusion-separator fusion-full-width-sep\" style=\"align-self: center;margin-left: auto;margin-right: auto;margin-top:1em;margin-bottom:1em;width:100%;\"><\/div><div style=\"text-align:center;\"><a class=\"fusion-button button-flat fusion-button-default-size button-default fusion-button-default button-1 fusion-button-default-span fusion-button-default-type\" target=\"_blank\" rel=\"noopener noreferrer\" href=\"https:\/\/www.philips.nl\/a-w\/philips-museum.html\"><span class=\"fusion-button-text awb-button__text awb-button__text--default\">Philips mus\u00e9e<\/span><\/a><\/div><div class=\"fusion-separator fusion-full-width-sep\" style=\"align-self: center;margin-left: auto;margin-right: auto;margin-top:1em;margin-bottom:1em;width:100%;\"><\/div><div class=\"fusion-text fusion-text-4\"><h2 style=\"text-align: center;\">Aventure et plaisir<\/h2>\n<p style=\"text-align: center;\">Pour les aventuriers parmi nous, il y a de nombreuses activit\u00e9s telles que les escape rooms, les parcs d&rsquo;escalade et m\u00eame des exp\u00e9riences en r\u00e9alit\u00e9 virtuelle. Testez vos comp\u00e9tences et travaillez en \u00e9quipe pour une journ\u00e9e pleine de d\u00e9fis et de plaisir. <\/p>\n<p style=\"text-align: center;\"><strong>R\u00e9trofutur<\/strong> Voyagez en avant et d\u00e9couvrez le futur qui nous attend avec la machine \u00e0 voyager dans le temps VR de R\u00e9trofutur \u00e0 l&rsquo;Evoluon.<\/p>\n<\/div><div class=\"fusion-separator fusion-full-width-sep\" style=\"align-self: center;margin-left: auto;margin-right: auto;margin-top:1em;margin-bottom:1em;width:100%;\"><\/div><div style=\"text-align:center;\"><a class=\"fusion-button button-flat fusion-button-default-size button-default fusion-button-default button-2 fusion-button-default-span fusion-button-default-type\" target=\"_blank\" rel=\"noopener noreferrer\" href=\"https:\/\/www.thisiseindhoven.com\/nl\/evenementen\/retrofuture\"><span class=\"fusion-button-text awb-button__text awb-button__text--default\">R\u00e9trofutur <\/span><\/a><\/div><div class=\"fusion-separator fusion-full-width-sep\" style=\"align-self: center;margin-left: auto;margin-right: auto;margin-top:1em;margin-bottom:1em;width:100%;\"><\/div><div class=\"fusion-text fusion-text-5\"><h2 style=\"text-align: center;\">D\u00e9tente et plaisir<\/h2>\n<p style=\"text-align: center;\">Besoin de vous d\u00e9tendre apr\u00e8s l&rsquo;agitation quotidienne ? Profitez des parcs paisibles, des caf\u00e9s chaleureux et des d\u00e9lices culinaires qu&rsquo;Eindhoven a \u00e0 offrir. <\/p>\n<p style=\"text-align: center;\"><strong>Restaurant Goyvaerts<\/strong> Pour un voyage culinaire empreint de cr\u00e9ativit\u00e9, d&rsquo;authenticit\u00e9 et de raffinement. Les derni\u00e8res tendances culinaires sont d\u00e9voil\u00e9es et d\u00e9velopp\u00e9es. Profitez d&rsquo;une exp\u00e9rience culinaire unique et laissez-vous guider par le menu des trois fr\u00e8res pour d\u00e9couvrir les plats et vins les plus d\u00e9licieux.  <\/p>\n<\/div><div class=\"fusion-separator fusion-full-width-sep\" style=\"align-self: center;margin-left: auto;margin-right: auto;margin-top:1em;margin-bottom:1em;width:100%;\"><\/div><div style=\"text-align:center;\"><a class=\"fusion-button button-flat fusion-button-default-size button-default fusion-button-default button-3 fusion-button-default-span fusion-button-default-type\" target=\"_blank\" rel=\"noopener noreferrer\" href=\"https:\/\/goyvaerts.nl\/\"><span class=\"fusion-button-text awb-button__text awb-button__text--default\">Restaurant Goyvaerts<\/span><\/a><\/div><div class=\"fusion-separator fusion-full-width-sep\" style=\"align-self: center;margin-left: auto;margin-right: auto;margin-top:1em;margin-bottom:1em;width:100%;\"><\/div><div class=\"fusion-text fusion-text-6\"><h2 style=\"text-align: center;\">Shopping et d\u00e9couverte<\/h2>\n<p style=\"text-align: center;\">Promenez-vous dans les rues anim\u00e9es et d\u00e9couvrez des boutiques uniques, des boutiques et des march\u00e9s. Eindhoven est la ville parfaite pour faire du shopping et d\u00e9couvrir de nouvelles tendances. <\/p>\n<p style=\"text-align: center;\"><strong>Strijp-S<\/strong> Pour une exp\u00e9rience branch\u00e9e et anim\u00e9e, rendez-vous \u00e0 Strijp-S, l&rsquo;ancien site de Philips transform\u00e9 en centre cr\u00e9atif et culturel. Explorez les boutiques branch\u00e9es, les galeries et les restaurants que ce quartier a \u00e0 offrir. D\u00e9tendez-vous autour d&rsquo;un caf\u00e9 dans l&rsquo;<br \/>un des caf\u00e9s chaleureux ou parcourez les magasins vintage \u00e0 la recherche de trouvailles uniques.  <\/p>\n<\/div><div class=\"fusion-separator fusion-full-width-sep\" style=\"align-self: center;margin-left: auto;margin-right: auto;margin-top:1em;margin-bottom:1em;width:100%;\"><\/div><div style=\"text-align:center;\"><a class=\"fusion-button button-flat fusion-button-default-size button-default fusion-button-default button-4 fusion-button-default-span fusion-button-default-type\" target=\"_blank\" rel=\"noopener noreferrer\" href=\"https:\/\/strijp-s.nl\/\"><span class=\"fusion-button-text awb-button__text awb-button__text--default\">Strijp-S<\/span><\/a><\/div><div class=\"fusion-separator fusion-full-width-sep\" style=\"align-self: center;margin-left: auto;margin-right: auto;margin-top:1em;margin-bottom:1em;width:100%;\"><\/div><div class=\"fusion-text fusion-text-7\"><h2 style=\"text-align: center;\">Vie Nocturne et divertissement<\/h2>\n<p style=\"text-align: center;\">Quand le soleil se couche, Eindhoven s&rsquo;anime vraiment. D\u00e9couvrez la vie nocturne anim\u00e9e avec une vari\u00e9t\u00e9 de bars, de clubs et de musique live.  Visitez Stratumseind, avec ses 225 m\u00e8tres de plaisir et plus de 40 caf\u00e9s ouverts jour et nuit.<\/p>\n<p style=\"text-align: center;\">Planifiez d\u00e8s aujourd&rsquo;hui votre sortie agr\u00e9able \u00e0 Eindhoven et d\u00e9couvrez pourquoi tant de gens sont tomb\u00e9s amoureux de cette ville dynamique. Avec tant de choses \u00e0 faire, vous \u00eates assur\u00e9 de passer un excellent moment ! Besoin de plus d&rsquo;inspiration ? Visitez le site web de This is Eindhoven   <\/p>\n<\/div><div class=\"fusion-separator fusion-full-width-sep\" style=\"align-self: center;margin-left: auto;margin-right: auto;margin-top:1em;margin-bottom:1em;width:100%;\"><\/div><div style=\"text-align:center;\"><a class=\"fusion-button button-flat fusion-button-default-size button-default fusion-button-default button-5 fusion-button-default-span fusion-button-default-type\" target=\"_blank\" rel=\"noopener noreferrer\" href=\"https:\/\/www.thisiseindhoven.com\/en\/see-and-do\"><span class=\"fusion-button-text awb-button__text awb-button__text--default\">This is Eindhoven<\/span><\/a><\/div><div class=\"fusion-separator fusion-full-width-sep\" style=\"align-self: center;margin-left: auto;margin-right: auto;margin-top:1em;margin-bottom:1em;width:100%;\"><\/div><div class=\"fusion-text fusion-text-8\"><p style=\"text-align: center;\">Envisagez-vous bient\u00f4t de profiter d&rsquo;une sortie \u00e0 Eindhoven ? Profitez de notre offre avantageuse pour s\u00e9journer \u00e0 l&rsquo;H\u00f4tel Mari\u00ebnhage, avec petit-d\u00e9jeuner inclus ! <\/p>\n<\/div><div class=\"fusion-separator fusion-full-width-sep\" style=\"align-self: center;margin-left: auto;margin-right: auto;margin-top:1em;margin-bottom:1em;width:100%;\"><\/div><div style=\"text-align:center;\"><a class=\"fusion-button button-flat fusion-button-default-size button-default fusion-button-default button-6 fusion-button-default-span fusion-button-default-type distributor\" target=\"_blank\" rel=\"noopener noreferrer\" href=\"#\"><span class=\"fusion-button-text awb-button__text awb-button__text--default\">R\u00e9servez votre s\u00e9jour<\/span><\/a><\/div><div class=\"fusion-separator fusion-full-width-sep\" style=\"align-self: center;margin-left: auto;margin-right: auto;margin-top:1em;margin-bottom:1em;width:100%;\"><\/div><\/div><\/div><\/div><\/div><\/div><div class=\"fusion-layout-column fusion_builder_column fusion-builder-column-2 fusion_builder_column_1_2 1_2 fusion-flex-column\" style=\"--awb-bg-size:cover;--awb-width-large:50%;--awb-margin-top-large:0px;--awb-spacing-right-large:0px;--awb-margin-bottom-large:0px;--awb-spacing-left-large:0px;--awb-width-medium:100%;--awb-order-medium:0;--awb-spacing-right-medium:0px;--awb-spacing-left-medium:0px;--awb-width-small:100%;--awb-order-small:0;--awb-spacing-right-small:0px;--awb-spacing-left-small:0px;\"><div class=\"fusion-column-wrapper fusion-column-has-shadow fusion-flex-justify-content-flex-start fusion-content-layout-column\"><div class=\"fusion-image-element awb-imageframe-style awb-imageframe-style-below awb-imageframe-style-1\" style=\"text-align:center;--awb-caption-title-font-family:var(--h6_typography-font-family);--awb-caption-title-font-weight:var(--h6_typography-font-weight);--awb-caption-title-font-style:var(--h6_typography-font-style);--awb-caption-title-size:var(--h6_typography-font-size);--awb-caption-title-transform:var(--h6_typography-text-transform);--awb-caption-title-line-height:var(--h6_typography-line-height);--awb-caption-title-letter-spacing:var(--h6_typography-letter-spacing);\"><span class=\" fusion-imageframe imageframe-none imageframe-1 hover-type-none\"><img decoding=\"async\" width=\"641\" height=\"663\" alt=\"Eindhoven \" title=\"Eindhoven\" src=\"https:\/\/www.marienhage.com\/wp-content\/uploads\/2024\/06\/Eindhoven.webp\" class=\"img-responsive wp-image-10242\" srcset=\"https:\/\/www.marienhage.com\/wp-content\/uploads\/2024\/06\/Eindhoven-200x207.webp 200w, https:\/\/www.marienhage.com\/wp-content\/uploads\/2024\/06\/Eindhoven-400x414.webp 400w, https:\/\/www.marienhage.com\/wp-content\/uploads\/2024\/06\/Eindhoven-600x621.webp 600w, https:\/\/www.marienhage.com\/wp-content\/uploads\/2024\/06\/Eindhoven.webp 641w\" sizes=\"(max-width: 1024px) 100vw, (max-width: 640px) 100vw, 641px\" \/><\/span><div class=\"awb-imageframe-caption-container\"><div class=\"awb-imageframe-caption\"><h6 class=\"awb-imageframe-caption-title\"> <\/h6><p class=\"awb-imageframe-caption-text\">Photos de Eindhoven365<\/p><\/div><\/div><\/div><\/div><\/div><\/div><\/div>\n","protected":false},"excerpt":{"rendered":"","protected":false},"author":14,"featured_media":0,"parent":0,"menu_order":0,"comment_status":"closed","ping_status":"closed","template":"","meta":{"footnotes":""},"class_list":["post-10270","page","type-page","status-publish","hentry"],"yoast_head":"<!-- This site is optimized with the Yoast SEO plugin v27.2 - https:\/\/yoast.com\/product\/yoast-seo-wordpress\/ -->\n<title>Sorties Agr\u00e9ables \u00e0 Eindhoven - D\u00e9couvrez les Activit\u00e9s les Plus Amusantes<\/title>\n<meta name=\"description\" content=\"\u00c0 la recherche d&#039;une sortie agr\u00e9able \u00e0 Eindhoven ? D\u00e9couvrez les sorties les plus conviviales et amusantes pour une exp\u00e9rience inoubliable dans la ville lumi\u00e8re !\" \/>\n<meta name=\"robots\" content=\"index, follow, max-snippet:-1, max-image-preview:large, max-video-preview:-1\" \/>\n<link rel=\"canonical\" href=\"https:\/\/www.marienhage.com\/fr\/sortie-agreable-eindhoven\/\" \/>\n<meta property=\"og:locale\" content=\"fr_FR\" \/>\n<meta property=\"og:type\" content=\"article\" \/>\n<meta property=\"og:title\" content=\"Sorties Agr\u00e9ables \u00e0 Eindhoven - D\u00e9couvrez les Activit\u00e9s les Plus Amusantes\" \/>\n<meta property=\"og:description\" content=\"\u00c0 la recherche d&#039;une sortie agr\u00e9able \u00e0 Eindhoven ? D\u00e9couvrez les sorties les plus conviviales et amusantes pour une exp\u00e9rience inoubliable dans la ville lumi\u00e8re !\" \/>\n<meta property=\"og:url\" content=\"https:\/\/www.marienhage.com\/fr\/sortie-agreable-eindhoven\/\" \/>\n<meta property=\"og:site_name\" content=\"Mari\u00ebnhage Hotel\" \/>\n<meta name=\"twitter:card\" content=\"summary_large_image\" \/>\n<meta name=\"twitter:label1\" content=\"Dur\u00e9e de lecture estim\u00e9e\" \/>\n\t<meta name=\"twitter:data1\" content=\"29 minutes\" \/>\n<script type=\"application\/ld+json\" class=\"yoast-schema-graph\">{\"@context\":\"https:\/\/schema.org\",\"@graph\":[{\"@type\":\"WebPage\",\"@id\":\"https:\/\/www.marienhage.com\/fr\/sortie-agreable-eindhoven\/\",\"url\":\"https:\/\/www.marienhage.com\/fr\/sortie-agreable-eindhoven\/\",\"name\":\"Sorties Agr\u00e9ables \u00e0 Eindhoven - D\u00e9couvrez les Activit\u00e9s les Plus Amusantes\",\"isPartOf\":{\"@id\":\"https:\/\/www.marienhage.com\/fr\/#website\"},\"description\":\"\u00c0 la recherche d'une sortie agr\u00e9able \u00e0 Eindhoven ? D\u00e9couvrez les sorties les plus conviviales et amusantes pour une exp\u00e9rience inoubliable dans la ville lumi\u00e8re !\",\"breadcrumb\":{\"@id\":\"https:\/\/www.marienhage.com\/fr\/sortie-agreable-eindhoven\/#breadcrumb\"},\"inLanguage\":\"fr-FR\",\"potentialAction\":[{\"@type\":\"ReadAction\",\"target\":[\"https:\/\/www.marienhage.com\/fr\/sortie-agreable-eindhoven\/\"]}]},{\"@type\":\"BreadcrumbList\",\"@id\":\"https:\/\/www.marienhage.com\/fr\/sortie-agreable-eindhoven\/#breadcrumb\",\"itemListElement\":[{\"@type\":\"ListItem\",\"position\":1,\"name\":\"Home\",\"item\":\"https:\/\/www.marienhage.com\/fr\/\"},{\"@type\":\"ListItem\",\"position\":2,\"name\":\"Sorties Agr\u00e9ables \u00e0 Eindhoven &#8211; D\u00e9couvrez les Activit\u00e9s les Plus Amusantes\"}]},{\"@type\":\"WebSite\",\"@id\":\"https:\/\/www.marienhage.com\/fr\/#website\",\"url\":\"https:\/\/www.marienhage.com\/fr\/\",\"name\":\"Mari\u00ebnhage Hotel\",\"description\":\"Hotel in Eindhoven\",\"publisher\":{\"@id\":\"https:\/\/www.marienhage.com\/fr\/#organization\"},\"potentialAction\":[{\"@type\":\"SearchAction\",\"target\":{\"@type\":\"EntryPoint\",\"urlTemplate\":\"https:\/\/www.marienhage.com\/fr\/?s={search_term_string}\"},\"query-input\":{\"@type\":\"PropertyValueSpecification\",\"valueRequired\":true,\"valueName\":\"search_term_string\"}}],\"inLanguage\":\"fr-FR\"},{\"@type\":\"Organization\",\"@id\":\"https:\/\/www.marienhage.com\/fr\/#organization\",\"name\":\"Hotel Mari\u00ebnhage\",\"url\":\"https:\/\/www.marienhage.com\/fr\/\",\"logo\":{\"@type\":\"ImageObject\",\"inLanguage\":\"fr-FR\",\"@id\":\"https:\/\/www.marienhage.com\/fr\/#\/schema\/logo\/image\/\",\"url\":\"https:\/\/www.marienhage.com\/wp-content\/uploads\/2019\/07\/hmh-mark.png\",\"contentUrl\":\"https:\/\/www.marienhage.com\/wp-content\/uploads\/2019\/07\/hmh-mark.png\",\"width\":80,\"height\":80,\"caption\":\"Hotel Mari\u00ebnhage\"},\"image\":{\"@id\":\"https:\/\/www.marienhage.com\/fr\/#\/schema\/logo\/image\/\"}}]}<\/script>\n<!-- \/ Yoast SEO plugin. -->","yoast_head_json":{"title":"Sorties Agr\u00e9ables \u00e0 Eindhoven - D\u00e9couvrez les Activit\u00e9s les Plus Amusantes","description":"\u00c0 la recherche d'une sortie agr\u00e9able \u00e0 Eindhoven ? D\u00e9couvrez les sorties les plus conviviales et amusantes pour une exp\u00e9rience inoubliable dans la ville lumi\u00e8re !","robots":{"index":"index","follow":"follow","max-snippet":"max-snippet:-1","max-image-preview":"max-image-preview:large","max-video-preview":"max-video-preview:-1"},"canonical":"https:\/\/www.marienhage.com\/fr\/sortie-agreable-eindhoven\/","og_locale":"fr_FR","og_type":"article","og_title":"Sorties Agr\u00e9ables \u00e0 Eindhoven - D\u00e9couvrez les Activit\u00e9s les Plus Amusantes","og_description":"\u00c0 la recherche d'une sortie agr\u00e9able \u00e0 Eindhoven ? D\u00e9couvrez les sorties les plus conviviales et amusantes pour une exp\u00e9rience inoubliable dans la ville lumi\u00e8re !","og_url":"https:\/\/www.marienhage.com\/fr\/sortie-agreable-eindhoven\/","og_site_name":"Mari\u00ebnhage Hotel","twitter_card":"summary_large_image","twitter_misc":{"Dur\u00e9e de lecture estim\u00e9e":"29 minutes"},"schema":{"@context":"https:\/\/schema.org","@graph":[{"@type":"WebPage","@id":"https:\/\/www.marienhage.com\/fr\/sortie-agreable-eindhoven\/","url":"https:\/\/www.marienhage.com\/fr\/sortie-agreable-eindhoven\/","name":"Sorties Agr\u00e9ables \u00e0 Eindhoven - D\u00e9couvrez les Activit\u00e9s les Plus Amusantes","isPartOf":{"@id":"https:\/\/www.marienhage.com\/fr\/#website"},"description":"\u00c0 la recherche d'une sortie agr\u00e9able \u00e0 Eindhoven ? D\u00e9couvrez les sorties les plus conviviales et amusantes pour une exp\u00e9rience inoubliable dans la ville lumi\u00e8re !","breadcrumb":{"@id":"https:\/\/www.marienhage.com\/fr\/sortie-agreable-eindhoven\/#breadcrumb"},"inLanguage":"fr-FR","potentialAction":[{"@type":"ReadAction","target":["https:\/\/www.marienhage.com\/fr\/sortie-agreable-eindhoven\/"]}]},{"@type":"BreadcrumbList","@id":"https:\/\/www.marienhage.com\/fr\/sortie-agreable-eindhoven\/#breadcrumb","itemListElement":[{"@type":"ListItem","position":1,"name":"Home","item":"https:\/\/www.marienhage.com\/fr\/"},{"@type":"ListItem","position":2,"name":"Sorties Agr\u00e9ables \u00e0 Eindhoven &#8211; D\u00e9couvrez les Activit\u00e9s les Plus Amusantes"}]},{"@type":"WebSite","@id":"https:\/\/www.marienhage.com\/fr\/#website","url":"https:\/\/www.marienhage.com\/fr\/","name":"Mari\u00ebnhage Hotel","description":"Hotel in Eindhoven","publisher":{"@id":"https:\/\/www.marienhage.com\/fr\/#organization"},"potentialAction":[{"@type":"SearchAction","target":{"@type":"EntryPoint","urlTemplate":"https:\/\/www.marienhage.com\/fr\/?s={search_term_string}"},"query-input":{"@type":"PropertyValueSpecification","valueRequired":true,"valueName":"search_term_string"}}],"inLanguage":"fr-FR"},{"@type":"Organization","@id":"https:\/\/www.marienhage.com\/fr\/#organization","name":"Hotel Mari\u00ebnhage","url":"https:\/\/www.marienhage.com\/fr\/","logo":{"@type":"ImageObject","inLanguage":"fr-FR","@id":"https:\/\/www.marienhage.com\/fr\/#\/schema\/logo\/image\/","url":"https:\/\/www.marienhage.com\/wp-content\/uploads\/2019\/07\/hmh-mark.png","contentUrl":"https:\/\/www.marienhage.com\/wp-content\/uploads\/2019\/07\/hmh-mark.png","width":80,"height":80,"caption":"Hotel Mari\u00ebnhage"},"image":{"@id":"https:\/\/www.marienhage.com\/fr\/#\/schema\/logo\/image\/"}}]}},"_links":{"self":[{"href":"https:\/\/www.marienhage.com\/fr\/wp-json\/wp\/v2\/pages\/10270","targetHints":{"allow":["GET"]}}],"collection":[{"href":"https:\/\/www.marienhage.com\/fr\/wp-json\/wp\/v2\/pages"}],"about":[{"href":"https:\/\/www.marienhage.com\/fr\/wp-json\/wp\/v2\/types\/page"}],"author":[{"embeddable":true,"href":"https:\/\/www.marienhage.com\/fr\/wp-json\/wp\/v2\/users\/14"}],"replies":[{"embeddable":true,"href":"https:\/\/www.marienhage.com\/fr\/wp-json\/wp\/v2\/comments?post=10270"}],"version-history":[{"count":0,"href":"https:\/\/www.marienhage.com\/fr\/wp-json\/wp\/v2\/pages\/10270\/revisions"}],"wp:attachment":[{"href":"https:\/\/www.marienhage.com\/fr\/wp-json\/wp\/v2\/media?parent=10270"}],"curies":[{"name":"wp","href":"https:\/\/api.w.org\/{rel}","templated":true}]}}