{"id":8718,"date":"2019-02-12T11:38:16","date_gmt":"2019-02-12T11:38:16","guid":{"rendered":"https:\/\/www.marienhage.com\/locatie"},"modified":"2024-06-05T13:41:36","modified_gmt":"2024-06-05T13:41:36","slug":"standort","status":"publish","type":"page","link":"https:\/\/www.marienhage.com\/de\/standort\/","title":{"rendered":"Hotel in der N\u00e4he des Hauptbahnhofs Eindhoven"},"content":{"rendered":"<div class=\"fusion-fullwidth fullwidth-box fusion-builder-row-1 nonhundred-percent-fullwidth non-hundred-percent-height-scrolling fusion-equal-height-columns maincontentmh\" style=\"--awb-border-radius-top-left:0px;--awb-border-radius-top-right:0px;--awb-border-radius-bottom-right:0px;--awb-border-radius-bottom-left:0px;--awb-background-color:#fbf5ee;--awb-flex-wrap:wrap;\" ><div class=\"fusion-builder-row fusion-row\"><div class=\"fusion-layout-column fusion_builder_column fusion-builder-column-0 fusion_builder_column_1_1 1_1 fusion-one-full fusion-column-first fusion-column-last\" style=\"--awb-bg-color:#fbf5ee;--awb-bg-color-hover:#fbf5ee;--awb-bg-position:right center;--awb-bg-size:cover;--awb-box-shadow:0px 0px 5px 4px #a8a8a8;;\"><div class=\"fusion-column-wrapper fusion-column-has-shadow fusion-flex-column-wrapper-legacy\"><div class=\"fusion-column-content-centered\"><div class=\"fusion-column-content\"><div class=\"fusion-builder-row fusion-builder-row-inner fusion-row\"><div class=\"fusion-layout-column fusion_builder_column_inner fusion-builder-nested-column-0 fusion_builder_column_inner_1_2 1_2 fusion-one-half fusion-column-first\" style=\"--awb-padding-right:30px;--awb-padding-left:30px;--awb-bg-size:cover;width:50%;width:calc(50% - ( ( 0px ) * 0.5 ) );margin-right: 0px;\" id=\"secondlefttcol\"><div class=\"fusion-column-wrapper fusion-column-has-shadow fusion-flex-column-wrapper-legacy\"><div class=\"fusion-column-content-centered\"><div class=\"fusion-column-content\"><div class=\"fusion-title title fusion-title-1 fusion-sep-none fusion-title-center fusion-title-text fusion-title-size-two\" style=\"--awb-margin-top:0px;--awb-margin-top-small:0px;--awb-margin-right-small:0px;--awb-margin-bottom-small:15px;--awb-margin-left-small:0px;\"><h2 class=\"fusion-title-heading title-heading-center fusion-responsive-typography-calculated\" style=\"margin:0;--fontSize:30;line-height:1.4;\">Hotel in der N\u00e4he des Hauptbahnhofs Eindhoven<\/h2><\/div><div class=\"fusion-text fusion-text-1\"><p style=\"text-align: center;\">Hotel Mari\u00ebnhage<br \/>\nKanaalstraat 4<br \/>\n5611 CT Eindhoven<br \/>\n+31 40 311 14 44<br \/>\n<a href=\"mailto:info@marienhage.com\">info@marienhage.com<\/a><\/p>\n<h2 style=\"text-align: center;\">Standort und Verkehrsanbindung<\/h2>\n<ul>\n<li>Das Hotel Mari\u00ebnhage befindet sich in einer g\u00fcnstigen Lage, nur 300 Meter vom Stadtzentrum entfernt.<\/li>\n<li>Das Hotel liegt nur einen kurzen Spaziergang von 650 Metern sowohl vom Bus- als auch vom Bahnhof entfernt und ist somit leicht mit \u00f6ffentlichen Verkehrsmitteln erreichbar.<\/li>\n<li>F\u00fcr G\u00e4ste, die mit dem Auto anreisen, stehen verschiedene kostenpflichtige Parkm\u00f6glichkeiten zur Verf\u00fcgung, sowohl im Q-Park de Heuvel als auch auf dem eigenen Gel\u00e4nde des Hotels.<\/li>\n<\/ul>\n<\/div><\/div><\/div><div class=\"fusion-clearfix\"><\/div><\/div><\/div><div class=\"fusion-layout-column fusion_builder_column_inner fusion-builder-nested-column-1 fusion_builder_column_inner_1_2 1_2 fusion-one-half fusion-column-last\" style=\"--awb-bg-size:cover;width:50%;width:calc(50% - ( ( 0px ) * 0.5 ) );\"><div class=\"fusion-column-wrapper fusion-column-has-shadow fusion-flex-column-wrapper-legacy\"><style type=\"text\/css\" id=\"gmpMapStyles_1_85081\">\r\n\t#google_map_easy_1_85081 {\r\n        width: 100%;\r\n        height: 600px;\r\n\t\t\t\t\t\t    }\r\n\t#gmapControlsNum_1_85081 {\r\n\t\twidth:100%\t}\r\n\t.gmpMapDetailsContainer#gmpMapDetailsContainer_1_85081 {\r\n\t\theight:600px;\r\n\t}\r\n\t.gmp_MapPreview#google_map_easy_1_85081 {\r\n\t\t\/*position:absolute;*\/\r\n\t\twidth: 100%;\r\n\t}\r\n\t#mapConElem_1_85081{\r\n\t\twidth: 100%\t}\r\n    .gm-style .gm-style-iw-c{\r\n        padding: 12px!important;\r\n    }\r\n\t    <\/style>\r\n <div class=\"gmp_map_opts\" id=\"mapConElem_1_85081\" data-id=\"1\" data-view-id=\"1_85081\" > <div class=\"gmpMapDetailsContainer\" id=\"gmpMapDetailsContainer_1_85081\"> <i class=\"gmpKMLLayersPreloader fa fa-spinner fa-spin\" aria-hidden=\"true\" style=\"display: none;\"><\/i> <div class=\"gmp_MapPreview \" id=\"google_map_easy_1_85081\"><\/div> <\/div> <div class=\"gmpMapMarkerFilters\" id=\"gmpMapMarkerFilters_1_85081\"> <\/div> <div class=\"gmpMapProControlsCon\" id=\"gmpMapProControlsCon_1_85081\"> <a title=\"WordPress Google Maps Plugin\" style=\"display:none;\" href=\"https:\/\/supsystic.com\/plugins\/google-maps-plugin\/?utm_medium=love_link_hide\" target=\"_blank\">WordPress Google Maps Plugin<\/a><div style=\"clear: both;\"><\/div> <\/div> <div class=\"gmpMapProDirectionsCon\" id=\"gmpMapProDirectionsCon_1_85081\" > <\/div> <div class=\"gmpMapProKmlFilterCon\" id=\"gmpMapProKmlFilterCon_1_85081\" > <\/div> <div class=\"gmpSocialSharingShell gmpSocialSharingShell_1_85081\"> <\/div> <div style=\"clear: both;\"><\/div> <\/div> <div class=\"fusion-clearfix\"><\/div><\/div><\/div><\/div><div class=\"fusion-tabs fusion-tabs-1 classic arrivaloptions vertical-tabs icon-position-left mobile-mode-accordion\" style=\"--awb-title-border-radius-top-left:0px;--awb-title-border-radius-top-right:0px;--awb-title-border-radius-bottom-right:0px;--awb-title-border-radius-bottom-left:0px;--awb-alignment:start;--awb-inactive-color:#ebeaea;--awb-background-color:rgba(255,255,255,0);--awb-border-color:rgba(255,255,255,0);--awb-active-border-color:#46404e;\"><div class=\"nav\"><ul class=\"nav-tabs\" role=\"tablist\"><li class=\"active\" role=\"presentation\"><a class=\"tab-link\" data-toggle=\"tab\" role=\"tab\" aria-controls=\"tab-25e7f7f4ec18ab2a010\" aria-selected=\"true\" id=\"fusion-tab-auto\" href=\"#tab-25e7f7f4ec18ab2a010\"><h4 class=\"fusion-tab-heading\"><i class=\"fontawesome-icon fa-car fas\" aria-hidden=\"true\" style=\"font-size:13px;\"><\/i>Auto<\/h4><\/a><\/li><li role=\"presentation\"><a class=\"tab-link\" data-toggle=\"tab\" role=\"tab\" aria-controls=\"tab-550ab2fea403e720618\" aria-selected=\"false\" tabindex=\"-1\" id=\"fusion-tab-zug\" href=\"#tab-550ab2fea403e720618\"><h4 class=\"fusion-tab-heading\"><i class=\"fontawesome-icon fa-subway fas\" aria-hidden=\"true\" style=\"font-size:13px;\"><\/i>Zug<\/h4><\/a><\/li><li role=\"presentation\"><a class=\"tab-link\" data-toggle=\"tab\" role=\"tab\" aria-controls=\"tab-d06f4f7b0c841e9627e\" aria-selected=\"false\" tabindex=\"-1\" id=\"fusion-tab-flugzeug\" href=\"#tab-d06f4f7b0c841e9627e\"><h4 class=\"fusion-tab-heading\"><i class=\"fontawesome-icon fa-plane fas\" aria-hidden=\"true\" style=\"font-size:13px;\"><\/i>Flugzeug<\/h4><\/a><\/li><li role=\"presentation\"><a class=\"tab-link\" data-toggle=\"tab\" role=\"tab\" aria-controls=\"tab-83418c14b3e4fa4858b\" aria-selected=\"false\" tabindex=\"-1\" id=\"fusion-tab-bus\" href=\"#tab-83418c14b3e4fa4858b\"><h4 class=\"fusion-tab-heading\"><i class=\"fontawesome-icon fa-bus-alt fas\" aria-hidden=\"true\" style=\"font-size:13px;\"><\/i>Bus<\/h4><\/a><\/li><li role=\"presentation\"><a class=\"tab-link\" data-toggle=\"tab\" role=\"tab\" aria-controls=\"tab-827d02a04a8dd1cd61d\" aria-selected=\"false\" tabindex=\"-1\" id=\"fusion-tab-fahrrad\" href=\"#tab-827d02a04a8dd1cd61d\"><h4 class=\"fusion-tab-heading\"><i class=\"fontawesome-icon fa-biking fas\" aria-hidden=\"true\" style=\"font-size:13px;\"><\/i>Fahrrad<\/h4><\/a><\/li><\/ul><\/div><div class=\"tab-content\"><div class=\"nav fusion-mobile-tab-nav\"><ul class=\"nav-tabs\" role=\"tablist\"><li class=\"active\" role=\"presentation\"><a class=\"tab-link\" data-toggle=\"tab\" role=\"tab\" aria-controls=\"tab-25e7f7f4ec18ab2a010\" aria-selected=\"true\" id=\"mobile-fusion-tab-auto\" href=\"#tab-25e7f7f4ec18ab2a010\"><h4 class=\"fusion-tab-heading\"><i class=\"fontawesome-icon fa-car fas\" aria-hidden=\"true\" style=\"font-size:13px;\"><\/i>Auto<\/h4><\/a><\/li><\/ul><\/div><div class=\"tab-pane fade fusion-clearfix in active\" role=\"tabpanel\" tabindex=\"0\" aria-labelledby=\"fusion-tab-auto\" id=\"tab-25e7f7f4ec18ab2a010\">\n<p><strong>Adresse:<\/strong> Kanaalstraat 4, 5611 CT Eindhoven, Nederland<br \/>\n<strong>GPS:<\/strong> Lat: 51.4381323\u00b0 N, Lon: 5.4846993\u00b0 E<br \/>\n<strong>GPS:<\/strong> Lat: 51\u00b0 26\u2032 17.276\u2033 N, Lon: 05\u00b0 29\u2032 4.917\u2033 E<\/p>\n<\/div><div class=\"nav fusion-mobile-tab-nav\"><ul class=\"nav-tabs\" role=\"tablist\"><li role=\"presentation\"><a class=\"tab-link\" data-toggle=\"tab\" role=\"tab\" aria-controls=\"tab-550ab2fea403e720618\" aria-selected=\"false\" tabindex=\"-1\" id=\"mobile-fusion-tab-zug\" href=\"#tab-550ab2fea403e720618\"><h4 class=\"fusion-tab-heading\"><i class=\"fontawesome-icon fa-subway fas\" aria-hidden=\"true\" style=\"font-size:13px;\"><\/i>Zug<\/h4><\/a><\/li><\/ul><\/div><div class=\"tab-pane fade fusion-clearfix\" role=\"tabpanel\" tabindex=\"0\" aria-labelledby=\"fusion-tab-zug\" id=\"tab-550ab2fea403e720618\"><strong>Zughaltestelle:<\/strong> Eindhoven (650m)<\/p>\n<p>Das Hotel Mari\u00ebnhage liegt 13 Gehminuten vom Bahnhof Eindhoven entfernt. Um das Hotel zu erreichen, folgen Sie dieser Wegbeschreibung:<\/p>\n<ol>\n<li>Verlassen Sie den Bahnhof auf der Stadtseite und \u00fcberqueren Sie die Stra\u00dfe zum Stationsplein.<\/li>\n<li>Gehen Sie rechts in die Dommelstraat und dann links in den Vestdijk.<\/li>\n<li>Biegen Sie links in die Kanaalstraat ein.<\/li>\n<li>Sie sehen das Hotel Mari\u00ebnhage zu Ihrer Linken. Der Eingang des Hotels befindet sich auf halber Strecke, wenn Sie an der L\u00e4ngsseite der Kirche entlang gehen.<\/li>\n<\/ol>\n<\/div><div class=\"nav fusion-mobile-tab-nav\"><ul class=\"nav-tabs\" role=\"tablist\"><li role=\"presentation\"><a class=\"tab-link\" data-toggle=\"tab\" role=\"tab\" aria-controls=\"tab-d06f4f7b0c841e9627e\" aria-selected=\"false\" tabindex=\"-1\" id=\"mobile-fusion-tab-flugzeug\" href=\"#tab-d06f4f7b0c841e9627e\"><h4 class=\"fusion-tab-heading\"><i class=\"fontawesome-icon fa-plane fas\" aria-hidden=\"true\" style=\"font-size:13px;\"><\/i>Flugzeug<\/h4><\/a><\/li><\/ul><\/div><div class=\"tab-pane fade fusion-clearfix\" role=\"tabpanel\" tabindex=\"0\" aria-labelledby=\"fusion-tab-flugzeug\" id=\"tab-d06f4f7b0c841e9627e\">\n<p><strong>Flughafen Eindhoven<\/strong> &#8211; Entfernung: 11 km<br \/>\nAuto: 25 Minuten<br \/>\n\u00d6ffentliche Verkehrsmittel: 30 Minuten<\/p>\n<p><strong>Flughafen Maastricht Aachen<\/strong> &#8211; Entfernung: 78 km<br \/>\nAuto: 57 min<br \/>\n\u00d6ffentliche Verkehrsmittel: 2h<\/p>\n<p><strong>Amsterdam Flughafen Schiphol<\/strong> &#8211; Entfernung: 133 km<br \/>\nAuto: 2h<br \/>\n\u00d6ffentliche Verkehrsmittel: 1,5h<\/p>\n<\/div><div class=\"nav fusion-mobile-tab-nav\"><ul class=\"nav-tabs\" role=\"tablist\"><li role=\"presentation\"><a class=\"tab-link\" data-toggle=\"tab\" role=\"tab\" aria-controls=\"tab-83418c14b3e4fa4858b\" aria-selected=\"false\" tabindex=\"-1\" id=\"mobile-fusion-tab-bus\" href=\"#tab-83418c14b3e4fa4858b\"><h4 class=\"fusion-tab-heading\"><i class=\"fontawesome-icon fa-bus-alt fas\" aria-hidden=\"true\" style=\"font-size:13px;\"><\/i>Bus<\/h4><\/a><\/li><\/ul><\/div><div class=\"tab-pane fade fusion-clearfix\" role=\"tabpanel\" tabindex=\"0\" aria-labelledby=\"fusion-tab-bus\" id=\"tab-83418c14b3e4fa4858b\">Busbahnhof: <strong>Smalle Haven (1,0 km)<\/strong><\/p>\n<p>Das Hotel Mari\u00ebnhage befindet sich 4 Minuten vom Hauptbahnhof Eindhoven entfernt. Um das Hotel zu erreichen, folgen Sie bitte dieser Wegbeschreibung:<\/p>\n<ul>\n<li>Verlassen Sie den Bahnhof in Richtung Busbahnhof.<\/li>\n<li>Nehmen Sie einen der unten genannten Busse.<\/li>\n<li>Steigen Sie an der Haltestelle &#8222;Smalle Haven&#8220; aus und biegen Sie links ab, mit dem Fluss Dommel zu Ihrer Rechten.<\/li>\n<li>Nach 150 m sehen Sie das Hotel Mari\u00ebnhage zu Ihrer Linken.<\/li>\n<\/ul>\n<p>Kontrollieren Sie diese Buslinien: 7, 11, 12, 17, 24, 317, 318, 320, 324<\/div><div class=\"nav fusion-mobile-tab-nav\"><ul class=\"nav-tabs\" role=\"tablist\"><li role=\"presentation\"><a class=\"tab-link\" data-toggle=\"tab\" role=\"tab\" aria-controls=\"tab-827d02a04a8dd1cd61d\" aria-selected=\"false\" tabindex=\"-1\" id=\"mobile-fusion-tab-fahrrad\" href=\"#tab-827d02a04a8dd1cd61d\"><h4 class=\"fusion-tab-heading\"><i class=\"fontawesome-icon fa-biking fas\" aria-hidden=\"true\" style=\"font-size:13px;\"><\/i>Fahrrad<\/h4><\/a><\/li><\/ul><\/div><div class=\"tab-pane fade fusion-clearfix\" role=\"tabpanel\" tabindex=\"0\" aria-labelledby=\"fusion-tab-fahrrad\" id=\"tab-827d02a04a8dd1cd61d\">\n<p>Im Hof des Hotels Mari\u00ebnhage gibt es einen Fahrradschuppen, in dem Sie Ihr Fahrrad abstellen k\u00f6nnen, wenn Sie mit dem Fahrrad unterwegs sind.<\/p>\n<\/div><\/div><\/div><div class=\"fusion-text fusion-text-2 fusion-no-small-visibility\"><div class=\"table-1 locationtable\">\n<table width=\"100%\">\n<tbody>\n<tr>\n<th>Typ<\/th>\n<th>Sehensw\u00fcrdigkeiten<\/th>\n<th>Entfernung<\/th>\n<th>zu Fu\u00df<\/th>\n<th>Taxi<\/th>\n<th>\u00f6ffentliche Verkehrsmittel<\/th>\n<th>Fahrrad<\/th>\n<\/tr>\n<tr>\n<td><i class=\"fontawesome-icon fa-subway fas\" style=\"color: #775700;\"><\/i>Bahnhof<\/td>\n<td>Treinstation Eindhoven<\/td>\n<td style=\"text-align: center;\">1,2 Km<\/td>\n<td style=\"text-align: center;\">15 min<\/td>\n<td style=\"text-align: center;\">7 min<\/td>\n<td style=\"text-align: center;\">12 min<\/td>\n<td style=\"text-align: center;\">6 min<\/td>\n<\/tr>\n<tr>\n<td><i class=\"fontawesome-icon fa-plane fas\" style=\"color: #775700;\"><\/i>Flughafen<\/td>\n<td>Eindhoven Airport<\/td>\n<td style=\"text-align: center;\">10 Km<\/td>\n<td style=\"text-align: center;\">&#8211;<\/td>\n<td style=\"text-align: center;\">21 min<\/td>\n<td style=\"text-align: center;\">36 min<\/td>\n<td style=\"text-align: center;\">32 min<\/td>\n<\/tr>\n<tr>\n<td><i class=\"fontawesome-icon fa-plane fas\" style=\"color: #775700;\"><\/i>Flughafen<\/td>\n<td>Maastricht Aachen Airport<\/td>\n<td style=\"text-align: center;\">77 Km<\/td>\n<td style=\"text-align: center;\">&#8211;<\/td>\n<td style=\"text-align: center;\">1 h<\/td>\n<td style=\"text-align: center;\">2 h<\/td>\n<td style=\"text-align: center;\">&#8211;<\/td>\n<\/tr>\n<tr>\n<td><i class=\"fontawesome-icon fa-plane fas\" style=\"color: #775700;\"><\/i>Flughafen<\/td>\n<td>Amsterdam Schiphol Airport<\/td>\n<td style=\"text-align: center;\">132 Km<\/td>\n<td style=\"text-align: center;\">&#8211;<\/td>\n<td style=\"text-align: center;\">1,5 h<\/td>\n<td style=\"text-align: center;\">2 h<\/td>\n<td style=\"text-align: center;\">&#8211;<\/td>\n<\/tr>\n<tr>\n<td><i class=\"fontawesome-icon fa-map-marker-alt fas\" style=\"color: #775700;\"><\/i>Stadtzentrum<\/td>\n<td>Centrum Eindhoven<\/td>\n<td style=\"text-align: center;\">850 m<\/td>\n<td style=\"text-align: center;\">10 min<\/td>\n<td style=\"text-align: center;\">6 min<\/td>\n<td style=\"text-align: center;\">10 min<\/td>\n<td style=\"text-align: center;\">4 min<\/td>\n<\/tr>\n<tr>\n<td><i class=\"fontawesome-icon fa-landmark fas\" style=\"color: #775700;\"><\/i>Wahrzeichen -Platz<\/td>\n<td>Markt<\/td>\n<td style=\"text-align: center;\">700 m<\/td>\n<td style=\"text-align: center;\">11 min<\/td>\n<td style=\"text-align: center;\">5 min<\/td>\n<td style=\"text-align: center;\">8 min<\/td>\n<td style=\"text-align: center;\">6 min<\/td>\n<\/tr>\n<tr>\n<td><i class=\"fontawesome-icon fa-landmark fas\" style=\"color: #775700;\"><\/i>Museum<\/td>\n<td>Van Abbemuseum<\/td>\n<td style=\"text-align: center;\">3,1 Km<\/td>\n<td style=\"text-align: center;\">7 min<\/td>\n<td style=\"text-align: center;\">12 min<\/td>\n<td style=\"text-align: center;\">7 min<\/td>\n<td style=\"text-align: center;\">3 min<\/td>\n<\/tr>\n<tr>\n<td><i class=\"fontawesome-icon fa-landmark fas\" style=\"color: #775700;\"><\/i>Museum<\/td>\n<td>Philips Museum<\/td>\n<td style=\"text-align: center;\">950 m<\/td>\n<td style=\"text-align: center;\">12 min<\/td>\n<td style=\"text-align: center;\">10 min<\/td>\n<td style=\"text-align: center;\">10 min<\/td>\n<td style=\"text-align: center;\">4 min<\/td>\n<\/tr>\n<\/tbody>\n<\/table>\n<\/div>\n<\/div><div class=\"fusion-text fusion-text-3 fusion-no-medium-visibility fusion-no-large-visibility locationtablemobile\"><div class=\"table-1 locationtable\">\n<table width=\"100%\">\n<tbody>\n<tr>\n<th>Sehensw\u00fcrdigkeiten<\/th>\n<th>Distanz<\/th>\n<\/tr>\n<tr>\n<td>Eindhoven train station<\/td>\n<td style=\"text-align: center;\">1,2 Km<\/td>\n<\/tr>\n<tr>\n<td>Eindhoven Airport<\/td>\n<td style=\"text-align: center;\">10 Km<\/td>\n<\/tr>\n<tr>\n<td>Maastricht Aachen Airport<\/td>\n<td style=\"text-align: center;\">77 Km<\/td>\n<\/tr>\n<tr>\n<td>Amsterdam Schiphol Airport<\/td>\n<td style=\"text-align: center;\">132 Km<\/td>\n<\/tr>\n<tr>\n<td>Eindhoven City Centre<\/td>\n<td style=\"text-align: center;\">850 m<\/td>\n<\/tr>\n<tr>\n<td>Markt<\/td>\n<td style=\"text-align: center;\">700 m<\/td>\n<\/tr>\n<tr>\n<td>Van Abbemuseum<\/td>\n<td style=\"text-align: center;\">3,1 Km<\/td>\n<\/tr>\n<tr>\n<td>Philips Museum<\/td>\n<td style=\"text-align: center;\">950 m<\/td>\n<\/tr>\n<\/tbody>\n<\/table>\n<\/div>\n<\/div><\/div><\/div><div class=\"fusion-clearfix\"><\/div><\/div><\/div><\/div><\/div>\n","protected":false},"excerpt":{"rendered":"","protected":false},"author":4,"featured_media":0,"parent":0,"menu_order":0,"comment_status":"closed","ping_status":"closed","template":"","meta":{"footnotes":""},"class_list":["post-8718","page","type-page","status-publish","hentry"],"yoast_head":"<!-- This site is optimized with the Yoast SEO plugin v27.2 - https:\/\/yoast.com\/product\/yoast-seo-wordpress\/ -->\n<title>Hotel Mari\u00ebnhage - Zentral Gelegenes Hotel am Bahnhof Eindhoven<\/title>\n<meta name=\"description\" content=\"Entdecken Sie das Hotel Mari\u00ebnhage, das idealerweise nur 650 Meter vom Hauptbahnhof Eindhoven entfernt liegt. Genie\u00dfen Sie einen komfortablen Aufenthalt in unserem Hotel mit historischem Charme und modernen Annehmlichkeiten, perfekt f\u00fcr Gesch\u00e4ftsreisende und Urlauber.\" \/>\n<meta name=\"robots\" content=\"index, follow, max-snippet:-1, max-image-preview:large, max-video-preview:-1\" \/>\n<link rel=\"canonical\" href=\"https:\/\/www.marienhage.com\/de\/standort\/\" \/>\n<meta property=\"og:locale\" content=\"de_DE\" \/>\n<meta property=\"og:type\" content=\"article\" \/>\n<meta property=\"og:title\" content=\"Hotel Mari\u00ebnhage - Zentral Gelegenes Hotel am Bahnhof Eindhoven\" \/>\n<meta property=\"og:description\" content=\"Entdecken Sie das Hotel Mari\u00ebnhage, das idealerweise nur 650 Meter vom Hauptbahnhof Eindhoven entfernt liegt. Genie\u00dfen Sie einen komfortablen Aufenthalt in unserem Hotel mit historischem Charme und modernen Annehmlichkeiten, perfekt f\u00fcr Gesch\u00e4ftsreisende und Urlauber.\" \/>\n<meta property=\"og:url\" content=\"https:\/\/www.marienhage.com\/de\/standort\/\" \/>\n<meta property=\"og:site_name\" content=\"Mari\u00ebnhage Hotel\" \/>\n<meta name=\"twitter:card\" content=\"summary_large_image\" \/>\n<meta name=\"twitter:label1\" content=\"Gesch\u00e4tzte Lesezeit\" \/>\n\t<meta name=\"twitter:data1\" content=\"3 Minuten\" \/>\n<script type=\"application\/ld+json\" class=\"yoast-schema-graph\">{\"@context\":\"https:\/\/schema.org\",\"@graph\":[{\"@type\":\"WebPage\",\"@id\":\"https:\/\/www.marienhage.com\/de\/standort\/\",\"url\":\"https:\/\/www.marienhage.com\/de\/standort\/\",\"name\":\"Hotel Mari\u00ebnhage - Zentral Gelegenes Hotel am Bahnhof Eindhoven\",\"isPartOf\":{\"@id\":\"https:\/\/www.marienhage.com\/de\/#website\"},\"description\":\"Entdecken Sie das Hotel Mari\u00ebnhage, das idealerweise nur 650 Meter vom Hauptbahnhof Eindhoven entfernt liegt. Genie\u00dfen Sie einen komfortablen Aufenthalt in unserem Hotel mit historischem Charme und modernen Annehmlichkeiten, perfekt f\u00fcr Gesch\u00e4ftsreisende und Urlauber.\",\"breadcrumb\":{\"@id\":\"https:\/\/www.marienhage.com\/de\/standort\/#breadcrumb\"},\"inLanguage\":\"de-DE\",\"potentialAction\":[{\"@type\":\"ReadAction\",\"target\":[\"https:\/\/www.marienhage.com\/de\/standort\/\"]}]},{\"@type\":\"BreadcrumbList\",\"@id\":\"https:\/\/www.marienhage.com\/de\/standort\/#breadcrumb\",\"itemListElement\":[{\"@type\":\"ListItem\",\"position\":1,\"name\":\"Home\",\"item\":\"https:\/\/www.marienhage.com\/de\/\"},{\"@type\":\"ListItem\",\"position\":2,\"name\":\"Hotel in der N\u00e4he des Hauptbahnhofs Eindhoven\"}]},{\"@type\":\"WebSite\",\"@id\":\"https:\/\/www.marienhage.com\/de\/#website\",\"url\":\"https:\/\/www.marienhage.com\/de\/\",\"name\":\"Mari\u00ebnhage Hotel\",\"description\":\"Hotel in Eindhoven\",\"publisher\":{\"@id\":\"https:\/\/www.marienhage.com\/de\/#organization\"},\"potentialAction\":[{\"@type\":\"SearchAction\",\"target\":{\"@type\":\"EntryPoint\",\"urlTemplate\":\"https:\/\/www.marienhage.com\/de\/?s={search_term_string}\"},\"query-input\":{\"@type\":\"PropertyValueSpecification\",\"valueRequired\":true,\"valueName\":\"search_term_string\"}}],\"inLanguage\":\"de-DE\"},{\"@type\":\"Organization\",\"@id\":\"https:\/\/www.marienhage.com\/de\/#organization\",\"name\":\"Hotel Mari\u00ebnhage\",\"url\":\"https:\/\/www.marienhage.com\/de\/\",\"logo\":{\"@type\":\"ImageObject\",\"inLanguage\":\"de-DE\",\"@id\":\"https:\/\/www.marienhage.com\/de\/#\/schema\/logo\/image\/\",\"url\":\"https:\/\/www.marienhage.com\/wp-content\/uploads\/2019\/07\/hmh-mark.png\",\"contentUrl\":\"https:\/\/www.marienhage.com\/wp-content\/uploads\/2019\/07\/hmh-mark.png\",\"width\":80,\"height\":80,\"caption\":\"Hotel Mari\u00ebnhage\"},\"image\":{\"@id\":\"https:\/\/www.marienhage.com\/de\/#\/schema\/logo\/image\/\"}}]}<\/script>\n<!-- \/ Yoast SEO plugin. -->","yoast_head_json":{"title":"Hotel Mari\u00ebnhage - Zentral Gelegenes Hotel am Bahnhof Eindhoven","description":"Entdecken Sie das Hotel Mari\u00ebnhage, das idealerweise nur 650 Meter vom Hauptbahnhof Eindhoven entfernt liegt. Genie\u00dfen Sie einen komfortablen Aufenthalt in unserem Hotel mit historischem Charme und modernen Annehmlichkeiten, perfekt f\u00fcr Gesch\u00e4ftsreisende und Urlauber.","robots":{"index":"index","follow":"follow","max-snippet":"max-snippet:-1","max-image-preview":"max-image-preview:large","max-video-preview":"max-video-preview:-1"},"canonical":"https:\/\/www.marienhage.com\/de\/standort\/","og_locale":"de_DE","og_type":"article","og_title":"Hotel Mari\u00ebnhage - Zentral Gelegenes Hotel am Bahnhof Eindhoven","og_description":"Entdecken Sie das Hotel Mari\u00ebnhage, das idealerweise nur 650 Meter vom Hauptbahnhof Eindhoven entfernt liegt. Genie\u00dfen Sie einen komfortablen Aufenthalt in unserem Hotel mit historischem Charme und modernen Annehmlichkeiten, perfekt f\u00fcr Gesch\u00e4ftsreisende und Urlauber.","og_url":"https:\/\/www.marienhage.com\/de\/standort\/","og_site_name":"Mari\u00ebnhage Hotel","twitter_card":"summary_large_image","twitter_misc":{"Gesch\u00e4tzte Lesezeit":"3 Minuten"},"schema":{"@context":"https:\/\/schema.org","@graph":[{"@type":"WebPage","@id":"https:\/\/www.marienhage.com\/de\/standort\/","url":"https:\/\/www.marienhage.com\/de\/standort\/","name":"Hotel Mari\u00ebnhage - Zentral Gelegenes Hotel am Bahnhof Eindhoven","isPartOf":{"@id":"https:\/\/www.marienhage.com\/de\/#website"},"description":"Entdecken Sie das Hotel Mari\u00ebnhage, das idealerweise nur 650 Meter vom Hauptbahnhof Eindhoven entfernt liegt. Genie\u00dfen Sie einen komfortablen Aufenthalt in unserem Hotel mit historischem Charme und modernen Annehmlichkeiten, perfekt f\u00fcr Gesch\u00e4ftsreisende und Urlauber.","breadcrumb":{"@id":"https:\/\/www.marienhage.com\/de\/standort\/#breadcrumb"},"inLanguage":"de-DE","potentialAction":[{"@type":"ReadAction","target":["https:\/\/www.marienhage.com\/de\/standort\/"]}]},{"@type":"BreadcrumbList","@id":"https:\/\/www.marienhage.com\/de\/standort\/#breadcrumb","itemListElement":[{"@type":"ListItem","position":1,"name":"Home","item":"https:\/\/www.marienhage.com\/de\/"},{"@type":"ListItem","position":2,"name":"Hotel in der N\u00e4he des Hauptbahnhofs Eindhoven"}]},{"@type":"WebSite","@id":"https:\/\/www.marienhage.com\/de\/#website","url":"https:\/\/www.marienhage.com\/de\/","name":"Mari\u00ebnhage Hotel","description":"Hotel in Eindhoven","publisher":{"@id":"https:\/\/www.marienhage.com\/de\/#organization"},"potentialAction":[{"@type":"SearchAction","target":{"@type":"EntryPoint","urlTemplate":"https:\/\/www.marienhage.com\/de\/?s={search_term_string}"},"query-input":{"@type":"PropertyValueSpecification","valueRequired":true,"valueName":"search_term_string"}}],"inLanguage":"de-DE"},{"@type":"Organization","@id":"https:\/\/www.marienhage.com\/de\/#organization","name":"Hotel Mari\u00ebnhage","url":"https:\/\/www.marienhage.com\/de\/","logo":{"@type":"ImageObject","inLanguage":"de-DE","@id":"https:\/\/www.marienhage.com\/de\/#\/schema\/logo\/image\/","url":"https:\/\/www.marienhage.com\/wp-content\/uploads\/2019\/07\/hmh-mark.png","contentUrl":"https:\/\/www.marienhage.com\/wp-content\/uploads\/2019\/07\/hmh-mark.png","width":80,"height":80,"caption":"Hotel Mari\u00ebnhage"},"image":{"@id":"https:\/\/www.marienhage.com\/de\/#\/schema\/logo\/image\/"}}]}},"_links":{"self":[{"href":"https:\/\/www.marienhage.com\/de\/wp-json\/wp\/v2\/pages\/8718","targetHints":{"allow":["GET"]}}],"collection":[{"href":"https:\/\/www.marienhage.com\/de\/wp-json\/wp\/v2\/pages"}],"about":[{"href":"https:\/\/www.marienhage.com\/de\/wp-json\/wp\/v2\/types\/page"}],"author":[{"embeddable":true,"href":"https:\/\/www.marienhage.com\/de\/wp-json\/wp\/v2\/users\/4"}],"replies":[{"embeddable":true,"href":"https:\/\/www.marienhage.com\/de\/wp-json\/wp\/v2\/comments?post=8718"}],"version-history":[{"count":0,"href":"https:\/\/www.marienhage.com\/de\/wp-json\/wp\/v2\/pages\/8718\/revisions"}],"wp:attachment":[{"href":"https:\/\/www.marienhage.com\/de\/wp-json\/wp\/v2\/media?parent=8718"}],"curies":[{"name":"wp","href":"https:\/\/api.w.org\/{rel}","templated":true}]}}