{"id":8686,"date":"2018-12-19T09:29:00","date_gmt":"2018-12-19T09:29:00","guid":{"rendered":"https:\/\/www.marienhage.com\/privacy-policy"},"modified":"2022-07-11T12:09:59","modified_gmt":"2022-07-11T12:09:59","slug":"datenschutzerklaerung","status":"publish","type":"page","link":"https:\/\/www.marienhage.com\/de\/datenschutzerklaerung\/","title":{"rendered":"Datenschutzerkl\u00e4rung"},"content":{"rendered":"<div class=\"fusion-fullwidth fullwidth-box fusion-builder-row-1 hundred-percent-fullwidth non-hundred-percent-height-scrolling fusion-equal-height-columns maincontentmh\" style=\"--awb-border-radius-top-left:0px;--awb-border-radius-top-right:0px;--awb-border-radius-bottom-right:0px;--awb-border-radius-bottom-left:0px;--awb-background-color:#fbf5ee;--awb-flex-wrap:wrap;\" ><div class=\"fusion-builder-row fusion-row\"><div class=\"fusion-layout-column fusion_builder_column fusion-builder-column-0 fusion_builder_column_1_1 1_1 fusion-one-full fusion-column-first fusion-column-last\" style=\"--awb-bg-color:#ecdbd5;--awb-bg-color-hover:#ecdbd5;--awb-bg-position:right center;--awb-bg-size:cover;--awb-box-shadow:0px 0px 5px 4px #a8a8a8;;\"><div class=\"fusion-column-wrapper fusion-column-has-shadow fusion-flex-column-wrapper-legacy\"><div class=\"fusion-column-content-centered\"><div class=\"fusion-column-content\"><div class=\"fusion-builder-row fusion-builder-row-inner fusion-row\"><div class=\"fusion-layout-column fusion_builder_column_inner fusion-builder-nested-column-0 fusion_builder_column_inner_1_6 1_6 fusion-one-sixth fusion-column-first\" style=\"--awb-bg-size:cover;width:16.6666666667%;width:calc(16.6666666667% - ( ( 4% + 4% ) * 0.166666666667 ) );margin-right: 4%;\"><div class=\"fusion-column-wrapper fusion-column-has-shadow fusion-flex-column-wrapper-legacy\"><div class=\"fusion-clearfix\"><\/div><\/div><\/div><div class=\"fusion-layout-column fusion_builder_column_inner fusion-builder-nested-column-1 fusion_builder_column_inner_2_3 2_3 fusion-two-third\" style=\"--awb-bg-size:cover;width:66.6666666667%;width:calc(66.6666666667% - ( ( 4% + 4% ) * 0.666666666667 ) );margin-right: 4%;\"><div class=\"fusion-column-wrapper fusion-column-has-shadow fusion-flex-column-wrapper-legacy\"><div class=\"fusion-sep-clear\"><\/div><div class=\"fusion-separator fusion-full-width-sep\" style=\"margin-left: auto;margin-right: auto;margin-top:30px;width:100%;\"><\/div><div class=\"fusion-sep-clear\"><\/div><div class=\"fusion-title title fusion-title-1 fusion-sep-none fusion-title-center fusion-title-text fusion-title-size-one\" style=\"--awb-margin-top:0px;--awb-margin-top-small:0px;--awb-margin-right-small:0px;--awb-margin-bottom-small:15px;--awb-margin-left-small:0px;\"><h1 class=\"fusion-title-heading title-heading-center fusion-responsive-typography-calculated\" style=\"margin:0;--fontSize:34;line-height:1.4;\">Mari\u00ebnhage Datenschutzrichtlinie<\/h1><\/div><div class=\"fusion-text fusion-text-1\"><p style=\"text-align: justify;\">Diese Datenschutzrichtlinie enth\u00e4lt Informationen dar\u00fcber, wie Hotel Mari\u00ebnhage B.V. (im Folgenden HOTEL MARI\u00cbNHAGE&#8220; genannt) mit den personenbezogenen Daten umgeht, die Sie HOTEL MARI\u00cbNHAGE zur Verf\u00fcgung stellen. In dieser Datenschutzerkl\u00e4rung wird erl\u00e4utert, welche Partei der Controller (Verantwortliche) im Sinne des niederl\u00e4ndischen Gesetzes zum Schutz personenbezogener Daten ist, welche personenbezogenen Daten von Ihnen als Kunde und\/oder Organisation gesammelt werden und zu welchen Zwecken diese personenbezogenen Daten gesammelt werden. Au\u00dferdem werden Sie dar\u00fcber informiert, wie lange Ihre personenbezogenen Daten gespeichert werden, welche Rechte Sie in diesem Zusammenhang haben und wie Sie diese Rechte aus\u00fcben k\u00f6nnen.<\/p>\n<p style=\"text-align: justify;\">HOTEL MARI\u00cbNHAGE respektiert die Privatsph\u00e4re der Besucher der Website, der Empf\u00e4nger des Newsletters und anderer betroffener Personen. Wir stellen sicher, dass die von Ihnen zur Verf\u00fcgung gestellten personenbezogenen Daten vertraulich behandelt werden. Die Verarbeitung personenbezogener Daten erfolgt in \u00dcbereinstimmung mit den Anforderungen des Gesetzes zum Schutz personenbezogener Daten und der Allgemeinen Datenschutzverordnung (GDPR). Wir verkaufen niemals personenbezogene Daten an Dritte.<\/p>\n<p><strong>Die pers\u00f6nlichen Daten, die wir verarbeiten:<\/strong><\/p>\n<p>HOTEL MARI\u00cbNHAGE verarbeitet Ihre personenbezogenen Daten, wenn Sie unsere Dienste in Anspruch nehmen und\/oder wenn Sie uns diese Daten selbst zur Verf\u00fcgung stellen. Nachstehend finden Sie eine Liste der Arten von personenbezogenen Daten, die wir verarbeiten:<\/p>\n<ul>\n<li>Vorname, Nachname, Geschlecht, Geburtsdatum, Geburtsort;<\/li>\n<li>Anschrift, Telefonnummer, E-Mail Adresse;<\/li>\n<li>Sonstige personenbezogene Daten, die Sie uns selbst zur Verf\u00fcgung stellen, z. B. durch Korrespondenz oder per Telefon.<\/li>\n<\/ul>\n<p><strong>Daten \u00fcber Ihre Aktivit\u00e4ten auf unserer Website:<\/strong><\/p>\n<p style=\"text-align: justify;\">Besondere Kategorien von personenbezogenen Daten und\/oder sensible personenbezogene Daten, die wir verarbeiten:<br \/>Unsere Website und\/oder Dienste haben nicht die Absicht, Daten \u00fcber Website-Besucher unter 16 Jahren zu sammeln, es sei denn, sie haben die Erlaubnis ihrer Eltern oder Erziehungsberechtigten. Wir sind jedoch nicht in der Lage zu \u00fcberpr\u00fcfen, ob die Besucher \u00fcber 16 Jahre alt sind. Wir empfehlen Eltern oder Erziehungsberechtigten, die Online-Aktivit\u00e4ten ihrer Kinder zu \u00fcberwachen, um zu verhindern, dass die Daten ihrer Kinder ohne die Zustimmung der Eltern oder Erziehungsberechtigten erfasst werden. Wenn Sie als Elternteil oder Erziehungsberechtigter Grund zu der Annahme haben, dass wir die Daten einer Person unter 16 Jahren ohne eine solche Erlaubnis gesammelt haben, wenden Sie sich bitte an info@marienhage.com, und wir werden die betreffenden Daten dann l\u00f6schen.<\/p>\n<p><strong>Warum wir Ihre pers\u00f6nlichen Daten ben\u00f6tigen:<\/strong><\/p>\n<p>HOTEL MARI\u00cbNHAGE verarbeitet die oben genannten personenbezogenen Daten f\u00fcr die folgenden Zwecke:<\/p>\n<ul>\n<li>Um Ihre Zahlung zu bearbeiten;<\/li>\n<li>Um unseren Newsletter und\/oder Werbung zu versenden;<\/li>\n<li>Um Sie anzurufen, wenn dies f\u00fcr die Erbringung unserer Dienstleistung erforderlich ist;<\/li>\n<li>Um Sie \u00fcber \u00c4nderungen an unseren Dienstleistungen und Produkten zu informieren;<\/li>\n<li>HOTEL MARI\u00cbNHAGE analysiert Ihr Verhalten auf der Website, um unsere Website zu verbessern und unser Angebot an Produkten und Dienstleistungen an Ihre Pr\u00e4ferenzen anzupassen.<\/li>\n<\/ul>\n<p style=\"text-align: justify;\">HOTEL MARI\u00cbNHAGE verarbeitet auch personenbezogene Daten, wenn wir gesetzlich dazu verpflichtet sind. Dazu geh\u00f6ren Daten, die wir f\u00fcr unsere Steuererkl\u00e4rung und unser Nachtregister ben\u00f6tigen. Wie lange wir personenbezogene Daten aufbewahren:<\/p>\n<p>HOTEL MARI\u00cbNHAGE bewahrt Ihre personenbezogenen Daten nicht l\u00e4nger auf, als es f\u00fcr die Zwecke, f\u00fcr die sie erhoben wurden, unbedingt erforderlich ist.<\/p>\n<p><strong>Im Folgenden wird beschrieben, zu welchem Zweck HOTEL MARI\u00cbNHAGE die erhobenen personenbezogenen Daten verwendet.<\/strong><\/p>\n<p style=\"text-align: justify;\">TDiese Beschreibung enth\u00e4lt auch den Zeitraum, f\u00fcr den diese personenbezogenen Daten aufbewahrt werden und warum.<\/p>\n<p><strong>F\u00fcr die Zwecke der Website:<\/strong> Ein Jahr\/zw\u00f6lf Monate.<\/p>\n<p style=\"text-align: justify;\">Warum wir diese personenbezogenen Daten erheben: Um das Angebot auf der Website zu optimieren und um sicherzustellen, dass dieses Angebot auf die G\u00e4ste und Besucher der Website ausgerichtet ist.<br \/>Warum wir die personenbezogenen Daten f\u00fcr diesen Zeitraum aufbewahren: Wir halten diese Frist f\u00fcr angemessen, da es wahrscheinlich ist, dass der Besucher die Website innerhalb eines Jahres mehrmals besucht.<\/p>\n<p><strong>F\u00fcr die Zwecke von Newslettern:<\/strong> Drei Jahre\/36 Monate.<\/p>\n<p style=\"text-align: justify;\">Warum wir diese personenbezogenen Daten sammeln: Um Sie \u00fcber Entwicklungen, Neuigkeiten und Sonderangebote zu informieren.<br \/>Warum wir die personenbezogenen Daten f\u00fcr diesen Zeitraum aufbewahren: Wir halten diesen Zeitraum f\u00fcr angemessen, da Sie w\u00e4hrend dieses Zeitraums wahrscheinlich Newsletter erhalten m\u00f6chten.<\/p>\n<p><strong>Zum Zweck von Offline-Buchungsbest\u00e4tigungen:<\/strong> Drei Jahre\/36 Monate.<\/p>\n<p style=\"text-align: justify;\">Warum wir diese personenbezogenen Daten erheben: Um die notwendige Kommunikation \u00fcber Ihren Aufenthalt, Ihren Besuch oder die Kontaktaufnahme bez\u00fcglich Ihrer Buchung sicherzustellen.<br \/>Warum wir die personenbezogenen Daten f\u00fcr diesen Zeitraum aufbewahren: Wir halten diesen Zeitraum f\u00fcr angemessen, da es wahrscheinlich ist, dass Sie uns w\u00e4hrend dieses Zeitraums mehr als einmal besuchen werden.<\/p>\n<p>30 Tage.<\/p>\n<p style=\"text-align: justify;\">Warum wir diese personenbezogenen Daten erheben: Bei Buchungen speichern wir vor\u00fcbergehend personenbezogene Daten. Dazu geh\u00f6ren alle Angaben auf dem Formular, Vorname, Nachname, verwendete Zahlungsmethode, Adresse usw.<br \/>Warum wir die personenbezogenen Daten f\u00fcr diesen Zeitraum aufbewahren: Wir halten diese Frist f\u00fcr angemessen, da wir nach dem Versuch, eine Buchung vorzunehmen, oder im Falle einer fehlgeschlagenen Buchung die Einzelheiten der Buchungen wiederherstellen m\u00fcssen.<\/p>\n<p><strong>F\u00fcr die Zwecke des Nachtregisters:<\/strong> Sieben Jahre\/84 Monate.<\/p>\n<p style=\"text-align: justify;\">Warum wir diese personenbezogenen Daten erheben: F\u00fcr die Zwecke unserer Kurtaxe Erkl\u00e4rung. Im Zusammenhang mit einer eventuellen Pr\u00fcfung der Kurtaxe durch die Steuerbeh\u00f6rden werden wir die G\u00e4steverwaltung sieben Jahre lang aufbewahren.<br \/>Warum wir die personenbezogenen Daten f\u00fcr diesen Zeitraum aufbewahren: Dieser Zeitraum ist gesetzlich vorgeschrieben.<\/p>\n<p><strong>Weitergabe personenbezogener Daten an Dritte<\/strong><\/p>\n<p style=\"text-align: justify;\">HOTEL MARI\u00cbNHAGE verkauft Ihre personenbezogenen Daten nicht an Dritte und stellt sie nur zur Verf\u00fcgung, wenn dies f\u00fcr die Durchf\u00fchrung unseres Vertrags oder zur Erf\u00fcllung einer gesetzlichen Verpflichtung erforderlich ist. Wir schlie\u00dfen mit den Unternehmen, die Ihre Daten f\u00fcr uns verarbeiten, einen Verarbeitungsvertrag ab, um das gleiche Niveau an Sicherheit und Vertraulichkeit Ihrer Daten zu gew\u00e4hrleisten. HOTEL MARI\u00cbNHAGE bleibt letztendlich f\u00fcr diese Verarbeitung verantwortlich.<\/p>\n<p><strong>Von uns verwendete Cookies oder \u00e4hnliche Technologien<\/strong><\/p>\n<p style=\"text-align: justify;\">HOTEL MARI\u00cbNHAGE verwendet funktionale, analytische und Tracking-Cookies. Ein Cookie ist eine kleine Textdatei, die im Browser Ihres Computers, Tablets oder Smartphones gespeichert wird, wenn Sie unsere Website zum ersten Mal besuchen. HOTEL MARI\u00cbNHAGE verwendet nur Cookies mit einer technischen Funktion. Sie stellen sicher, dass die Website so funktioniert, wie sie soll, und dass die Website sich Details wie Ihre bevorzugten Einstellungen merkt. Diese Cookies werden auch verwendet, um die Website zu optimieren und um sicherzustellen, dass sie ordnungsgem\u00e4\u00df funktioniert. Dar\u00fcber hinaus platzieren wir Cookies, die Ihr Surfverhalten verfolgen, damit wir Ihnen ma\u00dfgeschneiderte Inhalte und Werbung anbieten k\u00f6nnen. Als Sie unsere Website zum ersten Mal besuchten, haben wir Sie bereits \u00fcber diese Cookies informiert und Sie um Ihre Erlaubnis gebeten, sie zu setzen. Sie k\u00f6nnen sich von den Cookies abmelden, indem Sie Ihren Internetbrowser so einstellen, dass er keine Cookies mehr speichert. Dar\u00fcber hinaus k\u00f6nnen Sie auch alle zuvor in Ihren Browsereinstellungen gespeicherten Informationen l\u00f6schen. F\u00fcr weitere Informationen siehe: http:\/\/www.allaboutcookies.org. Die IP-Adressen werden in \u00dcbereinstimmung mit der GDPR anonymisiert.<\/p>\n<p><strong>Zugriff, Berichtigung oder L\u00f6schung personenbezogener Daten<\/strong><\/p>\n<p style=\"text-align: justify;\">Sie haben das Recht, Ihre personenbezogenen Daten einzusehen, zu berichtigen oder zu l\u00f6schen. Sie k\u00f6nnen Ihren Antrag auf Auskunft, Berichtigung oder L\u00f6schung Ihrer personenbezogenen Daten an <a href=\"mailto:info@marienhage.com\">info@marienhage.com<\/a>\u00a0senden. Um sicherzustellen, dass der Antrag auf Zugang tats\u00e4chlich von Ihnen gestellt wird, bitten wir Sie, Ihrem Antrag eine Kopie Ihres Ausweises beizuf\u00fcgen. Wir bitten Sie, Ihr Foto und (falls zutreffend) die B\u00fcrgerservicenummer (BSN) in dieser Kopie zu schw\u00e4rzen, um Ihre Privatsph\u00e4re zu sch\u00fctzen. HOTEL MARI\u00cbNHAGE wird Ihren Antrag so schnell wie m\u00f6glich innerhalb von vier Wochen beantworten.<\/p>\n<p><strong>Sicherheit<\/strong><\/p>\n<p style=\"text-align: justify;\">HOTEL MARI\u00cbNHAGE nimmt den Schutz Ihrer Daten ernst und ergreift geeignete Ma\u00dfnahmen, um Missbrauch, Verlust, unbefugten Zugriff, unerw\u00fcnschte Offenlegung und unbefugte \u00c4nderung zu verhindern. Wenn Sie glauben, dass Ihre Daten nicht sicher sind oder es Anzeichen f\u00fcr einen Missbrauch gibt, wenden Sie sich bitte an unsere Rezeption oder senden Sie eine E-Mail an info@marienhage.com.<\/p>\n<\/div><div class=\"fusion-clearfix\"><\/div><\/div><\/div><div class=\"fusion-layout-column fusion_builder_column_inner fusion-builder-nested-column-2 fusion_builder_column_inner_1_6 1_6 fusion-one-sixth fusion-column-last\" style=\"--awb-bg-size:cover;width:16.6666666667%;width:calc(16.6666666667% - ( ( 4% + 4% ) * 0.166666666667 ) );\"><div class=\"fusion-column-wrapper fusion-column-has-shadow fusion-flex-column-wrapper-legacy\"><div class=\"fusion-clearfix\"><\/div><\/div><\/div><\/div><\/div><\/div><div class=\"fusion-clearfix\"><\/div><\/div><\/div><\/div><\/div>\n","protected":false},"excerpt":{"rendered":"","protected":false},"author":4,"featured_media":0,"parent":0,"menu_order":0,"comment_status":"closed","ping_status":"closed","template":"","meta":{"footnotes":""},"class_list":["post-8686","page","type-page","status-publish","hentry"],"yoast_head":"<!-- This site is optimized with the Yoast SEO plugin v27.2 - https:\/\/yoast.com\/product\/yoast-seo-wordpress\/ -->\n<title>Datenschutzerkl\u00e4rung - Hotel Mari\u00ebnhage in Eindhoven by LBG Hotels<\/title>\n<meta name=\"description\" content=\"Das Hotel Mari\u00ebnhage ist Teil der La Berg\u00e8re Hospitality Group BV. Diese Datenschutzrichtlinie enth\u00e4lt Informationen dar\u00fcber, wie LBG mit den von Ihnen zur Verf\u00fcgung gestellten pers\u00f6nlichen Daten umgeht. Buchen Sie jetzt im Hotel Mari\u00ebnhage, Eindhoven, Niederlande. - Offizielle Website\" \/>\n<meta name=\"robots\" content=\"index, follow, max-snippet:-1, max-image-preview:large, max-video-preview:-1\" \/>\n<link rel=\"canonical\" href=\"https:\/\/www.marienhage.com\/de\/datenschutzerklaerung\/\" \/>\n<meta property=\"og:locale\" content=\"de_DE\" \/>\n<meta property=\"og:type\" content=\"article\" \/>\n<meta property=\"og:title\" content=\"Datenschutzerkl\u00e4rung - Hotel Mari\u00ebnhage in Eindhoven by LBG Hotels\" \/>\n<meta property=\"og:description\" content=\"Das Hotel Mari\u00ebnhage ist Teil der La Berg\u00e8re Hospitality Group BV. Diese Datenschutzrichtlinie enth\u00e4lt Informationen dar\u00fcber, wie LBG mit den von Ihnen zur Verf\u00fcgung gestellten pers\u00f6nlichen Daten umgeht. Buchen Sie jetzt im Hotel Mari\u00ebnhage, Eindhoven, Niederlande. - Offizielle Website\" \/>\n<meta property=\"og:url\" content=\"https:\/\/www.marienhage.com\/de\/datenschutzerklaerung\/\" \/>\n<meta property=\"og:site_name\" content=\"Mari\u00ebnhage Hotel\" \/>\n<meta name=\"twitter:card\" content=\"summary_large_image\" \/>\n<meta name=\"twitter:label1\" content=\"Gesch\u00e4tzte Lesezeit\" \/>\n\t<meta name=\"twitter:data1\" content=\"11 Minuten\" \/>\n<script type=\"application\/ld+json\" class=\"yoast-schema-graph\">{\"@context\":\"https:\/\/schema.org\",\"@graph\":[{\"@type\":\"WebPage\",\"@id\":\"https:\/\/www.marienhage.com\/de\/datenschutzerklaerung\/\",\"url\":\"https:\/\/www.marienhage.com\/de\/datenschutzerklaerung\/\",\"name\":\"Datenschutzerkl\u00e4rung - Hotel Mari\u00ebnhage in Eindhoven by LBG Hotels\",\"isPartOf\":{\"@id\":\"https:\/\/www.marienhage.com\/de\/#website\"},\"description\":\"Das Hotel Mari\u00ebnhage ist Teil der La Berg\u00e8re Hospitality Group BV. Diese Datenschutzrichtlinie enth\u00e4lt Informationen dar\u00fcber, wie LBG mit den von Ihnen zur Verf\u00fcgung gestellten pers\u00f6nlichen Daten umgeht. Buchen Sie jetzt im Hotel Mari\u00ebnhage, Eindhoven, Niederlande. - Offizielle Website\",\"breadcrumb\":{\"@id\":\"https:\/\/www.marienhage.com\/de\/datenschutzerklaerung\/#breadcrumb\"},\"inLanguage\":\"de-DE\",\"potentialAction\":[{\"@type\":\"ReadAction\",\"target\":[\"https:\/\/www.marienhage.com\/de\/datenschutzerklaerung\/\"]}]},{\"@type\":\"BreadcrumbList\",\"@id\":\"https:\/\/www.marienhage.com\/de\/datenschutzerklaerung\/#breadcrumb\",\"itemListElement\":[{\"@type\":\"ListItem\",\"position\":1,\"name\":\"Home\",\"item\":\"https:\/\/www.marienhage.com\/de\/\"},{\"@type\":\"ListItem\",\"position\":2,\"name\":\"Datenschutzerkl\u00e4rung\"}]},{\"@type\":\"WebSite\",\"@id\":\"https:\/\/www.marienhage.com\/de\/#website\",\"url\":\"https:\/\/www.marienhage.com\/de\/\",\"name\":\"Mari\u00ebnhage Hotel\",\"description\":\"Hotel in Eindhoven\",\"publisher\":{\"@id\":\"https:\/\/www.marienhage.com\/de\/#organization\"},\"potentialAction\":[{\"@type\":\"SearchAction\",\"target\":{\"@type\":\"EntryPoint\",\"urlTemplate\":\"https:\/\/www.marienhage.com\/de\/?s={search_term_string}\"},\"query-input\":{\"@type\":\"PropertyValueSpecification\",\"valueRequired\":true,\"valueName\":\"search_term_string\"}}],\"inLanguage\":\"de-DE\"},{\"@type\":\"Organization\",\"@id\":\"https:\/\/www.marienhage.com\/de\/#organization\",\"name\":\"Hotel Mari\u00ebnhage\",\"url\":\"https:\/\/www.marienhage.com\/de\/\",\"logo\":{\"@type\":\"ImageObject\",\"inLanguage\":\"de-DE\",\"@id\":\"https:\/\/www.marienhage.com\/de\/#\/schema\/logo\/image\/\",\"url\":\"https:\/\/www.marienhage.com\/wp-content\/uploads\/2019\/07\/hmh-mark.png\",\"contentUrl\":\"https:\/\/www.marienhage.com\/wp-content\/uploads\/2019\/07\/hmh-mark.png\",\"width\":80,\"height\":80,\"caption\":\"Hotel Mari\u00ebnhage\"},\"image\":{\"@id\":\"https:\/\/www.marienhage.com\/de\/#\/schema\/logo\/image\/\"}}]}<\/script>\n<!-- \/ Yoast SEO plugin. -->","yoast_head_json":{"title":"Datenschutzerkl\u00e4rung - Hotel Mari\u00ebnhage in Eindhoven by LBG Hotels","description":"Das Hotel Mari\u00ebnhage ist Teil der La Berg\u00e8re Hospitality Group BV. Diese Datenschutzrichtlinie enth\u00e4lt Informationen dar\u00fcber, wie LBG mit den von Ihnen zur Verf\u00fcgung gestellten pers\u00f6nlichen Daten umgeht. Buchen Sie jetzt im Hotel Mari\u00ebnhage, Eindhoven, Niederlande. - Offizielle Website","robots":{"index":"index","follow":"follow","max-snippet":"max-snippet:-1","max-image-preview":"max-image-preview:large","max-video-preview":"max-video-preview:-1"},"canonical":"https:\/\/www.marienhage.com\/de\/datenschutzerklaerung\/","og_locale":"de_DE","og_type":"article","og_title":"Datenschutzerkl\u00e4rung - Hotel Mari\u00ebnhage in Eindhoven by LBG Hotels","og_description":"Das Hotel Mari\u00ebnhage ist Teil der La Berg\u00e8re Hospitality Group BV. Diese Datenschutzrichtlinie enth\u00e4lt Informationen dar\u00fcber, wie LBG mit den von Ihnen zur Verf\u00fcgung gestellten pers\u00f6nlichen Daten umgeht. Buchen Sie jetzt im Hotel Mari\u00ebnhage, Eindhoven, Niederlande. - Offizielle Website","og_url":"https:\/\/www.marienhage.com\/de\/datenschutzerklaerung\/","og_site_name":"Mari\u00ebnhage Hotel","twitter_card":"summary_large_image","twitter_misc":{"Gesch\u00e4tzte Lesezeit":"11 Minuten"},"schema":{"@context":"https:\/\/schema.org","@graph":[{"@type":"WebPage","@id":"https:\/\/www.marienhage.com\/de\/datenschutzerklaerung\/","url":"https:\/\/www.marienhage.com\/de\/datenschutzerklaerung\/","name":"Datenschutzerkl\u00e4rung - Hotel Mari\u00ebnhage in Eindhoven by LBG Hotels","isPartOf":{"@id":"https:\/\/www.marienhage.com\/de\/#website"},"description":"Das Hotel Mari\u00ebnhage ist Teil der La Berg\u00e8re Hospitality Group BV. Diese Datenschutzrichtlinie enth\u00e4lt Informationen dar\u00fcber, wie LBG mit den von Ihnen zur Verf\u00fcgung gestellten pers\u00f6nlichen Daten umgeht. Buchen Sie jetzt im Hotel Mari\u00ebnhage, Eindhoven, Niederlande. - Offizielle Website","breadcrumb":{"@id":"https:\/\/www.marienhage.com\/de\/datenschutzerklaerung\/#breadcrumb"},"inLanguage":"de-DE","potentialAction":[{"@type":"ReadAction","target":["https:\/\/www.marienhage.com\/de\/datenschutzerklaerung\/"]}]},{"@type":"BreadcrumbList","@id":"https:\/\/www.marienhage.com\/de\/datenschutzerklaerung\/#breadcrumb","itemListElement":[{"@type":"ListItem","position":1,"name":"Home","item":"https:\/\/www.marienhage.com\/de\/"},{"@type":"ListItem","position":2,"name":"Datenschutzerkl\u00e4rung"}]},{"@type":"WebSite","@id":"https:\/\/www.marienhage.com\/de\/#website","url":"https:\/\/www.marienhage.com\/de\/","name":"Mari\u00ebnhage Hotel","description":"Hotel in Eindhoven","publisher":{"@id":"https:\/\/www.marienhage.com\/de\/#organization"},"potentialAction":[{"@type":"SearchAction","target":{"@type":"EntryPoint","urlTemplate":"https:\/\/www.marienhage.com\/de\/?s={search_term_string}"},"query-input":{"@type":"PropertyValueSpecification","valueRequired":true,"valueName":"search_term_string"}}],"inLanguage":"de-DE"},{"@type":"Organization","@id":"https:\/\/www.marienhage.com\/de\/#organization","name":"Hotel Mari\u00ebnhage","url":"https:\/\/www.marienhage.com\/de\/","logo":{"@type":"ImageObject","inLanguage":"de-DE","@id":"https:\/\/www.marienhage.com\/de\/#\/schema\/logo\/image\/","url":"https:\/\/www.marienhage.com\/wp-content\/uploads\/2019\/07\/hmh-mark.png","contentUrl":"https:\/\/www.marienhage.com\/wp-content\/uploads\/2019\/07\/hmh-mark.png","width":80,"height":80,"caption":"Hotel Mari\u00ebnhage"},"image":{"@id":"https:\/\/www.marienhage.com\/de\/#\/schema\/logo\/image\/"}}]}},"_links":{"self":[{"href":"https:\/\/www.marienhage.com\/de\/wp-json\/wp\/v2\/pages\/8686","targetHints":{"allow":["GET"]}}],"collection":[{"href":"https:\/\/www.marienhage.com\/de\/wp-json\/wp\/v2\/pages"}],"about":[{"href":"https:\/\/www.marienhage.com\/de\/wp-json\/wp\/v2\/types\/page"}],"author":[{"embeddable":true,"href":"https:\/\/www.marienhage.com\/de\/wp-json\/wp\/v2\/users\/4"}],"replies":[{"embeddable":true,"href":"https:\/\/www.marienhage.com\/de\/wp-json\/wp\/v2\/comments?post=8686"}],"version-history":[{"count":0,"href":"https:\/\/www.marienhage.com\/de\/wp-json\/wp\/v2\/pages\/8686\/revisions"}],"wp:attachment":[{"href":"https:\/\/www.marienhage.com\/de\/wp-json\/wp\/v2\/media?parent=8686"}],"curies":[{"name":"wp","href":"https:\/\/api.w.org\/{rel}","templated":true}]}}