{"id":8663,"date":"2022-07-11T15:10:01","date_gmt":"2022-07-11T15:10:01","guid":{"rendered":"https:\/\/www.marienhage.com\/de-refter-restaurant-in-eindhoven"},"modified":"2022-07-11T15:10:57","modified_gmt":"2022-07-11T15:10:57","slug":"de-refter-restaurant-eindhoven","status":"publish","type":"page","link":"https:\/\/www.marienhage.com\/de\/de-refter-restaurant-eindhoven\/","title":{"rendered":"De Refter, Restaurant in Eindhoven"},"content":{"rendered":"<div class=\"fusion-fullwidth fullwidth-box fusion-builder-row-1 nonhundred-percent-fullwidth non-hundred-percent-height-scrolling\" style=\"--awb-border-radius-top-left:0px;--awb-border-radius-top-right:0px;--awb-border-radius-bottom-right:0px;--awb-border-radius-bottom-left:0px;--awb-flex-wrap:wrap;\" ><div class=\"fusion-builder-row fusion-row\"><div class=\"fusion-layout-column fusion_builder_column fusion-builder-column-0 fusion_builder_column_1_1 1_1 fusion-one-full fusion-column-first fusion-column-last\" style=\"--awb-bg-size:cover;\"><div class=\"fusion-column-wrapper fusion-column-has-shadow fusion-flex-column-wrapper-legacy\"><div class=\"fusion-builder-row fusion-builder-row-inner fusion-row\"><div class=\"fusion-layout-column fusion_builder_column_inner fusion-builder-nested-column-0 fusion_builder_column_inner_1_2 1_2 fusion-one-half fusion-column-first\" style=\"--awb-padding-top:70px;--awb-padding-right:30px;--awb-padding-bottom:75px;--awb-padding-left:30px;--awb-bg-size:cover;width:50%;width:calc(50% - ( ( 4% ) * 0.5 ) );margin-right: 4%;\" id=\"thirdlefttcol\"><div class=\"fusion-column-wrapper fusion-column-has-shadow fusion-flex-column-wrapper-legacy\"><div class=\"fusion-title title fusion-title-1 fusion-sep-none fusion-title-center fusion-title-text fusion-title-size-one\" style=\"--awb-margin-top:0px;--awb-margin-top-small:0px;--awb-margin-right-small:0px;--awb-margin-bottom-small:15px;--awb-margin-left-small:0px;\"><h1 class=\"fusion-title-heading title-heading-center fusion-responsive-typography-calculated\" style=\"margin:0;--fontSize:34;line-height:1.4;\"><span style=\"font-weight: 400;\">De Refter, Restaurant in Eindhoven<\/span><\/h1><\/div><div class=\"fusion-text fusion-text-1\"><p><span style=\"font-weight: 400;\">Der wundersch\u00f6n renovierte Raum unter der monumentalen Kapelle ist seit 2021 als De Refter ge\u00f6ffnet. Der Name De Refter ist eine Anspielung auf die kl\u00f6sterliche Vergangenheit und bedeutet Essplatz in einer Abtei, einem Kloster oder einem Internat. Ein historischer Ort, an dem k\u00f6stliches Essen und eine wunderbare Atmosph\u00e4re perfekt zusammenpassen. Bei sch\u00f6nem Wetter k\u00f6nnen Sie auf der Terrasse von De Refter Platz nehmen und den Sonnenuntergang im 1 Hektar gro\u00dfen Innengarten beobachten. De Refter eignet sich f\u00fcr Abendessen, Tagungen, Konzerte und Veranstaltungen f\u00fcr bis zu 125 Personen. Es ist ein vielseitiger Raum mit einer enormen Anzahl von M\u00f6glichkeiten.<\/span><\/p>\n<p><span style=\"font-weight: 400;\">Buchen Sie jetzt eine \u00dcbernachtung im Hotel Mari\u00ebnhage und genie\u00dfen Sie diesen sch\u00f6nen Ort in vollen Z\u00fcgen. Entdecken Sie das alte Kloster, essen Sie in der Brasserie Rita oder im Restaurant de Refter.<\/span><\/p>\n<\/div><div class=\"fusion-aligncenter\"><a class=\"fusion-button button-flat fusion-button-default-size button-default fusion-button-default button-1 fusion-button-default-span fusion-button-default-type distributor\" target=\"_self\" href=\"#\"><span class=\"fusion-button-text awb-button__text awb-button__text--default\">JETZT BUCHEN<\/span><\/a><\/div><div class=\"fusion-text fusion-text-2\"><h4>Warum im Hotel Mari\u00ebnhage \u00fcbernachten?<\/h4>\n<ul>\n<li>Verschiedene Zimmertypen mit einer Geschichte<\/li>\n<li>Boutique-Hotel Eindhoven<\/li>\n<li>In ruhiger Lage im Zentrum von Eindhoven gelegen<\/li>\n<li>Kostenloser Zugang zum Wellnessbereich (Badebekleidung erforderlich)<\/li>\n<li>Zugang zum Fitnessbereich, Kardio- und Kraftger\u00e4te<\/li>\n<li>Gut erreichbar mit dem Auto und \u00f6ffentlichen Verkehrsmitteln, geb\u00fchrenpflichtige Parkpl\u00e4tze vor Ort<\/li>\n<li>Leckeres Fr\u00fchst\u00fcck, Mittag- oder Abendessen in der Brasserie Rita oder im Restaurant de Refter<\/li>\n<\/ul>\n<\/div><div class=\"fusion-clearfix\"><\/div><\/div><\/div><div class=\"fusion-layout-column fusion_builder_column_inner fusion-builder-nested-column-1 fusion_builder_column_inner_1_2 1_2 fusion-one-half fusion-column-last\" style=\"--awb-bg-size:cover;width:50%;width:calc(50% - ( ( 4% ) * 0.5 ) );\"><div class=\"fusion-column-wrapper fusion-column-has-shadow fusion-flex-column-wrapper-legacy\"><div class=\"fusion-column-content-centered\"><div class=\"fusion-column-content\"><div class=\"fusion-image-element in-legacy-container\" style=\"--awb-caption-title-font-family:var(--h2_typography-font-family);--awb-caption-title-font-weight:var(--h2_typography-font-weight);--awb-caption-title-font-style:var(--h2_typography-font-style);--awb-caption-title-size:var(--h2_typography-font-size);--awb-caption-title-transform:var(--h2_typography-text-transform);--awb-caption-title-line-height:var(--h2_typography-line-height);--awb-caption-title-letter-spacing:var(--h2_typography-letter-spacing);\"><span class=\" fusion-imageframe imageframe-none imageframe-1 hover-type-none\"><img decoding=\"async\" width=\"2048\" height=\"1363\" alt=\"Brasserie Rita Restaurant - Hotel Mari\u00ebnhage Eindhoven Domusdela\" title=\"De Refter, Restaurant in Eindhoven &#8211; Hotel Mari\u00ebnhage Eindhoven Domusdela\" src=\"https:\/\/www.marienhage.com\/wp-content\/uploads\/2022\/03\/De-Refter-Restaurant-in-Eindhoven-Hotel-Marienhage-Eindhoven-Domusdela.jpg\" class=\"img-responsive wp-image-8401\" srcset=\"https:\/\/www.marienhage.com\/wp-content\/uploads\/2022\/03\/De-Refter-Restaurant-in-Eindhoven-Hotel-Marienhage-Eindhoven-Domusdela-200x133.jpg 200w, https:\/\/www.marienhage.com\/wp-content\/uploads\/2022\/03\/De-Refter-Restaurant-in-Eindhoven-Hotel-Marienhage-Eindhoven-Domusdela-400x266.jpg 400w, https:\/\/www.marienhage.com\/wp-content\/uploads\/2022\/03\/De-Refter-Restaurant-in-Eindhoven-Hotel-Marienhage-Eindhoven-Domusdela-600x399.jpg 600w, https:\/\/www.marienhage.com\/wp-content\/uploads\/2022\/03\/De-Refter-Restaurant-in-Eindhoven-Hotel-Marienhage-Eindhoven-Domusdela-800x532.jpg 800w, https:\/\/www.marienhage.com\/wp-content\/uploads\/2022\/03\/De-Refter-Restaurant-in-Eindhoven-Hotel-Marienhage-Eindhoven-Domusdela-1200x799.jpg 1200w, https:\/\/www.marienhage.com\/wp-content\/uploads\/2022\/03\/De-Refter-Restaurant-in-Eindhoven-Hotel-Marienhage-Eindhoven-Domusdela.jpg 2048w\" sizes=\"(max-width: 930px) 100vw, 600px\" \/><\/span><\/div><\/div><\/div><div class=\"fusion-clearfix\"><\/div><\/div><\/div><\/div><div class=\"fusion-clearfix\"><\/div><\/div><\/div><\/div><\/div>\n","protected":false},"excerpt":{"rendered":"","protected":false},"author":3,"featured_media":0,"parent":0,"menu_order":0,"comment_status":"closed","ping_status":"closed","template":"","meta":{"footnotes":""},"class_list":["post-8663","page","type-page","status-publish","hentry"],"yoast_head":"<!-- This site is optimized with the Yoast SEO plugin v27.2 - https:\/\/yoast.com\/product\/yoast-seo-wordpress\/ -->\n<title>De Refter, Restaurant in Eindhoven in Hotel De Refter, Restaurant in Eindhoven im Hotel Mari\u00ebnhage<\/title>\n<meta name=\"description\" content=\"Dinieren Sie unter der monumentalen Kapelle im Hotel Mari\u00ebnhage, speisen Sie im Restaurant The Refter\" \/>\n<meta name=\"robots\" content=\"index, follow, max-snippet:-1, max-image-preview:large, max-video-preview:-1\" \/>\n<link rel=\"canonical\" href=\"https:\/\/www.marienhage.com\/de\/de-refter-restaurant-eindhoven\/\" \/>\n<meta property=\"og:locale\" content=\"de_DE\" \/>\n<meta property=\"og:type\" content=\"article\" \/>\n<meta property=\"og:title\" content=\"De Refter, Restaurant in Eindhoven in Hotel De Refter, Restaurant in Eindhoven im Hotel Mari\u00ebnhage\" \/>\n<meta property=\"og:description\" content=\"Dinieren Sie unter der monumentalen Kapelle im Hotel Mari\u00ebnhage, speisen Sie im Restaurant The Refter\" \/>\n<meta property=\"og:url\" content=\"https:\/\/www.marienhage.com\/de\/de-refter-restaurant-eindhoven\/\" \/>\n<meta property=\"og:site_name\" content=\"Mari\u00ebnhage Hotel\" \/>\n<meta name=\"twitter:card\" content=\"summary_large_image\" \/>\n<meta name=\"twitter:label1\" content=\"Gesch\u00e4tzte Lesezeit\" \/>\n\t<meta name=\"twitter:data1\" content=\"4 Minuten\" \/>\n<script type=\"application\/ld+json\" class=\"yoast-schema-graph\">{\"@context\":\"https:\/\/schema.org\",\"@graph\":[{\"@type\":\"WebPage\",\"@id\":\"https:\/\/www.marienhage.com\/de\/de-refter-restaurant-eindhoven\/\",\"url\":\"https:\/\/www.marienhage.com\/de\/de-refter-restaurant-eindhoven\/\",\"name\":\"De Refter, Restaurant in Eindhoven in Hotel De Refter, Restaurant in Eindhoven im Hotel Mari\u00ebnhage\",\"isPartOf\":{\"@id\":\"https:\/\/www.marienhage.com\/de\/#website\"},\"description\":\"Dinieren Sie unter der monumentalen Kapelle im Hotel Mari\u00ebnhage, speisen Sie im Restaurant The Refter\",\"breadcrumb\":{\"@id\":\"https:\/\/www.marienhage.com\/de\/de-refter-restaurant-eindhoven\/#breadcrumb\"},\"inLanguage\":\"de-DE\",\"potentialAction\":[{\"@type\":\"ReadAction\",\"target\":[\"https:\/\/www.marienhage.com\/de\/de-refter-restaurant-eindhoven\/\"]}]},{\"@type\":\"BreadcrumbList\",\"@id\":\"https:\/\/www.marienhage.com\/de\/de-refter-restaurant-eindhoven\/#breadcrumb\",\"itemListElement\":[{\"@type\":\"ListItem\",\"position\":1,\"name\":\"Home\",\"item\":\"https:\/\/www.marienhage.com\/de\/\"},{\"@type\":\"ListItem\",\"position\":2,\"name\":\"De Refter, Restaurant in Eindhoven\"}]},{\"@type\":\"WebSite\",\"@id\":\"https:\/\/www.marienhage.com\/de\/#website\",\"url\":\"https:\/\/www.marienhage.com\/de\/\",\"name\":\"Mari\u00ebnhage Hotel\",\"description\":\"Hotel in Eindhoven\",\"publisher\":{\"@id\":\"https:\/\/www.marienhage.com\/de\/#organization\"},\"potentialAction\":[{\"@type\":\"SearchAction\",\"target\":{\"@type\":\"EntryPoint\",\"urlTemplate\":\"https:\/\/www.marienhage.com\/de\/?s={search_term_string}\"},\"query-input\":{\"@type\":\"PropertyValueSpecification\",\"valueRequired\":true,\"valueName\":\"search_term_string\"}}],\"inLanguage\":\"de-DE\"},{\"@type\":\"Organization\",\"@id\":\"https:\/\/www.marienhage.com\/de\/#organization\",\"name\":\"Hotel Mari\u00ebnhage\",\"url\":\"https:\/\/www.marienhage.com\/de\/\",\"logo\":{\"@type\":\"ImageObject\",\"inLanguage\":\"de-DE\",\"@id\":\"https:\/\/www.marienhage.com\/de\/#\/schema\/logo\/image\/\",\"url\":\"https:\/\/www.marienhage.com\/wp-content\/uploads\/2019\/07\/hmh-mark.png\",\"contentUrl\":\"https:\/\/www.marienhage.com\/wp-content\/uploads\/2019\/07\/hmh-mark.png\",\"width\":80,\"height\":80,\"caption\":\"Hotel Mari\u00ebnhage\"},\"image\":{\"@id\":\"https:\/\/www.marienhage.com\/de\/#\/schema\/logo\/image\/\"}}]}<\/script>\n<!-- \/ Yoast SEO plugin. -->","yoast_head_json":{"title":"De Refter, Restaurant in Eindhoven in Hotel De Refter, Restaurant in Eindhoven im Hotel Mari\u00ebnhage","description":"Dinieren Sie unter der monumentalen Kapelle im Hotel Mari\u00ebnhage, speisen Sie im Restaurant The Refter","robots":{"index":"index","follow":"follow","max-snippet":"max-snippet:-1","max-image-preview":"max-image-preview:large","max-video-preview":"max-video-preview:-1"},"canonical":"https:\/\/www.marienhage.com\/de\/de-refter-restaurant-eindhoven\/","og_locale":"de_DE","og_type":"article","og_title":"De Refter, Restaurant in Eindhoven in Hotel De Refter, Restaurant in Eindhoven im Hotel Mari\u00ebnhage","og_description":"Dinieren Sie unter der monumentalen Kapelle im Hotel Mari\u00ebnhage, speisen Sie im Restaurant The Refter","og_url":"https:\/\/www.marienhage.com\/de\/de-refter-restaurant-eindhoven\/","og_site_name":"Mari\u00ebnhage Hotel","twitter_card":"summary_large_image","twitter_misc":{"Gesch\u00e4tzte Lesezeit":"4 Minuten"},"schema":{"@context":"https:\/\/schema.org","@graph":[{"@type":"WebPage","@id":"https:\/\/www.marienhage.com\/de\/de-refter-restaurant-eindhoven\/","url":"https:\/\/www.marienhage.com\/de\/de-refter-restaurant-eindhoven\/","name":"De Refter, Restaurant in Eindhoven in Hotel De Refter, Restaurant in Eindhoven im Hotel Mari\u00ebnhage","isPartOf":{"@id":"https:\/\/www.marienhage.com\/de\/#website"},"description":"Dinieren Sie unter der monumentalen Kapelle im Hotel Mari\u00ebnhage, speisen Sie im Restaurant The Refter","breadcrumb":{"@id":"https:\/\/www.marienhage.com\/de\/de-refter-restaurant-eindhoven\/#breadcrumb"},"inLanguage":"de-DE","potentialAction":[{"@type":"ReadAction","target":["https:\/\/www.marienhage.com\/de\/de-refter-restaurant-eindhoven\/"]}]},{"@type":"BreadcrumbList","@id":"https:\/\/www.marienhage.com\/de\/de-refter-restaurant-eindhoven\/#breadcrumb","itemListElement":[{"@type":"ListItem","position":1,"name":"Home","item":"https:\/\/www.marienhage.com\/de\/"},{"@type":"ListItem","position":2,"name":"De Refter, Restaurant in Eindhoven"}]},{"@type":"WebSite","@id":"https:\/\/www.marienhage.com\/de\/#website","url":"https:\/\/www.marienhage.com\/de\/","name":"Mari\u00ebnhage Hotel","description":"Hotel in Eindhoven","publisher":{"@id":"https:\/\/www.marienhage.com\/de\/#organization"},"potentialAction":[{"@type":"SearchAction","target":{"@type":"EntryPoint","urlTemplate":"https:\/\/www.marienhage.com\/de\/?s={search_term_string}"},"query-input":{"@type":"PropertyValueSpecification","valueRequired":true,"valueName":"search_term_string"}}],"inLanguage":"de-DE"},{"@type":"Organization","@id":"https:\/\/www.marienhage.com\/de\/#organization","name":"Hotel Mari\u00ebnhage","url":"https:\/\/www.marienhage.com\/de\/","logo":{"@type":"ImageObject","inLanguage":"de-DE","@id":"https:\/\/www.marienhage.com\/de\/#\/schema\/logo\/image\/","url":"https:\/\/www.marienhage.com\/wp-content\/uploads\/2019\/07\/hmh-mark.png","contentUrl":"https:\/\/www.marienhage.com\/wp-content\/uploads\/2019\/07\/hmh-mark.png","width":80,"height":80,"caption":"Hotel Mari\u00ebnhage"},"image":{"@id":"https:\/\/www.marienhage.com\/de\/#\/schema\/logo\/image\/"}}]}},"_links":{"self":[{"href":"https:\/\/www.marienhage.com\/de\/wp-json\/wp\/v2\/pages\/8663","targetHints":{"allow":["GET"]}}],"collection":[{"href":"https:\/\/www.marienhage.com\/de\/wp-json\/wp\/v2\/pages"}],"about":[{"href":"https:\/\/www.marienhage.com\/de\/wp-json\/wp\/v2\/types\/page"}],"author":[{"embeddable":true,"href":"https:\/\/www.marienhage.com\/de\/wp-json\/wp\/v2\/users\/3"}],"replies":[{"embeddable":true,"href":"https:\/\/www.marienhage.com\/de\/wp-json\/wp\/v2\/comments?post=8663"}],"version-history":[{"count":0,"href":"https:\/\/www.marienhage.com\/de\/wp-json\/wp\/v2\/pages\/8663\/revisions"}],"wp:attachment":[{"href":"https:\/\/www.marienhage.com\/de\/wp-json\/wp\/v2\/media?parent=8663"}],"curies":[{"name":"wp","href":"https:\/\/api.w.org\/{rel}","templated":true}]}}