{"id":8596,"date":"2022-07-06T11:52:25","date_gmt":"2022-07-06T11:52:25","guid":{"rendered":"https:\/\/www.marienhage.com\/wellness-hotel-arrangement-eindhoven"},"modified":"2022-07-19T10:13:49","modified_gmt":"2022-07-19T10:13:49","slug":"angebote-wellness-eindhoven","status":"publish","type":"page","link":"https:\/\/www.marienhage.com\/de\/angebote\/angebote-wellness-eindhoven\/","title":{"rendered":"Wellness Hotel Arrangement Eindhoven"},"content":{"rendered":"<div class=\"fusion-fullwidth fullwidth-box fusion-builder-row-1 fusion-flex-container nonhundred-percent-fullwidth non-hundred-percent-height-scrolling\" style=\"--awb-border-radius-top-left:0px;--awb-border-radius-top-right:0px;--awb-border-radius-bottom-right:0px;--awb-border-radius-bottom-left:0px;--awb-flex-wrap:wrap;\" ><div class=\"fusion-builder-row fusion-row fusion-flex-align-items-flex-start fusion-flex-content-wrap\" style=\"max-width:1248px;margin-left: calc(-4% \/ 2 );margin-right: calc(-4% \/ 2 );\"><div class=\"fusion-layout-column fusion_builder_column fusion-builder-column-0 fusion_builder_column_1_1 1_1 fusion-flex-column\" style=\"--awb-bg-size:cover;--awb-width-large:100%;--awb-margin-top-large:0px;--awb-spacing-right-large:1.92%;--awb-margin-bottom-large:0px;--awb-spacing-left-large:1.92%;--awb-width-medium:100%;--awb-order-medium:0;--awb-spacing-right-medium:1.92%;--awb-spacing-left-medium:1.92%;--awb-width-small:100%;--awb-order-small:0;--awb-spacing-right-small:1.92%;--awb-spacing-left-small:1.92%;\"><div class=\"fusion-column-wrapper fusion-column-has-shadow fusion-flex-justify-content-flex-start fusion-content-layout-column\"><div class=\"fusion-builder-row fusion-builder-row-inner fusion-row fusion-flex-align-items-flex-start fusion-flex-content-wrap\" style=\"--awb-flex-grow:0;--awb-flex-grow-medium:0;--awb-flex-grow-small:0;--awb-flex-shrink:0;--awb-flex-shrink-medium:0;--awb-flex-shrink-small:0;width:104% !important;max-width:104% !important;margin-left: calc(-4% \/ 2 );margin-right: calc(-4% \/ 2 );\"><div class=\"fusion-layout-column fusion_builder_column_inner fusion-builder-nested-column-0 fusion_builder_column_inner_1_2 1_2 fusion-flex-column\" style=\"--awb-padding-top:15px;--awb-padding-right:15px;--awb-padding-bottom:15px;--awb-padding-left:15px;--awb-bg-color:#ecdbd5;--awb-bg-color-hover:#ecdbd5;--awb-bg-size:cover;--awb-width-large:50%;--awb-margin-top-large:0px;--awb-spacing-right-large:3.84%;--awb-margin-bottom-large:0px;--awb-spacing-left-large:3.84%;--awb-width-medium:100%;--awb-order-medium:0;--awb-spacing-right-medium:1.92%;--awb-spacing-left-medium:1.92%;--awb-width-small:100%;--awb-order-small:0;--awb-spacing-right-small:1.92%;--awb-spacing-left-small:1.92%;\"><div class=\"fusion-column-wrapper fusion-column-has-shadow fusion-flex-justify-content-flex-start fusion-content-layout-column\"><div class=\"fusion-title title fusion-title-1 fusion-sep-none fusion-title-center fusion-title-text fusion-title-size-two\" style=\"--awb-margin-top:0px;--awb-margin-top-small:0px;--awb-margin-right-small:0px;--awb-margin-bottom-small:15px;--awb-margin-left-small:0px;\"><h2 class=\"fusion-title-heading title-heading-center fusion-responsive-typography-calculated\" style=\"margin:0;--fontSize:30;line-height:1.4;\">Hotel Mari\u00ebnhage Eindhoven<\/h2><\/div><div class=\"fusion-text fusion-text-1\"><p style=\"text-align: center;\">Verbinden Sie Ihre \u00dcbernachtung mit herrlicher Entspannung im Wellnessbereich des Hotels Mari\u00ebnhage. Sie checken in einem ehemaligen Klosterkomplex ein, der mit Respekt vor seiner Geschichte in ein luxuri\u00f6ses Hotel Mari\u00ebnhage umgewandelt wurde. In der Anlage k\u00f6nnen Sie auch Abendessen und Getr\u00e4nke in der Brasserie Rita genie\u00dfen, bei einem 2- oder 3-G\u00e4nge-Men\u00fc gehen Sie vom Wellnessgenuss zum kulinarischen Genuss \u00fcber. Bei sch\u00f6nem Wetter auf der Terrasse neben einer gr\u00fcnen Oase der Ruhe im Zentrum, unserem &#8218;Garten Eden&#8216;. Der Wellnessbereich umfasst ein Hammam, zwei Saunen, Fu\u00dfbad, Umkleideraum und Dusche, Crushed Ice und eine Eimerdusche zur Abk\u00fchlung sowie eine Infrarotwand als Wohltat f\u00fcr die Muskeln und die Abwehrkr\u00e4fte. Wenn Sie das Wellnessangebot nutzen m\u00f6chten, bitten wir Sie, Badekleidung, Bademantel und Hausschuhe zu tragen und ein Handtuch mitzubringen, das ist im Paket enthalten!<\/p>\n<p style=\"text-align: center;\">Wellness-Paket Eindhoven beinhaltet:<\/p>\n<ul style=\"text-align: center;\">\n<li>\u00a0\u00dcbernachtung in einem 2-Personen-Zimmer<\/li>\n<li>Kostenloser Zugang zum Wellnessbereich (<em>Badebekleidung erforderlich<\/em>, alle Wellnesseinrichtungen finden <a href=\"\/?page_id=7288\" target=\"_blank\" rel=\"noopener\">Sie hier<\/a>)<\/li>\n<li>Kostenloser Fitnesszugang (im Voraus zu buchen)<\/li>\n<li>Bademantel, Hausschuhe und Handtuchpaket<\/li>\n<li>Reichhaltiges Fr\u00fchst\u00fcck in der Brasserie Rita<\/li>\n<li>Kaffee- und Teezubereitungsm\u00f6glichkeiten in Ihrem Hotelzimmer<\/li>\n<\/ul>\n<p style=\"text-align: center;\">Optional k\u00f6nnen Sie ein 2- oder 3-G\u00e4nge-Dinner zu Ihrem Paket hinzuf\u00fcgen, bei 3 G\u00e4ngen erhalten Sie eine kostenlose Flasche Sekt auf Ihrem Zimmer.<\/p>\n<h3 style=\"text-align: center;\">Preis des Pakets<\/h3>\n<ul>\n<li style=\"text-align: center;\">Ab \u20ac 50 pro Person und Nacht<\/li>\n<\/ul>\n<p style=\"text-align: center;\"><em>Das Wellness Eindhoven-Paket ist abh\u00e4ngig von der Verf\u00fcgbarkeit. Die Preise gelten f\u00fcr 2 Personen, ohne Kurtaxe und Greenfee von 6,50 \u20ac pro Person und Nacht.<\/em><\/p>\n<\/div><div style=\"text-align:center;\"><a class=\"fusion-button button-flat fusion-button-default-size button-default fusion-button-default button-1 fusion-button-default-span fusion-button-default-type distributor\" target=\"_self\" href=\"#\"><span class=\"fusion-button-text awb-button__text awb-button__text--default\">JETZT BUCHEN<\/span><\/a><\/div><\/div><\/div><div class=\"fusion-layout-column fusion_builder_column_inner fusion-builder-nested-column-1 fusion_builder_column_inner_1_2 1_2 fusion-flex-column\" style=\"--awb-bg-size:cover;--awb-width-large:50%;--awb-margin-top-large:0px;--awb-spacing-right-large:3.84%;--awb-margin-bottom-large:0px;--awb-spacing-left-large:3.84%;--awb-width-medium:100%;--awb-order-medium:0;--awb-spacing-right-medium:1.92%;--awb-spacing-left-medium:1.92%;--awb-width-small:100%;--awb-order-small:0;--awb-spacing-right-small:1.92%;--awb-spacing-left-small:1.92%;\"><div class=\"fusion-column-wrapper fusion-column-has-shadow fusion-flex-justify-content-center fusion-content-layout-column\"><div class=\"fusion-image-element \" style=\"--awb-caption-title-font-family:var(--h2_typography-font-family);--awb-caption-title-font-weight:var(--h2_typography-font-weight);--awb-caption-title-font-style:var(--h2_typography-font-style);--awb-caption-title-size:var(--h2_typography-font-size);--awb-caption-title-transform:var(--h2_typography-text-transform);--awb-caption-title-line-height:var(--h2_typography-line-height);--awb-caption-title-letter-spacing:var(--h2_typography-letter-spacing);\"><span class=\" fusion-imageframe imageframe-none imageframe-1 hover-type-none\"><img decoding=\"async\" width=\"1024\" height=\"1024\" alt=\"Vakantie arrangement in Brabant | Kloosterhotel Mari\u00ebnhage\" title=\"Hugo Thomassen Photographer \u00a9\" src=\"https:\/\/www.marienhage.com\/wp-content\/uploads\/2021\/07\/Wellness-Hotel-Marienhage-5-1024x1024.jpeg\" class=\"img-responsive wp-image-7383\" srcset=\"https:\/\/www.marienhage.com\/wp-content\/uploads\/2021\/07\/Wellness-Hotel-Marienhage-5-200x200.jpeg 200w, https:\/\/www.marienhage.com\/wp-content\/uploads\/2021\/07\/Wellness-Hotel-Marienhage-5-400x400.jpeg 400w, https:\/\/www.marienhage.com\/wp-content\/uploads\/2021\/07\/Wellness-Hotel-Marienhage-5-600x600.jpeg 600w, https:\/\/www.marienhage.com\/wp-content\/uploads\/2021\/07\/Wellness-Hotel-Marienhage-5-800x800.jpeg 800w, https:\/\/www.marienhage.com\/wp-content\/uploads\/2021\/07\/Wellness-Hotel-Marienhage-5-1200x1200.jpeg 1200w, https:\/\/www.marienhage.com\/wp-content\/uploads\/2021\/07\/Wellness-Hotel-Marienhage-5.jpeg 1280w\" sizes=\"(max-width: 1024px) 100vw, (max-width: 640px) 100vw, 600px\" \/><\/span><\/div><\/div><\/div><\/div><\/div><\/div><\/div><\/div>\n","protected":false},"excerpt":{"rendered":"","protected":false},"author":4,"featured_media":0,"parent":8579,"menu_order":0,"comment_status":"closed","ping_status":"closed","template":"","meta":{"footnotes":""},"class_list":["post-8596","page","type-page","status-publish","hentry"],"yoast_head":"<!-- This site is optimized with the Yoast SEO plugin v27.2 - https:\/\/yoast.com\/product\/yoast-seo-wordpress\/ -->\n<title>Wellness Hotel Arrangement Eindhoven Hotel Mari\u00ebnhage Eindhoven<\/title>\n<meta name=\"description\" content=\"Verbinden Sie Ihre \u00dcbernachtung mit herrlicher Entspannung im Wellnessbereich des Hotels Mari\u00ebnhage. Sie checken in einem ehemaligen Klosterkomplex ein, der mit Respekt vor seiner Geschichte in ein Luxushotel Mari\u00ebnhage umgewandelt wurde. In der Anlage k\u00f6nnen Sie auch ein k\u00f6stliches Abendessen und Getr\u00e4nke in der Brasserie Rita genie\u00dfen,\" \/>\n<meta name=\"robots\" content=\"index, follow, max-snippet:-1, max-image-preview:large, max-video-preview:-1\" \/>\n<link rel=\"canonical\" href=\"https:\/\/www.marienhage.com\/de\/angebote\/angebote-wellness-eindhoven\/\" \/>\n<meta property=\"og:locale\" content=\"de_DE\" \/>\n<meta property=\"og:type\" content=\"article\" \/>\n<meta property=\"og:title\" content=\"Wellness Hotel Arrangement Eindhoven Hotel Mari\u00ebnhage Eindhoven\" \/>\n<meta property=\"og:description\" content=\"Verbinden Sie Ihre \u00dcbernachtung mit herrlicher Entspannung im Wellnessbereich des Hotels Mari\u00ebnhage. Sie checken in einem ehemaligen Klosterkomplex ein, der mit Respekt vor seiner Geschichte in ein Luxushotel Mari\u00ebnhage umgewandelt wurde. In der Anlage k\u00f6nnen Sie auch ein k\u00f6stliches Abendessen und Getr\u00e4nke in der Brasserie Rita genie\u00dfen,\" \/>\n<meta property=\"og:url\" content=\"https:\/\/www.marienhage.com\/de\/angebote\/angebote-wellness-eindhoven\/\" \/>\n<meta property=\"og:site_name\" content=\"Mari\u00ebnhage Hotel\" \/>\n<meta name=\"twitter:card\" content=\"summary_large_image\" \/>\n<meta name=\"twitter:label1\" content=\"Gesch\u00e4tzte Lesezeit\" \/>\n\t<meta name=\"twitter:data1\" content=\"4 Minuten\" \/>\n<script type=\"application\/ld+json\" class=\"yoast-schema-graph\">{\"@context\":\"https:\/\/schema.org\",\"@graph\":[{\"@type\":\"WebPage\",\"@id\":\"https:\/\/www.marienhage.com\/de\/angebote\/angebote-wellness-eindhoven\/\",\"url\":\"https:\/\/www.marienhage.com\/de\/angebote\/angebote-wellness-eindhoven\/\",\"name\":\"Wellness Hotel Arrangement Eindhoven Hotel Mari\u00ebnhage Eindhoven\",\"isPartOf\":{\"@id\":\"https:\/\/www.marienhage.com\/de\/#website\"},\"description\":\"Verbinden Sie Ihre \u00dcbernachtung mit herrlicher Entspannung im Wellnessbereich des Hotels Mari\u00ebnhage. Sie checken in einem ehemaligen Klosterkomplex ein, der mit Respekt vor seiner Geschichte in ein Luxushotel Mari\u00ebnhage umgewandelt wurde. In der Anlage k\u00f6nnen Sie auch ein k\u00f6stliches Abendessen und Getr\u00e4nke in der Brasserie Rita genie\u00dfen,\",\"breadcrumb\":{\"@id\":\"https:\/\/www.marienhage.com\/de\/angebote\/angebote-wellness-eindhoven\/#breadcrumb\"},\"inLanguage\":\"de-DE\",\"potentialAction\":[{\"@type\":\"ReadAction\",\"target\":[\"https:\/\/www.marienhage.com\/de\/angebote\/angebote-wellness-eindhoven\/\"]}]},{\"@type\":\"BreadcrumbList\",\"@id\":\"https:\/\/www.marienhage.com\/de\/angebote\/angebote-wellness-eindhoven\/#breadcrumb\",\"itemListElement\":[{\"@type\":\"ListItem\",\"position\":1,\"name\":\"Home\",\"item\":\"https:\/\/www.marienhage.com\/de\/\"},{\"@type\":\"ListItem\",\"position\":2,\"name\":\"Hotelangebote von Mari\u00ebnhage Eindhoven\",\"item\":\"https:\/\/www.marienhage.com\/de\/angebote\/\"},{\"@type\":\"ListItem\",\"position\":3,\"name\":\"Wellness Hotel Arrangement Eindhoven\"}]},{\"@type\":\"WebSite\",\"@id\":\"https:\/\/www.marienhage.com\/de\/#website\",\"url\":\"https:\/\/www.marienhage.com\/de\/\",\"name\":\"Mari\u00ebnhage Hotel\",\"description\":\"Hotel in Eindhoven\",\"publisher\":{\"@id\":\"https:\/\/www.marienhage.com\/de\/#organization\"},\"potentialAction\":[{\"@type\":\"SearchAction\",\"target\":{\"@type\":\"EntryPoint\",\"urlTemplate\":\"https:\/\/www.marienhage.com\/de\/?s={search_term_string}\"},\"query-input\":{\"@type\":\"PropertyValueSpecification\",\"valueRequired\":true,\"valueName\":\"search_term_string\"}}],\"inLanguage\":\"de-DE\"},{\"@type\":\"Organization\",\"@id\":\"https:\/\/www.marienhage.com\/de\/#organization\",\"name\":\"Hotel Mari\u00ebnhage\",\"url\":\"https:\/\/www.marienhage.com\/de\/\",\"logo\":{\"@type\":\"ImageObject\",\"inLanguage\":\"de-DE\",\"@id\":\"https:\/\/www.marienhage.com\/de\/#\/schema\/logo\/image\/\",\"url\":\"https:\/\/www.marienhage.com\/wp-content\/uploads\/2019\/07\/hmh-mark.png\",\"contentUrl\":\"https:\/\/www.marienhage.com\/wp-content\/uploads\/2019\/07\/hmh-mark.png\",\"width\":80,\"height\":80,\"caption\":\"Hotel Mari\u00ebnhage\"},\"image\":{\"@id\":\"https:\/\/www.marienhage.com\/de\/#\/schema\/logo\/image\/\"}}]}<\/script>\n<!-- \/ Yoast SEO plugin. -->","yoast_head_json":{"title":"Wellness Hotel Arrangement Eindhoven Hotel Mari\u00ebnhage Eindhoven","description":"Verbinden Sie Ihre \u00dcbernachtung mit herrlicher Entspannung im Wellnessbereich des Hotels Mari\u00ebnhage. Sie checken in einem ehemaligen Klosterkomplex ein, der mit Respekt vor seiner Geschichte in ein Luxushotel Mari\u00ebnhage umgewandelt wurde. In der Anlage k\u00f6nnen Sie auch ein k\u00f6stliches Abendessen und Getr\u00e4nke in der Brasserie Rita genie\u00dfen,","robots":{"index":"index","follow":"follow","max-snippet":"max-snippet:-1","max-image-preview":"max-image-preview:large","max-video-preview":"max-video-preview:-1"},"canonical":"https:\/\/www.marienhage.com\/de\/angebote\/angebote-wellness-eindhoven\/","og_locale":"de_DE","og_type":"article","og_title":"Wellness Hotel Arrangement Eindhoven Hotel Mari\u00ebnhage Eindhoven","og_description":"Verbinden Sie Ihre \u00dcbernachtung mit herrlicher Entspannung im Wellnessbereich des Hotels Mari\u00ebnhage. Sie checken in einem ehemaligen Klosterkomplex ein, der mit Respekt vor seiner Geschichte in ein Luxushotel Mari\u00ebnhage umgewandelt wurde. In der Anlage k\u00f6nnen Sie auch ein k\u00f6stliches Abendessen und Getr\u00e4nke in der Brasserie Rita genie\u00dfen,","og_url":"https:\/\/www.marienhage.com\/de\/angebote\/angebote-wellness-eindhoven\/","og_site_name":"Mari\u00ebnhage Hotel","twitter_card":"summary_large_image","twitter_misc":{"Gesch\u00e4tzte Lesezeit":"4 Minuten"},"schema":{"@context":"https:\/\/schema.org","@graph":[{"@type":"WebPage","@id":"https:\/\/www.marienhage.com\/de\/angebote\/angebote-wellness-eindhoven\/","url":"https:\/\/www.marienhage.com\/de\/angebote\/angebote-wellness-eindhoven\/","name":"Wellness Hotel Arrangement Eindhoven Hotel Mari\u00ebnhage Eindhoven","isPartOf":{"@id":"https:\/\/www.marienhage.com\/de\/#website"},"description":"Verbinden Sie Ihre \u00dcbernachtung mit herrlicher Entspannung im Wellnessbereich des Hotels Mari\u00ebnhage. Sie checken in einem ehemaligen Klosterkomplex ein, der mit Respekt vor seiner Geschichte in ein Luxushotel Mari\u00ebnhage umgewandelt wurde. In der Anlage k\u00f6nnen Sie auch ein k\u00f6stliches Abendessen und Getr\u00e4nke in der Brasserie Rita genie\u00dfen,","breadcrumb":{"@id":"https:\/\/www.marienhage.com\/de\/angebote\/angebote-wellness-eindhoven\/#breadcrumb"},"inLanguage":"de-DE","potentialAction":[{"@type":"ReadAction","target":["https:\/\/www.marienhage.com\/de\/angebote\/angebote-wellness-eindhoven\/"]}]},{"@type":"BreadcrumbList","@id":"https:\/\/www.marienhage.com\/de\/angebote\/angebote-wellness-eindhoven\/#breadcrumb","itemListElement":[{"@type":"ListItem","position":1,"name":"Home","item":"https:\/\/www.marienhage.com\/de\/"},{"@type":"ListItem","position":2,"name":"Hotelangebote von Mari\u00ebnhage Eindhoven","item":"https:\/\/www.marienhage.com\/de\/angebote\/"},{"@type":"ListItem","position":3,"name":"Wellness Hotel Arrangement Eindhoven"}]},{"@type":"WebSite","@id":"https:\/\/www.marienhage.com\/de\/#website","url":"https:\/\/www.marienhage.com\/de\/","name":"Mari\u00ebnhage Hotel","description":"Hotel in Eindhoven","publisher":{"@id":"https:\/\/www.marienhage.com\/de\/#organization"},"potentialAction":[{"@type":"SearchAction","target":{"@type":"EntryPoint","urlTemplate":"https:\/\/www.marienhage.com\/de\/?s={search_term_string}"},"query-input":{"@type":"PropertyValueSpecification","valueRequired":true,"valueName":"search_term_string"}}],"inLanguage":"de-DE"},{"@type":"Organization","@id":"https:\/\/www.marienhage.com\/de\/#organization","name":"Hotel Mari\u00ebnhage","url":"https:\/\/www.marienhage.com\/de\/","logo":{"@type":"ImageObject","inLanguage":"de-DE","@id":"https:\/\/www.marienhage.com\/de\/#\/schema\/logo\/image\/","url":"https:\/\/www.marienhage.com\/wp-content\/uploads\/2019\/07\/hmh-mark.png","contentUrl":"https:\/\/www.marienhage.com\/wp-content\/uploads\/2019\/07\/hmh-mark.png","width":80,"height":80,"caption":"Hotel Mari\u00ebnhage"},"image":{"@id":"https:\/\/www.marienhage.com\/de\/#\/schema\/logo\/image\/"}}]}},"_links":{"self":[{"href":"https:\/\/www.marienhage.com\/de\/wp-json\/wp\/v2\/pages\/8596","targetHints":{"allow":["GET"]}}],"collection":[{"href":"https:\/\/www.marienhage.com\/de\/wp-json\/wp\/v2\/pages"}],"about":[{"href":"https:\/\/www.marienhage.com\/de\/wp-json\/wp\/v2\/types\/page"}],"author":[{"embeddable":true,"href":"https:\/\/www.marienhage.com\/de\/wp-json\/wp\/v2\/users\/4"}],"replies":[{"embeddable":true,"href":"https:\/\/www.marienhage.com\/de\/wp-json\/wp\/v2\/comments?post=8596"}],"version-history":[{"count":0,"href":"https:\/\/www.marienhage.com\/de\/wp-json\/wp\/v2\/pages\/8596\/revisions"}],"up":[{"embeddable":true,"href":"https:\/\/www.marienhage.com\/de\/wp-json\/wp\/v2\/pages\/8579"}],"wp:attachment":[{"href":"https:\/\/www.marienhage.com\/de\/wp-json\/wp\/v2\/media?parent=8596"}],"curies":[{"name":"wp","href":"https:\/\/api.w.org\/{rel}","templated":true}]}}