{"id":8587,"date":"2022-07-10T08:19:11","date_gmt":"2022-07-10T08:19:11","guid":{"rendered":"https:\/\/www.marienhage.com\/hotelangebote-eindhoven\/city-trip-to-amsterdam-eindhoven-and-maastricht"},"modified":"2023-08-25T07:31:23","modified_gmt":"2023-08-25T07:31:23","slug":"staedtereise-amsterdam-eindhoven-maastricht","status":"publish","type":"page","link":"https:\/\/www.marienhage.com\/de\/angebote\/staedtereise-amsterdam-eindhoven-maastricht\/","title":{"rendered":"St\u00e4dtereise Eindhoven, Niederlande"},"content":{"rendered":"<div class=\"fusion-fullwidth fullwidth-box fusion-builder-row-1 nonhundred-percent-fullwidth non-hundred-percent-height-scrolling\" style=\"--awb-border-radius-top-left:0px;--awb-border-radius-top-right:0px;--awb-border-radius-bottom-right:0px;--awb-border-radius-bottom-left:0px;--awb-flex-wrap:wrap;\" ><div class=\"fusion-builder-row fusion-row\"><div class=\"fusion-layout-column fusion_builder_column fusion-builder-column-0 fusion_builder_column_1_1 1_1 fusion-one-full fusion-column-first fusion-column-last\" style=\"--awb-bg-size:cover;\"><div class=\"fusion-column-wrapper fusion-column-has-shadow fusion-flex-column-wrapper-legacy\"><div class=\"fusion-builder-row fusion-builder-row-inner fusion-row\"><div class=\"fusion-layout-column fusion_builder_column_inner fusion-builder-nested-column-0 fusion_builder_column_inner_1_2 1_2 fusion-one-half fusion-column-first\" style=\"--awb-padding-top:70px;--awb-padding-right:30px;--awb-padding-left:30px;--awb-bg-size:cover;width:50%;width:calc(50% - ( ( 4% ) * 0.5 ) );margin-right: 4%;\" id=\"thirdlefttcol\"><div class=\"fusion-column-wrapper fusion-column-has-shadow fusion-flex-column-wrapper-legacy\"><div class=\"fusion-title title fusion-title-1 fusion-sep-none fusion-title-center fusion-title-text fusion-title-size-two\" style=\"--awb-margin-top:0px;--awb-margin-top-small:0px;--awb-margin-right-small:0px;--awb-margin-bottom-small:15px;--awb-margin-left-small:0px;\"><h2 class=\"fusion-title-heading title-heading-center fusion-responsive-typography-calculated\" style=\"margin:0;--fontSize:30;line-height:1.4;\"><span style=\"font-weight: 400;\">Hotel Mari\u00ebnhage Eindhoven<\/span><\/h2><\/div><div class=\"fusion-title title fusion-title-2 fusion-sep-none fusion-title-center fusion-title-text fusion-title-size-three\" style=\"--awb-margin-top:0px;--awb-margin-top-small:0px;--awb-margin-right-small:0px;--awb-margin-bottom-small:15px;--awb-margin-left-small:0px;\"><h3 class=\"fusion-title-heading title-heading-center fusion-responsive-typography-calculated\" style=\"margin:0;--fontSize:22;line-height:1.4;\"><span style=\"font-weight: 400;\">Entdecken Sie die Niederlande in 4 oder 7 Tagen!<\/span><\/h3><\/div><div class=\"fusion-text fusion-text-1\"><p style=\"text-align: center;\"><em>Ab 149 \u20ac pro Person inklusive \u00dcbernachtungen und Fr\u00fchst\u00fcck<\/em><\/p>\n<p style=\"text-align: center;\">Auch so gl\u00fccklich, dass Sie wieder nach drau\u00dfen gehen k\u00f6nnen? Sie wollen wieder raus, am liebsten auf eine Reise, aber das \u00dcberschreiten der Landesgrenzen geht vielleicht einen Schritt zu weit. Plan B ist, in den Niederlanden zu bleiben und in Ihrem eigenen Land Urlaub zu machen, wo es so viel Sch\u00f6nes zu entdecken gibt! Wir machen es Ihnen leicht mit einem 4- oder 7-t\u00e4gigen niederl\u00e4ndischen St\u00e4dtereisepaket, das Ihnen einen Besuch in Amsterdam, Eindhoven und Maastricht erm\u00f6glicht. Sie entscheiden, in welcher Stadt Sie beginnen und wo Sie enden. Sie \u00fcbernachten in jeder Stadt in einem anderen Hotel von LBG Hotels, ohne dass Sie sich mit individuellen Reservierungen herumschlagen m\u00fcssen: Wir arrangieren die \u00dcbernachtung in einem einzigartigen Hotelkonzept. Alle Hotels liegen in der N\u00e4he eines Bahnhofs und sind mit dem Auto leicht zu erreichen, so dass Sie die Niederlande sorglos bereisen k\u00f6nnen. Sie bleiben flexibel, denn Sie k\u00f6nnen bis zu 24 Stunden vor Ankunft stornieren, wenn Sie es sich doch noch anders \u00fcberlegen oder Ihre Reise verschieben m\u00f6chten.<\/p>\n<p style=\"text-align: center;\">Hauptstadt Amsterdam, hier kann man gar nicht oft genug hinfahren. Es gibt so viel zu entdecken, auch in den Vororten rund um das Zentrum, wie zum Beispiel in der multikulturellen Indischen Buurt oder in Amsterdam Nord. In Amsterdam \u00fcbernachten Sie im urbanen Qbic Hotel WTC Amsterdam, im Herzen der Zuidas und 10 Minuten mit den \u00f6ffentlichen Verkehrsmitteln vom Zentrum entfernt. In der Lichtstadt Eindhoven begeben Sie sich &#8222;abseits der ausgetretenen Pfade&#8220;, besuchen das hippe Strijp und gehen auf Designjagd! Sie \u00fcbernachten im brandneuen Hotel Mari\u00ebnhage, &#8222;Near Heaven&#8220; in einem ehemaligen Klosterkomplex. Maastricht ist die sch\u00f6nste Stadt der Niederlande, hier k\u00f6nnen Sie k\u00f6stliche burgundische Gerichte genie\u00dfen. W\u00e4hlen Sie Ihr Hotel selbst, sie liegen alle im Zentrum: das gem\u00fctliche Townhouse, das Handwerkshotel St. Martenslane, das hippe und urbane Kaboom Hotel, das Mabi City Center Hotel mit Minikino oder The Green Elephant Hostels mit Wellness und Saunen (Badekleidung erforderlich). Gute Reise!<\/p>\n<p style=\"text-align: center;\"><span style=\"text-decoration: underline;\">4-Tage-St\u00e4dtereise durch die Niederlande Paket: 149 \u20ac pro Person<\/span><\/p>\n<ul>\n<li style=\"text-align: center;\">3 \u00dcbernachtungen im Doppelzimmer, 1 Nacht pro Stadt (Amsterdam, Maastricht &amp; Eindhoven)<\/li>\n<li style=\"text-align: center;\">Inklusive Fr\u00fchst\u00fcck<\/li>\n<li style=\"text-align: center;\">Stornierung oder Umbuchung bis zu 24 Stunden vor Ankunft<\/li>\n<\/ul>\n<p style=\"text-align: center;\"><span style=\"text-decoration: underline;\">7 Tage St\u00e4dtereise durch die Niederlande: 299 \u20ac pro Person<br \/>\n<\/span><\/p>\n<ul>\n<li style=\"text-align: center;\">6 \u00dcbernachtungen im Doppelzimmer, 2 \u00dcbernachtungen pro Stadt (Amsterdam, Maastricht &amp; Eindhoven)<\/li>\n<li style=\"text-align: center;\">Inklusive Fr\u00fchst\u00fcck<\/li>\n<li style=\"text-align: center;\">Stornierung oder Verschiebung bis zu 24 Stunden vor Ankunft<\/li>\n<\/ul>\n<h3 style=\"text-align: center;\">Reservierungen<\/h3>\n<p style=\"text-align: center;\">Rufen Sie uns an unter +31 40 311 14 44 oder senden Sie eine E-Mail an <a href=\"mailto:info@marienhage.com\">info@marienhage.com<\/a>, um Ihre Reise zu planen. In welcher Stadt beginnt Ihre St\u00e4dtereise durch die Niederlande?<\/p>\n<p style=\"text-align: center;\"><em>Der Preis bezieht sich auf 2 Personen, ohne Kurtaxe und Green Fee. Sie bleiben 100% flexibel, Sie k\u00f6nnen bis zu 24 Stunden vor Ankunft stornieren oder umbuchen. Dieses Angebot ist g\u00fcltig f\u00fcr \u00dcbernachtungen von Mai bis August 2020. Unsere Buchungsbedingungen gelten f\u00fcr alle Reservierungen.<\/em><\/p>\n<\/div><div class=\"fusion-clearfix\"><\/div><\/div><\/div><div class=\"fusion-layout-column fusion_builder_column_inner fusion-builder-nested-column-1 fusion_builder_column_inner_1_2 1_2 fusion-one-half fusion-column-last\" style=\"--awb-bg-size:cover;width:50%;width:calc(50% - ( ( 4% ) * 0.5 ) );\"><div class=\"fusion-column-wrapper fusion-column-has-shadow fusion-flex-column-wrapper-legacy\"><div class=\"fusion-column-content-centered\"><div class=\"fusion-column-content\"><div class=\"fusion-image-element in-legacy-container\" style=\"--awb-caption-title-font-family:var(--h2_typography-font-family);--awb-caption-title-font-weight:var(--h2_typography-font-weight);--awb-caption-title-font-style:var(--h2_typography-font-style);--awb-caption-title-size:var(--h2_typography-font-size);--awb-caption-title-transform:var(--h2_typography-text-transform);--awb-caption-title-line-height:var(--h2_typography-line-height);--awb-caption-title-letter-spacing:var(--h2_typography-letter-spacing);\"><span class=\" fusion-imageframe imageframe-none imageframe-1 hover-type-none\"><img decoding=\"async\" width=\"900\" height=\"900\" alt=\"Domusdela Exterior - Hotel Marienhage Eindhoven\" title=\"DOMUSDELA-exterior-1\" src=\"https:\/\/www.marienhage.com\/wp-content\/uploads\/2020\/02\/DOMUSDELA-exterior-1.jpeg\" class=\"img-responsive wp-image-6284\" srcset=\"https:\/\/www.marienhage.com\/wp-content\/uploads\/2020\/02\/DOMUSDELA-exterior-1-200x200.jpeg 200w, https:\/\/www.marienhage.com\/wp-content\/uploads\/2020\/02\/DOMUSDELA-exterior-1-400x400.jpeg 400w, https:\/\/www.marienhage.com\/wp-content\/uploads\/2020\/02\/DOMUSDELA-exterior-1-600x600.jpeg 600w, https:\/\/www.marienhage.com\/wp-content\/uploads\/2020\/02\/DOMUSDELA-exterior-1-800x800.jpeg 800w, https:\/\/www.marienhage.com\/wp-content\/uploads\/2020\/02\/DOMUSDELA-exterior-1.jpeg 900w\" sizes=\"(max-width: 930px) 100vw, 600px\" \/><\/span><\/div><\/div><\/div><div class=\"fusion-clearfix\"><\/div><\/div><\/div><\/div><div class=\"fusion-clearfix\"><\/div><\/div><\/div><\/div><\/div>\n","protected":false},"excerpt":{"rendered":"","protected":false},"author":4,"featured_media":0,"parent":8579,"menu_order":0,"comment_status":"closed","ping_status":"closed","template":"","meta":{"footnotes":""},"class_list":["post-8587","page","type-page","status-publish","hentry"],"yoast_head":"<!-- This site is optimized with the Yoast SEO plugin v27.2 - https:\/\/yoast.com\/product\/yoast-seo-wordpress\/ -->\n<title>St\u00e4dtereise Eindhoven, Niederlande | Hotel Mari\u00ebnhage<\/title>\n<meta name=\"description\" content=\"Machen Sie eine St\u00e4dtereise in die Niederlande mit LBG Hotels. Verbringen Sie die Nacht im Hotel Mari\u00ebnhage und entdecken Sie das echte Eindhoven in unserem Klosterhotel. Buchen Sie unser einzigartiges Angebot jetzt online!\" \/>\n<meta name=\"robots\" content=\"index, follow, max-snippet:-1, max-image-preview:large, max-video-preview:-1\" \/>\n<link rel=\"canonical\" href=\"https:\/\/www.marienhage.com\/de\/angebote\/staedtereise-amsterdam-eindhoven-maastricht\/\" \/>\n<meta property=\"og:locale\" content=\"de_DE\" \/>\n<meta property=\"og:type\" content=\"article\" \/>\n<meta property=\"og:title\" content=\"St\u00e4dtereise Eindhoven, Niederlande | Hotel Mari\u00ebnhage\" \/>\n<meta property=\"og:description\" content=\"Machen Sie eine St\u00e4dtereise in die Niederlande mit LBG Hotels. Verbringen Sie die Nacht im Hotel Mari\u00ebnhage und entdecken Sie das echte Eindhoven in unserem Klosterhotel. Buchen Sie unser einzigartiges Angebot jetzt online!\" \/>\n<meta property=\"og:url\" content=\"https:\/\/www.marienhage.com\/de\/angebote\/staedtereise-amsterdam-eindhoven-maastricht\/\" \/>\n<meta property=\"og:site_name\" content=\"Mari\u00ebnhage Hotel\" \/>\n<meta name=\"twitter:card\" content=\"summary_large_image\" \/>\n<meta name=\"twitter:label1\" content=\"Gesch\u00e4tzte Lesezeit\" \/>\n\t<meta name=\"twitter:data1\" content=\"5 Minuten\" \/>\n<script type=\"application\/ld+json\" class=\"yoast-schema-graph\">{\"@context\":\"https:\/\/schema.org\",\"@graph\":[{\"@type\":\"WebPage\",\"@id\":\"https:\/\/www.marienhage.com\/de\/angebote\/staedtereise-amsterdam-eindhoven-maastricht\/\",\"url\":\"https:\/\/www.marienhage.com\/de\/angebote\/staedtereise-amsterdam-eindhoven-maastricht\/\",\"name\":\"St\u00e4dtereise Eindhoven, Niederlande | Hotel Mari\u00ebnhage\",\"isPartOf\":{\"@id\":\"https:\/\/www.marienhage.com\/de\/#website\"},\"description\":\"Machen Sie eine St\u00e4dtereise in die Niederlande mit LBG Hotels. Verbringen Sie die Nacht im Hotel Mari\u00ebnhage und entdecken Sie das echte Eindhoven in unserem Klosterhotel. Buchen Sie unser einzigartiges Angebot jetzt online!\",\"breadcrumb\":{\"@id\":\"https:\/\/www.marienhage.com\/de\/angebote\/staedtereise-amsterdam-eindhoven-maastricht\/#breadcrumb\"},\"inLanguage\":\"de-DE\",\"potentialAction\":[{\"@type\":\"ReadAction\",\"target\":[\"https:\/\/www.marienhage.com\/de\/angebote\/staedtereise-amsterdam-eindhoven-maastricht\/\"]}]},{\"@type\":\"BreadcrumbList\",\"@id\":\"https:\/\/www.marienhage.com\/de\/angebote\/staedtereise-amsterdam-eindhoven-maastricht\/#breadcrumb\",\"itemListElement\":[{\"@type\":\"ListItem\",\"position\":1,\"name\":\"Home\",\"item\":\"https:\/\/www.marienhage.com\/de\/\"},{\"@type\":\"ListItem\",\"position\":2,\"name\":\"Hotelangebote von Mari\u00ebnhage Eindhoven\",\"item\":\"https:\/\/www.marienhage.com\/de\/angebote\/\"},{\"@type\":\"ListItem\",\"position\":3,\"name\":\"St\u00e4dtereise Eindhoven, Niederlande\"}]},{\"@type\":\"WebSite\",\"@id\":\"https:\/\/www.marienhage.com\/de\/#website\",\"url\":\"https:\/\/www.marienhage.com\/de\/\",\"name\":\"Mari\u00ebnhage Hotel\",\"description\":\"Hotel in Eindhoven\",\"publisher\":{\"@id\":\"https:\/\/www.marienhage.com\/de\/#organization\"},\"potentialAction\":[{\"@type\":\"SearchAction\",\"target\":{\"@type\":\"EntryPoint\",\"urlTemplate\":\"https:\/\/www.marienhage.com\/de\/?s={search_term_string}\"},\"query-input\":{\"@type\":\"PropertyValueSpecification\",\"valueRequired\":true,\"valueName\":\"search_term_string\"}}],\"inLanguage\":\"de-DE\"},{\"@type\":\"Organization\",\"@id\":\"https:\/\/www.marienhage.com\/de\/#organization\",\"name\":\"Hotel Mari\u00ebnhage\",\"url\":\"https:\/\/www.marienhage.com\/de\/\",\"logo\":{\"@type\":\"ImageObject\",\"inLanguage\":\"de-DE\",\"@id\":\"https:\/\/www.marienhage.com\/de\/#\/schema\/logo\/image\/\",\"url\":\"https:\/\/www.marienhage.com\/wp-content\/uploads\/2019\/07\/hmh-mark.png\",\"contentUrl\":\"https:\/\/www.marienhage.com\/wp-content\/uploads\/2019\/07\/hmh-mark.png\",\"width\":80,\"height\":80,\"caption\":\"Hotel Mari\u00ebnhage\"},\"image\":{\"@id\":\"https:\/\/www.marienhage.com\/de\/#\/schema\/logo\/image\/\"}}]}<\/script>\n<!-- \/ Yoast SEO plugin. -->","yoast_head_json":{"title":"St\u00e4dtereise Eindhoven, Niederlande | Hotel Mari\u00ebnhage","description":"Machen Sie eine St\u00e4dtereise in die Niederlande mit LBG Hotels. Verbringen Sie die Nacht im Hotel Mari\u00ebnhage und entdecken Sie das echte Eindhoven in unserem Klosterhotel. Buchen Sie unser einzigartiges Angebot jetzt online!","robots":{"index":"index","follow":"follow","max-snippet":"max-snippet:-1","max-image-preview":"max-image-preview:large","max-video-preview":"max-video-preview:-1"},"canonical":"https:\/\/www.marienhage.com\/de\/angebote\/staedtereise-amsterdam-eindhoven-maastricht\/","og_locale":"de_DE","og_type":"article","og_title":"St\u00e4dtereise Eindhoven, Niederlande | Hotel Mari\u00ebnhage","og_description":"Machen Sie eine St\u00e4dtereise in die Niederlande mit LBG Hotels. Verbringen Sie die Nacht im Hotel Mari\u00ebnhage und entdecken Sie das echte Eindhoven in unserem Klosterhotel. Buchen Sie unser einzigartiges Angebot jetzt online!","og_url":"https:\/\/www.marienhage.com\/de\/angebote\/staedtereise-amsterdam-eindhoven-maastricht\/","og_site_name":"Mari\u00ebnhage Hotel","twitter_card":"summary_large_image","twitter_misc":{"Gesch\u00e4tzte Lesezeit":"5 Minuten"},"schema":{"@context":"https:\/\/schema.org","@graph":[{"@type":"WebPage","@id":"https:\/\/www.marienhage.com\/de\/angebote\/staedtereise-amsterdam-eindhoven-maastricht\/","url":"https:\/\/www.marienhage.com\/de\/angebote\/staedtereise-amsterdam-eindhoven-maastricht\/","name":"St\u00e4dtereise Eindhoven, Niederlande | Hotel Mari\u00ebnhage","isPartOf":{"@id":"https:\/\/www.marienhage.com\/de\/#website"},"description":"Machen Sie eine St\u00e4dtereise in die Niederlande mit LBG Hotels. Verbringen Sie die Nacht im Hotel Mari\u00ebnhage und entdecken Sie das echte Eindhoven in unserem Klosterhotel. Buchen Sie unser einzigartiges Angebot jetzt online!","breadcrumb":{"@id":"https:\/\/www.marienhage.com\/de\/angebote\/staedtereise-amsterdam-eindhoven-maastricht\/#breadcrumb"},"inLanguage":"de-DE","potentialAction":[{"@type":"ReadAction","target":["https:\/\/www.marienhage.com\/de\/angebote\/staedtereise-amsterdam-eindhoven-maastricht\/"]}]},{"@type":"BreadcrumbList","@id":"https:\/\/www.marienhage.com\/de\/angebote\/staedtereise-amsterdam-eindhoven-maastricht\/#breadcrumb","itemListElement":[{"@type":"ListItem","position":1,"name":"Home","item":"https:\/\/www.marienhage.com\/de\/"},{"@type":"ListItem","position":2,"name":"Hotelangebote von Mari\u00ebnhage Eindhoven","item":"https:\/\/www.marienhage.com\/de\/angebote\/"},{"@type":"ListItem","position":3,"name":"St\u00e4dtereise Eindhoven, Niederlande"}]},{"@type":"WebSite","@id":"https:\/\/www.marienhage.com\/de\/#website","url":"https:\/\/www.marienhage.com\/de\/","name":"Mari\u00ebnhage Hotel","description":"Hotel in Eindhoven","publisher":{"@id":"https:\/\/www.marienhage.com\/de\/#organization"},"potentialAction":[{"@type":"SearchAction","target":{"@type":"EntryPoint","urlTemplate":"https:\/\/www.marienhage.com\/de\/?s={search_term_string}"},"query-input":{"@type":"PropertyValueSpecification","valueRequired":true,"valueName":"search_term_string"}}],"inLanguage":"de-DE"},{"@type":"Organization","@id":"https:\/\/www.marienhage.com\/de\/#organization","name":"Hotel Mari\u00ebnhage","url":"https:\/\/www.marienhage.com\/de\/","logo":{"@type":"ImageObject","inLanguage":"de-DE","@id":"https:\/\/www.marienhage.com\/de\/#\/schema\/logo\/image\/","url":"https:\/\/www.marienhage.com\/wp-content\/uploads\/2019\/07\/hmh-mark.png","contentUrl":"https:\/\/www.marienhage.com\/wp-content\/uploads\/2019\/07\/hmh-mark.png","width":80,"height":80,"caption":"Hotel Mari\u00ebnhage"},"image":{"@id":"https:\/\/www.marienhage.com\/de\/#\/schema\/logo\/image\/"}}]}},"_links":{"self":[{"href":"https:\/\/www.marienhage.com\/de\/wp-json\/wp\/v2\/pages\/8587","targetHints":{"allow":["GET"]}}],"collection":[{"href":"https:\/\/www.marienhage.com\/de\/wp-json\/wp\/v2\/pages"}],"about":[{"href":"https:\/\/www.marienhage.com\/de\/wp-json\/wp\/v2\/types\/page"}],"author":[{"embeddable":true,"href":"https:\/\/www.marienhage.com\/de\/wp-json\/wp\/v2\/users\/4"}],"replies":[{"embeddable":true,"href":"https:\/\/www.marienhage.com\/de\/wp-json\/wp\/v2\/comments?post=8587"}],"version-history":[{"count":0,"href":"https:\/\/www.marienhage.com\/de\/wp-json\/wp\/v2\/pages\/8587\/revisions"}],"up":[{"embeddable":true,"href":"https:\/\/www.marienhage.com\/de\/wp-json\/wp\/v2\/pages\/8579"}],"wp:attachment":[{"href":"https:\/\/www.marienhage.com\/de\/wp-json\/wp\/v2\/media?parent=8587"}],"curies":[{"name":"wp","href":"https:\/\/api.w.org\/{rel}","templated":true}]}}