{"id":10300,"date":"2024-06-11T15:17:25","date_gmt":"2024-06-11T15:17:25","guid":{"rendered":"https:\/\/www.marienhage.com\/ubernachten-in-eindhoven\/"},"modified":"2025-07-29T11:32:39","modified_gmt":"2025-07-29T11:32:39","slug":"ubernachten-in-eindhoven","status":"publish","type":"page","link":"https:\/\/www.marienhage.com\/de\/ubernachten-in-eindhoven\/","title":{"rendered":"\u00dcbernachten in Eindhoven"},"content":{"rendered":"<div class=\"fusion-fullwidth fullwidth-box fusion-builder-row-1 has-pattern-background has-mask-background nonhundred-percent-fullwidth non-hundred-percent-height-scrolling fusion-equal-height-columns\" style=\"--awb-border-radius-top-left:0px;--awb-border-radius-top-right:0px;--awb-border-radius-bottom-right:0px;--awb-border-radius-bottom-left:0px;--awb-flex-wrap:wrap;\" ><div class=\"fusion-builder-row fusion-row\"><div class=\"fusion-layout-column fusion_builder_column fusion-builder-column-0 fusion_builder_column_1_1 1_1 fusion-one-full fusion-column-first fusion-column-last fusion-column-no-min-height\" style=\"--awb-bg-image:url(&#039;https:\/\/www.marienhage.com\/wp-content\/uploads\/2021\/12\/Marienhage-Domusdela-Boutique-Hotel.jpg&#039;);--awb-bg-size:cover;\" id=\"xotels-header\"><div class=\"fusion-column-wrapper fusion-column-has-shadow fusion-flex-column-wrapper-legacy fusion-column-has-bg-image\" data-bg-url=\"https:\/\/www.marienhage.com\/wp-content\/uploads\/2021\/12\/Marienhage-Domusdela-Boutique-Hotel.jpg\">\n<form class=\"wide-booking-form\" action=\"https:\/\/book.marienhage.com\/en\/search\/results\" target=\"_blank\">\n<div style=\"margin: auto;\">\n\t\t<input id=\"from\" class=\"datepicker\" name=\"stay_detail[arrival_date]\" type=\"text\" value=\"check-in\"><br \/>\n\t\t<input id=\"to\" class=\"datepicker\" name=\"stay_detail[depart_date]\" type=\"text\" value=\"check-out\"><br \/>\n\t\t<input type=\"hidden\" name=\"stay_detail[adults]\" value=\"2\"><br \/>\n\t\t<input type=\"hidden\" name=\"stay_detail[number_of_rooms]\" value=\"1\"><br \/>\n\t\t<button class=\"external_bookingbutton\" type=\"submit\">JETZT BUCHEN<\/button>\n\t<\/div>\n<\/form>\n<div class=\"fusion-clearfix\"><\/div><\/div><\/div><div class=\"fusion-layout-column fusion_builder_column fusion-builder-column-1 fusion_builder_column_1_1 1_1 fusion-one-full fusion-column-first fusion-column-last\" style=\"--awb-bg-size:cover;\"><div class=\"fusion-column-wrapper fusion-column-has-shadow fusion-flex-column-wrapper-legacy\"><div class=\"fusion-builder-row fusion-builder-row-inner fusion-row\"><div class=\"fusion-layout-column fusion_builder_column_inner fusion-builder-nested-column-0 fusion_builder_column_inner_1_2 1_2 fusion-one-half fusion-column-first\" style=\"--awb-padding-top:15px;--awb-padding-right:15px;--awb-padding-bottom:15px;--awb-padding-left:15px;--awb-bg-color:#ecdbd5;--awb-bg-color-hover:#ecdbd5;--awb-bg-size:cover;width:50%;width:calc(50% - ( ( 4% ) * 0.5 ) );margin-right: 4%;\"><div class=\"fusion-column-wrapper fusion-column-has-shadow fusion-flex-column-wrapper-legacy\"><div class=\"fusion-text fusion-text-1\"><h1 style=\"text-align: center;\">\u00dcbernachten in Eindhoven<\/h1>\n<p style=\"text-align: center;\">Suchen Sie nach einem einzigartigen \u00dcbernachtungserlebnis in Eindhoven? Das Hotel Mari\u00ebnhage, ein wundersch\u00f6nes 4-Sterne-Boutique-Hotel, hei\u00dft Sie f\u00fcr einen unvergesslichen Aufenthalt willkommen. Auf den jahrhundertealten Fundamenten des Mari\u00ebnhage-Klosters gelegen, vereint unser Hotel Luxus mit Geschichte.  <\/p>\n<p style=\"text-align: center;\"><strong>W\u00e4hlen Sie Ihr perfektes Zimmer<\/strong><\/p>\n<p style=\"text-align: center;\">Jedes Zimmer im Hotel Mari\u00ebnhage ist ein Kunstwerk f\u00fcr sich, mit sorgf\u00e4ltig ausgew\u00e4hlten Designs, die die reiche Geschichte des Klosters widerspiegeln. Egal, ob Sie sich f\u00fcr ein Zimmer mit modernem Design oder ein Zimmer entscheiden, das die Mystik des Klosterlebens ausstrahlt, wir garantieren ein unvergessliches Erlebnis. <\/p>\n<p style=\"text-align: center;\"><strong>Buchen Sie jetzt f\u00fcr eine himmlische \u00dcbernachtung<\/strong><\/p>\n<p style=\"text-align: center;\">Warten Sie nicht l\u00e4nger und reservieren Sie Ihr Zimmer im Hotel Mari\u00ebnhage. Entdecken Sie unsere vielf\u00e4ltigen Zimmerdesigns und -typen und finden Sie die perfekte \u00dcbereinstimmung f\u00fcr Ihren Aufenthalt in Eindhoven. Besuchen Sie unsere Website und beginnen Sie noch heute mit der Planung Ihrer Auszeit!  <\/p>\n<\/div><div class=\"fusion-aligncenter\"><a class=\"fusion-button button-flat fusion-button-default-size button-default fusion-button-default button-1 fusion-button-default-span fusion-button-default-type\" target=\"_self\" href=\"https:\/\/www.marienhage.com\/de\/zimmer-typen\/\"><span class=\"fusion-button-text awb-button__text awb-button__text--default\">Sehen Sie sich die verschiedenen Zimmertypen an<\/span><\/a><\/div><div class=\"fusion-clearfix\"><\/div><\/div><\/div><div class=\"fusion-layout-column fusion_builder_column_inner fusion-builder-nested-column-1 fusion_builder_column_inner_1_2 1_2 fusion-one-half fusion-column-last\" style=\"--awb-bg-size:cover;width:50%;width:calc(50% - ( ( 4% ) * 0.5 ) );\"><div class=\"fusion-column-wrapper fusion-column-has-shadow fusion-flex-column-wrapper-legacy\"><div class=\"fusion-image-element in-legacy-container\" style=\"--awb-caption-title-font-family:var(--h2_typography-font-family);--awb-caption-title-font-weight:var(--h2_typography-font-weight);--awb-caption-title-font-style:var(--h2_typography-font-style);--awb-caption-title-size:var(--h2_typography-font-size);--awb-caption-title-transform:var(--h2_typography-text-transform);--awb-caption-title-line-height:var(--h2_typography-line-height);--awb-caption-title-letter-spacing:var(--h2_typography-letter-spacing);\"><span class=\" fusion-imageframe imageframe-none imageframe-1 hover-type-none\"><img decoding=\"async\" width=\"1000\" height=\"666\" alt=\"Vakantie arrangement in Brabant | Kloosterhotel Mari\u00ebnhage\" title=\"Epic Eden XL Room 2 &#8211; Hotel Mari\u00ebnhage Eindhoven Domusdela\" src=\"https:\/\/www.marienhage.com\/wp-content\/uploads\/2022\/02\/Epic-Eden-XL-Room-2-Hotel-Marienhage-Eindhoven-Domusdela.jpg\" class=\"img-responsive wp-image-8158\" srcset=\"https:\/\/www.marienhage.com\/wp-content\/uploads\/2022\/02\/Epic-Eden-XL-Room-2-Hotel-Marienhage-Eindhoven-Domusdela-200x133.jpg 200w, https:\/\/www.marienhage.com\/wp-content\/uploads\/2022\/02\/Epic-Eden-XL-Room-2-Hotel-Marienhage-Eindhoven-Domusdela-400x266.jpg 400w, https:\/\/www.marienhage.com\/wp-content\/uploads\/2022\/02\/Epic-Eden-XL-Room-2-Hotel-Marienhage-Eindhoven-Domusdela-600x400.jpg 600w, https:\/\/www.marienhage.com\/wp-content\/uploads\/2022\/02\/Epic-Eden-XL-Room-2-Hotel-Marienhage-Eindhoven-Domusdela-800x533.jpg 800w, https:\/\/www.marienhage.com\/wp-content\/uploads\/2022\/02\/Epic-Eden-XL-Room-2-Hotel-Marienhage-Eindhoven-Domusdela.jpg 1000w\" sizes=\"(max-width: 930px) 100vw, 600px\" \/><\/span><\/div><div class=\"fusion-clearfix\"><\/div><\/div><\/div><\/div><div class=\"fusion-clearfix\"><\/div><\/div><\/div><\/div><\/div>\n","protected":false},"excerpt":{"rendered":"","protected":false},"author":14,"featured_media":0,"parent":0,"menu_order":0,"comment_status":"closed","ping_status":"closed","template":"","meta":{"footnotes":""},"class_list":["post-10300","page","type-page","status-publish","hentry"],"yoast_head":"<!-- This site is optimized with the Yoast SEO plugin v27.2 - https:\/\/yoast.com\/product\/yoast-seo-wordpress\/ -->\n<title>\u00dcbernachten in Eindhoven | Hotel Mari\u00ebnhage<\/title>\n<meta name=\"description\" content=\"\u00dcbernachten Sie im Klosterhotel Mari\u00ebnhage im Zentrum von Eindhoven. Buchen Sie ein Zimmer und genie\u00dfen Sie ein einzigartiges Erlebnis. Reservieren Sie jetzt!\" \/>\n<meta name=\"robots\" content=\"index, follow, max-snippet:-1, max-image-preview:large, max-video-preview:-1\" \/>\n<link rel=\"canonical\" href=\"https:\/\/www.marienhage.com\/de\/ubernachten-in-eindhoven\/\" \/>\n<meta property=\"og:locale\" content=\"de_DE\" \/>\n<meta property=\"og:type\" content=\"article\" \/>\n<meta property=\"og:title\" content=\"\u00dcbernachten in Eindhoven | Hotel Mari\u00ebnhage\" \/>\n<meta property=\"og:description\" content=\"\u00dcbernachten Sie im Klosterhotel Mari\u00ebnhage im Zentrum von Eindhoven. Buchen Sie ein Zimmer und genie\u00dfen Sie ein einzigartiges Erlebnis. Reservieren Sie jetzt!\" \/>\n<meta property=\"og:url\" content=\"https:\/\/www.marienhage.com\/de\/ubernachten-in-eindhoven\/\" \/>\n<meta property=\"og:site_name\" content=\"Mari\u00ebnhage Hotel\" \/>\n<meta name=\"twitter:card\" content=\"summary_large_image\" \/>\n<meta name=\"twitter:label1\" content=\"Gesch\u00e4tzte Lesezeit\" \/>\n\t<meta name=\"twitter:data1\" content=\"10 Minuten\" \/>\n<script type=\"application\/ld+json\" class=\"yoast-schema-graph\">{\"@context\":\"https:\/\/schema.org\",\"@graph\":[{\"@type\":\"WebPage\",\"@id\":\"https:\/\/www.marienhage.com\/de\/ubernachten-in-eindhoven\/\",\"url\":\"https:\/\/www.marienhage.com\/de\/ubernachten-in-eindhoven\/\",\"name\":\"\u00dcbernachten in Eindhoven | Hotel Mari\u00ebnhage\",\"isPartOf\":{\"@id\":\"https:\/\/www.marienhage.com\/de\/#website\"},\"description\":\"\u00dcbernachten Sie im Klosterhotel Mari\u00ebnhage im Zentrum von Eindhoven. Buchen Sie ein Zimmer und genie\u00dfen Sie ein einzigartiges Erlebnis. Reservieren Sie jetzt!\",\"breadcrumb\":{\"@id\":\"https:\/\/www.marienhage.com\/de\/ubernachten-in-eindhoven\/#breadcrumb\"},\"inLanguage\":\"de-DE\",\"potentialAction\":[{\"@type\":\"ReadAction\",\"target\":[\"https:\/\/www.marienhage.com\/de\/ubernachten-in-eindhoven\/\"]}]},{\"@type\":\"BreadcrumbList\",\"@id\":\"https:\/\/www.marienhage.com\/de\/ubernachten-in-eindhoven\/#breadcrumb\",\"itemListElement\":[{\"@type\":\"ListItem\",\"position\":1,\"name\":\"Home\",\"item\":\"https:\/\/www.marienhage.com\/de\/\"},{\"@type\":\"ListItem\",\"position\":2,\"name\":\"\u00dcbernachten in Eindhoven\"}]},{\"@type\":\"WebSite\",\"@id\":\"https:\/\/www.marienhage.com\/de\/#website\",\"url\":\"https:\/\/www.marienhage.com\/de\/\",\"name\":\"Mari\u00ebnhage Hotel\",\"description\":\"Hotel in Eindhoven\",\"publisher\":{\"@id\":\"https:\/\/www.marienhage.com\/de\/#organization\"},\"potentialAction\":[{\"@type\":\"SearchAction\",\"target\":{\"@type\":\"EntryPoint\",\"urlTemplate\":\"https:\/\/www.marienhage.com\/de\/?s={search_term_string}\"},\"query-input\":{\"@type\":\"PropertyValueSpecification\",\"valueRequired\":true,\"valueName\":\"search_term_string\"}}],\"inLanguage\":\"de-DE\"},{\"@type\":\"Organization\",\"@id\":\"https:\/\/www.marienhage.com\/de\/#organization\",\"name\":\"Hotel Mari\u00ebnhage\",\"url\":\"https:\/\/www.marienhage.com\/de\/\",\"logo\":{\"@type\":\"ImageObject\",\"inLanguage\":\"de-DE\",\"@id\":\"https:\/\/www.marienhage.com\/de\/#\/schema\/logo\/image\/\",\"url\":\"https:\/\/www.marienhage.com\/wp-content\/uploads\/2019\/07\/hmh-mark.png\",\"contentUrl\":\"https:\/\/www.marienhage.com\/wp-content\/uploads\/2019\/07\/hmh-mark.png\",\"width\":80,\"height\":80,\"caption\":\"Hotel Mari\u00ebnhage\"},\"image\":{\"@id\":\"https:\/\/www.marienhage.com\/de\/#\/schema\/logo\/image\/\"}}]}<\/script>\n<!-- \/ Yoast SEO plugin. -->","yoast_head_json":{"title":"\u00dcbernachten in Eindhoven | Hotel Mari\u00ebnhage","description":"\u00dcbernachten Sie im Klosterhotel Mari\u00ebnhage im Zentrum von Eindhoven. Buchen Sie ein Zimmer und genie\u00dfen Sie ein einzigartiges Erlebnis. Reservieren Sie jetzt!","robots":{"index":"index","follow":"follow","max-snippet":"max-snippet:-1","max-image-preview":"max-image-preview:large","max-video-preview":"max-video-preview:-1"},"canonical":"https:\/\/www.marienhage.com\/de\/ubernachten-in-eindhoven\/","og_locale":"de_DE","og_type":"article","og_title":"\u00dcbernachten in Eindhoven | Hotel Mari\u00ebnhage","og_description":"\u00dcbernachten Sie im Klosterhotel Mari\u00ebnhage im Zentrum von Eindhoven. Buchen Sie ein Zimmer und genie\u00dfen Sie ein einzigartiges Erlebnis. Reservieren Sie jetzt!","og_url":"https:\/\/www.marienhage.com\/de\/ubernachten-in-eindhoven\/","og_site_name":"Mari\u00ebnhage Hotel","twitter_card":"summary_large_image","twitter_misc":{"Gesch\u00e4tzte Lesezeit":"10 Minuten"},"schema":{"@context":"https:\/\/schema.org","@graph":[{"@type":"WebPage","@id":"https:\/\/www.marienhage.com\/de\/ubernachten-in-eindhoven\/","url":"https:\/\/www.marienhage.com\/de\/ubernachten-in-eindhoven\/","name":"\u00dcbernachten in Eindhoven | Hotel Mari\u00ebnhage","isPartOf":{"@id":"https:\/\/www.marienhage.com\/de\/#website"},"description":"\u00dcbernachten Sie im Klosterhotel Mari\u00ebnhage im Zentrum von Eindhoven. Buchen Sie ein Zimmer und genie\u00dfen Sie ein einzigartiges Erlebnis. Reservieren Sie jetzt!","breadcrumb":{"@id":"https:\/\/www.marienhage.com\/de\/ubernachten-in-eindhoven\/#breadcrumb"},"inLanguage":"de-DE","potentialAction":[{"@type":"ReadAction","target":["https:\/\/www.marienhage.com\/de\/ubernachten-in-eindhoven\/"]}]},{"@type":"BreadcrumbList","@id":"https:\/\/www.marienhage.com\/de\/ubernachten-in-eindhoven\/#breadcrumb","itemListElement":[{"@type":"ListItem","position":1,"name":"Home","item":"https:\/\/www.marienhage.com\/de\/"},{"@type":"ListItem","position":2,"name":"\u00dcbernachten in Eindhoven"}]},{"@type":"WebSite","@id":"https:\/\/www.marienhage.com\/de\/#website","url":"https:\/\/www.marienhage.com\/de\/","name":"Mari\u00ebnhage Hotel","description":"Hotel in Eindhoven","publisher":{"@id":"https:\/\/www.marienhage.com\/de\/#organization"},"potentialAction":[{"@type":"SearchAction","target":{"@type":"EntryPoint","urlTemplate":"https:\/\/www.marienhage.com\/de\/?s={search_term_string}"},"query-input":{"@type":"PropertyValueSpecification","valueRequired":true,"valueName":"search_term_string"}}],"inLanguage":"de-DE"},{"@type":"Organization","@id":"https:\/\/www.marienhage.com\/de\/#organization","name":"Hotel Mari\u00ebnhage","url":"https:\/\/www.marienhage.com\/de\/","logo":{"@type":"ImageObject","inLanguage":"de-DE","@id":"https:\/\/www.marienhage.com\/de\/#\/schema\/logo\/image\/","url":"https:\/\/www.marienhage.com\/wp-content\/uploads\/2019\/07\/hmh-mark.png","contentUrl":"https:\/\/www.marienhage.com\/wp-content\/uploads\/2019\/07\/hmh-mark.png","width":80,"height":80,"caption":"Hotel Mari\u00ebnhage"},"image":{"@id":"https:\/\/www.marienhage.com\/de\/#\/schema\/logo\/image\/"}}]}},"_links":{"self":[{"href":"https:\/\/www.marienhage.com\/de\/wp-json\/wp\/v2\/pages\/10300","targetHints":{"allow":["GET"]}}],"collection":[{"href":"https:\/\/www.marienhage.com\/de\/wp-json\/wp\/v2\/pages"}],"about":[{"href":"https:\/\/www.marienhage.com\/de\/wp-json\/wp\/v2\/types\/page"}],"author":[{"embeddable":true,"href":"https:\/\/www.marienhage.com\/de\/wp-json\/wp\/v2\/users\/14"}],"replies":[{"embeddable":true,"href":"https:\/\/www.marienhage.com\/de\/wp-json\/wp\/v2\/comments?post=10300"}],"version-history":[{"count":0,"href":"https:\/\/www.marienhage.com\/de\/wp-json\/wp\/v2\/pages\/10300\/revisions"}],"wp:attachment":[{"href":"https:\/\/www.marienhage.com\/de\/wp-json\/wp\/v2\/media?parent=10300"}],"curies":[{"name":"wp","href":"https:\/\/api.w.org\/{rel}","templated":true}]}}