{"id":10291,"date":"2024-06-11T14:25:32","date_gmt":"2024-06-11T14:25:32","guid":{"rendered":"https:\/\/www.marienhage.com\/hotel-eindhoven-mit-fruhstuck\/"},"modified":"2024-06-11T14:25:33","modified_gmt":"2024-06-11T14:25:33","slug":"hotel-eindhoven-mit-fruhstuck","status":"publish","type":"page","link":"https:\/\/www.marienhage.com\/de\/hotel-eindhoven-mit-fruhstuck\/","title":{"rendered":"Hotel im Zentrum von Eindhoven mit Fr\u00fchst\u00fcck"},"content":{"rendered":"<div class=\"fusion-fullwidth fullwidth-box fusion-builder-row-1 has-pattern-background has-mask-background nonhundred-percent-fullwidth non-hundred-percent-height-scrolling fusion-equal-height-columns maincontentmh\" style=\"--awb-border-radius-top-left:0px;--awb-border-radius-top-right:0px;--awb-border-radius-bottom-right:0px;--awb-border-radius-bottom-left:0px;--awb-flex-wrap:wrap;\" ><div class=\"fusion-builder-row fusion-row\"><div class=\"fusion-layout-column fusion_builder_column fusion-builder-column-0 fusion_builder_column_1_1 1_1 fusion-one-full fusion-column-first fusion-column-last fusion-column-no-min-height\" style=\"--awb-bg-image:url(&#039;https:\/\/www.marienhage.com\/wp-content\/uploads\/2021\/12\/Marienhage-Domusdela-Boutique-Hotel.jpg&#039;);--awb-bg-size:cover;\" id=\"xotels-header\" data-scroll-devices=\"small-visibility,medium-visibility,large-visibility\"><div class=\"fusion-column-wrapper fusion-column-has-shadow fusion-flex-column-wrapper-legacy fusion-column-has-bg-image\" data-bg-url=\"https:\/\/www.marienhage.com\/wp-content\/uploads\/2021\/12\/Marienhage-Domusdela-Boutique-Hotel.jpg\"><form class=\"wide-booking-form\" action=\"https:\/\/book.marienhage.com\/en\/search\/results\" target=\"_blank\">\n\t<div style=\"margin: auto;\">\n\t\t<input id=\"from\" class=\"datepicker\" name=\"stay_detail[arrival_date]\" type=\"text\" value=\"check-in\">\n\t\t<input id=\"to\" class=\"datepicker\" name=\"stay_detail[depart_date]\" type=\"text\" value=\"check-out\">\n\t\t<input type=\"hidden\" name=\"stay_detail[adults]\" value=\"2\">\n\t\t<input type=\"hidden\" name=\"stay_detail[number_of_rooms]\" value=\"1\">\n\t\t<button class=\"external_bookingbutton\" type=\"submit\">JETZT BUCHEN<\/button>\n\t<\/div>\n<\/form><div class=\"fusion-clearfix\"><\/div><\/div><\/div><div class=\"fusion-layout-column fusion_builder_column fusion-builder-column-1 fusion_builder_column_1_1 1_1 fusion-one-full fusion-column-first fusion-column-last\" style=\"--awb-bg-color:#fbf5ee;--awb-bg-color-hover:#fbf5ee;--awb-bg-size:cover;--awb-box-shadow: 0px 0px #a8a8a8;;\" data-scroll-devices=\"small-visibility,medium-visibility,large-visibility\"><div class=\"fusion-column-wrapper fusion-column-has-shadow fusion-flex-column-wrapper-legacy\"><div class=\"fusion-column-content-centered\"><div class=\"fusion-column-content\"><div class=\"fusion-builder-row fusion-builder-row-inner fusion-row\"><div class=\"fusion-layout-column fusion_builder_column_inner fusion-builder-nested-column-0 fusion_builder_column_inner_1_2 1_2 fusion-one-half fusion-column-first\" style=\"--awb-padding-top:15px;--awb-padding-right:15px;--awb-padding-bottom:15px;--awb-padding-left:15px;--awb-bg-color:#ecdbd5;--awb-bg-color-hover:#ecdbd5;--awb-bg-size:cover;width:50%;width:calc(50% - ( ( 4% ) * 0.5 ) );margin-right: 4%;\" data-scroll-devices=\"small-visibility,medium-visibility,large-visibility\"><div class=\"fusion-column-wrapper fusion-column-has-shadow fusion-flex-column-wrapper-legacy\"><div class=\"fusion-column-content-centered\"><div class=\"fusion-column-content\"><div class=\"fusion-text fusion-text-1\"><h1 style=\"text-align: center;\">Hotel im Zentrum von Eindhoven mit Fr\u00fchst\u00fcck<\/h1>\n<p style=\"text-align: center;\">Nach einer himmlischen \u00dcbernachtung in einem der wundersch\u00f6nen Hotelzimmer im Hotel Mari\u00ebnhage k\u00f6nnen Sie am Morgen ein k\u00f6stliches Fr\u00fchst\u00fcck mit Sekt genie\u00dfen. Dieses Fr\u00fchst\u00fcck umfasst frisch gebackenes Brot, knusprigen Toast, eine Auswahl an Br\u00f6tchen, verschiedene Bel\u00e4ge, M\u00fcsli, s\u00fc\u00dfe Leckereien, frisches Obst und Ihre Wahl an k\u00f6stlichem Kaffee oder Tee. <\/p>\n<p style=\"text-align: center;\"><strong>Das Fr\u00fchst\u00fcck wird serviert am: <\/strong><\/p>\n<ul style=\"text-align: center;\">\n<li>Montag bis Freitag: 07.00 &#8211; 10.00 Uhr<\/li>\n<li>Samstag und Sonntag: 08.00 &#8211; 11.00 Uhr<\/li>\n<\/ul>\n<p style=\"text-align: center;\"><em>Bitte teilen Sie uns eventuelle Allergien oder spezielle Ern\u00e4hrungsw\u00fcnsche im Voraus \u00fcber die Rezeption mit.<\/em><\/p>\n<p style=\"text-align: center;\">Planen Sie demn\u00e4chst, ein Fr\u00fchst\u00fcck in diesem wundersch\u00f6nen Hotel im Zentrum von Eindhoven zu genie\u00dfen, kombiniert mit einer \u00dcbernachtung? Profitieren Sie dann von unserem g\u00fcnstigen Angebot, im Hotel Mari\u00ebnhage zu \u00fcbernachten, inklusive eines reichhaltigen Fr\u00fchst\u00fccks! <\/p>\n<\/div><div class=\"fusion-aligncenter\"><a class=\"fusion-button button-flat fusion-button-default-size button-default fusion-button-default button-1 fusion-button-default-span fusion-button-default-type distributor\" target=\"_blank\" rel=\"noopener noreferrer\" href=\"#\"><span class=\"fusion-button-text awb-button__text awb-button__text--default\">Jetzt buchen<\/span><\/a><\/div><\/div><\/div><div class=\"fusion-clearfix\"><\/div><\/div><\/div><div class=\"fusion-layout-column fusion_builder_column_inner fusion-builder-nested-column-1 fusion_builder_column_inner_1_2 1_2 fusion-one-half fusion-column-last\" style=\"--awb-bg-size:cover;width:50%;width:calc(50% - ( ( 4% ) * 0.5 ) );\" data-scroll-devices=\"small-visibility,medium-visibility,large-visibility\"><div class=\"fusion-column-wrapper fusion-column-has-shadow fusion-flex-column-wrapper-legacy\"><div class=\"fusion-column-content-centered\"><div class=\"fusion-column-content\"><div class=\"fusion-image-element in-legacy-container\" style=\"--awb-caption-title-font-family:var(--h2_typography-font-family);--awb-caption-title-font-weight:var(--h2_typography-font-weight);--awb-caption-title-font-style:var(--h2_typography-font-style);--awb-caption-title-size:var(--h2_typography-font-size);--awb-caption-title-transform:var(--h2_typography-text-transform);--awb-caption-title-line-height:var(--h2_typography-line-height);--awb-caption-title-letter-spacing:var(--h2_typography-letter-spacing);\"><span class=\" fusion-imageframe imageframe-none imageframe-1 hover-type-none\"><img decoding=\"async\" width=\"641\" height=\"663\" alt=\"Vakantie arrangement in Brabant | Kloosterhotel Mari\u00ebnhage\" title=\"Ontbijt Brasserie Rita\" src=\"https:\/\/www.marienhage.com\/wp-content\/uploads\/2024\/06\/Ontbijt-Brasserie-Rita.png\" class=\"img-responsive wp-image-10138\" srcset=\"https:\/\/www.marienhage.com\/wp-content\/uploads\/2024\/06\/Ontbijt-Brasserie-Rita-200x207.png 200w, https:\/\/www.marienhage.com\/wp-content\/uploads\/2024\/06\/Ontbijt-Brasserie-Rita-400x414.png 400w, https:\/\/www.marienhage.com\/wp-content\/uploads\/2024\/06\/Ontbijt-Brasserie-Rita-600x621.png 600w, https:\/\/www.marienhage.com\/wp-content\/uploads\/2024\/06\/Ontbijt-Brasserie-Rita.png 641w\" sizes=\"(max-width: 930px) 100vw, 600px\" \/><\/span><\/div><\/div><\/div><div class=\"fusion-clearfix\"><\/div><\/div><\/div><\/div><\/div><\/div><div class=\"fusion-clearfix\"><\/div><\/div><\/div><\/div><\/div>\n","protected":false},"excerpt":{"rendered":"","protected":false},"author":14,"featured_media":0,"parent":0,"menu_order":0,"comment_status":"closed","ping_status":"closed","template":"","meta":{"footnotes":""},"class_list":["post-10291","page","type-page","status-publish","hentry"],"yoast_head":"<!-- This site is optimized with the Yoast SEO plugin v27.2 - https:\/\/yoast.com\/product\/yoast-seo-wordpress\/ -->\n<title>Hotel Eindhoven inklusive Fr\u00fchst\u00fccks | Hotel Mari\u00ebnhage<\/title>\n<meta name=\"description\" content=\"Suchen Sie ein Hotel in Eindhoven mit Fr\u00fchst\u00fcck? Im Hotel Mari\u00ebnhage haben wir das beste umfangreiche Fr\u00fchst\u00fcck\" \/>\n<meta name=\"robots\" content=\"index, follow, max-snippet:-1, max-image-preview:large, max-video-preview:-1\" \/>\n<link rel=\"canonical\" href=\"https:\/\/www.marienhage.com\/de\/hotel-eindhoven-mit-fruhstuck\/\" \/>\n<meta property=\"og:locale\" content=\"de_DE\" \/>\n<meta property=\"og:type\" content=\"article\" \/>\n<meta property=\"og:title\" content=\"Hotel Eindhoven inklusive Fr\u00fchst\u00fccks | Hotel Mari\u00ebnhage\" \/>\n<meta property=\"og:description\" content=\"Suchen Sie ein Hotel in Eindhoven mit Fr\u00fchst\u00fcck? Im Hotel Mari\u00ebnhage haben wir das beste umfangreiche Fr\u00fchst\u00fcck\" \/>\n<meta property=\"og:url\" content=\"https:\/\/www.marienhage.com\/de\/hotel-eindhoven-mit-fruhstuck\/\" \/>\n<meta property=\"og:site_name\" content=\"Mari\u00ebnhage Hotel\" \/>\n<meta name=\"twitter:card\" content=\"summary_large_image\" \/>\n<meta name=\"twitter:label1\" content=\"Gesch\u00e4tzte Lesezeit\" \/>\n\t<meta name=\"twitter:data1\" content=\"17 Minuten\" \/>\n<script type=\"application\/ld+json\" class=\"yoast-schema-graph\">{\"@context\":\"https:\/\/schema.org\",\"@graph\":[{\"@type\":\"WebPage\",\"@id\":\"https:\/\/www.marienhage.com\/de\/hotel-eindhoven-mit-fruhstuck\/\",\"url\":\"https:\/\/www.marienhage.com\/de\/hotel-eindhoven-mit-fruhstuck\/\",\"name\":\"Hotel Eindhoven inklusive Fr\u00fchst\u00fccks | Hotel Mari\u00ebnhage\",\"isPartOf\":{\"@id\":\"https:\/\/www.marienhage.com\/de\/#website\"},\"description\":\"Suchen Sie ein Hotel in Eindhoven mit Fr\u00fchst\u00fcck? Im Hotel Mari\u00ebnhage haben wir das beste umfangreiche Fr\u00fchst\u00fcck\",\"breadcrumb\":{\"@id\":\"https:\/\/www.marienhage.com\/de\/hotel-eindhoven-mit-fruhstuck\/#breadcrumb\"},\"inLanguage\":\"de-DE\",\"potentialAction\":[{\"@type\":\"ReadAction\",\"target\":[\"https:\/\/www.marienhage.com\/de\/hotel-eindhoven-mit-fruhstuck\/\"]}]},{\"@type\":\"BreadcrumbList\",\"@id\":\"https:\/\/www.marienhage.com\/de\/hotel-eindhoven-mit-fruhstuck\/#breadcrumb\",\"itemListElement\":[{\"@type\":\"ListItem\",\"position\":1,\"name\":\"Home\",\"item\":\"https:\/\/www.marienhage.com\/de\/\"},{\"@type\":\"ListItem\",\"position\":2,\"name\":\"Hotel im Zentrum von Eindhoven mit Fr\u00fchst\u00fcck\"}]},{\"@type\":\"WebSite\",\"@id\":\"https:\/\/www.marienhage.com\/de\/#website\",\"url\":\"https:\/\/www.marienhage.com\/de\/\",\"name\":\"Mari\u00ebnhage Hotel\",\"description\":\"Hotel in Eindhoven\",\"publisher\":{\"@id\":\"https:\/\/www.marienhage.com\/de\/#organization\"},\"potentialAction\":[{\"@type\":\"SearchAction\",\"target\":{\"@type\":\"EntryPoint\",\"urlTemplate\":\"https:\/\/www.marienhage.com\/de\/?s={search_term_string}\"},\"query-input\":{\"@type\":\"PropertyValueSpecification\",\"valueRequired\":true,\"valueName\":\"search_term_string\"}}],\"inLanguage\":\"de-DE\"},{\"@type\":\"Organization\",\"@id\":\"https:\/\/www.marienhage.com\/de\/#organization\",\"name\":\"Hotel Mari\u00ebnhage\",\"url\":\"https:\/\/www.marienhage.com\/de\/\",\"logo\":{\"@type\":\"ImageObject\",\"inLanguage\":\"de-DE\",\"@id\":\"https:\/\/www.marienhage.com\/de\/#\/schema\/logo\/image\/\",\"url\":\"https:\/\/www.marienhage.com\/wp-content\/uploads\/2019\/07\/hmh-mark.png\",\"contentUrl\":\"https:\/\/www.marienhage.com\/wp-content\/uploads\/2019\/07\/hmh-mark.png\",\"width\":80,\"height\":80,\"caption\":\"Hotel Mari\u00ebnhage\"},\"image\":{\"@id\":\"https:\/\/www.marienhage.com\/de\/#\/schema\/logo\/image\/\"}}]}<\/script>\n<!-- \/ Yoast SEO plugin. -->","yoast_head_json":{"title":"Hotel Eindhoven inklusive Fr\u00fchst\u00fccks | Hotel Mari\u00ebnhage","description":"Suchen Sie ein Hotel in Eindhoven mit Fr\u00fchst\u00fcck? Im Hotel Mari\u00ebnhage haben wir das beste umfangreiche Fr\u00fchst\u00fcck","robots":{"index":"index","follow":"follow","max-snippet":"max-snippet:-1","max-image-preview":"max-image-preview:large","max-video-preview":"max-video-preview:-1"},"canonical":"https:\/\/www.marienhage.com\/de\/hotel-eindhoven-mit-fruhstuck\/","og_locale":"de_DE","og_type":"article","og_title":"Hotel Eindhoven inklusive Fr\u00fchst\u00fccks | Hotel Mari\u00ebnhage","og_description":"Suchen Sie ein Hotel in Eindhoven mit Fr\u00fchst\u00fcck? Im Hotel Mari\u00ebnhage haben wir das beste umfangreiche Fr\u00fchst\u00fcck","og_url":"https:\/\/www.marienhage.com\/de\/hotel-eindhoven-mit-fruhstuck\/","og_site_name":"Mari\u00ebnhage Hotel","twitter_card":"summary_large_image","twitter_misc":{"Gesch\u00e4tzte Lesezeit":"17 Minuten"},"schema":{"@context":"https:\/\/schema.org","@graph":[{"@type":"WebPage","@id":"https:\/\/www.marienhage.com\/de\/hotel-eindhoven-mit-fruhstuck\/","url":"https:\/\/www.marienhage.com\/de\/hotel-eindhoven-mit-fruhstuck\/","name":"Hotel Eindhoven inklusive Fr\u00fchst\u00fccks | Hotel Mari\u00ebnhage","isPartOf":{"@id":"https:\/\/www.marienhage.com\/de\/#website"},"description":"Suchen Sie ein Hotel in Eindhoven mit Fr\u00fchst\u00fcck? Im Hotel Mari\u00ebnhage haben wir das beste umfangreiche Fr\u00fchst\u00fcck","breadcrumb":{"@id":"https:\/\/www.marienhage.com\/de\/hotel-eindhoven-mit-fruhstuck\/#breadcrumb"},"inLanguage":"de-DE","potentialAction":[{"@type":"ReadAction","target":["https:\/\/www.marienhage.com\/de\/hotel-eindhoven-mit-fruhstuck\/"]}]},{"@type":"BreadcrumbList","@id":"https:\/\/www.marienhage.com\/de\/hotel-eindhoven-mit-fruhstuck\/#breadcrumb","itemListElement":[{"@type":"ListItem","position":1,"name":"Home","item":"https:\/\/www.marienhage.com\/de\/"},{"@type":"ListItem","position":2,"name":"Hotel im Zentrum von Eindhoven mit Fr\u00fchst\u00fcck"}]},{"@type":"WebSite","@id":"https:\/\/www.marienhage.com\/de\/#website","url":"https:\/\/www.marienhage.com\/de\/","name":"Mari\u00ebnhage Hotel","description":"Hotel in Eindhoven","publisher":{"@id":"https:\/\/www.marienhage.com\/de\/#organization"},"potentialAction":[{"@type":"SearchAction","target":{"@type":"EntryPoint","urlTemplate":"https:\/\/www.marienhage.com\/de\/?s={search_term_string}"},"query-input":{"@type":"PropertyValueSpecification","valueRequired":true,"valueName":"search_term_string"}}],"inLanguage":"de-DE"},{"@type":"Organization","@id":"https:\/\/www.marienhage.com\/de\/#organization","name":"Hotel Mari\u00ebnhage","url":"https:\/\/www.marienhage.com\/de\/","logo":{"@type":"ImageObject","inLanguage":"de-DE","@id":"https:\/\/www.marienhage.com\/de\/#\/schema\/logo\/image\/","url":"https:\/\/www.marienhage.com\/wp-content\/uploads\/2019\/07\/hmh-mark.png","contentUrl":"https:\/\/www.marienhage.com\/wp-content\/uploads\/2019\/07\/hmh-mark.png","width":80,"height":80,"caption":"Hotel Mari\u00ebnhage"},"image":{"@id":"https:\/\/www.marienhage.com\/de\/#\/schema\/logo\/image\/"}}]}},"_links":{"self":[{"href":"https:\/\/www.marienhage.com\/de\/wp-json\/wp\/v2\/pages\/10291","targetHints":{"allow":["GET"]}}],"collection":[{"href":"https:\/\/www.marienhage.com\/de\/wp-json\/wp\/v2\/pages"}],"about":[{"href":"https:\/\/www.marienhage.com\/de\/wp-json\/wp\/v2\/types\/page"}],"author":[{"embeddable":true,"href":"https:\/\/www.marienhage.com\/de\/wp-json\/wp\/v2\/users\/14"}],"replies":[{"embeddable":true,"href":"https:\/\/www.marienhage.com\/de\/wp-json\/wp\/v2\/comments?post=10291"}],"version-history":[{"count":0,"href":"https:\/\/www.marienhage.com\/de\/wp-json\/wp\/v2\/pages\/10291\/revisions"}],"wp:attachment":[{"href":"https:\/\/www.marienhage.com\/de\/wp-json\/wp\/v2\/media?parent=10291"}],"curies":[{"name":"wp","href":"https:\/\/api.w.org\/{rel}","templated":true}]}}