{"id":10280,"date":"2024-06-11T13:42:40","date_gmt":"2024-06-11T13:42:40","guid":{"rendered":"https:\/\/www.marienhage.com\/luxe\/"},"modified":"2025-07-29T11:27:08","modified_gmt":"2025-07-29T11:27:08","slug":"luxe","status":"publish","type":"page","link":"https:\/\/www.marienhage.com\/de\/luxe\/","title":{"rendered":"Ein historischer schatz in moderner zeit: Hotel Mari\u00ebnhage"},"content":{"rendered":"<p><div class=\"fusion-fullwidth fullwidth-box fusion-builder-row-1 has-pattern-background has-mask-background nonhundred-percent-fullwidth non-hundred-percent-height-scrolling fusion-no-small-visibility\" style=\"--awb-border-radius-top-left:0px;--awb-border-radius-top-right:0px;--awb-border-radius-bottom-right:0px;--awb-border-radius-bottom-left:0px;--awb-flex-wrap:wrap;\" ><div class=\"fusion-builder-row fusion-row\"><div class=\"fusion-layout-column fusion_builder_column fusion-builder-column-0 fusion_builder_column_1_1 1_1 fusion-one-full fusion-column-first fusion-column-last fusion-column-no-min-height\" style=\"--awb-bg-image:url(&#039;https:\/\/www.marienhage.com\/wp-content\/uploads\/2021\/12\/Marienhage-Domusdela-Boutique-Hotel.jpg&#039;);--awb-bg-size:cover;\" id=\"xotels-header\"><div class=\"fusion-column-wrapper fusion-column-has-shadow fusion-flex-column-wrapper-legacy fusion-column-has-bg-image\" data-bg-url=\"https:\/\/www.marienhage.com\/wp-content\/uploads\/2021\/12\/Marienhage-Domusdela-Boutique-Hotel.jpg\">\t    <div class=\"datepickercss\" style='margin: auto; width: fit-content;'>\n        <div class=\"picker\">\n            <div class=\"column column2\">\n                <div class=\"date-labels\">\n                    <span class=\"arrival-title\">Datum der Ankunft<\/span>\n                <\/div>\n                <input type=\"text\" id=\"datetimerange-input1\"  readonly>\n            <\/div>\n            <div class=\"column column3\">\n                <div class=\"date-labels\">\n                    <span class=\"departure-title\">Datum der Abreise<\/span>\n                <\/div>\n                <input type=\"text\" id=\"datetimerange-input2\" readonly>\n            <\/div>\n        <\/div>\n        <div class=\"column column4\">\n            <div class=\"promotion\">\n                <span class=\"promotion-title\">Aktionscode<\/span>\n            <\/div>\n            <input type=\"text\" id=\"promotion\" class=\"promotion-datepicker\" style=\"text-align:center;\" placeholder=\"\">\n        <\/div>\n        <div class=\"column column5\">\n            <button id=\"datetimerange-en-button\" class=\"booking-button  fusion-button button-flat fusion-button-default-size button-default fusion-button-default fusion-button-default-span fusion-button-default-type\" target=\"_blank\" rel=\"nofollow noopener\">Jetzt buchen<\/button>\n        <\/div>\n    <\/div><div class=\"fusion-clearfix\"><\/div><\/div><\/div><\/div><\/div>\n<div class=\"fusion-fullwidth fullwidth-box fusion-builder-row-2 has-pattern-background has-mask-background hundred-percent-fullwidth non-hundred-percent-height-scrolling fusion-equal-height-columns\" style=\"--awb-border-radius-top-left:0px;--awb-border-radius-top-right:0px;--awb-border-radius-bottom-right:0px;--awb-border-radius-bottom-left:0px;--awb-background-color:#fbf5ee;--awb-flex-wrap:wrap;\" ><div class=\"fusion-builder-row fusion-row\"><div class=\"fusion-layout-column fusion_builder_column fusion-builder-column-1 fusion_builder_column_1_1 1_1 fusion-one-full fusion-column-first fusion-column-last\" style=\"--awb-bg-color:#fbf5ee;--awb-bg-color-hover:#fbf5ee;--awb-bg-position:right center;--awb-bg-size:cover;--awb-box-shadow:0px 0px 5px 4px #a8a8a8;;\"><div class=\"fusion-column-wrapper fusion-column-has-shadow fusion-flex-column-wrapper-legacy\"><div class=\"fusion-column-content-centered\"><div class=\"fusion-column-content\"><div class=\"fusion-builder-row fusion-builder-row-inner fusion-row\"><div class=\"fusion-layout-column fusion_builder_column_inner fusion-builder-nested-column-0 fusion_builder_column_inner_1_1 1_1 fusion-one-full fusion-column-first fusion-column-last fusion-column-no-min-height\" style=\"--awb-bg-size:cover;\" data-scroll-devices=\"small-visibility,medium-visibility,large-visibility\"><div class=\"fusion-column-wrapper fusion-column-has-shadow fusion-flex-column-wrapper-legacy\"><div class=\"fusion-title title fusion-title-1 fusion-sep-none fusion-title-center fusion-title-text fusion-title-size-one\" style=\"--awb-margin-top:0px;--awb-margin-top-small:0px;--awb-margin-right-small:0px;--awb-margin-bottom-small:15px;--awb-margin-left-small:0px;\"><h1 class=\"fusion-title-heading title-heading-center fusion-responsive-typography-calculated\" style=\"margin:0;--fontSize:34;line-height:1.4;\">Entdecken sie das luxushotel Mari\u00ebnhage: eine oase der raffinesse in Eindhoven<\/h1><\/div><div class=\"fusion-text fusion-text-1\"><p style=\"text-align: center;\">Im lebendigen Eindhoven, wo Moderne und Innovation Hand in Hand gehen, bietet das Hotel Mari\u00ebnhage eine Oase der Ruhe und Raffinesse. Dieses Luxushotel in Noord Brabant ist nicht nur eine Unterkunft, sondern eine bezaubernde Reise in eine zeitlose Eleganz. In einem monumentalen Kloster untergebracht, offenbart das Hotel Mari\u00ebnhage eine verborgene Geschichte, durchtr\u00e4nkt von Liebe zur Gastfreundschaft, zum Design, zur Kunst und zur Authentizit\u00e4t.  <\/p>\n<\/div><div class=\"fusion-clearfix\"><\/div><\/div><\/div><div class=\"fusion-layout-column fusion_builder_column_inner fusion-builder-nested-column-1 fusion_builder_column_inner_1_2 1_2 fusion-one-half fusion-column-first violet\" style=\"--awb-padding-right:30px;--awb-padding-left:30px;--awb-bg-size:cover;width:50%;width:calc(50% - ( ( 0px ) * 0.5 ) );margin-right: 0px;\" id=\"secondrighttcol\"><div class=\"fusion-column-wrapper fusion-column-has-shadow fusion-flex-column-wrapper-legacy\"><div class=\"fusion-column-content-centered\"><div class=\"fusion-column-content\"><div class=\"fusion-title title fusion-title-2 fusion-sep-none fusion-title-center fusion-title-text fusion-title-size-two\" style=\"--awb-text-color:#d9c9c4;--awb-margin-top:0px;--awb-margin-top-small:0px;--awb-margin-right-small:0px;--awb-margin-bottom-small:15px;--awb-margin-left-small:0px;\"><h2 class=\"fusion-title-heading title-heading-center fusion-responsive-typography-calculated\" style=\"margin:0;--fontSize:30;line-height:1.4;\">Ein bezaubernder eingang<\/h2><\/div><div class=\"fusion-text fusion-text-2\" style=\"--awb-text-color:var(--awb-color3);\"><p>Der Moment, in dem Sie das Hotel Mari\u00ebnhage betreten, tauchen Sie in eine Atmosph\u00e4re bezaubernder Sch\u00f6nheit und zeitloser Klasse ein. Die Kombination aus modernem Luxus und historischem Charme macht dieses Hotel zu einem einzigartigen Ziel f\u00fcr G\u00e4ste, die eine luxuri\u00f6se Unterkunft in Eindhoven suchen.<\/p>\n<\/div><\/div><\/div><div class=\"fusion-clearfix\"><\/div><\/div><\/div><div class=\"fusion-layout-column fusion_builder_column_inner fusion-builder-nested-column-2 fusion_builder_column_inner_1_2 1_2 fusion-one-half fusion-column-last violet\" style=\"--awb-bg-position:left center;--awb-bg-size:cover;width:50%;width:calc(50% - ( ( 0px ) * 0.5 ) );\"><div class=\"fusion-column-wrapper fusion-column-has-shadow fusion-flex-column-wrapper-legacy\"><div class=\"fusion-column-content-centered\"><div class=\"fusion-column-content\"><div class=\"fusion-image-element fusion-image-align-center in-legacy-container\" style=\"text-align:center;--awb-caption-title-font-family:var(--h2_typography-font-family);--awb-caption-title-font-weight:var(--h2_typography-font-weight);--awb-caption-title-font-style:var(--h2_typography-font-style);--awb-caption-title-size:var(--h2_typography-font-size);--awb-caption-title-transform:var(--h2_typography-text-transform);--awb-caption-title-line-height:var(--h2_typography-line-height);--awb-caption-title-letter-spacing:var(--h2_typography-letter-spacing);\"><div class=\"imageframe-align-center\"><span class=\" fusion-imageframe imageframe-none imageframe-1 hover-type-zoomin\"><img decoding=\"async\" width=\"1000\" height=\"1034\" alt=\"Receptie\" title=\"Receptie\" src=\"https:\/\/www.marienhage.com\/wp-content\/uploads\/2024\/06\/Receptie.webp\" class=\"img-responsive wp-image-10259\" srcset=\"https:\/\/www.marienhage.com\/wp-content\/uploads\/2024\/06\/Receptie-200x207.webp 200w, https:\/\/www.marienhage.com\/wp-content\/uploads\/2024\/06\/Receptie-400x414.webp 400w, https:\/\/www.marienhage.com\/wp-content\/uploads\/2024\/06\/Receptie-600x620.webp 600w, https:\/\/www.marienhage.com\/wp-content\/uploads\/2024\/06\/Receptie-800x827.webp 800w, https:\/\/www.marienhage.com\/wp-content\/uploads\/2024\/06\/Receptie.webp 1000w\" sizes=\"(max-width: 930px) 100vw, 800px\" \/><\/span><\/div><\/div><\/div><\/div><div class=\"fusion-clearfix\"><\/div><\/div><\/div><div class=\"fusion-layout-column fusion_builder_column_inner fusion-builder-nested-column-3 fusion_builder_column_inner_1_2 1_2 fusion-one-half fusion-column-first violet\" style=\"--awb-bg-position:left center;--awb-bg-size:cover;width:50%;width:calc(50% - ( ( 0px ) * 0.5 ) );margin-right: 0px;\"><div class=\"fusion-column-wrapper fusion-column-has-shadow fusion-flex-column-wrapper-legacy\"><div class=\"fusion-column-content-centered\"><div class=\"fusion-column-content\"><div class=\"fusion-image-element fusion-image-align-center in-legacy-container\" style=\"text-align:center;--awb-caption-title-font-family:var(--h2_typography-font-family);--awb-caption-title-font-weight:var(--h2_typography-font-weight);--awb-caption-title-font-style:var(--h2_typography-font-style);--awb-caption-title-size:var(--h2_typography-font-size);--awb-caption-title-transform:var(--h2_typography-text-transform);--awb-caption-title-line-height:var(--h2_typography-line-height);--awb-caption-title-letter-spacing:var(--h2_typography-letter-spacing);\"><div class=\"imageframe-align-center\"><span class=\" fusion-imageframe imageframe-none imageframe-2 hover-type-zoomin\"><img decoding=\"async\" width=\"1000\" height=\"1034\" alt=\"stadstuin\" title=\"stadstuin-marienhage\" src=\"https:\/\/www.marienhage.com\/wp-content\/uploads\/2024\/06\/stadstuin-marienhage.webp\" class=\"img-responsive wp-image-10264\" srcset=\"https:\/\/www.marienhage.com\/wp-content\/uploads\/2024\/06\/stadstuin-marienhage-200x207.webp 200w, https:\/\/www.marienhage.com\/wp-content\/uploads\/2024\/06\/stadstuin-marienhage-400x414.webp 400w, https:\/\/www.marienhage.com\/wp-content\/uploads\/2024\/06\/stadstuin-marienhage-600x620.webp 600w, https:\/\/www.marienhage.com\/wp-content\/uploads\/2024\/06\/stadstuin-marienhage-800x827.webp 800w, https:\/\/www.marienhage.com\/wp-content\/uploads\/2024\/06\/stadstuin-marienhage.webp 1000w\" sizes=\"(max-width: 930px) 100vw, 800px\" \/><\/span><\/div><\/div><\/div><\/div><div class=\"fusion-clearfix\"><\/div><\/div><\/div><div class=\"fusion-layout-column fusion_builder_column_inner fusion-builder-nested-column-4 fusion_builder_column_inner_1_2 1_2 fusion-one-half fusion-column-last violet\" style=\"--awb-padding-right:30px;--awb-padding-left:30px;--awb-bg-size:cover;width:50%;width:calc(50% - ( ( 0px ) * 0.5 ) );\" id=\"secondrighttcol\" data-scroll-devices=\"small-visibility,medium-visibility,large-visibility\"><div class=\"fusion-column-wrapper fusion-column-has-shadow fusion-flex-column-wrapper-legacy\"><div class=\"fusion-column-content-centered\"><div class=\"fusion-column-content\"><div class=\"fusion-title title fusion-title-3 fusion-sep-none fusion-title-center fusion-title-text fusion-title-size-two\" style=\"--awb-text-color:#d9c9c4;--awb-margin-top:0px;--awb-margin-top-small:0px;--awb-margin-right-small:0px;--awb-margin-bottom-small:15px;--awb-margin-left-small:0px;\"><h2 class=\"fusion-title-heading title-heading-center fusion-responsive-typography-calculated\" style=\"margin:0;--fontSize:30;line-height:1.4;\">W\u00e4hlen sie luxus: himmlische suiten<\/h2><\/div><div class=\"fusion-text fusion-text-3\" style=\"--awb-text-color:var(--awb-color3);\"><p style=\"text-align: center;\">In diesem opulenten Boutique-Hotel geht es darum, zur Ruhe zu kommen und zu entdecken. G\u00e4ste k\u00f6nnen sich in einer der beiden einzigartigen Suiten verw\u00f6hnen lassen: der &#8218;Heavenly White Suite&#8216; oder der &#8218;Monastery Mystery Suite&#8216;. Jede mit ihrem eigenen einzigartigen Charakter und Charme bieten diese Suiten ein unvergleichliches Erlebnis von Luxus und Komfort.  <\/p>\n<\/div><div class=\"fusion-aligncenter\"><a class=\"fusion-button button-flat fusion-button-default-size button-default fusion-button-default button-1 fusion-button-default-span fusion-button-default-type\" target=\"_self\" href=\"https:\/\/www.marienhage.com\/de\/zimmer\/zimmer-suite\/\"><span class=\"fusion-button-text awb-button__text awb-button__text--default\">Die Suiten anziehen<\/span><\/a><\/div><\/div><\/div><div class=\"fusion-clearfix\"><\/div><\/div><\/div><div class=\"fusion-layout-column fusion_builder_column_inner fusion-builder-nested-column-5 fusion_builder_column_inner_1_2 1_2 fusion-one-half fusion-column-first violet\" style=\"--awb-padding-right:30px;--awb-padding-left:30px;--awb-bg-size:cover;width:50%;width:calc(50% - ( ( 0px ) * 0.5 ) );margin-right: 0px;\" id=\"secondrighttcol\" data-scroll-devices=\"small-visibility,medium-visibility,large-visibility\"><div class=\"fusion-column-wrapper fusion-column-has-shadow fusion-flex-column-wrapper-legacy\"><div class=\"fusion-column-content-centered\"><div class=\"fusion-column-content\"><div class=\"fusion-title title fusion-title-4 fusion-sep-none fusion-title-center fusion-title-text fusion-title-size-two\" style=\"--awb-text-color:#d9c9c4;--awb-margin-top:0px;--awb-margin-top-small:0px;--awb-margin-right-small:0px;--awb-margin-bottom-small:15px;--awb-margin-left-small:0px;\"><h2 class=\"fusion-title-heading title-heading-center fusion-responsive-typography-calculated\" style=\"margin:0;--fontSize:30;line-height:1.4;\">Ein sinnliches erlebnis: kulinarische k\u00f6stlichkeiten und k\u00fcnstlerische details<\/h2><\/div><div class=\"fusion-text fusion-text-4\" style=\"--awb-text-color:var(--awb-color3);\"><p style=\"text-align: center;\">Ob Sie Eindhoven aus gesch\u00e4ftlichen oder privaten Gr\u00fcnden besuchen, das Hotel Mari\u00ebnhage verspricht einen Aufenthalt, der alle Ihre Sinne anspricht. Von den sorgf\u00e4ltig zusammengestellten Men\u00fcs im Gourmetrestaurant bis hin zu den kunstvollen Details, die jede Ecke des Hotels zieren, ist jede Erfahrung hier von einem Gef\u00fchl der Exklusivit\u00e4t und Raffinesse durchdrungen. <\/p>\n<\/div><\/div><\/div><div class=\"fusion-clearfix\"><\/div><\/div><\/div><div class=\"fusion-layout-column fusion_builder_column_inner fusion-builder-nested-column-6 fusion_builder_column_inner_1_2 1_2 fusion-one-half fusion-column-last violet\" style=\"--awb-bg-position:left center;--awb-bg-size:cover;width:50%;width:calc(50% - ( ( 0px ) * 0.5 ) );\"><div class=\"fusion-column-wrapper fusion-column-has-shadow fusion-flex-column-wrapper-legacy\"><div class=\"fusion-column-content-centered\"><div class=\"fusion-column-content\"><div class=\"fusion-image-element fusion-image-align-center awb-imageframe-style awb-imageframe-style-below awb-imageframe-style-3 in-legacy-container\" style=\"text-align:center;--awb-caption-title-font-family:var(--h6_typography-font-family);--awb-caption-title-font-weight:var(--h6_typography-font-weight);--awb-caption-title-font-style:var(--h6_typography-font-style);--awb-caption-title-size:var(--h6_typography-font-size);--awb-caption-title-transform:var(--h6_typography-text-transform);--awb-caption-title-line-height:var(--h6_typography-line-height);--awb-caption-title-letter-spacing:var(--h6_typography-letter-spacing);\"><div class=\"imageframe-align-center\"><span class=\" fusion-imageframe imageframe-none imageframe-3 hover-type-zoomin\"><img decoding=\"async\" width=\"641\" height=\"663\" alt=\"Eindhoven \" title=\"Eindhoven\" src=\"https:\/\/www.marienhage.com\/wp-content\/uploads\/2024\/06\/Eindhoven.webp\" class=\"img-responsive wp-image-10243\" srcset=\"https:\/\/www.marienhage.com\/wp-content\/uploads\/2024\/06\/Eindhoven-200x207.webp 200w, https:\/\/www.marienhage.com\/wp-content\/uploads\/2024\/06\/Eindhoven-400x414.webp 400w, https:\/\/www.marienhage.com\/wp-content\/uploads\/2024\/06\/Eindhoven-600x621.webp 600w, https:\/\/www.marienhage.com\/wp-content\/uploads\/2024\/06\/Eindhoven.webp 641w\" sizes=\"(max-width: 930px) 100vw, 641px\" \/><\/span><div class=\"awb-imageframe-caption-container\"><div class=\"awb-imageframe-caption\"><h6 class=\"awb-imageframe-caption-title\"> <\/h6><p class=\"awb-imageframe-caption-text\">Fotos von Eindhoven365<\/p><\/div><\/div><\/div><\/div><\/div><\/div><div class=\"fusion-clearfix\"><\/div><\/div><\/div><div class=\"fusion-layout-column fusion_builder_column_inner fusion-builder-nested-column-7 fusion_builder_column_inner_1_1 1_1 fusion-one-full fusion-column-first fusion-column-last fusion-column-no-min-height\" style=\"--awb-bg-size:cover;\" data-scroll-devices=\"small-visibility,medium-visibility,large-visibility\"><div class=\"fusion-column-wrapper fusion-column-has-shadow fusion-flex-column-wrapper-legacy\"><div class=\"fusion-sep-clear\"><\/div><div class=\"fusion-separator fusion-full-width-sep\" style=\"margin-left: auto;margin-right: auto;margin-top:1em;margin-bottom:1em;width:100%;\"><\/div><div class=\"fusion-sep-clear\"><\/div><div class=\"fusion-text fusion-text-5\"><h2 style=\"text-align: center;\"><strong>Ein raffiniertes ziel im herzen von Eindhoven<\/strong><\/h2>\n<p style=\"text-align: center;\">Ob Sie Eindhoven aus gesch\u00e4ftlichen oder privaten Gr\u00fcnden besuchen, das Hotel Mari\u00ebnhage verspricht einen Aufenthalt, der alle Ihre Sinne anspricht. Von den sorgf\u00e4ltig zusammengestellten Men\u00fcs im Gourmetrestaurant bis hin zu den kunstvollen Details, die jede Ecke des Hotels zieren, ist jede Erfahrung hier von einem Gef\u00fchl der Exklusivit\u00e4t und Raffinesse durchdrungen. <\/p>\n<\/div><div class=\"fusion-aligncenter\"><a class=\"fusion-button button-flat fusion-button-default-size button-default fusion-button-default button-2 fusion-button-default-span fusion-button-default-type distributor\" target=\"_blank\" rel=\"noopener noreferrer\" href=\"#\"><span class=\"fusion-button-text awb-button__text awb-button__text--default\">Jetzt buchen<\/span><\/a><\/div><div class=\"fusion-sep-clear\"><\/div><div class=\"fusion-separator fusion-full-width-sep\" style=\"margin-left: auto;margin-right: auto;margin-top:1em;margin-bottom:1em;width:100%;\"><\/div><div class=\"fusion-sep-clear\"><\/div><div class=\"fusion-clearfix\"><\/div><\/div><\/div><\/div><\/div><\/div><div class=\"fusion-clearfix\"><\/div><\/div><\/div><\/div><\/div><\/p>\n","protected":false},"excerpt":{"rendered":"","protected":false},"author":14,"featured_media":0,"parent":0,"menu_order":0,"comment_status":"closed","ping_status":"closed","template":"","meta":{"footnotes":""},"class_list":["post-10280","page","type-page","status-publish","hentry"],"yoast_head":"<!-- This site is optimized with the Yoast SEO plugin v27.2 - https:\/\/yoast.com\/product\/yoast-seo-wordpress\/ -->\n<title>Entdecken Sie das Luxushotel Mari\u00ebnhage: Eine Oase der Raffinesse in Eindhoven<\/title>\n<meta name=\"description\" content=\"\u00dcbernachten Sie im luxuri\u00f6sen Klosterhotel Mari\u00ebnhage in Eindhoven. Genie\u00dfen Sie Komfort, Design und Gastfreundschaft in einem denkmalgesch\u00fctzten Geb\u00e4ude. Buchen Sie jetzt!\" \/>\n<meta name=\"robots\" content=\"index, follow, max-snippet:-1, max-image-preview:large, max-video-preview:-1\" \/>\n<link rel=\"canonical\" href=\"https:\/\/www.marienhage.com\/de\/luxe\/\" \/>\n<meta property=\"og:locale\" content=\"de_DE\" \/>\n<meta property=\"og:type\" content=\"article\" \/>\n<meta property=\"og:title\" content=\"Entdecken Sie das Luxushotel Mari\u00ebnhage: Eine Oase der Raffinesse in Eindhoven\" \/>\n<meta property=\"og:description\" content=\"\u00dcbernachten Sie im luxuri\u00f6sen Klosterhotel Mari\u00ebnhage in Eindhoven. Genie\u00dfen Sie Komfort, Design und Gastfreundschaft in einem denkmalgesch\u00fctzten Geb\u00e4ude. Buchen Sie jetzt!\" \/>\n<meta property=\"og:url\" content=\"https:\/\/www.marienhage.com\/de\/luxe\/\" \/>\n<meta property=\"og:site_name\" content=\"Mari\u00ebnhage Hotel\" \/>\n<meta name=\"twitter:card\" content=\"summary_large_image\" \/>\n<meta name=\"twitter:label1\" content=\"Gesch\u00e4tzte Lesezeit\" \/>\n\t<meta name=\"twitter:data1\" content=\"2 Minuten\" \/>\n<script type=\"application\/ld+json\" class=\"yoast-schema-graph\">{\"@context\":\"https:\/\/schema.org\",\"@graph\":[{\"@type\":\"WebPage\",\"@id\":\"https:\/\/www.marienhage.com\/de\/luxe\/\",\"url\":\"https:\/\/www.marienhage.com\/de\/luxe\/\",\"name\":\"Entdecken Sie das Luxushotel Mari\u00ebnhage: Eine Oase der Raffinesse in Eindhoven\",\"isPartOf\":{\"@id\":\"https:\/\/www.marienhage.com\/de\/#website\"},\"description\":\"\u00dcbernachten Sie im luxuri\u00f6sen Klosterhotel Mari\u00ebnhage in Eindhoven. Genie\u00dfen Sie Komfort, Design und Gastfreundschaft in einem denkmalgesch\u00fctzten Geb\u00e4ude. Buchen Sie jetzt!\",\"breadcrumb\":{\"@id\":\"https:\/\/www.marienhage.com\/de\/luxe\/#breadcrumb\"},\"inLanguage\":\"de-DE\",\"potentialAction\":[{\"@type\":\"ReadAction\",\"target\":[\"https:\/\/www.marienhage.com\/de\/luxe\/\"]}]},{\"@type\":\"BreadcrumbList\",\"@id\":\"https:\/\/www.marienhage.com\/de\/luxe\/#breadcrumb\",\"itemListElement\":[{\"@type\":\"ListItem\",\"position\":1,\"name\":\"Home\",\"item\":\"https:\/\/www.marienhage.com\/de\/\"},{\"@type\":\"ListItem\",\"position\":2,\"name\":\"Ein historischer schatz in moderner zeit: Hotel Mari\u00ebnhage\"}]},{\"@type\":\"WebSite\",\"@id\":\"https:\/\/www.marienhage.com\/de\/#website\",\"url\":\"https:\/\/www.marienhage.com\/de\/\",\"name\":\"Mari\u00ebnhage Hotel\",\"description\":\"Hotel in Eindhoven\",\"publisher\":{\"@id\":\"https:\/\/www.marienhage.com\/de\/#organization\"},\"potentialAction\":[{\"@type\":\"SearchAction\",\"target\":{\"@type\":\"EntryPoint\",\"urlTemplate\":\"https:\/\/www.marienhage.com\/de\/?s={search_term_string}\"},\"query-input\":{\"@type\":\"PropertyValueSpecification\",\"valueRequired\":true,\"valueName\":\"search_term_string\"}}],\"inLanguage\":\"de-DE\"},{\"@type\":\"Organization\",\"@id\":\"https:\/\/www.marienhage.com\/de\/#organization\",\"name\":\"Hotel Mari\u00ebnhage\",\"url\":\"https:\/\/www.marienhage.com\/de\/\",\"logo\":{\"@type\":\"ImageObject\",\"inLanguage\":\"de-DE\",\"@id\":\"https:\/\/www.marienhage.com\/de\/#\/schema\/logo\/image\/\",\"url\":\"https:\/\/www.marienhage.com\/wp-content\/uploads\/2019\/07\/hmh-mark.png\",\"contentUrl\":\"https:\/\/www.marienhage.com\/wp-content\/uploads\/2019\/07\/hmh-mark.png\",\"width\":80,\"height\":80,\"caption\":\"Hotel Mari\u00ebnhage\"},\"image\":{\"@id\":\"https:\/\/www.marienhage.com\/de\/#\/schema\/logo\/image\/\"}}]}<\/script>\n<!-- \/ Yoast SEO plugin. -->","yoast_head_json":{"title":"Entdecken Sie das Luxushotel Mari\u00ebnhage: Eine Oase der Raffinesse in Eindhoven","description":"\u00dcbernachten Sie im luxuri\u00f6sen Klosterhotel Mari\u00ebnhage in Eindhoven. Genie\u00dfen Sie Komfort, Design und Gastfreundschaft in einem denkmalgesch\u00fctzten Geb\u00e4ude. Buchen Sie jetzt!","robots":{"index":"index","follow":"follow","max-snippet":"max-snippet:-1","max-image-preview":"max-image-preview:large","max-video-preview":"max-video-preview:-1"},"canonical":"https:\/\/www.marienhage.com\/de\/luxe\/","og_locale":"de_DE","og_type":"article","og_title":"Entdecken Sie das Luxushotel Mari\u00ebnhage: Eine Oase der Raffinesse in Eindhoven","og_description":"\u00dcbernachten Sie im luxuri\u00f6sen Klosterhotel Mari\u00ebnhage in Eindhoven. Genie\u00dfen Sie Komfort, Design und Gastfreundschaft in einem denkmalgesch\u00fctzten Geb\u00e4ude. Buchen Sie jetzt!","og_url":"https:\/\/www.marienhage.com\/de\/luxe\/","og_site_name":"Mari\u00ebnhage Hotel","twitter_card":"summary_large_image","twitter_misc":{"Gesch\u00e4tzte Lesezeit":"2 Minuten"},"schema":{"@context":"https:\/\/schema.org","@graph":[{"@type":"WebPage","@id":"https:\/\/www.marienhage.com\/de\/luxe\/","url":"https:\/\/www.marienhage.com\/de\/luxe\/","name":"Entdecken Sie das Luxushotel Mari\u00ebnhage: Eine Oase der Raffinesse in Eindhoven","isPartOf":{"@id":"https:\/\/www.marienhage.com\/de\/#website"},"description":"\u00dcbernachten Sie im luxuri\u00f6sen Klosterhotel Mari\u00ebnhage in Eindhoven. Genie\u00dfen Sie Komfort, Design und Gastfreundschaft in einem denkmalgesch\u00fctzten Geb\u00e4ude. Buchen Sie jetzt!","breadcrumb":{"@id":"https:\/\/www.marienhage.com\/de\/luxe\/#breadcrumb"},"inLanguage":"de-DE","potentialAction":[{"@type":"ReadAction","target":["https:\/\/www.marienhage.com\/de\/luxe\/"]}]},{"@type":"BreadcrumbList","@id":"https:\/\/www.marienhage.com\/de\/luxe\/#breadcrumb","itemListElement":[{"@type":"ListItem","position":1,"name":"Home","item":"https:\/\/www.marienhage.com\/de\/"},{"@type":"ListItem","position":2,"name":"Ein historischer schatz in moderner zeit: Hotel Mari\u00ebnhage"}]},{"@type":"WebSite","@id":"https:\/\/www.marienhage.com\/de\/#website","url":"https:\/\/www.marienhage.com\/de\/","name":"Mari\u00ebnhage Hotel","description":"Hotel in Eindhoven","publisher":{"@id":"https:\/\/www.marienhage.com\/de\/#organization"},"potentialAction":[{"@type":"SearchAction","target":{"@type":"EntryPoint","urlTemplate":"https:\/\/www.marienhage.com\/de\/?s={search_term_string}"},"query-input":{"@type":"PropertyValueSpecification","valueRequired":true,"valueName":"search_term_string"}}],"inLanguage":"de-DE"},{"@type":"Organization","@id":"https:\/\/www.marienhage.com\/de\/#organization","name":"Hotel Mari\u00ebnhage","url":"https:\/\/www.marienhage.com\/de\/","logo":{"@type":"ImageObject","inLanguage":"de-DE","@id":"https:\/\/www.marienhage.com\/de\/#\/schema\/logo\/image\/","url":"https:\/\/www.marienhage.com\/wp-content\/uploads\/2019\/07\/hmh-mark.png","contentUrl":"https:\/\/www.marienhage.com\/wp-content\/uploads\/2019\/07\/hmh-mark.png","width":80,"height":80,"caption":"Hotel Mari\u00ebnhage"},"image":{"@id":"https:\/\/www.marienhage.com\/de\/#\/schema\/logo\/image\/"}}]}},"_links":{"self":[{"href":"https:\/\/www.marienhage.com\/de\/wp-json\/wp\/v2\/pages\/10280","targetHints":{"allow":["GET"]}}],"collection":[{"href":"https:\/\/www.marienhage.com\/de\/wp-json\/wp\/v2\/pages"}],"about":[{"href":"https:\/\/www.marienhage.com\/de\/wp-json\/wp\/v2\/types\/page"}],"author":[{"embeddable":true,"href":"https:\/\/www.marienhage.com\/de\/wp-json\/wp\/v2\/users\/14"}],"replies":[{"embeddable":true,"href":"https:\/\/www.marienhage.com\/de\/wp-json\/wp\/v2\/comments?post=10280"}],"version-history":[{"count":0,"href":"https:\/\/www.marienhage.com\/de\/wp-json\/wp\/v2\/pages\/10280\/revisions"}],"wp:attachment":[{"href":"https:\/\/www.marienhage.com\/de\/wp-json\/wp\/v2\/media?parent=10280"}],"curies":[{"name":"wp","href":"https:\/\/api.w.org\/{rel}","templated":true}]}}