{"id":10271,"date":"2024-06-11T10:47:41","date_gmt":"2024-06-11T10:47:41","guid":{"rendered":"https:\/\/www.marienhage.com\/gemutlicher-aufenthalt-eindhoven\/"},"modified":"2024-08-07T13:22:49","modified_gmt":"2024-08-07T13:22:49","slug":"gemutlicher-aufenthalt-eindhoven","status":"publish","type":"page","link":"https:\/\/www.marienhage.com\/de\/gemutlicher-aufenthalt-eindhoven\/","title":{"rendered":"Die Unterhaltsamsten Ausfl\u00fcge in Eindhoven &#8211; F\u00fcr Jeden Geschmack Etwas dabei!"},"content":{"rendered":"<div class=\"fusion-fullwidth fullwidth-box fusion-builder-row-1 fusion-flex-container has-pattern-background has-mask-background nonhundred-percent-fullwidth non-hundred-percent-height-scrolling\" style=\"--awb-border-radius-top-left:0px;--awb-border-radius-top-right:0px;--awb-border-radius-bottom-right:0px;--awb-border-radius-bottom-left:0px;--awb-flex-wrap:wrap;\" ><div class=\"fusion-builder-row fusion-row fusion-flex-align-items-flex-start fusion-flex-content-wrap\" style=\"max-width:calc( 1200px + 0px );margin-left: calc(-0px \/ 2 );margin-right: calc(-0px \/ 2 );\"><div class=\"fusion-layout-column fusion_builder_column fusion-builder-column-0 fusion_builder_column_1_1 1_1 fusion-flex-column\" style=\"--awb-bg-size:cover;--awb-width-large:100%;--awb-margin-top-large:0px;--awb-spacing-right-large:0px;--awb-margin-bottom-large:0px;--awb-spacing-left-large:0px;--awb-width-medium:100%;--awb-order-medium:0;--awb-spacing-right-medium:0px;--awb-spacing-left-medium:0px;--awb-width-small:100%;--awb-order-small:0;--awb-spacing-right-small:0px;--awb-spacing-left-small:0px;\"><div class=\"fusion-column-wrapper fusion-column-has-shadow fusion-flex-justify-content-flex-start fusion-content-layout-column\"><div class=\"fusion-separator\" style=\"align-self: center;margin-left: auto;margin-right: auto;flex-grow:1;margin-top:1em;margin-bottom:1em;width:100%;max-width:1em;\"><\/div><\/div><\/div><div class=\"fusion-layout-column fusion_builder_column fusion-builder-column-1 fusion_builder_column_1_2 1_2 fusion-flex-column\" style=\"--awb-bg-size:cover;--awb-width-large:50%;--awb-margin-top-large:0px;--awb-spacing-right-large:0px;--awb-margin-bottom-large:0px;--awb-spacing-left-large:0px;--awb-width-medium:100%;--awb-order-medium:0;--awb-spacing-right-medium:0px;--awb-spacing-left-medium:0px;--awb-width-small:100%;--awb-order-small:0;--awb-spacing-right-small:0px;--awb-spacing-left-small:0px;\"><div class=\"fusion-column-wrapper fusion-column-has-shadow fusion-flex-justify-content-flex-start fusion-content-layout-column\"><div class=\"fusion-builder-row fusion-builder-row-inner fusion-row fusion-flex-align-items-flex-start fusion-flex-content-wrap\" style=\"--awb-flex-grow:0;--awb-flex-grow-medium:0;--awb-flex-grow-small:0;--awb-flex-shrink:0;--awb-flex-shrink-medium:0;--awb-flex-shrink-small:0;width:calc( 100% + 0px ) !important;max-width:calc( 100% + 0px ) !important;margin-left: calc(-0px \/ 2 );margin-right: calc(-0px \/ 2 );\"><div class=\"fusion-layout-column fusion_builder_column_inner fusion-builder-nested-column-0 fusion_builder_column_inner_1_1 1_1 fusion-flex-column\" style=\"--awb-padding-right:30px;--awb-padding-left:30px;--awb-bg-size:cover;--awb-width-large:100%;--awb-margin-top-large:0px;--awb-spacing-right-large:0px;--awb-margin-bottom-large:0px;--awb-spacing-left-large:0px;--awb-width-medium:100%;--awb-order-medium:0;--awb-spacing-right-medium:0px;--awb-spacing-left-medium:0px;--awb-width-small:100%;--awb-order-small:0;--awb-spacing-right-small:0px;--awb-spacing-left-small:0px;\" data-scroll-devices=\"small-visibility,medium-visibility,large-visibility\"><div class=\"fusion-column-wrapper fusion-column-has-shadow fusion-flex-justify-content-center fusion-content-layout-column\"><div class=\"fusion-separator fusion-full-width-sep\" style=\"align-self: center;margin-left: auto;margin-right: auto;margin-top:1em;margin-bottom:1em;width:100%;\"><\/div><div class=\"fusion-title title fusion-title-1 fusion-sep-none fusion-title-text fusion-title-size-one\" style=\"--awb-margin-top:0px;--awb-margin-top-small:0px;--awb-margin-right-small:0px;--awb-margin-bottom-small:15px;--awb-margin-left-small:0px;\"><h1 class=\"fusion-title-heading title-heading-left fusion-responsive-typography-calculated\" style=\"margin:0;--fontSize:34;line-height:1.4;\"><p style=\"text-align: center;\">Ein gem\u00fctlicher Ausflug nach Eindhoven: Entdecken Sie die brabantische Gastfreundschaft.<\/p><\/h1><\/div><div class=\"fusion-text fusion-text-1\"><p style=\"text-align: center;\">Auf der Suche nach dem perfekten Ausflug in Eindhoven? Suchen Sie nicht weiter! Eindhoven ist bekannt f\u00fcr seine lebendige Atmosph\u00e4re und zahlreichen Aktivit\u00e4ten, die f\u00fcr unvergessliche Momente sorgen. Ob Sie Kultur, Abenteuer oder einfach nur einen gem\u00fctlichen Tag suchen, wir haben die besten Ausfl\u00fcge f\u00fcr Sie zusammengestellt.   <\/p>\n<\/div><div class=\"fusion-separator fusion-full-width-sep\" style=\"align-self: center;margin-left: auto;margin-right: auto;margin-top:1em;margin-bottom:1em;width:100%;\"><\/div><div class=\"fusion-text fusion-text-2\"><h2 style=\"text-align: center;\">Kultur und geschichte<\/h2>\n<p style=\"text-align: center;\">Entdecken Sie die reiche Geschichte von Eindhoven mit einem Besuch in den zahlreichen Museen und historischen St\u00e4tten. Lassen Sie sich von der Kunst und den Geschichten inspirieren, die diese Stadt zu bieten hat. <\/p>\n<\/div><div class=\"fusion-text fusion-text-3\"><p style=\"text-align: center;\"><strong>Philips Museum<\/strong> F\u00fcr diejenigen, die sich f\u00fcr Technologie und Geschichte interessieren, ist ein Besuch im Philips Museum ein Muss. Im Herzen der Stadt gelegen, bietet dieses Museum einen faszinierenden Einblick in die Geschichte des ikonischen Unternehmens Philips. Entdecken Sie die Innovationen, die Eindhoven auf die Landkarte gesetzt haben, und erfahren Sie mehr \u00fcber den Einfluss dieses Unternehmens auf die Stadt und den weltweiten technologischen Fortschritt.  <\/p>\n<\/div><div class=\"fusion-separator fusion-full-width-sep\" style=\"align-self: center;margin-left: auto;margin-right: auto;margin-top:1em;margin-bottom:1em;width:100%;\"><\/div><div style=\"text-align:center;\"><a class=\"fusion-button button-flat fusion-button-default-size button-default fusion-button-default button-1 fusion-button-default-span fusion-button-default-type\" target=\"_blank\" rel=\"noopener noreferrer\" href=\"https:\/\/www.philips.nl\/a-w\/philips-museum.html\"><span class=\"fusion-button-text awb-button__text awb-button__text--default\">Philips Museum<\/span><\/a><\/div><div class=\"fusion-separator fusion-full-width-sep\" style=\"align-self: center;margin-left: auto;margin-right: auto;margin-top:1em;margin-bottom:1em;width:100%;\"><\/div><div class=\"fusion-text fusion-text-4\"><h2 style=\"text-align: center;\">Abenteuer und spa\u00df<\/h2>\n<p style=\"text-align: center;\">F\u00fcr die Abenteuerlustigen gibt es zahlreiche Aktivit\u00e4ten wie Escape Rooms, Kletterparks und sogar VR-Erlebnisse. Testen Sie Ihre F\u00e4higkeiten und arbeiten Sie zusammen f\u00fcr einen Tag voller Herausforderungen und Spa\u00df. <\/p>\n<p style=\"text-align: center;\"><strong>Retrofuture<\/strong> Reisen Sie in die Zukunft und entdecken Sie mit der VR-Zeitmaschine von RetroFuture im Evoluon die Zukunft, die vor uns liegt.<\/p>\n<\/div><div class=\"fusion-separator fusion-full-width-sep\" style=\"align-self: center;margin-left: auto;margin-right: auto;margin-top:1em;margin-bottom:1em;width:100%;\"><\/div><div style=\"text-align:center;\"><a class=\"fusion-button button-flat fusion-button-default-size button-default fusion-button-default button-2 fusion-button-default-span fusion-button-default-type\" target=\"_blank\" rel=\"noopener noreferrer\" href=\"https:\/\/www.thisiseindhoven.com\/nl\/evenementen\/retrofuture\"><span class=\"fusion-button-text awb-button__text awb-button__text--default\">Retrofuture <\/span><\/a><\/div><div class=\"fusion-separator fusion-full-width-sep\" style=\"align-self: center;margin-left: auto;margin-right: auto;margin-top:1em;margin-bottom:1em;width:100%;\"><\/div><div class=\"fusion-text fusion-text-5\"><h2 style=\"text-align: center;\">Entspannung und genuss<\/h2>\n<p style=\"text-align: center;\">Machen Sie eine Pause vom Alltagstrubel und genie\u00dfen Sie die ruhigen Parks, die gem\u00fctlichen Caf\u00e9s und die kulinarischen Highlights, die Eindhoven zu bieten hat. <\/p>\n<p style=\"text-align: center;\"><strong>Restaurant Goyvaerts<\/strong> F\u00fcr eine kulinarische Reise voller Kreativit\u00e4t, Authentizit\u00e4t und Raffinesse. Die neuesten kulinarischen Trends wurden entschl\u00fcsselt und weiterentwickelt. Genie\u00dfen Sie ein einzigartiges kulinarisches Erlebnis und lassen Sie das Men\u00fc der drei Br\u00fcder Ihr F\u00fchrer bei der Entdeckung der k\u00f6stlichsten Gerichte und Weine sein.  <\/p>\n<\/div><div class=\"fusion-separator fusion-full-width-sep\" style=\"align-self: center;margin-left: auto;margin-right: auto;margin-top:1em;margin-bottom:1em;width:100%;\"><\/div><div style=\"text-align:center;\"><a class=\"fusion-button button-flat fusion-button-default-size button-default fusion-button-default button-3 fusion-button-default-span fusion-button-default-type\" target=\"_blank\" rel=\"noopener noreferrer\" href=\"https:\/\/goyvaerts.nl\/\"><span class=\"fusion-button-text awb-button__text awb-button__text--default\">Restaurant Goyvaerts<\/span><\/a><\/div><div class=\"fusion-separator fusion-full-width-sep\" style=\"align-self: center;margin-left: auto;margin-right: auto;margin-top:1em;margin-bottom:1em;width:100%;\"><\/div><div class=\"fusion-text fusion-text-6\"><h2 style=\"text-align: center;\">Shoppen und entdecken<\/h2>\n<p style=\"text-align: center;\">Schlendern Sie durch die lebhaften Stra\u00dfen und entdecken Sie einzigartige Gesch\u00e4fte, Boutiquen und M\u00e4rkte. Eindhoven ist die perfekte Stadt zum Shoppen und Entdecken neuer Trends. <\/p>\n<p style=\"text-align: center;\"><strong>Strijp-S<\/strong> F\u00fcr ein trendiges und lebendiges Erlebnis sollten Sie Strijp-S besuchen, das ehemalige Philips-Gel\u00e4nde, das in ein kreatives und kulturelles Zentrum verwandelt wurde. Erkunden Sie die hippen Gesch\u00e4fte, Galerien und Restaurants, die dieses Viertel zu bieten hat. Genie\u00dfen Sie eine Tasse Kaffee in einem der gem\u00fctlichen Caf\u00e9s oder st\u00f6bern Sie in den Vintage-L\u00e4den nach einzigartigen Fundst\u00fccken.  <\/p>\n<\/div><div class=\"fusion-separator fusion-full-width-sep\" style=\"align-self: center;margin-left: auto;margin-right: auto;margin-top:1em;margin-bottom:1em;width:100%;\"><\/div><div style=\"text-align:center;\"><a class=\"fusion-button button-flat fusion-button-default-size button-default fusion-button-default button-4 fusion-button-default-span fusion-button-default-type\" target=\"_blank\" rel=\"noopener noreferrer\" href=\"https:\/\/strijp-s.nl\/\"><span class=\"fusion-button-text awb-button__text awb-button__text--default\">Strijp-S<\/span><\/a><\/div><div class=\"fusion-separator fusion-full-width-sep\" style=\"align-self: center;margin-left: auto;margin-right: auto;margin-top:1em;margin-bottom:1em;width:100%;\"><\/div><div class=\"fusion-text fusion-text-7\"><h2 style=\"text-align: center;\">Nachtleben und unterhaltung<\/h2>\n<p style=\"text-align: center;\">Wenn die Sonne untergeht, erwacht Eindhoven erst richtig zum Leben. Erleben Sie das lebhafte Nachtleben mit einer Vielzahl von Bars, Clubs und Live-Musik.  Besuchen Sie Stratumseind mit \u00fcber 225 Metern Spa\u00df und mehr als 40 Caf\u00e9s, die rund um die Uhr ge\u00f6ffnet sind.<\/p>\n<p style=\"text-align: center;\">Planen Sie noch heute Ihren unterhaltsamen Ausflug nach Eindhoven und erleben Sie selbst, warum so viele Menschen sich in diese dynamische Stadt verliebt haben. Mit so vielen Aktivit\u00e4ten ist es garantiert, dass Sie eine gro\u00dfartige Zeit haben werden! Brauchen Sie mehr Inspiration? Besuchen Sie die Website von This is Eindhoven   <\/p>\n<\/div><div class=\"fusion-separator fusion-full-width-sep\" style=\"align-self: center;margin-left: auto;margin-right: auto;margin-top:1em;margin-bottom:1em;width:100%;\"><\/div><div style=\"text-align:center;\"><a class=\"fusion-button button-flat fusion-button-default-size button-default fusion-button-default button-5 fusion-button-default-span fusion-button-default-type\" target=\"_blank\" rel=\"noopener noreferrer\" href=\"https:\/\/www.thisiseindhoven.com\/de\/sehen-erleben\"><span class=\"fusion-button-text awb-button__text awb-button__text--default\">This is Eindhoven<\/span><\/a><\/div><div class=\"fusion-separator fusion-full-width-sep\" style=\"align-self: center;margin-left: auto;margin-right: auto;margin-top:1em;margin-bottom:1em;width:100%;\"><\/div><div class=\"fusion-text fusion-text-8\"><p style=\"text-align: center;\">Planen Sie demn\u00e4chst einen Ausflug nach Eindhoven zu machen? Dann nutzen Sie unser g\u00fcnstiges Angebot und buchen Sie Ihren Aufenthalt im Hotel Mari\u00ebnhage inklusive eines reichhaltigen Fr\u00fchst\u00fccks! <\/p>\n<\/div><div class=\"fusion-separator fusion-full-width-sep\" style=\"align-self: center;margin-left: auto;margin-right: auto;margin-top:1em;margin-bottom:1em;width:100%;\"><\/div><div style=\"text-align:center;\"><a class=\"fusion-button button-flat fusion-button-default-size button-default fusion-button-default button-6 fusion-button-default-span fusion-button-default-type distributor\" target=\"_blank\" rel=\"noopener noreferrer\" href=\"#\"><span class=\"fusion-button-text awb-button__text awb-button__text--default\">Jetzt buchen<\/span><\/a><\/div><div class=\"fusion-separator fusion-full-width-sep\" style=\"align-self: center;margin-left: auto;margin-right: auto;margin-top:1em;margin-bottom:1em;width:100%;\"><\/div><\/div><\/div><\/div><\/div><\/div><div class=\"fusion-layout-column fusion_builder_column fusion-builder-column-2 fusion_builder_column_1_2 1_2 fusion-flex-column\" style=\"--awb-bg-size:cover;--awb-width-large:50%;--awb-margin-top-large:0px;--awb-spacing-right-large:0px;--awb-margin-bottom-large:0px;--awb-spacing-left-large:0px;--awb-width-medium:100%;--awb-order-medium:0;--awb-spacing-right-medium:0px;--awb-spacing-left-medium:0px;--awb-width-small:100%;--awb-order-small:0;--awb-spacing-right-small:0px;--awb-spacing-left-small:0px;\"><div class=\"fusion-column-wrapper fusion-column-has-shadow fusion-flex-justify-content-flex-start fusion-content-layout-column\"><div class=\"fusion-image-element awb-imageframe-style awb-imageframe-style-below awb-imageframe-style-1\" style=\"text-align:center;--awb-caption-title-font-family:var(--h6_typography-font-family);--awb-caption-title-font-weight:var(--h6_typography-font-weight);--awb-caption-title-font-style:var(--h6_typography-font-style);--awb-caption-title-size:var(--h6_typography-font-size);--awb-caption-title-transform:var(--h6_typography-text-transform);--awb-caption-title-line-height:var(--h6_typography-line-height);--awb-caption-title-letter-spacing:var(--h6_typography-letter-spacing);\"><span class=\" fusion-imageframe imageframe-none imageframe-1 hover-type-none\"><img decoding=\"async\" width=\"641\" height=\"663\" alt=\"Eindhoven \" title=\"Eindhoven\" src=\"https:\/\/www.marienhage.com\/wp-content\/uploads\/2024\/06\/Eindhoven.webp\" class=\"img-responsive wp-image-10243\" srcset=\"https:\/\/www.marienhage.com\/wp-content\/uploads\/2024\/06\/Eindhoven-200x207.webp 200w, https:\/\/www.marienhage.com\/wp-content\/uploads\/2024\/06\/Eindhoven-400x414.webp 400w, https:\/\/www.marienhage.com\/wp-content\/uploads\/2024\/06\/Eindhoven-600x621.webp 600w, https:\/\/www.marienhage.com\/wp-content\/uploads\/2024\/06\/Eindhoven.webp 641w\" sizes=\"(max-width: 1024px) 100vw, (max-width: 640px) 100vw, 641px\" \/><\/span><div class=\"awb-imageframe-caption-container\"><div class=\"awb-imageframe-caption\"><h6 class=\"awb-imageframe-caption-title\"> <\/h6><p class=\"awb-imageframe-caption-text\">Fotos von Eindhoven365<\/p><\/div><\/div><\/div><\/div><\/div><\/div><\/div>\n","protected":false},"excerpt":{"rendered":"","protected":false},"author":14,"featured_media":0,"parent":0,"menu_order":0,"comment_status":"closed","ping_status":"closed","template":"","meta":{"footnotes":""},"class_list":["post-10271","page","type-page","status-publish","hentry"],"yoast_head":"<!-- This site is optimized with the Yoast SEO plugin v27.2 - https:\/\/yoast.com\/product\/yoast-seo-wordpress\/ -->\n<title>Gem\u00fctliche Ausfl\u00fcge in Eindhoven - Entdecken Sie die Unterhaltsamsten Aktivit\u00e4ten<\/title>\n<meta name=\"description\" content=\"Auf der Suche nach einem unterhaltsamen Ausflug in Eindhoven? Entdecken Sie die gem\u00fctlichsten und unterhaltsamsten Aktivit\u00e4ten f\u00fcr ein unvergessliches Erlebnis in der Lichtstadt!\" \/>\n<meta name=\"robots\" content=\"index, follow, max-snippet:-1, max-image-preview:large, max-video-preview:-1\" \/>\n<link rel=\"canonical\" href=\"https:\/\/www.marienhage.com\/de\/gemutlicher-aufenthalt-eindhoven\/\" \/>\n<meta property=\"og:locale\" content=\"de_DE\" \/>\n<meta property=\"og:type\" content=\"article\" \/>\n<meta property=\"og:title\" content=\"Gem\u00fctliche Ausfl\u00fcge in Eindhoven - Entdecken Sie die Unterhaltsamsten Aktivit\u00e4ten\" \/>\n<meta property=\"og:description\" content=\"Auf der Suche nach einem unterhaltsamen Ausflug in Eindhoven? Entdecken Sie die gem\u00fctlichsten und unterhaltsamsten Aktivit\u00e4ten f\u00fcr ein unvergessliches Erlebnis in der Lichtstadt!\" \/>\n<meta property=\"og:url\" content=\"https:\/\/www.marienhage.com\/de\/gemutlicher-aufenthalt-eindhoven\/\" \/>\n<meta property=\"og:site_name\" content=\"Mari\u00ebnhage Hotel\" \/>\n<meta name=\"twitter:card\" content=\"summary_large_image\" \/>\n<meta name=\"twitter:label1\" content=\"Gesch\u00e4tzte Lesezeit\" \/>\n\t<meta name=\"twitter:data1\" content=\"29 Minuten\" \/>\n<script type=\"application\/ld+json\" class=\"yoast-schema-graph\">{\"@context\":\"https:\/\/schema.org\",\"@graph\":[{\"@type\":\"WebPage\",\"@id\":\"https:\/\/www.marienhage.com\/de\/gemutlicher-aufenthalt-eindhoven\/\",\"url\":\"https:\/\/www.marienhage.com\/de\/gemutlicher-aufenthalt-eindhoven\/\",\"name\":\"Gem\u00fctliche Ausfl\u00fcge in Eindhoven - Entdecken Sie die Unterhaltsamsten Aktivit\u00e4ten\",\"isPartOf\":{\"@id\":\"https:\/\/www.marienhage.com\/de\/#website\"},\"description\":\"Auf der Suche nach einem unterhaltsamen Ausflug in Eindhoven? Entdecken Sie die gem\u00fctlichsten und unterhaltsamsten Aktivit\u00e4ten f\u00fcr ein unvergessliches Erlebnis in der Lichtstadt!\",\"breadcrumb\":{\"@id\":\"https:\/\/www.marienhage.com\/de\/gemutlicher-aufenthalt-eindhoven\/#breadcrumb\"},\"inLanguage\":\"de-DE\",\"potentialAction\":[{\"@type\":\"ReadAction\",\"target\":[\"https:\/\/www.marienhage.com\/de\/gemutlicher-aufenthalt-eindhoven\/\"]}]},{\"@type\":\"BreadcrumbList\",\"@id\":\"https:\/\/www.marienhage.com\/de\/gemutlicher-aufenthalt-eindhoven\/#breadcrumb\",\"itemListElement\":[{\"@type\":\"ListItem\",\"position\":1,\"name\":\"Home\",\"item\":\"https:\/\/www.marienhage.com\/de\/\"},{\"@type\":\"ListItem\",\"position\":2,\"name\":\"Die Unterhaltsamsten Ausfl\u00fcge in Eindhoven &#8211; F\u00fcr Jeden Geschmack Etwas dabei!\"}]},{\"@type\":\"WebSite\",\"@id\":\"https:\/\/www.marienhage.com\/de\/#website\",\"url\":\"https:\/\/www.marienhage.com\/de\/\",\"name\":\"Mari\u00ebnhage Hotel\",\"description\":\"Hotel in Eindhoven\",\"publisher\":{\"@id\":\"https:\/\/www.marienhage.com\/de\/#organization\"},\"potentialAction\":[{\"@type\":\"SearchAction\",\"target\":{\"@type\":\"EntryPoint\",\"urlTemplate\":\"https:\/\/www.marienhage.com\/de\/?s={search_term_string}\"},\"query-input\":{\"@type\":\"PropertyValueSpecification\",\"valueRequired\":true,\"valueName\":\"search_term_string\"}}],\"inLanguage\":\"de-DE\"},{\"@type\":\"Organization\",\"@id\":\"https:\/\/www.marienhage.com\/de\/#organization\",\"name\":\"Hotel Mari\u00ebnhage\",\"url\":\"https:\/\/www.marienhage.com\/de\/\",\"logo\":{\"@type\":\"ImageObject\",\"inLanguage\":\"de-DE\",\"@id\":\"https:\/\/www.marienhage.com\/de\/#\/schema\/logo\/image\/\",\"url\":\"https:\/\/www.marienhage.com\/wp-content\/uploads\/2019\/07\/hmh-mark.png\",\"contentUrl\":\"https:\/\/www.marienhage.com\/wp-content\/uploads\/2019\/07\/hmh-mark.png\",\"width\":80,\"height\":80,\"caption\":\"Hotel Mari\u00ebnhage\"},\"image\":{\"@id\":\"https:\/\/www.marienhage.com\/de\/#\/schema\/logo\/image\/\"}}]}<\/script>\n<!-- \/ Yoast SEO plugin. -->","yoast_head_json":{"title":"Gem\u00fctliche Ausfl\u00fcge in Eindhoven - Entdecken Sie die Unterhaltsamsten Aktivit\u00e4ten","description":"Auf der Suche nach einem unterhaltsamen Ausflug in Eindhoven? Entdecken Sie die gem\u00fctlichsten und unterhaltsamsten Aktivit\u00e4ten f\u00fcr ein unvergessliches Erlebnis in der Lichtstadt!","robots":{"index":"index","follow":"follow","max-snippet":"max-snippet:-1","max-image-preview":"max-image-preview:large","max-video-preview":"max-video-preview:-1"},"canonical":"https:\/\/www.marienhage.com\/de\/gemutlicher-aufenthalt-eindhoven\/","og_locale":"de_DE","og_type":"article","og_title":"Gem\u00fctliche Ausfl\u00fcge in Eindhoven - Entdecken Sie die Unterhaltsamsten Aktivit\u00e4ten","og_description":"Auf der Suche nach einem unterhaltsamen Ausflug in Eindhoven? Entdecken Sie die gem\u00fctlichsten und unterhaltsamsten Aktivit\u00e4ten f\u00fcr ein unvergessliches Erlebnis in der Lichtstadt!","og_url":"https:\/\/www.marienhage.com\/de\/gemutlicher-aufenthalt-eindhoven\/","og_site_name":"Mari\u00ebnhage Hotel","twitter_card":"summary_large_image","twitter_misc":{"Gesch\u00e4tzte Lesezeit":"29 Minuten"},"schema":{"@context":"https:\/\/schema.org","@graph":[{"@type":"WebPage","@id":"https:\/\/www.marienhage.com\/de\/gemutlicher-aufenthalt-eindhoven\/","url":"https:\/\/www.marienhage.com\/de\/gemutlicher-aufenthalt-eindhoven\/","name":"Gem\u00fctliche Ausfl\u00fcge in Eindhoven - Entdecken Sie die Unterhaltsamsten Aktivit\u00e4ten","isPartOf":{"@id":"https:\/\/www.marienhage.com\/de\/#website"},"description":"Auf der Suche nach einem unterhaltsamen Ausflug in Eindhoven? Entdecken Sie die gem\u00fctlichsten und unterhaltsamsten Aktivit\u00e4ten f\u00fcr ein unvergessliches Erlebnis in der Lichtstadt!","breadcrumb":{"@id":"https:\/\/www.marienhage.com\/de\/gemutlicher-aufenthalt-eindhoven\/#breadcrumb"},"inLanguage":"de-DE","potentialAction":[{"@type":"ReadAction","target":["https:\/\/www.marienhage.com\/de\/gemutlicher-aufenthalt-eindhoven\/"]}]},{"@type":"BreadcrumbList","@id":"https:\/\/www.marienhage.com\/de\/gemutlicher-aufenthalt-eindhoven\/#breadcrumb","itemListElement":[{"@type":"ListItem","position":1,"name":"Home","item":"https:\/\/www.marienhage.com\/de\/"},{"@type":"ListItem","position":2,"name":"Die Unterhaltsamsten Ausfl\u00fcge in Eindhoven &#8211; F\u00fcr Jeden Geschmack Etwas dabei!"}]},{"@type":"WebSite","@id":"https:\/\/www.marienhage.com\/de\/#website","url":"https:\/\/www.marienhage.com\/de\/","name":"Mari\u00ebnhage Hotel","description":"Hotel in Eindhoven","publisher":{"@id":"https:\/\/www.marienhage.com\/de\/#organization"},"potentialAction":[{"@type":"SearchAction","target":{"@type":"EntryPoint","urlTemplate":"https:\/\/www.marienhage.com\/de\/?s={search_term_string}"},"query-input":{"@type":"PropertyValueSpecification","valueRequired":true,"valueName":"search_term_string"}}],"inLanguage":"de-DE"},{"@type":"Organization","@id":"https:\/\/www.marienhage.com\/de\/#organization","name":"Hotel Mari\u00ebnhage","url":"https:\/\/www.marienhage.com\/de\/","logo":{"@type":"ImageObject","inLanguage":"de-DE","@id":"https:\/\/www.marienhage.com\/de\/#\/schema\/logo\/image\/","url":"https:\/\/www.marienhage.com\/wp-content\/uploads\/2019\/07\/hmh-mark.png","contentUrl":"https:\/\/www.marienhage.com\/wp-content\/uploads\/2019\/07\/hmh-mark.png","width":80,"height":80,"caption":"Hotel Mari\u00ebnhage"},"image":{"@id":"https:\/\/www.marienhage.com\/de\/#\/schema\/logo\/image\/"}}]}},"_links":{"self":[{"href":"https:\/\/www.marienhage.com\/de\/wp-json\/wp\/v2\/pages\/10271","targetHints":{"allow":["GET"]}}],"collection":[{"href":"https:\/\/www.marienhage.com\/de\/wp-json\/wp\/v2\/pages"}],"about":[{"href":"https:\/\/www.marienhage.com\/de\/wp-json\/wp\/v2\/types\/page"}],"author":[{"embeddable":true,"href":"https:\/\/www.marienhage.com\/de\/wp-json\/wp\/v2\/users\/14"}],"replies":[{"embeddable":true,"href":"https:\/\/www.marienhage.com\/de\/wp-json\/wp\/v2\/comments?post=10271"}],"version-history":[{"count":0,"href":"https:\/\/www.marienhage.com\/de\/wp-json\/wp\/v2\/pages\/10271\/revisions"}],"wp:attachment":[{"href":"https:\/\/www.marienhage.com\/de\/wp-json\/wp\/v2\/media?parent=10271"}],"curies":[{"name":"wp","href":"https:\/\/api.w.org\/{rel}","templated":true}]}}