{"id":10268,"date":"2024-06-11T10:32:59","date_gmt":"2024-06-11T10:32:59","guid":{"rendered":"https:\/\/www.marienhage.com\/hotel-an-der-kirche-domusdela\/"},"modified":"2025-03-06T15:47:47","modified_gmt":"2025-03-06T15:47:47","slug":"hotel-an-der-kirche-domusdela","status":"publish","type":"page","link":"https:\/\/www.marienhage.com\/de\/hotel-an-der-kirche-domusdela\/","title":{"rendered":"Willkommen im Hotel Mari\u00ebnhage &#8211; Das Hotel neben der Augustinische Kirche in Eindhoven"},"content":{"rendered":"<p><div class=\"fusion-fullwidth fullwidth-box fusion-builder-row-1 has-pattern-background has-mask-background nonhundred-percent-fullwidth non-hundred-percent-height-scrolling fusion-no-small-visibility\" style=\"--awb-border-radius-top-left:0px;--awb-border-radius-top-right:0px;--awb-border-radius-bottom-right:0px;--awb-border-radius-bottom-left:0px;--awb-flex-wrap:wrap;\" ><div class=\"fusion-builder-row fusion-row\"><div class=\"fusion-layout-column fusion_builder_column fusion-builder-column-0 fusion_builder_column_1_1 1_1 fusion-one-full fusion-column-first fusion-column-last fusion-column-no-min-height\" style=\"--awb-bg-image:url(&#039;https:\/\/www.marienhage.com\/wp-content\/uploads\/2021\/12\/Marienhage-Domusdela-Boutique-Hotel.jpg&#039;);--awb-bg-size:cover;\" id=\"xotels-header\"><div class=\"fusion-column-wrapper fusion-column-has-shadow fusion-flex-column-wrapper-legacy fusion-column-has-bg-image\" data-bg-url=\"https:\/\/www.marienhage.com\/wp-content\/uploads\/2021\/12\/Marienhage-Domusdela-Boutique-Hotel.jpg\">\t    <div class=\"datepickercss\" style='margin: auto; width: fit-content;'>\n        <div class=\"picker\">\n            <div class=\"column column2\">\n                <div class=\"date-labels\">\n                    <span class=\"arrival-title\">Datum der Ankunft<\/span>\n                <\/div>\n                <input type=\"text\" id=\"datetimerange-input1\"  readonly>\n            <\/div>\n            <div class=\"column column3\">\n                <div class=\"date-labels\">\n                    <span class=\"departure-title\">Datum der Abreise<\/span>\n                <\/div>\n                <input type=\"text\" id=\"datetimerange-input2\" readonly>\n            <\/div>\n        <\/div>\n        <div class=\"column column4\">\n            <div class=\"promotion\">\n                <span class=\"promotion-title\">Aktionscode<\/span>\n            <\/div>\n            <input type=\"text\" id=\"promotion\" class=\"promotion-datepicker\" style=\"text-align:center;\" placeholder=\"\">\n        <\/div>\n        <div class=\"column column5\">\n            <button id=\"datetimerange-en-button\" class=\"booking-button  fusion-button button-flat fusion-button-default-size button-default fusion-button-default fusion-button-default-span fusion-button-default-type\" target=\"_blank\" rel=\"nofollow noopener\">Jetzt buchen<\/button>\n        <\/div>\n    <\/div><div class=\"fusion-clearfix\"><\/div><\/div><\/div><\/div><\/div>\n<div class=\"fusion-fullwidth fullwidth-box fusion-builder-row-2 hundred-percent-fullwidth non-hundred-percent-height-scrolling fusion-equal-height-columns maincontentmh\" style=\"--awb-border-radius-top-left:0px;--awb-border-radius-top-right:0px;--awb-border-radius-bottom-right:0px;--awb-border-radius-bottom-left:0px;--awb-background-color:#fbf5ee;--awb-flex-wrap:wrap;\" ><div class=\"fusion-builder-row fusion-row\"><div class=\"fusion-layout-column fusion_builder_column fusion-builder-column-1 fusion_builder_column_1_1 1_1 fusion-one-full fusion-column-first fusion-column-last\" style=\"--awb-bg-color:#fbf5ee;--awb-bg-color-hover:#fbf5ee;--awb-bg-position:right center;--awb-bg-size:cover;--awb-box-shadow:0px 0px 5px 4px #a8a8a8;;\"><div class=\"fusion-column-wrapper fusion-column-has-shadow fusion-flex-column-wrapper-legacy\"><div class=\"fusion-column-content-centered\"><div class=\"fusion-column-content\"><div class=\"fusion-builder-row fusion-builder-row-inner fusion-row\"><div class=\"fusion-layout-column fusion_builder_column_inner fusion-builder-nested-column-0 fusion_builder_column_inner_1_2 1_2 fusion-one-half fusion-column-first\" style=\"--awb-padding-right:30px;--awb-padding-left:30px;--awb-bg-color:#ecdbd5;--awb-bg-color-hover:#ecdbd5;--awb-bg-size:cover;width:50%;width:calc(50% - ( ( 0px ) * 0.5 ) );margin-right: 0px;\"><div class=\"fusion-column-wrapper fusion-column-has-shadow fusion-flex-column-wrapper-legacy\"><div class=\"fusion-column-content-centered\"><div class=\"fusion-column-content\"><div class=\"fusion-title title fusion-title-1 fusion-sep-none fusion-title-center fusion-title-text fusion-title-size-one\" style=\"--awb-margin-top:0px;--awb-margin-top-small:0px;--awb-margin-right-small:0px;--awb-margin-bottom-small:15px;--awb-margin-left-small:0px;\"><h1 class=\"fusion-title-heading title-heading-center fusion-responsive-typography-calculated\" style=\"margin:0;--fontSize:34;line-height:1.4;\">Hotel Mari\u00ebnhage, das Hotel neben der Paterskerk in Eindhoven<\/h1><\/div><div class=\"fusion-text fusion-text-1\"><p style=\"text-align: center;\">Entdecken Sie die perfekte Harmonie von Geschichte und Komfort im Hotel Mari\u00ebnhage, das im Schatten der wundersch\u00f6nen DOMUSDELA Kirche in Eindhoven liegt. Unser Hotel bietet ein einzigartiges Erlebnis, bei dem Gastfreundschaft und die reiche Geschichte des Ortes zusammenkommen.<\/p>\n<h2 style=\"text-align: center;\">Ein himmlischer Aufenthalt neben der Kirche<\/h2>\n<p style=\"text-align: center;\">Das DOMUSDELA-Komplex befindet sich im Zentrum von Eindhoven und ist ein denkmalgesch\u00fctztes Erbe des Augustinerordens, das fr\u00fcher die St\u00e4tte des jahrhundertealten Klosters Mari\u00ebnhage war. Durchdrungen von Geschichte, ist die Paterskerk mit Jesus Waaghals ein bekanntes Symbol f\u00fcr viele Einwohner Eindhovens.<\/p>\n<\/div><\/div><\/div><div class=\"fusion-clearfix\"><\/div><\/div><\/div><div class=\"fusion-layout-column fusion_builder_column_inner fusion-builder-nested-column-1 fusion_builder_column_inner_1_2 1_2 fusion-one-half fusion-column-last\" style=\"--awb-bg-size:cover;width:50%;width:calc(50% - ( ( 0px ) * 0.5 ) );\"><div class=\"fusion-column-wrapper fusion-column-has-shadow fusion-flex-column-wrapper-legacy\"><div class=\"fusion-image-element fusion-image-align-center in-legacy-container\" style=\"text-align:center;--awb-caption-title-font-family:var(--h2_typography-font-family);--awb-caption-title-font-weight:var(--h2_typography-font-weight);--awb-caption-title-font-style:var(--h2_typography-font-style);--awb-caption-title-size:var(--h2_typography-font-size);--awb-caption-title-transform:var(--h2_typography-text-transform);--awb-caption-title-line-height:var(--h2_typography-line-height);--awb-caption-title-letter-spacing:var(--h2_typography-letter-spacing);\"><div class=\"imageframe-align-center\"><span class=\" fusion-imageframe imageframe-none imageframe-1 hover-type-zoomin\"><img decoding=\"async\" width=\"1000\" height=\"1034\" alt=\"Vakantie arrangement in Brabant | Kloosterhotel Mari\u00ebnhage\" title=\"Kerk\" src=\"https:\/\/www.marienhage.com\/wp-content\/uploads\/2024\/06\/Kerk.webp\" class=\"img-responsive wp-image-10232\" srcset=\"https:\/\/www.marienhage.com\/wp-content\/uploads\/2024\/06\/Kerk-200x207.webp 200w, https:\/\/www.marienhage.com\/wp-content\/uploads\/2024\/06\/Kerk-400x414.webp 400w, https:\/\/www.marienhage.com\/wp-content\/uploads\/2024\/06\/Kerk-600x620.webp 600w, https:\/\/www.marienhage.com\/wp-content\/uploads\/2024\/06\/Kerk-800x827.webp 800w, https:\/\/www.marienhage.com\/wp-content\/uploads\/2024\/06\/Kerk.webp 1000w\" sizes=\"(max-width: 930px) 100vw, 800px\" \/><\/span><\/div><\/div><div class=\"fusion-clearfix\"><\/div><\/div><\/div><div class=\"fusion-layout-column fusion_builder_column_inner fusion-builder-nested-column-2 fusion_builder_column_inner_1_2 1_2 fusion-one-half fusion-column-first fusion-column-no-min-height\" style=\"--awb-bg-size:cover;width:50%;width:calc(50% - ( ( 0px ) * 0.5 ) );margin-right: 0px;\" data-scroll-devices=\"small-visibility,medium-visibility,large-visibility\"><div class=\"fusion-column-wrapper fusion-column-has-shadow fusion-flex-column-wrapper-legacy\"><div class=\"fusion-column-content-centered\"><div class=\"fusion-column-content\"><div class=\"fusion-image-element fusion-image-align-center in-legacy-container\" style=\"text-align:center;--awb-caption-title-font-family:var(--h2_typography-font-family);--awb-caption-title-font-weight:var(--h2_typography-font-weight);--awb-caption-title-font-style:var(--h2_typography-font-style);--awb-caption-title-size:var(--h2_typography-font-size);--awb-caption-title-transform:var(--h2_typography-text-transform);--awb-caption-title-line-height:var(--h2_typography-line-height);--awb-caption-title-letter-spacing:var(--h2_typography-letter-spacing);\"><div class=\"imageframe-align-center\"><span class=\" fusion-imageframe imageframe-none imageframe-2 hover-type-zoomin\"><img decoding=\"async\" width=\"1000\" height=\"1034\" alt=\"Last Minute Deal Eindhoven - Hotel Marienhage\" title=\"Epic Eden kamer\" src=\"https:\/\/www.marienhage.com\/wp-content\/uploads\/2024\/06\/Epic-Eden-kamer.webp\" class=\"img-responsive wp-image-10287\" srcset=\"https:\/\/www.marienhage.com\/wp-content\/uploads\/2024\/06\/Epic-Eden-kamer-200x207.webp 200w, https:\/\/www.marienhage.com\/wp-content\/uploads\/2024\/06\/Epic-Eden-kamer-400x414.webp 400w, https:\/\/www.marienhage.com\/wp-content\/uploads\/2024\/06\/Epic-Eden-kamer-600x620.webp 600w, https:\/\/www.marienhage.com\/wp-content\/uploads\/2024\/06\/Epic-Eden-kamer-800x827.webp 800w, https:\/\/www.marienhage.com\/wp-content\/uploads\/2024\/06\/Epic-Eden-kamer.webp 1000w\" sizes=\"(max-width: 930px) 100vw, 800px\" \/><\/span><\/div><\/div><\/div><\/div><div class=\"fusion-clearfix\"><\/div><\/div><\/div><div class=\"fusion-layout-column fusion_builder_column_inner fusion-builder-nested-column-3 fusion_builder_column_inner_1_2 1_2 fusion-one-half fusion-column-last\" style=\"--awb-padding-right:30px;--awb-padding-left:30px;--awb-bg-color:#ecdbd5;--awb-bg-color-hover:#ecdbd5;--awb-bg-size:cover;width:50%;width:calc(50% - ( ( 0px ) * 0.5 ) );\"><div class=\"fusion-column-wrapper fusion-column-has-shadow fusion-flex-column-wrapper-legacy\"><div class=\"fusion-column-content-centered\"><div class=\"fusion-column-content\"><div class=\"fusion-title title fusion-title-2 fusion-sep-none fusion-title-center fusion-title-text fusion-title-size-two\" style=\"--awb-margin-top:0px;--awb-margin-top-small:0px;--awb-margin-right-small:0px;--awb-margin-bottom-small:15px;--awb-margin-left-small:0px;\"><h2 class=\"fusion-title-heading title-heading-center fusion-responsive-typography-calculated\" style=\"margin:0;--fontSize:30;line-height:1.4;\">Paterskerk, das Highlight von DOMUSDELA<\/h2><\/div><div class=\"fusion-text fusion-text-2\"><p style=\"text-align: center;\">Die Paterskerk, jetzt auch als Dela Kirche Eindhoven bekannt, ist der Stolz des Geb\u00e4udes und buchst\u00e4blich der H\u00f6hepunkt von DOMUSDELA Eindhoven. Die ehemalige Kirche wurde vollst\u00e4ndig renoviert und bietet nun Platz f\u00fcr 1.000 Personen f\u00fcr gro\u00dfe Meetings, Veranstaltungen oder Zeremonien. Die Kombination von Alt und Neu zeigt sich hier in der modernen Foyer, die als Empfangsraum der Kirche dient.<\/p>\n<\/div><\/div><\/div><div class=\"fusion-clearfix\"><\/div><\/div><\/div><div class=\"fusion-layout-column fusion_builder_column_inner fusion-builder-nested-column-4 fusion_builder_column_inner_1_2 1_2 fusion-one-half fusion-column-first\" style=\"--awb-padding-right:30px;--awb-padding-left:30px;--awb-bg-color:#ecdbd5;--awb-bg-color-hover:#ecdbd5;--awb-bg-size:cover;width:50%;width:calc(50% - ( ( 0px ) * 0.5 ) );margin-right: 0px;\"><div class=\"fusion-column-wrapper fusion-column-has-shadow fusion-flex-column-wrapper-legacy\"><div class=\"fusion-column-content-centered\"><div class=\"fusion-column-content\"><div class=\"fusion-title title fusion-title-3 fusion-sep-none fusion-title-center fusion-title-text fusion-title-size-two\" style=\"--awb-margin-top:0px;--awb-margin-top-small:0px;--awb-margin-right-small:0px;--awb-margin-bottom-small:15px;--awb-margin-left-small:0px;\"><h2 class=\"fusion-title-heading title-heading-center fusion-responsive-typography-calculated\" style=\"margin:0;--fontSize:30;line-height:1.4;\">DOMUSDELA Hotel, Hotel Mari\u00ebnhage<\/h2><\/div><div class=\"fusion-text fusion-text-3\"><p style=\"text-align: center;\">Ein himmlischer Aufenthalt im DOMUSDELA in Hotel Mari\u00ebnhage, ausgezeichnet als &#8218;bestes Hotel von Eindhoven 2021&#8216; (hotels.nl). \u00dcbernachten in einem Kloster, wo eine verborgene Geschichte in modernen Details und eleganten Zimmern zum Leben erwacht. Das Hotel strahlt Modernit\u00e4t und Eleganz in der Atmosph\u00e4re vergangener Zeiten aus.<br \/>\nWir laden Sie ein, die Sch\u00f6nheit und Ruhe des Hotels Mari\u00ebnhage selbst zu erleben, Ihr Zuhause fernab von Zuhause, direkt neben der DOMUSDELA-Kirche in Eindhoven. Buchen Sie jetzt und lassen Sie uns Ihr F\u00fchrer durch diese historische Stadt sein.<\/p>\n<\/div><\/div><\/div><div class=\"fusion-clearfix\"><\/div><\/div><\/div><div class=\"fusion-layout-column fusion_builder_column_inner fusion-builder-nested-column-5 fusion_builder_column_inner_1_2 1_2 fusion-one-half fusion-column-last\" style=\"--awb-bg-size:cover;width:50%;width:calc(50% - ( ( 0px ) * 0.5 ) );\"><div class=\"fusion-column-wrapper fusion-column-has-shadow fusion-flex-column-wrapper-legacy\"><div class=\"fusion-image-element fusion-image-align-center in-legacy-container\" style=\"text-align:center;--awb-caption-title-font-family:var(--h2_typography-font-family);--awb-caption-title-font-weight:var(--h2_typography-font-weight);--awb-caption-title-font-style:var(--h2_typography-font-style);--awb-caption-title-size:var(--h2_typography-font-size);--awb-caption-title-transform:var(--h2_typography-text-transform);--awb-caption-title-line-height:var(--h2_typography-line-height);--awb-caption-title-letter-spacing:var(--h2_typography-letter-spacing);\"><div class=\"imageframe-align-center\"><span class=\" fusion-imageframe imageframe-none imageframe-3 hover-type-zoomin\"><img decoding=\"async\" width=\"1000\" height=\"1034\" alt=\"Culinair eten in Eindhoven - Culinair arrangement Brabant - Hotel Mari\u00ebnhage Eindhoven Domusdela\" title=\"heilig hart beeld\" src=\"https:\/\/www.marienhage.com\/wp-content\/uploads\/2024\/06\/heilig-hart-beeld.webp\" class=\"img-responsive wp-image-10237\" srcset=\"https:\/\/www.marienhage.com\/wp-content\/uploads\/2024\/06\/heilig-hart-beeld-200x207.webp 200w, https:\/\/www.marienhage.com\/wp-content\/uploads\/2024\/06\/heilig-hart-beeld-400x414.webp 400w, https:\/\/www.marienhage.com\/wp-content\/uploads\/2024\/06\/heilig-hart-beeld-600x620.webp 600w, https:\/\/www.marienhage.com\/wp-content\/uploads\/2024\/06\/heilig-hart-beeld-800x827.webp 800w, https:\/\/www.marienhage.com\/wp-content\/uploads\/2024\/06\/heilig-hart-beeld.webp 1000w\" sizes=\"(max-width: 930px) 100vw, 800px\" \/><\/span><\/div><\/div><div class=\"fusion-clearfix\"><\/div><\/div><\/div><\/div><\/div><\/div><div class=\"fusion-clearfix\"><\/div><\/div><\/div><\/div><\/div><\/p>\n","protected":false},"excerpt":{"rendered":"","protected":false},"author":14,"featured_media":0,"parent":0,"menu_order":0,"comment_status":"closed","ping_status":"closed","template":"","meta":{"footnotes":""},"class_list":["post-10268","page","type-page","status-publish","hentry"],"yoast_head":"<!-- This site is optimized with the Yoast SEO plugin v27.2 - https:\/\/yoast.com\/product\/yoast-seo-wordpress\/ -->\n<title>Hotel Mari\u00ebnhage - Ihr Aufenthalt neben der DOMUSDELA-Kirche in Eindhoven<\/title>\n<meta name=\"description\" content=\"Erleben Sie einen einzigartigen Aufenthalt im Hotel Mari\u00ebnhage, neben der historischen DOMUSDELA-Kirche im Herzen von Eindhoven. Perfekt f\u00fcr Entspannung und Veranstaltungen gleicherma\u00dfen.\" \/>\n<meta name=\"robots\" content=\"index, follow, max-snippet:-1, max-image-preview:large, max-video-preview:-1\" \/>\n<link rel=\"canonical\" href=\"https:\/\/www.marienhage.com\/de\/hotel-an-der-kirche-domusdela\/\" \/>\n<meta property=\"og:locale\" content=\"de_DE\" \/>\n<meta property=\"og:type\" content=\"article\" \/>\n<meta property=\"og:title\" content=\"Hotel Mari\u00ebnhage - Ihr Aufenthalt neben der DOMUSDELA-Kirche in Eindhoven\" \/>\n<meta property=\"og:description\" content=\"Erleben Sie einen einzigartigen Aufenthalt im Hotel Mari\u00ebnhage, neben der historischen DOMUSDELA-Kirche im Herzen von Eindhoven. Perfekt f\u00fcr Entspannung und Veranstaltungen gleicherma\u00dfen.\" \/>\n<meta property=\"og:url\" content=\"https:\/\/www.marienhage.com\/de\/hotel-an-der-kirche-domusdela\/\" \/>\n<meta property=\"og:site_name\" content=\"Mari\u00ebnhage Hotel\" \/>\n<meta name=\"twitter:card\" content=\"summary_large_image\" \/>\n<meta name=\"twitter:label1\" content=\"Gesch\u00e4tzte Lesezeit\" \/>\n\t<meta name=\"twitter:data1\" content=\"2 Minuten\" \/>\n<script type=\"application\/ld+json\" class=\"yoast-schema-graph\">{\"@context\":\"https:\/\/schema.org\",\"@graph\":[{\"@type\":\"WebPage\",\"@id\":\"https:\/\/www.marienhage.com\/de\/hotel-an-der-kirche-domusdela\/\",\"url\":\"https:\/\/www.marienhage.com\/de\/hotel-an-der-kirche-domusdela\/\",\"name\":\"Hotel Mari\u00ebnhage - Ihr Aufenthalt neben der DOMUSDELA-Kirche in Eindhoven\",\"isPartOf\":{\"@id\":\"https:\/\/www.marienhage.com\/de\/#website\"},\"description\":\"Erleben Sie einen einzigartigen Aufenthalt im Hotel Mari\u00ebnhage, neben der historischen DOMUSDELA-Kirche im Herzen von Eindhoven. Perfekt f\u00fcr Entspannung und Veranstaltungen gleicherma\u00dfen.\",\"breadcrumb\":{\"@id\":\"https:\/\/www.marienhage.com\/de\/hotel-an-der-kirche-domusdela\/#breadcrumb\"},\"inLanguage\":\"de-DE\",\"potentialAction\":[{\"@type\":\"ReadAction\",\"target\":[\"https:\/\/www.marienhage.com\/de\/hotel-an-der-kirche-domusdela\/\"]}]},{\"@type\":\"BreadcrumbList\",\"@id\":\"https:\/\/www.marienhage.com\/de\/hotel-an-der-kirche-domusdela\/#breadcrumb\",\"itemListElement\":[{\"@type\":\"ListItem\",\"position\":1,\"name\":\"Home\",\"item\":\"https:\/\/www.marienhage.com\/de\/\"},{\"@type\":\"ListItem\",\"position\":2,\"name\":\"Willkommen im Hotel Mari\u00ebnhage &#8211; Das Hotel neben der Augustinische Kirche in Eindhoven\"}]},{\"@type\":\"WebSite\",\"@id\":\"https:\/\/www.marienhage.com\/de\/#website\",\"url\":\"https:\/\/www.marienhage.com\/de\/\",\"name\":\"Mari\u00ebnhage Hotel\",\"description\":\"Hotel in Eindhoven\",\"publisher\":{\"@id\":\"https:\/\/www.marienhage.com\/de\/#organization\"},\"potentialAction\":[{\"@type\":\"SearchAction\",\"target\":{\"@type\":\"EntryPoint\",\"urlTemplate\":\"https:\/\/www.marienhage.com\/de\/?s={search_term_string}\"},\"query-input\":{\"@type\":\"PropertyValueSpecification\",\"valueRequired\":true,\"valueName\":\"search_term_string\"}}],\"inLanguage\":\"de-DE\"},{\"@type\":\"Organization\",\"@id\":\"https:\/\/www.marienhage.com\/de\/#organization\",\"name\":\"Hotel Mari\u00ebnhage\",\"url\":\"https:\/\/www.marienhage.com\/de\/\",\"logo\":{\"@type\":\"ImageObject\",\"inLanguage\":\"de-DE\",\"@id\":\"https:\/\/www.marienhage.com\/de\/#\/schema\/logo\/image\/\",\"url\":\"https:\/\/www.marienhage.com\/wp-content\/uploads\/2019\/07\/hmh-mark.png\",\"contentUrl\":\"https:\/\/www.marienhage.com\/wp-content\/uploads\/2019\/07\/hmh-mark.png\",\"width\":80,\"height\":80,\"caption\":\"Hotel Mari\u00ebnhage\"},\"image\":{\"@id\":\"https:\/\/www.marienhage.com\/de\/#\/schema\/logo\/image\/\"}}]}<\/script>\n<!-- \/ Yoast SEO plugin. -->","yoast_head_json":{"title":"Hotel Mari\u00ebnhage - Ihr Aufenthalt neben der DOMUSDELA-Kirche in Eindhoven","description":"Erleben Sie einen einzigartigen Aufenthalt im Hotel Mari\u00ebnhage, neben der historischen DOMUSDELA-Kirche im Herzen von Eindhoven. Perfekt f\u00fcr Entspannung und Veranstaltungen gleicherma\u00dfen.","robots":{"index":"index","follow":"follow","max-snippet":"max-snippet:-1","max-image-preview":"max-image-preview:large","max-video-preview":"max-video-preview:-1"},"canonical":"https:\/\/www.marienhage.com\/de\/hotel-an-der-kirche-domusdela\/","og_locale":"de_DE","og_type":"article","og_title":"Hotel Mari\u00ebnhage - Ihr Aufenthalt neben der DOMUSDELA-Kirche in Eindhoven","og_description":"Erleben Sie einen einzigartigen Aufenthalt im Hotel Mari\u00ebnhage, neben der historischen DOMUSDELA-Kirche im Herzen von Eindhoven. Perfekt f\u00fcr Entspannung und Veranstaltungen gleicherma\u00dfen.","og_url":"https:\/\/www.marienhage.com\/de\/hotel-an-der-kirche-domusdela\/","og_site_name":"Mari\u00ebnhage Hotel","twitter_card":"summary_large_image","twitter_misc":{"Gesch\u00e4tzte Lesezeit":"2 Minuten"},"schema":{"@context":"https:\/\/schema.org","@graph":[{"@type":"WebPage","@id":"https:\/\/www.marienhage.com\/de\/hotel-an-der-kirche-domusdela\/","url":"https:\/\/www.marienhage.com\/de\/hotel-an-der-kirche-domusdela\/","name":"Hotel Mari\u00ebnhage - Ihr Aufenthalt neben der DOMUSDELA-Kirche in Eindhoven","isPartOf":{"@id":"https:\/\/www.marienhage.com\/de\/#website"},"description":"Erleben Sie einen einzigartigen Aufenthalt im Hotel Mari\u00ebnhage, neben der historischen DOMUSDELA-Kirche im Herzen von Eindhoven. Perfekt f\u00fcr Entspannung und Veranstaltungen gleicherma\u00dfen.","breadcrumb":{"@id":"https:\/\/www.marienhage.com\/de\/hotel-an-der-kirche-domusdela\/#breadcrumb"},"inLanguage":"de-DE","potentialAction":[{"@type":"ReadAction","target":["https:\/\/www.marienhage.com\/de\/hotel-an-der-kirche-domusdela\/"]}]},{"@type":"BreadcrumbList","@id":"https:\/\/www.marienhage.com\/de\/hotel-an-der-kirche-domusdela\/#breadcrumb","itemListElement":[{"@type":"ListItem","position":1,"name":"Home","item":"https:\/\/www.marienhage.com\/de\/"},{"@type":"ListItem","position":2,"name":"Willkommen im Hotel Mari\u00ebnhage &#8211; Das Hotel neben der Augustinische Kirche in Eindhoven"}]},{"@type":"WebSite","@id":"https:\/\/www.marienhage.com\/de\/#website","url":"https:\/\/www.marienhage.com\/de\/","name":"Mari\u00ebnhage Hotel","description":"Hotel in Eindhoven","publisher":{"@id":"https:\/\/www.marienhage.com\/de\/#organization"},"potentialAction":[{"@type":"SearchAction","target":{"@type":"EntryPoint","urlTemplate":"https:\/\/www.marienhage.com\/de\/?s={search_term_string}"},"query-input":{"@type":"PropertyValueSpecification","valueRequired":true,"valueName":"search_term_string"}}],"inLanguage":"de-DE"},{"@type":"Organization","@id":"https:\/\/www.marienhage.com\/de\/#organization","name":"Hotel Mari\u00ebnhage","url":"https:\/\/www.marienhage.com\/de\/","logo":{"@type":"ImageObject","inLanguage":"de-DE","@id":"https:\/\/www.marienhage.com\/de\/#\/schema\/logo\/image\/","url":"https:\/\/www.marienhage.com\/wp-content\/uploads\/2019\/07\/hmh-mark.png","contentUrl":"https:\/\/www.marienhage.com\/wp-content\/uploads\/2019\/07\/hmh-mark.png","width":80,"height":80,"caption":"Hotel Mari\u00ebnhage"},"image":{"@id":"https:\/\/www.marienhage.com\/de\/#\/schema\/logo\/image\/"}}]}},"_links":{"self":[{"href":"https:\/\/www.marienhage.com\/de\/wp-json\/wp\/v2\/pages\/10268","targetHints":{"allow":["GET"]}}],"collection":[{"href":"https:\/\/www.marienhage.com\/de\/wp-json\/wp\/v2\/pages"}],"about":[{"href":"https:\/\/www.marienhage.com\/de\/wp-json\/wp\/v2\/types\/page"}],"author":[{"embeddable":true,"href":"https:\/\/www.marienhage.com\/de\/wp-json\/wp\/v2\/users\/14"}],"replies":[{"embeddable":true,"href":"https:\/\/www.marienhage.com\/de\/wp-json\/wp\/v2\/comments?post=10268"}],"version-history":[{"count":0,"href":"https:\/\/www.marienhage.com\/de\/wp-json\/wp\/v2\/pages\/10268\/revisions"}],"wp:attachment":[{"href":"https:\/\/www.marienhage.com\/de\/wp-json\/wp\/v2\/media?parent=10268"}],"curies":[{"name":"wp","href":"https:\/\/api.w.org\/{rel}","templated":true}]}}